{"id":8219,"date":"2024-08-01T07:40:56","date_gmt":"2024-08-01T07:40:56","guid":{"rendered":"https:\/\/imiapower.com\/?post_type=product&#038;p=8219"},"modified":"2024-11-12T10:05:11","modified_gmt":"2024-11-12T10:05:11","slug":"travel-adapters","status":"publish","type":"product","link":"https:\/\/imiapower.com\/it\/products\/travel-adapter\/travel-adapters\/","title":{"rendered":"Sconto adattatori da viaggio 12w all&#039;ingrosso"},"content":{"rendered":"<ul>\n<li><strong>adattatori da viaggio<\/strong><\/li>\n<li><strong>Ingresso CA:<\/strong>100~250 V\/CA 50-60 Hz<\/li>\n<li><strong>Uscita CA:<\/strong>6 A massimo (660 W\/100 V o 1.330 W\/250 V)<\/li>\n<li><strong>Uscita USB1+USB2+USB3+Tipo C:<\/strong>5 V\/2400 mA<\/li>\n<li><strong>Misurare:<\/strong>50x70x55mm<\/li>\n<li><strong>\u00a0Materiale:<\/strong> PC licenziato + metallo Cooper<\/li>\n<li><strong>Nota:<\/strong> EU\/AU\/UK\/US tutto in uno pu\u00f2 essere utilizzato in pi\u00f9 di 170 paesi<\/li>\n<li><strong>\u00a0Certificato:<\/strong> CE, Rohs<\/li>\n<\/ul>","protected":false},"excerpt":{"rendered":"<p>Questo adattatore da viaggio \u00e8 la prima versione, con la stessa copertura, abbiamo gi\u00e0 sviluppato 20 W e 30 W, per i viaggi di lavoro, le persone preferiscono sempre portare con s\u00e9 adattatori di piccole dimensioni per adattarsi al proprio zaino.<\/p>\n<p>La spina da viaggio universale da 12 W non \u00e8 pi\u00f9 popolare perch\u00e9 non ha la funzione di carica rapida PD, ma alcuni consumatori hanno scelto questo prodotto anche per il suo prezzo conveniente.<\/p>\n<p>&nbsp;<\/p>\n<p>&nbsp;<\/p>\n<p>&nbsp;<\/p>","protected":false},"featured_media":8232,"comment_status":"open","ping_status":"closed","template":"","meta":{"rank_math_lock_modified_date":false,"site-sidebar-layout":"default","site-content-layout":"","ast-site-content-layout":"default","site-content-style":"default","site-sidebar-style":"default","ast-global-header-display":"","ast-banner-title-visibility":"","ast-main-header-display":"","ast-hfb-above-header-display":"","ast-hfb-below-header-display":"","ast-hfb-mobile-header-display":"","site-post-title":"","ast-breadcrumbs-content":"","ast-featured-img":"","footer-sml-layout":"","ast-disable-related-posts":"","theme-transparent-header-meta":"default","adv-header-id-meta":"","stick-header-meta":"","header-above-stick-meta":"","header-main-stick-meta":"","header-below-stick-meta":"","astra-migrate-meta-layouts":"set","ast-page-background-enabled":"default","ast-page-background-meta":{"desktop":{"background-color":"","background-image":"","background-repeat":"repeat","background-position":"center center","background-size":"auto","background-attachment":"scroll","background-type":"","background-media":"","overlay-type":"","overlay-color":"","overlay-opacity":"","overlay-gradient":""},"tablet":{"background-color":"","background-image":"","background-repeat":"repeat","background-position":"center center","background-size":"auto","background-attachment":"scroll","background-type":"","background-media":"","overlay-type":"","overlay-color":"","overlay-opacity":"","overlay-gradient":""},"mobile":{"background-color":"","background-image":"","background-repeat":"repeat","background-position":"center center","background-size":"auto","background-attachment":"scroll","background-type":"","background-media":"","overlay-type":"","overlay-color":"","overlay-opacity":"","overlay-gradient":""}},"ast-content-background-meta":{"desktop":{"background-color":"var(--ast-global-color-5)","background-image":"","background-repeat":"repeat","background-position":"center center","background-size":"auto","background-attachment":"scroll","background-type":"","background-media":"","overlay-type":"","overlay-color":"","overlay-opacity":"","overlay-gradient":""},"tablet":{"background-color":"var(--ast-global-color-5)","background-image":"","background-repeat":"repeat","background-position":"center center","background-size":"auto","background-attachment":"scroll","background-type":"","background-media":"","overlay-type":"","overlay-color":"","overlay-opacity":"","overlay-gradient":""},"mobile":{"background-color":"var(--ast-global-color-5)","background-image":"","background-repeat":"repeat","background-position":"center center","background-size":"auto","background-attachment":"scroll","background-type":"","background-media":"","overlay-type":"","overlay-color":"","overlay-opacity":"","overlay-gradient":""}}},"product_cat":[64],"product_tag":[],"class_list":{"0":"post-8219","1":"product","2":"type-product","3":"status-publish","4":"has-post-thumbnail","6":"product_cat-travel-adapter","7":"desktop-align-center","8":"tablet-align-center","9":"mobile-align-center","11":"first","12":"instock","13":"shipping-taxable","14":"product-type-simple"},"_links":{"self":[{"href":"https:\/\/imiapower.com\/it\/wp-json\/wp\/v2\/product\/8219","targetHints":{"allow":["GET"]}}],"collection":[{"href":"https:\/\/imiapower.com\/it\/wp-json\/wp\/v2\/product"}],"about":[{"href":"https:\/\/imiapower.com\/it\/wp-json\/wp\/v2\/types\/product"}],"replies":[{"embeddable":true,"href":"https:\/\/imiapower.com\/it\/wp-json\/wp\/v2\/comments?post=8219"}],"version-history":[{"count":4,"href":"https:\/\/imiapower.com\/it\/wp-json\/wp\/v2\/product\/8219\/revisions"}],"predecessor-version":[{"id":8282,"href":"https:\/\/imiapower.com\/it\/wp-json\/wp\/v2\/product\/8219\/revisions\/8282"}],"wp:featuredmedia":[{"embeddable":true,"href":"https:\/\/imiapower.com\/it\/wp-json\/wp\/v2\/media\/8232"}],"wp:attachment":[{"href":"https:\/\/imiapower.com\/it\/wp-json\/wp\/v2\/media?parent=8219"}],"wp:term":[{"taxonomy":"product_cat","embeddable":true,"href":"https:\/\/imiapower.com\/it\/wp-json\/wp\/v2\/product_cat?post=8219"},{"taxonomy":"product_tag","embeddable":true,"href":"https:\/\/imiapower.com\/it\/wp-json\/wp\/v2\/product_tag?post=8219"}],"curies":[{"name":"wp","href":"https:\/\/api.w.org\/{rel}","templated":true}]}}