{"id":8303,"date":"2025-02-23T01:12:15","date_gmt":"2025-02-23T01:12:15","guid":{"rendered":"https:\/\/imiapower.com\/?post_type=product&#038;p=8303"},"modified":"2025-03-27T07:40:48","modified_gmt":"2025-03-27T07:40:48","slug":"140w-travel-adapter","status":"publish","type":"product","link":"https:\/\/imiapower.com\/it\/products\/travel-adapter\/140w-travel-adapter\/","title":{"rendered":"Potente adattatore da viaggio da 140 W di design cinese"},"content":{"rendered":"<ul>\n<li><strong>\u00a0Adattatore da viaggio da 140 W<\/strong><\/li>\n<li><strong>Ingresso CA:<\/strong>100~250 V\/CA 50-60 Hz 0,8 A<\/li>\n<li><strong>Potenza nominale:<\/strong>10A Max. (1100W\/110V o 2500W\/250V)<\/li>\n<li><strong>Uscita USB:<\/strong> 5V3A\/9V2A\/12V 1,5A (massimo 18W)<\/li>\n<li><strong>Uscita intelligente tipo C3\/C4:<\/strong> 5V3.4A<\/li>\n<li><strong>Uscita tipo C1:<\/strong> \u00a05V3A \/ 9V3A \/ 12V3A \/ 15V3A \/ 20V5A \/ 28V5A 140W PPS:5-21V 5A<\/li>\n<li><strong>Tipo C2:<\/strong>5V3A \/ 9V3A \/ 12V3A \/ 15V3A \/ 20V5A 100W PPS:5-21V 5A<\/li>\n<li><strong>C1+C2: <\/strong>100W+35W<\/li>\n<li><strong>Misurare: <\/strong>90*50,5*57mm<\/li>\n<li><strong>Certificato:<\/strong> UKCA, CE<\/li>\n<\/ul>","protected":false},"excerpt":{"rendered":"<p><img fetchpriority=\"high\" decoding=\"async\" class=\"alignnone wp-image-8646 size-full\" src=\"https:\/\/imiapower.com\/wp-content\/uploads\/Universal-Travel-Adapter-1.jpg\" alt=\"Adattatore da viaggio da 140 W\" width=\"800\" height=\"800\" srcset=\"https:\/\/imiapower.com\/wp-content\/uploads\/Universal-Travel-Adapter-1.jpg 800w, https:\/\/imiapower.com\/wp-content\/uploads\/Universal-Travel-Adapter-1-300x300.jpg 300w, https:\/\/imiapower.com\/wp-content\/uploads\/Universal-Travel-Adapter-1-100x100.jpg 100w, https:\/\/imiapower.com\/wp-content\/uploads\/Universal-Travel-Adapter-1-600x600.jpg 600w, https:\/\/imiapower.com\/wp-content\/uploads\/Universal-Travel-Adapter-1-64x64.jpg 64w, https:\/\/imiapower.com\/wp-content\/uploads\/Universal-Travel-Adapter-1-150x150.jpg 150w, https:\/\/imiapower.com\/wp-content\/uploads\/Universal-Travel-Adapter-1-768x768.jpg 768w, https:\/\/imiapower.com\/wp-content\/uploads\/Universal-Travel-Adapter-1-12x12.jpg 12w\" sizes=\"(max-width: 800px) 100vw, 800px\" \/><\/p>\n<p><img decoding=\"async\" class=\"alignnone wp-image-8647 size-full\" src=\"https:\/\/imiapower.com\/wp-content\/uploads\/Universal-Travel-Adapter.jpg\" alt=\"Adattatore da viaggio da 140 W\" width=\"800\" height=\"800\" srcset=\"https:\/\/imiapower.com\/wp-content\/uploads\/Universal-Travel-Adapter.jpg 800w, https:\/\/imiapower.com\/wp-content\/uploads\/Universal-Travel-Adapter-300x300.jpg 300w, https:\/\/imiapower.com\/wp-content\/uploads\/Universal-Travel-Adapter-100x100.jpg 100w, https:\/\/imiapower.com\/wp-content\/uploads\/Universal-Travel-Adapter-600x600.jpg 600w, https:\/\/imiapower.com\/wp-content\/uploads\/Universal-Travel-Adapter-64x64.jpg 64w, https:\/\/imiapower.com\/wp-content\/uploads\/Universal-Travel-Adapter-150x150.jpg 150w, https:\/\/imiapower.com\/wp-content\/uploads\/Universal-Travel-Adapter-768x768.jpg 768w, https:\/\/imiapower.com\/wp-content\/uploads\/Universal-Travel-Adapter-12x12.jpg 12w\" sizes=\"(max-width: 800px) 100vw, 800px\" \/><\/p>\n<p>L&#039;adattatore da viaggio da 140 W aumenta la domanda perch\u00e9 i modelli ad alte prestazioni di marchi come Apple, Dell e HP richiedono sempre pi\u00f9 100 W o pi\u00f9 per una ricarica rapida. Gli adattatori con wattaggio pi\u00f9 elevato supportano questi dispositivi in modo pi\u00f9 efficiente, per gli uomini d&#039;affari che viaggiano in diversi paesi, il tempo \u00e8 denaro, hanno bisogno di dispositivi come laptop, smartphone e notebook che si caricano in modo efficiente per svolgere il loro lavoro<\/p>\n<p>Con l&#039;Unione Europea che impone USB-C come porta di ricarica standard per i dispositivi elettronici, si prevede che l&#039;adozione aumenter\u00e0 a livello globale, questo adattatore con 4 porte di ricarica USB-C pu\u00f2 soddisfare i requisiti di ricarica dei consumatori<\/p>\n<p>I consumatori sono alla ricerca di soluzioni minimaliste che consentano loro di portare con s\u00e9 un singolo adattatore per tutti i loro dispositivi, soprattutto quando viaggiano. Un adattatore da 140 W pu\u00f2 sostituire pi\u00f9 adattatori, rendendolo attraente per i viaggiatori frequenti, inclusi i viaggiatori d&#039;affari e i turisti<\/p>\n<p>La tecnologia GaN rende questo adattatore da viaggio da 140 W di design senza grandi dimensioni, \u00e8 portatile ed efficiente dal punto di vista energetico, si tratta di un prezioso dispositivo di ricarica quando i consumatori viaggiano in diversi paesi.<\/p>\n<p>&nbsp;<\/p>","protected":false},"featured_media":8309,"comment_status":"open","ping_status":"closed","template":"","meta":{"rank_math_lock_modified_date":false,"site-sidebar-layout":"default","site-content-layout":"","ast-site-content-layout":"default","site-content-style":"default","site-sidebar-style":"default","ast-global-header-display":"","ast-banner-title-visibility":"","ast-main-header-display":"","ast-hfb-above-header-display":"","ast-hfb-below-header-display":"","ast-hfb-mobile-header-display":"","site-post-title":"","ast-breadcrumbs-content":"","ast-featured-img":"","footer-sml-layout":"","ast-disable-related-posts":"","theme-transparent-header-meta":"default","adv-header-id-meta":"","stick-header-meta":"","header-above-stick-meta":"","header-main-stick-meta":"","header-below-stick-meta":"","astra-migrate-meta-layouts":"set","ast-page-background-enabled":"default","ast-page-background-meta":{"desktop":{"background-color":"","background-image":"","background-repeat":"repeat","background-position":"center center","background-size":"auto","background-attachment":"scroll","background-type":"","background-media":"","overlay-type":"","overlay-color":"","overlay-opacity":"","overlay-gradient":""},"tablet":{"background-color":"","background-image":"","background-repeat":"repeat","background-position":"center center","background-size":"auto","background-attachment":"scroll","background-type":"","background-media":"","overlay-type":"","overlay-color":"","overlay-opacity":"","overlay-gradient":""},"mobile":{"background-color":"","background-image":"","background-repeat":"repeat","background-position":"center center","background-size":"auto","background-attachment":"scroll","background-type":"","background-media":"","overlay-type":"","overlay-color":"","overlay-opacity":"","overlay-gradient":""}},"ast-content-background-meta":{"desktop":{"background-color":"var(--ast-global-color-5)","background-image":"","background-repeat":"repeat","background-position":"center center","background-size":"auto","background-attachment":"scroll","background-type":"","background-media":"","overlay-type":"","overlay-color":"","overlay-opacity":"","overlay-gradient":""},"tablet":{"background-color":"var(--ast-global-color-5)","background-image":"","background-repeat":"repeat","background-position":"center center","background-size":"auto","background-attachment":"scroll","background-type":"","background-media":"","overlay-type":"","overlay-color":"","overlay-opacity":"","overlay-gradient":""},"mobile":{"background-color":"var(--ast-global-color-5)","background-image":"","background-repeat":"repeat","background-position":"center center","background-size":"auto","background-attachment":"scroll","background-type":"","background-media":"","overlay-type":"","overlay-color":"","overlay-opacity":"","overlay-gradient":""}}},"product_cat":[64],"product_tag":[],"class_list":{"0":"post-8303","1":"product","2":"type-product","3":"status-publish","4":"has-post-thumbnail","6":"product_cat-travel-adapter","7":"desktop-align-center","8":"tablet-align-center","9":"mobile-align-center","11":"first","12":"instock","13":"featured","14":"shipping-taxable","15":"product-type-simple"},"_links":{"self":[{"href":"https:\/\/imiapower.com\/it\/wp-json\/wp\/v2\/product\/8303","targetHints":{"allow":["GET"]}}],"collection":[{"href":"https:\/\/imiapower.com\/it\/wp-json\/wp\/v2\/product"}],"about":[{"href":"https:\/\/imiapower.com\/it\/wp-json\/wp\/v2\/types\/product"}],"replies":[{"embeddable":true,"href":"https:\/\/imiapower.com\/it\/wp-json\/wp\/v2\/comments?post=8303"}],"version-history":[{"count":8,"href":"https:\/\/imiapower.com\/it\/wp-json\/wp\/v2\/product\/8303\/revisions"}],"predecessor-version":[{"id":8312,"href":"https:\/\/imiapower.com\/it\/wp-json\/wp\/v2\/product\/8303\/revisions\/8312"}],"wp:featuredmedia":[{"embeddable":true,"href":"https:\/\/imiapower.com\/it\/wp-json\/wp\/v2\/media\/8309"}],"wp:attachment":[{"href":"https:\/\/imiapower.com\/it\/wp-json\/wp\/v2\/media?parent=8303"}],"wp:term":[{"taxonomy":"product_cat","embeddable":true,"href":"https:\/\/imiapower.com\/it\/wp-json\/wp\/v2\/product_cat?post=8303"},{"taxonomy":"product_tag","embeddable":true,"href":"https:\/\/imiapower.com\/it\/wp-json\/wp\/v2\/product_tag?post=8303"}],"curies":[{"name":"wp","href":"https:\/\/api.w.org\/{rel}","templated":true}]}}