{"id":8314,"date":"2025-02-20T01:34:46","date_gmt":"2025-02-20T01:34:46","guid":{"rendered":"https:\/\/imiapower.com\/?post_type=product&#038;p=8314"},"modified":"2025-06-13T07:24:28","modified_gmt":"2025-06-13T07:24:28","slug":"universal-travel-plug-adaptor","status":"publish","type":"product","link":"https:\/\/imiapower.com\/it\/products\/travel-adapter\/universal-travel-plug-adaptor\/","title":{"rendered":"Adattatore universale da viaggio popolare all&#039;ingrosso"},"content":{"rendered":"<ul>\n<li><strong> Adattatore universale da viaggio<\/strong><\/li>\n<li><strong>Ingresso CA:<\/strong>100~250 V\/CA 50-60 Hz 0,8 A<\/li>\n<li><strong>Potenza nominale:<\/strong>10A Max. (1100W\/110V o 2500W\/250V)<\/li>\n<li><strong>Uscita USB:<\/strong>5V3A\/9V2A\/12V 1,5A (massimo 18W)<\/li>\n<li><strong>Uscita intelligente tipo C3\/C4:<\/strong>5V3.4A<\/li>\n<li><strong>Uscita tipo C1:<\/strong> 5V3A \/ 9V3A \/ 12V3A \/ 15V3A \/ 20V5A 100W PPS:5-21V 5A<\/li>\n<li><strong>Uscita di tipo C2:<\/strong>5V3A \/ 9V3A \/ 12V3A \/ 15V3A \/ 20V5A 100W PPS:5-21V 5A<\/li>\n<li><strong>Misurare:<\/strong>90*50,5*57mm<\/li>\n<li><strong>Certificato: <\/strong>UKCA, CE<\/li>\n<\/ul>","protected":false},"excerpt":{"rendered":"<p><img fetchpriority=\"high\" decoding=\"async\" class=\"alignnone wp-image-9256 size-full\" src=\"https:\/\/imiapower.com\/wp-content\/uploads\/2-2.jpg\" alt=\"adattatore da viaggio universale\" width=\"800\" height=\"800\" srcset=\"https:\/\/imiapower.com\/wp-content\/uploads\/2-2.jpg 800w, https:\/\/imiapower.com\/wp-content\/uploads\/2-2-300x300.jpg 300w, https:\/\/imiapower.com\/wp-content\/uploads\/2-2-150x150.jpg 150w, https:\/\/imiapower.com\/wp-content\/uploads\/2-2-768x768.jpg 768w, https:\/\/imiapower.com\/wp-content\/uploads\/2-2-12x12.jpg 12w, https:\/\/imiapower.com\/wp-content\/uploads\/2-2-600x600.jpg 600w, https:\/\/imiapower.com\/wp-content\/uploads\/2-2-100x100.jpg 100w, https:\/\/imiapower.com\/wp-content\/uploads\/2-2-64x64.jpg 64w\" sizes=\"(max-width: 800px) 100vw, 800px\" \/><\/p>\n<p>Per questo stesso design dell&#039;alloggiamento, abbiamo due diverse selezioni di potenza, una da 100 W e un&#039;altra da 140 W che seguono la tendenza del mercato e consentono al consumatore di ottenere la migliore esperienza di ricarica<\/p>\n<p>La compatibilit\u00e0 con l&#039;adattatore universale da viaggio \u00e8 sempre utilizzata in pi\u00f9 di 170 paesi, con le sue prese JP\/US, AUS, EU e UK<\/p>\n<p>La nostra fabbrica utilizza sempre PC cotti per la produzione di adattatori da viaggio di fascia alta, progettazione della tecnologia GaN e protezione a doppio fusibile<\/p>\n<p>Un adattatore da viaggio universale \u00e8 un dispositivo di ricarica con ampia compatibilit\u00e0 e connettivit\u00e0 mondiale, ed \u00e8 una buona scelta per gli uomini d&#039;affari che viaggiano all&#039;estero.<\/p>\n<p>Gli adattatori universali da 100 W sono dotati di porte di ricarica USB-A e USB-C, che consentono di caricare contemporaneamente smartphone, tablet o altri dispositivi alimentati tramite USB<\/p>\n<p>Le caratteristiche di sicurezza includono: protezione da sovraccarico, protezione da cortocircuito, protezione da sovratensione, materiali ignifughi<\/p>\n<p>Invece di acquistare adattatori separati per ogni paese che visiti, un adattatore universale da viaggio ti fa risparmiare denaro a lungo termine. \u00c8 una soluzione all-in-one per i tuoi viaggi internazionali.<\/p>","protected":false},"featured_media":8320,"comment_status":"open","ping_status":"closed","template":"","meta":{"rank_math_lock_modified_date":false,"site-sidebar-layout":"default","site-content-layout":"","ast-site-content-layout":"default","site-content-style":"default","site-sidebar-style":"default","ast-global-header-display":"","ast-banner-title-visibility":"","ast-main-header-display":"","ast-hfb-above-header-display":"","ast-hfb-below-header-display":"","ast-hfb-mobile-header-display":"","site-post-title":"","ast-breadcrumbs-content":"","ast-featured-img":"","footer-sml-layout":"","ast-disable-related-posts":"","theme-transparent-header-meta":"default","adv-header-id-meta":"","stick-header-meta":"","header-above-stick-meta":"","header-main-stick-meta":"","header-below-stick-meta":"","astra-migrate-meta-layouts":"set","ast-page-background-enabled":"default","ast-page-background-meta":{"desktop":{"background-color":"","background-image":"","background-repeat":"repeat","background-position":"center center","background-size":"auto","background-attachment":"scroll","background-type":"","background-media":"","overlay-type":"","overlay-color":"","overlay-opacity":"","overlay-gradient":""},"tablet":{"background-color":"","background-image":"","background-repeat":"repeat","background-position":"center center","background-size":"auto","background-attachment":"scroll","background-type":"","background-media":"","overlay-type":"","overlay-color":"","overlay-opacity":"","overlay-gradient":""},"mobile":{"background-color":"","background-image":"","background-repeat":"repeat","background-position":"center center","background-size":"auto","background-attachment":"scroll","background-type":"","background-media":"","overlay-type":"","overlay-color":"","overlay-opacity":"","overlay-gradient":""}},"ast-content-background-meta":{"desktop":{"background-color":"var(--ast-global-color-5)","background-image":"","background-repeat":"repeat","background-position":"center center","background-size":"auto","background-attachment":"scroll","background-type":"","background-media":"","overlay-type":"","overlay-color":"","overlay-opacity":"","overlay-gradient":""},"tablet":{"background-color":"var(--ast-global-color-5)","background-image":"","background-repeat":"repeat","background-position":"center center","background-size":"auto","background-attachment":"scroll","background-type":"","background-media":"","overlay-type":"","overlay-color":"","overlay-opacity":"","overlay-gradient":""},"mobile":{"background-color":"var(--ast-global-color-5)","background-image":"","background-repeat":"repeat","background-position":"center center","background-size":"auto","background-attachment":"scroll","background-type":"","background-media":"","overlay-type":"","overlay-color":"","overlay-opacity":"","overlay-gradient":""}}},"product_cat":[64],"product_tag":[],"class_list":{"0":"post-8314","1":"product","2":"type-product","3":"status-publish","4":"has-post-thumbnail","6":"product_cat-travel-adapter","7":"desktop-align-center","8":"tablet-align-center","9":"mobile-align-center","11":"first","12":"instock","13":"featured","14":"shipping-taxable","15":"product-type-simple"},"_links":{"self":[{"href":"https:\/\/imiapower.com\/it\/wp-json\/wp\/v2\/product\/8314","targetHints":{"allow":["GET"]}}],"collection":[{"href":"https:\/\/imiapower.com\/it\/wp-json\/wp\/v2\/product"}],"about":[{"href":"https:\/\/imiapower.com\/it\/wp-json\/wp\/v2\/types\/product"}],"replies":[{"embeddable":true,"href":"https:\/\/imiapower.com\/it\/wp-json\/wp\/v2\/comments?post=8314"}],"version-history":[{"count":6,"href":"https:\/\/imiapower.com\/it\/wp-json\/wp\/v2\/product\/8314\/revisions"}],"predecessor-version":[{"id":9257,"href":"https:\/\/imiapower.com\/it\/wp-json\/wp\/v2\/product\/8314\/revisions\/9257"}],"wp:featuredmedia":[{"embeddable":true,"href":"https:\/\/imiapower.com\/it\/wp-json\/wp\/v2\/media\/8320"}],"wp:attachment":[{"href":"https:\/\/imiapower.com\/it\/wp-json\/wp\/v2\/media?parent=8314"}],"wp:term":[{"taxonomy":"product_cat","embeddable":true,"href":"https:\/\/imiapower.com\/it\/wp-json\/wp\/v2\/product_cat?post=8314"},{"taxonomy":"product_tag","embeddable":true,"href":"https:\/\/imiapower.com\/it\/wp-json\/wp\/v2\/product_tag?post=8314"}],"curies":[{"name":"wp","href":"https:\/\/api.w.org\/{rel}","templated":true}]}}