{"id":8345,"date":"2024-10-15T07:59:42","date_gmt":"2024-10-15T07:59:42","guid":{"rendered":"https:\/\/imiapower.com\/?post_type=product&#038;p=8345"},"modified":"2024-12-02T00:20:33","modified_gmt":"2024-12-02T00:20:33","slug":"universal-charger-adapter","status":"publish","type":"product","link":"https:\/\/imiapower.com\/it\/products\/travel-adapter\/universal-charger-adapter\/","title":{"rendered":"Adattatore universale per caricabatterie privato dal produttore cinese"},"content":{"rendered":"<ul>\n<li><strong>adattatore universale per caricabatterie<\/strong><\/li>\n<li><strong>Ingresso CA:<\/strong>110~250V\/CA 50-60Hz<\/li>\n<li><strong>Potenza nominale:<\/strong> 10A massimo (1100W\/110V o 2500W\/250V)<\/li>\n<li><strong>Uscita USB:<\/strong> 5V3A\/9V2A\/12V1.5A (Max. 18W)<\/li>\n<li><strong>Uscita tipo C1\/C2\/C3:<\/strong> 5V3A (massimo 15W)<\/li>\n<li><strong>Uscita tipo C4:<\/strong> 5V3A, 9V3A, 12V2.91A, 15V2.33A, 20V1.75A (Max35w)<\/li>\n<li><strong>Cavo di sospensione:<\/strong> Cavo c-c da 20 mm di lunghezza per gancio<\/li>\n<li><strong>Misurare:<\/strong> 73*50*57mm<\/li>\n<li><strong>Peso:<\/strong> 160g<\/li>\n<li><strong>Materiale:<\/strong> pc sparato+metallo di rame<\/li>\n<li><strong>Certificazione:<\/strong> Certificazione UKCA, CE, FCC, RoHS<\/li>\n<\/ul>","protected":false},"excerpt":{"rendered":"<p>La compatibilit\u00e0 con l&#039;adattatore per caricabatterie universale \u00e8 sempre utilizzata in pi\u00f9 di 170 paesi, con le sue prese JP\/US, AUS, EU e UK<\/p>\n<p>La nostra fabbrica utilizza sempre PC cotti per la produzione di adattatori da viaggio di fascia alta, progettazione della tecnologia GaN e protezione a doppio fusibile<\/p>\n<p>Un adattatore da viaggio universale \u00e8 un dispositivo di ricarica con ampia compatibilit\u00e0 e connettivit\u00e0 mondiale, ed \u00e8 una buona scelta per gli uomini d&#039;affari che viaggiano all&#039;estero.<\/p>\n<p>Per lo stesso design dell&#039;alloggiamento dell&#039;adattatore, offriamo diverse potenze di uscita, il cliente pu\u00f2 scegliere 35 W, 45 W e 65 W, oppure pu\u00f2 anche venderli in serie<\/p>\n<p>Questo adattatore per caricabatterie universale di design offre varie opzioni di colore, tra cui bianco, nero, rosso, giallo, verde e cos\u00ec via, accetta anche design di colori personalizzati<\/p>\n<p>Abbiamo anche un&#039;altra opzione per il design, possiamo sostituire la porta di ricarica centrale Type-C con una porta di ricarica Lightning, poich\u00e9 alcuni consumatori utilizzano ancora porte di ricarica Lightning per caricare i loro iPhone, progettiamo sempre adattatori da viaggio all-in-one in base alle richieste dei consumatori<\/p>\n<p>&nbsp;<\/p>","protected":false},"featured_media":8349,"comment_status":"open","ping_status":"closed","template":"","meta":{"rank_math_lock_modified_date":false,"site-sidebar-layout":"default","site-content-layout":"","ast-site-content-layout":"default","site-content-style":"default","site-sidebar-style":"default","ast-global-header-display":"","ast-banner-title-visibility":"","ast-main-header-display":"","ast-hfb-above-header-display":"","ast-hfb-below-header-display":"","ast-hfb-mobile-header-display":"","site-post-title":"","ast-breadcrumbs-content":"","ast-featured-img":"","footer-sml-layout":"","ast-disable-related-posts":"","theme-transparent-header-meta":"default","adv-header-id-meta":"","stick-header-meta":"","header-above-stick-meta":"","header-main-stick-meta":"","header-below-stick-meta":"","astra-migrate-meta-layouts":"set","ast-page-background-enabled":"default","ast-page-background-meta":{"desktop":{"background-color":"","background-image":"","background-repeat":"repeat","background-position":"center center","background-size":"auto","background-attachment":"scroll","background-type":"","background-media":"","overlay-type":"","overlay-color":"","overlay-opacity":"","overlay-gradient":""},"tablet":{"background-color":"","background-image":"","background-repeat":"repeat","background-position":"center center","background-size":"auto","background-attachment":"scroll","background-type":"","background-media":"","overlay-type":"","overlay-color":"","overlay-opacity":"","overlay-gradient":""},"mobile":{"background-color":"","background-image":"","background-repeat":"repeat","background-position":"center center","background-size":"auto","background-attachment":"scroll","background-type":"","background-media":"","overlay-type":"","overlay-color":"","overlay-opacity":"","overlay-gradient":""}},"ast-content-background-meta":{"desktop":{"background-color":"var(--ast-global-color-5)","background-image":"","background-repeat":"repeat","background-position":"center center","background-size":"auto","background-attachment":"scroll","background-type":"","background-media":"","overlay-type":"","overlay-color":"","overlay-opacity":"","overlay-gradient":""},"tablet":{"background-color":"var(--ast-global-color-5)","background-image":"","background-repeat":"repeat","background-position":"center center","background-size":"auto","background-attachment":"scroll","background-type":"","background-media":"","overlay-type":"","overlay-color":"","overlay-opacity":"","overlay-gradient":""},"mobile":{"background-color":"var(--ast-global-color-5)","background-image":"","background-repeat":"repeat","background-position":"center center","background-size":"auto","background-attachment":"scroll","background-type":"","background-media":"","overlay-type":"","overlay-color":"","overlay-opacity":"","overlay-gradient":""}}},"product_cat":[64],"product_tag":[],"class_list":{"0":"post-8345","1":"product","2":"type-product","3":"status-publish","4":"has-post-thumbnail","6":"product_cat-travel-adapter","7":"desktop-align-center","8":"tablet-align-center","9":"mobile-align-center","11":"first","12":"instock","13":"shipping-taxable","14":"product-type-simple"},"_links":{"self":[{"href":"https:\/\/imiapower.com\/it\/wp-json\/wp\/v2\/product\/8345","targetHints":{"allow":["GET"]}}],"collection":[{"href":"https:\/\/imiapower.com\/it\/wp-json\/wp\/v2\/product"}],"about":[{"href":"https:\/\/imiapower.com\/it\/wp-json\/wp\/v2\/types\/product"}],"replies":[{"embeddable":true,"href":"https:\/\/imiapower.com\/it\/wp-json\/wp\/v2\/comments?post=8345"}],"version-history":[{"count":4,"href":"https:\/\/imiapower.com\/it\/wp-json\/wp\/v2\/product\/8345\/revisions"}],"predecessor-version":[{"id":8644,"href":"https:\/\/imiapower.com\/it\/wp-json\/wp\/v2\/product\/8345\/revisions\/8644"}],"wp:featuredmedia":[{"embeddable":true,"href":"https:\/\/imiapower.com\/it\/wp-json\/wp\/v2\/media\/8349"}],"wp:attachment":[{"href":"https:\/\/imiapower.com\/it\/wp-json\/wp\/v2\/media?parent=8345"}],"wp:term":[{"taxonomy":"product_cat","embeddable":true,"href":"https:\/\/imiapower.com\/it\/wp-json\/wp\/v2\/product_cat?post=8345"},{"taxonomy":"product_tag","embeddable":true,"href":"https:\/\/imiapower.com\/it\/wp-json\/wp\/v2\/product_tag?post=8345"}],"curies":[{"name":"wp","href":"https:\/\/api.w.org\/{rel}","templated":true}]}}