{"id":9460,"date":"2025-07-14T09:22:12","date_gmt":"2025-07-14T09:22:12","guid":{"rendered":"https:\/\/imiapower.com\/?post_type=product&#038;p=9460"},"modified":"2025-07-14T09:22:47","modified_gmt":"2025-07-14T09:22:47","slug":"universal-travel-outlet-35w","status":"publish","type":"product","link":"https:\/\/imiapower.com\/it\/products\/travel-adapter\/universal-travel-outlet-35w\/","title":{"rendered":"Presa da viaggio universale con USB, USB-C PD 35W, presa CA - Compatibilit\u00e0 mondiale"},"content":{"rendered":"<ul>\n<li><strong>Tensione di ingresso:<\/strong>110~250V\/CA 50-60Hz<\/li>\n<li><strong>Uscita CA:<\/strong>10 A massimo (1000 W\/100 V o 2400 W\/240 V)<\/li>\n<li><strong>Uscita USB:<\/strong> 5V3A\/9V2A\/12V 1,5A (Max 18W)<\/li>\n<li><strong>Uscita tipo C1:<\/strong>5 V, 3 A 9 V, 3 A 12 V, 2,91 A 15 V, 2,33 A 20 V, 1,75 A (MAX 35 W)<\/li>\n<li><strong>Uscita tipo C2:<\/strong> 5V1A 5W<\/li>\n<li><strong>Cavo C3:<\/strong>5 V, 3 A 9 V, 3 A 12 V, 2,91 A 15 V, 2,33 A 20 V, 1,75 A (MAX 35 W)<\/li>\n<li><strong>C1\/C2+C3:<\/strong> 20W+5W<\/li>\n<li><strong>C1+C2+C3+USB:<\/strong>20W+15W<\/li>\n<li><strong>C3+USB:<\/strong>5V3A<\/li>\n<li><strong>Peso:<\/strong>248 g<\/li>\n<li><strong>Materiale :<\/strong> PC cotto + metallo ramato<\/li>\n<li><strong>Certificato:<\/strong> FCC, CE<\/li>\n<\/ul>","protected":false},"excerpt":{"rendered":"<p>Viaggia in modo pi\u00f9 intelligente con questa presa da viaggio universale, progettata per offrire praticit\u00e0, sicurezza e velocit\u00e0.<\/p>\n<p>Compatibile con ingresso CA 110-250 V e con potenza in uscita fino a 2400 W, questo adattatore \u00e8 ideale per i viaggi internazionali.<\/p>\n<p>\u00c8 dotato di un design multiporta che include una porta USB-A (18 W), due porte USB-C (C1 e C2) e un cavo integrato (C3) con Power Delivery (PD) fino a 35 W. Permette di ricaricare contemporaneamente smartphone, tablet, laptop e altri dispositivi elettronici.<\/p>","protected":false},"featured_media":9465,"comment_status":"open","ping_status":"closed","template":"","meta":{"rank_math_lock_modified_date":false,"site-sidebar-layout":"default","site-content-layout":"","ast-site-content-layout":"default","site-content-style":"default","site-sidebar-style":"default","ast-global-header-display":"","ast-banner-title-visibility":"","ast-main-header-display":"","ast-hfb-above-header-display":"","ast-hfb-below-header-display":"","ast-hfb-mobile-header-display":"","site-post-title":"","ast-breadcrumbs-content":"","ast-featured-img":"","footer-sml-layout":"","ast-disable-related-posts":"","theme-transparent-header-meta":"default","adv-header-id-meta":"","stick-header-meta":"","header-above-stick-meta":"","header-main-stick-meta":"","header-below-stick-meta":"","astra-migrate-meta-layouts":"set","ast-page-background-enabled":"default","ast-page-background-meta":{"desktop":{"background-color":"","background-image":"","background-repeat":"repeat","background-position":"center center","background-size":"auto","background-attachment":"scroll","background-type":"","background-media":"","overlay-type":"","overlay-color":"","overlay-opacity":"","overlay-gradient":""},"tablet":{"background-color":"","background-image":"","background-repeat":"repeat","background-position":"center center","background-size":"auto","background-attachment":"scroll","background-type":"","background-media":"","overlay-type":"","overlay-color":"","overlay-opacity":"","overlay-gradient":""},"mobile":{"background-color":"","background-image":"","background-repeat":"repeat","background-position":"center center","background-size":"auto","background-attachment":"scroll","background-type":"","background-media":"","overlay-type":"","overlay-color":"","overlay-opacity":"","overlay-gradient":""}},"ast-content-background-meta":{"desktop":{"background-color":"var(--ast-global-color-5)","background-image":"","background-repeat":"repeat","background-position":"center center","background-size":"auto","background-attachment":"scroll","background-type":"","background-media":"","overlay-type":"","overlay-color":"","overlay-opacity":"","overlay-gradient":""},"tablet":{"background-color":"var(--ast-global-color-5)","background-image":"","background-repeat":"repeat","background-position":"center center","background-size":"auto","background-attachment":"scroll","background-type":"","background-media":"","overlay-type":"","overlay-color":"","overlay-opacity":"","overlay-gradient":""},"mobile":{"background-color":"var(--ast-global-color-5)","background-image":"","background-repeat":"repeat","background-position":"center center","background-size":"auto","background-attachment":"scroll","background-type":"","background-media":"","overlay-type":"","overlay-color":"","overlay-opacity":"","overlay-gradient":""}}},"product_cat":[64],"product_tag":[],"class_list":{"0":"post-9460","1":"product","2":"type-product","3":"status-publish","4":"has-post-thumbnail","6":"product_cat-travel-adapter","7":"desktop-align-center","8":"tablet-align-center","9":"mobile-align-center","11":"first","12":"instock","13":"shipping-taxable","14":"product-type-simple"},"_links":{"self":[{"href":"https:\/\/imiapower.com\/it\/wp-json\/wp\/v2\/product\/9460","targetHints":{"allow":["GET"]}}],"collection":[{"href":"https:\/\/imiapower.com\/it\/wp-json\/wp\/v2\/product"}],"about":[{"href":"https:\/\/imiapower.com\/it\/wp-json\/wp\/v2\/types\/product"}],"replies":[{"embeddable":true,"href":"https:\/\/imiapower.com\/it\/wp-json\/wp\/v2\/comments?post=9460"}],"version-history":[{"count":1,"href":"https:\/\/imiapower.com\/it\/wp-json\/wp\/v2\/product\/9460\/revisions"}],"predecessor-version":[{"id":9467,"href":"https:\/\/imiapower.com\/it\/wp-json\/wp\/v2\/product\/9460\/revisions\/9467"}],"wp:featuredmedia":[{"embeddable":true,"href":"https:\/\/imiapower.com\/it\/wp-json\/wp\/v2\/media\/9465"}],"wp:attachment":[{"href":"https:\/\/imiapower.com\/it\/wp-json\/wp\/v2\/media?parent=9460"}],"wp:term":[{"taxonomy":"product_cat","embeddable":true,"href":"https:\/\/imiapower.com\/it\/wp-json\/wp\/v2\/product_cat?post=9460"},{"taxonomy":"product_tag","embeddable":true,"href":"https:\/\/imiapower.com\/it\/wp-json\/wp\/v2\/product_tag?post=9460"}],"curies":[{"name":"wp","href":"https:\/\/api.w.org\/{rel}","templated":true}]}}