{"id":9713,"date":"2025-09-01T06:28:31","date_gmt":"2025-09-01T06:28:31","guid":{"rendered":"https:\/\/imiapower.com\/?post_type=product&#038;p=9713"},"modified":"2025-10-16T08:57:09","modified_gmt":"2025-10-16T08:57:09","slug":"travel-universal-adaptor","status":"publish","type":"product","link":"https:\/\/imiapower.com\/it\/products\/travel-adapter\/travel-universal-adaptor\/","title":{"rendered":"Adattatore da viaggio universale con spina AUS e ricarica rapida PD 20W | USB-C e USB-A"},"content":{"rendered":"<ul>\n<li><strong>Adattatore universale da viaggio<\/strong><\/li>\n<li><strong>Ingresso:<\/strong> 100-250 V 10 A Max. 2500 W Max.<\/li>\n<li><strong>Produzione:<\/strong> PD 20w<\/li>\n<li><strong>Porta di ricarica:<\/strong> 2 porte USB C e 1 porta USB A.<\/li>\n<li><strong>Colore:<\/strong> Bianco e Nero<\/li>\n<li><strong>Dimensioni dell&#039;adattatore:<\/strong> 66*64,8*83 mm<\/li>\n<li><strong>Peso dell&#039;adattatore:<\/strong> 95 g<\/li>\n<li><strong>Nota:<\/strong> Adattatore da viaggio da World a AUS<\/li>\n<\/ul>","protected":false},"excerpt":{"rendered":"<p><img fetchpriority=\"high\" decoding=\"async\" class=\"alignnone wp-image-9715 size-full\" src=\"https:\/\/imiapower.com\/wp-content\/uploads\/converted-35.webp\" alt=\"adattatore universale da viaggio\" width=\"800\" height=\"1269\" srcset=\"https:\/\/imiapower.com\/wp-content\/uploads\/converted-35.webp 800w, https:\/\/imiapower.com\/wp-content\/uploads\/converted-35-189x300.webp 189w, https:\/\/imiapower.com\/wp-content\/uploads\/converted-35-646x1024.webp 646w, https:\/\/imiapower.com\/wp-content\/uploads\/converted-35-768x1218.webp 768w, https:\/\/imiapower.com\/wp-content\/uploads\/converted-35-8x12.webp 8w, https:\/\/imiapower.com\/wp-content\/uploads\/converted-35-600x952.webp 600w, https:\/\/imiapower.com\/wp-content\/uploads\/converted-35-64x102.webp 64w\" sizes=\"(max-width: 800px) 100vw, 800px\" \/><\/p>\n<p>Adattatore da viaggio universale per i paesi con prese AUS: la scelta perfetta per i viaggiatori diretti in Australia, Nuova Zelanda, Cina e nelle regioni che utilizzano prese di tipo AUS.<\/p>\n<p>Questo adattatore non solo supporta 100\u2013250 V, 10 A (fino a 2500 W) per la compatibilit\u00e0 globale, ma include anche la ricarica rapida PD da 20 W con 2 porte USB-C e 1 porta USB-A, consentendo di alimentare pi\u00f9 dispositivi contemporaneamente.<\/p>\n<p>Con un peso di soli 95 g e un design compatto (66\u00d764,8\u00d783 mm), \u00e8 un dispositivo essenziale da viaggio intelligente e affidabile.<\/p>\n<p>&nbsp;<\/p>","protected":false},"featured_media":9714,"comment_status":"open","ping_status":"closed","template":"","meta":{"rank_math_lock_modified_date":false,"site-sidebar-layout":"default","site-content-layout":"","ast-site-content-layout":"default","site-content-style":"default","site-sidebar-style":"default","ast-global-header-display":"","ast-banner-title-visibility":"","ast-main-header-display":"","ast-hfb-above-header-display":"","ast-hfb-below-header-display":"","ast-hfb-mobile-header-display":"","site-post-title":"","ast-breadcrumbs-content":"","ast-featured-img":"","footer-sml-layout":"","ast-disable-related-posts":"","theme-transparent-header-meta":"default","adv-header-id-meta":"","stick-header-meta":"","header-above-stick-meta":"","header-main-stick-meta":"","header-below-stick-meta":"","astra-migrate-meta-layouts":"set","ast-page-background-enabled":"default","ast-page-background-meta":{"desktop":{"background-color":"","background-image":"","background-repeat":"repeat","background-position":"center center","background-size":"auto","background-attachment":"scroll","background-type":"","background-media":"","overlay-type":"","overlay-color":"","overlay-opacity":"","overlay-gradient":""},"tablet":{"background-color":"","background-image":"","background-repeat":"repeat","background-position":"center center","background-size":"auto","background-attachment":"scroll","background-type":"","background-media":"","overlay-type":"","overlay-color":"","overlay-opacity":"","overlay-gradient":""},"mobile":{"background-color":"","background-image":"","background-repeat":"repeat","background-position":"center center","background-size":"auto","background-attachment":"scroll","background-type":"","background-media":"","overlay-type":"","overlay-color":"","overlay-opacity":"","overlay-gradient":""}},"ast-content-background-meta":{"desktop":{"background-color":"var(--ast-global-color-5)","background-image":"","background-repeat":"repeat","background-position":"center center","background-size":"auto","background-attachment":"scroll","background-type":"","background-media":"","overlay-type":"","overlay-color":"","overlay-opacity":"","overlay-gradient":""},"tablet":{"background-color":"var(--ast-global-color-5)","background-image":"","background-repeat":"repeat","background-position":"center center","background-size":"auto","background-attachment":"scroll","background-type":"","background-media":"","overlay-type":"","overlay-color":"","overlay-opacity":"","overlay-gradient":""},"mobile":{"background-color":"var(--ast-global-color-5)","background-image":"","background-repeat":"repeat","background-position":"center center","background-size":"auto","background-attachment":"scroll","background-type":"","background-media":"","overlay-type":"","overlay-color":"","overlay-opacity":"","overlay-gradient":""}}},"product_cat":[64],"product_tag":[],"class_list":{"0":"post-9713","1":"product","2":"type-product","3":"status-publish","4":"has-post-thumbnail","6":"product_cat-travel-adapter","7":"desktop-align-center","8":"tablet-align-center","9":"mobile-align-center","11":"first","12":"instock","13":"shipping-taxable","14":"product-type-simple"},"_links":{"self":[{"href":"https:\/\/imiapower.com\/it\/wp-json\/wp\/v2\/product\/9713","targetHints":{"allow":["GET"]}}],"collection":[{"href":"https:\/\/imiapower.com\/it\/wp-json\/wp\/v2\/product"}],"about":[{"href":"https:\/\/imiapower.com\/it\/wp-json\/wp\/v2\/types\/product"}],"replies":[{"embeddable":true,"href":"https:\/\/imiapower.com\/it\/wp-json\/wp\/v2\/comments?post=9713"}],"version-history":[{"count":1,"href":"https:\/\/imiapower.com\/it\/wp-json\/wp\/v2\/product\/9713\/revisions"}],"predecessor-version":[{"id":9716,"href":"https:\/\/imiapower.com\/it\/wp-json\/wp\/v2\/product\/9713\/revisions\/9716"}],"wp:featuredmedia":[{"embeddable":true,"href":"https:\/\/imiapower.com\/it\/wp-json\/wp\/v2\/media\/9714"}],"wp:attachment":[{"href":"https:\/\/imiapower.com\/it\/wp-json\/wp\/v2\/media?parent=9713"}],"wp:term":[{"taxonomy":"product_cat","embeddable":true,"href":"https:\/\/imiapower.com\/it\/wp-json\/wp\/v2\/product_cat?post=9713"},{"taxonomy":"product_tag","embeddable":true,"href":"https:\/\/imiapower.com\/it\/wp-json\/wp\/v2\/product_tag?post=9713"}],"curies":[{"name":"wp","href":"https:\/\/api.w.org\/{rel}","templated":true}]}}