{"id":9725,"date":"2025-09-02T00:15:46","date_gmt":"2025-09-02T00:15:46","guid":{"rendered":"https:\/\/imiapower.com\/?post_type=product&#038;p=9725"},"modified":"2025-09-03T00:46:43","modified_gmt":"2025-09-03T00:46:43","slug":"travel-adapter-for-high-power-appliances","status":"publish","type":"product","link":"https:\/\/imiapower.com\/it\/products\/travel-adapter\/travel-adapter-for-high-power-appliances\/","title":{"rendered":"Adattatore da viaggio per elettrodomestici ad alta potenza | 2500 W max | 4 spine staccabili (USA\/UK\/AUS\/EU) con ricarica rapida PD 20 W"},"content":{"rendered":"<ul>\n<li><strong>Adattatore da viaggio per elettrodomestici ad alta potenza<\/strong><\/li>\n<li><strong>Ingresso:<\/strong> 100-250 V 10 A Max. 2500 W Max.<\/li>\n<li><strong>Produzione:<\/strong> PD 20W, USA 18W<\/li>\n<li><strong>Porta di ricarica:<\/strong> 2 porte USB C e 1 porta USB A.<\/li>\n<li><strong>Colore:<\/strong> Bianco e Nero<\/li>\n<li><b>Spine: USA\/AUS\/UK\/EU<\/b><\/li>\n<\/ul>","protected":false},"excerpt":{"rendered":"<p><img fetchpriority=\"high\" decoding=\"async\" class=\"alignnone wp-image-9728 size-full\" src=\"https:\/\/imiapower.com\/wp-content\/uploads\/converted-2-14.webp\" alt=\"adattatore da viaggio per elettrodomestici ad alta potenza\" width=\"960\" height=\"960\" srcset=\"https:\/\/imiapower.com\/wp-content\/uploads\/converted-2-14.webp 960w, https:\/\/imiapower.com\/wp-content\/uploads\/converted-2-14-300x300.webp 300w, https:\/\/imiapower.com\/wp-content\/uploads\/converted-2-14-150x150.webp 150w, https:\/\/imiapower.com\/wp-content\/uploads\/converted-2-14-768x768.webp 768w, https:\/\/imiapower.com\/wp-content\/uploads\/converted-2-14-12x12.webp 12w, https:\/\/imiapower.com\/wp-content\/uploads\/converted-2-14-600x600.webp 600w, https:\/\/imiapower.com\/wp-content\/uploads\/converted-2-14-100x100.webp 100w, https:\/\/imiapower.com\/wp-content\/uploads\/converted-2-14-64x64.webp 64w\" sizes=\"(max-width: 960px) 100vw, 960px\" \/> <img decoding=\"async\" class=\"alignnone wp-image-9729 size-full\" src=\"https:\/\/imiapower.com\/wp-content\/uploads\/converted-37.webp\" alt=\"adattatore da viaggio per elettrodomestici ad alta potenza\" width=\"850\" height=\"1553\" srcset=\"https:\/\/imiapower.com\/wp-content\/uploads\/converted-37.webp 850w, https:\/\/imiapower.com\/wp-content\/uploads\/converted-37-164x300.webp 164w, https:\/\/imiapower.com\/wp-content\/uploads\/converted-37-560x1024.webp 560w, https:\/\/imiapower.com\/wp-content\/uploads\/converted-37-768x1403.webp 768w, https:\/\/imiapower.com\/wp-content\/uploads\/converted-37-841x1536.webp 841w, https:\/\/imiapower.com\/wp-content\/uploads\/converted-37-7x12.webp 7w, https:\/\/imiapower.com\/wp-content\/uploads\/converted-37-600x1096.webp 600w, https:\/\/imiapower.com\/wp-content\/uploads\/converted-37-64x117.webp 64w\" sizes=\"(max-width: 850px) 100vw, 850px\" \/><\/p>\n<p data-start=\"916\" data-end=\"1272\">Adattatore da viaggio per elettrodomestici ad alta potenza: la scelta perfetta per i viaggiatori internazionali che trasportano dispositivi come bollitori, rasoi, asciugacapelli, piastre, fotocamere e altri dispositivi elettronici ad alto voltaggio. Questo adattatore universale supporta 100-250 V, 10 A, fino a 2500 W, rendendolo sicuro e affidabile sia per i dispositivi di uso quotidiano che per gli elettrodomestici pi\u00f9 esigenti.<\/p>\n<p data-start=\"1274\" data-end=\"1380\">Dotato di 4 spine staccabili (USA, UK, AUS, EU), garantisce la compatibilit\u00e0 in oltre 200 paesi:<\/p>\n<ul data-start=\"1381\" data-end=\"2005\">\n<li data-start=\"1381\" data-end=\"1552\">\n<p data-start=\"1383\" data-end=\"1552\">Spina USA: ampiamente utilizzata negli Stati Uniti, in Canada, Giappone, Messico, Filippine, Panama, Colombia, Barbados, Guam, Haiti, Honduras, Giamaica, Libano e altro ancora.<\/p>\n<\/li>\n<li data-start=\"1553\" data-end=\"1681\">\n<p data-start=\"1555\" data-end=\"1681\">Spina AUS: comune in Australia, Nuova Zelanda, Argentina, Figi, Egitto, Kiribati, Nauru, Lettonia, Papua Nuova Guinea, ecc.<\/p>\n<\/li>\n<li data-start=\"1682\" data-end=\"1811\">\n<p data-start=\"1684\" data-end=\"1811\">Spina del Regno Unito: utilizzata nel Regno Unito, negli Emirati Arabi Uniti, in Pakistan, Bhutan, Kenya, Botswana, Malawi, Cipro, Seychelles e altri.<\/p>\n<\/li>\n<li data-start=\"1812\" data-end=\"2005\">\n<p data-start=\"1814\" data-end=\"2005\">Spina UE: standard in Germania, Corea del Sud, Vietnam, Russia, Brasile, Grecia, Francia, Indonesia, Finlandia, Norvegia, Polonia, Portogallo, Austria, Spagna, Svezia e nella maggior parte dei paesi europei.<\/p>\n<\/li>\n<\/ul>\n<p data-start=\"2007\" data-end=\"2206\">Oltre alla presa CA universale, questo adattatore integra la moderna tecnologia di ricarica con uscita PD da 20 W e USB da 18 W, oltre a 2 porte USB-C e 1 porta USB-A per una ricarica rapida di pi\u00f9 dispositivi.<\/p>\n<p data-start=\"2208\" data-end=\"2403\">Disponibile in bianco e nero, questo adattatore unisce potenza, versatilit\u00e0 e portabilit\u00e0, con un peso di soli 95 g. \u00c8 un accessorio indispensabile per chi viaggia in tutto il mondo, per chi viaggia per lavoro e per gli acquirenti B2B.<\/p>\n<p data-start=\"2405\" data-end=\"2578\">In qualit\u00e0 di produttori di alimentatori, forniamo anche personalizzazioni OEM\/ODM, forniture all&#039;ingrosso e marchi privati a distributori e clienti del settore in tutto il mondo.<\/p>\n<p>&nbsp;<\/p>","protected":false},"featured_media":9727,"comment_status":"open","ping_status":"closed","template":"","meta":{"rank_math_lock_modified_date":false,"site-sidebar-layout":"default","site-content-layout":"","ast-site-content-layout":"default","site-content-style":"default","site-sidebar-style":"default","ast-global-header-display":"","ast-banner-title-visibility":"","ast-main-header-display":"","ast-hfb-above-header-display":"","ast-hfb-below-header-display":"","ast-hfb-mobile-header-display":"","site-post-title":"","ast-breadcrumbs-content":"","ast-featured-img":"","footer-sml-layout":"","ast-disable-related-posts":"","theme-transparent-header-meta":"default","adv-header-id-meta":"","stick-header-meta":"","header-above-stick-meta":"","header-main-stick-meta":"","header-below-stick-meta":"","astra-migrate-meta-layouts":"set","ast-page-background-enabled":"default","ast-page-background-meta":{"desktop":{"background-color":"","background-image":"","background-repeat":"repeat","background-position":"center center","background-size":"auto","background-attachment":"scroll","background-type":"","background-media":"","overlay-type":"","overlay-color":"","overlay-opacity":"","overlay-gradient":""},"tablet":{"background-color":"","background-image":"","background-repeat":"repeat","background-position":"center center","background-size":"auto","background-attachment":"scroll","background-type":"","background-media":"","overlay-type":"","overlay-color":"","overlay-opacity":"","overlay-gradient":""},"mobile":{"background-color":"","background-image":"","background-repeat":"repeat","background-position":"center center","background-size":"auto","background-attachment":"scroll","background-type":"","background-media":"","overlay-type":"","overlay-color":"","overlay-opacity":"","overlay-gradient":""}},"ast-content-background-meta":{"desktop":{"background-color":"var(--ast-global-color-5)","background-image":"","background-repeat":"repeat","background-position":"center center","background-size":"auto","background-attachment":"scroll","background-type":"","background-media":"","overlay-type":"","overlay-color":"","overlay-opacity":"","overlay-gradient":""},"tablet":{"background-color":"var(--ast-global-color-5)","background-image":"","background-repeat":"repeat","background-position":"center center","background-size":"auto","background-attachment":"scroll","background-type":"","background-media":"","overlay-type":"","overlay-color":"","overlay-opacity":"","overlay-gradient":""},"mobile":{"background-color":"var(--ast-global-color-5)","background-image":"","background-repeat":"repeat","background-position":"center center","background-size":"auto","background-attachment":"scroll","background-type":"","background-media":"","overlay-type":"","overlay-color":"","overlay-opacity":"","overlay-gradient":""}}},"product_cat":[64],"product_tag":[],"class_list":{"0":"post-9725","1":"product","2":"type-product","3":"status-publish","4":"has-post-thumbnail","6":"product_cat-travel-adapter","7":"desktop-align-center","8":"tablet-align-center","9":"mobile-align-center","11":"first","12":"instock","13":"shipping-taxable","14":"product-type-simple"},"_links":{"self":[{"href":"https:\/\/imiapower.com\/it\/wp-json\/wp\/v2\/product\/9725","targetHints":{"allow":["GET"]}}],"collection":[{"href":"https:\/\/imiapower.com\/it\/wp-json\/wp\/v2\/product"}],"about":[{"href":"https:\/\/imiapower.com\/it\/wp-json\/wp\/v2\/types\/product"}],"replies":[{"embeddable":true,"href":"https:\/\/imiapower.com\/it\/wp-json\/wp\/v2\/comments?post=9725"}],"version-history":[{"count":1,"href":"https:\/\/imiapower.com\/it\/wp-json\/wp\/v2\/product\/9725\/revisions"}],"predecessor-version":[{"id":9730,"href":"https:\/\/imiapower.com\/it\/wp-json\/wp\/v2\/product\/9725\/revisions\/9730"}],"wp:featuredmedia":[{"embeddable":true,"href":"https:\/\/imiapower.com\/it\/wp-json\/wp\/v2\/media\/9727"}],"wp:attachment":[{"href":"https:\/\/imiapower.com\/it\/wp-json\/wp\/v2\/media?parent=9725"}],"wp:term":[{"taxonomy":"product_cat","embeddable":true,"href":"https:\/\/imiapower.com\/it\/wp-json\/wp\/v2\/product_cat?post=9725"},{"taxonomy":"product_tag","embeddable":true,"href":"https:\/\/imiapower.com\/it\/wp-json\/wp\/v2\/product_tag?post=9725"}],"curies":[{"name":"wp","href":"https:\/\/api.w.org\/{rel}","templated":true}]}}