{"id":4652,"date":"2023-03-04T00:24:05","date_gmt":"2023-03-04T00:24:05","guid":{"rendered":"https:\/\/imia.com.cn\/?post_type=product&#038;p=4652"},"modified":"2024-08-16T13:06:51","modified_gmt":"2024-08-16T13:06:51","slug":"20w-pd-wall-charger","status":"publish","type":"product","link":"https:\/\/imiapower.com\/pl\/products\/wall-charger\/20w-pd-wall-charger\/","title":{"rendered":"Popularny producent \u0142adowarek \u015bciennych PD o mocy 20 W"},"content":{"rendered":"<ul>\n<li><strong>\u0141adowarka sieciowa o mocy 20 W<\/strong><\/li>\n<li><strong>Wyj\u015bcie:<\/strong>5V2A 10W maks<\/li>\n<li><strong>Napi\u0119cie wej\u015bciowe:<\/strong>100-240 V<\/li>\n<li><strong>Cz\u0119stotliwo\u015b\u0107 wej\u015bciowa:<\/strong>50\/60 Hz<\/li>\n<li><strong>Klasa energetyczna: <\/strong>VI<\/li>\n<li><strong>Certyfikat bezpiecze\u0144stwa:<\/strong>EN62368: FCC\/CE\/SAA\/CCC<\/li>\n<li><strong>Rozmiar US\/CN\/JP:<\/strong>60*26*40mm<\/li>\n<li><strong>Rozmiar UE\/KR:<\/strong>80*27*40mm<\/li>\n<li><strong>Rozmiar brytyjski:<\/strong>75*27*39,5mm<\/li>\n<\/ul>","protected":false},"excerpt":{"rendered":"<p>Mimo \u017ce na rynku pojawi\u0142y si\u0119 nowe \u0142adowarki PD o mocy do 140 W i 200 W, \u0142adowarka \u015bcienna PD o mocy 20 W jest r\u00f3wnie\u017c bardzo powszechn\u0105 i popularn\u0105 \u0142adowark\u0105 i mo\u017ce spe\u0142ni\u0107 wymagania dotycz\u0105ce szybkiego \u0142adowania telefon\u00f3w dost\u0119pnych na rynku.<\/p>\n<p>Niekt\u00f3re popularne marki wybra\u0142y t\u0119 \u0142adowark\u0119 PD o mocy 20 W, do tej \u0142adowarki mo\u017cna doda\u0107 kartonowy wz\u00f3r jako ok\u0142adk\u0119, a wielu m\u0142odym ludziom si\u0119 podoba, poniewa\u017c zosta\u0142a wybrana przez popularn\u0105 mark\u0119, wi\u0119c jako\u015b\u0107 jest zapewniona, zapewniamy bezp\u0142atne pr\u00f3bki do przetestowania, obs\u0142uguj\u0105 r\u00f3wnie\u017c niskie MOQ<\/p>\n<p>Moc 20 W umo\u017cliwia szybkie \u0142adowanie smartfon\u00f3w, tablet\u00f3w i innych urz\u0105dze\u0144 zasilanych przez USB.<\/p>\n<p>Szybsze \u0142adowanie nawet 50% dzi\u0119ki zaawansowanym technologiom USB Power Delivery (PD) i Qualcomm Quick Charge.<\/p>\n<p>&nbsp;<\/p>","protected":false},"featured_media":4584,"comment_status":"closed","ping_status":"closed","template":"","meta":{"rank_math_lock_modified_date":false,"site-sidebar-layout":"default","site-content-layout":"default","ast-site-content-layout":"default","site-content-style":"default","site-sidebar-style":"default","ast-global-header-display":"","ast-banner-title-visibility":"","ast-main-header-display":"","ast-hfb-above-header-display":"","ast-hfb-below-header-display":"","ast-hfb-mobile-header-display":"","site-post-title":"","ast-breadcrumbs-content":"","ast-featured-img":"","footer-sml-layout":"","ast-disable-related-posts":"","theme-transparent-header-meta":"default","adv-header-id-meta":"","stick-header-meta":"","header-above-stick-meta":"","header-main-stick-meta":"","header-below-stick-meta":"","astra-migrate-meta-layouts":"set","ast-page-background-enabled":"default","ast-page-background-meta":{"desktop":{"background-color":"","background-image":"","background-repeat":"repeat","background-position":"center center","background-size":"auto","background-attachment":"scroll","background-type":"","background-media":"","overlay-type":"","overlay-color":"","overlay-opacity":"","overlay-gradient":""},"tablet":{"background-color":"","background-image":"","background-repeat":"repeat","background-position":"center center","background-size":"auto","background-attachment":"scroll","background-type":"","background-media":"","overlay-type":"","overlay-color":"","overlay-opacity":"","overlay-gradient":""},"mobile":{"background-color":"","background-image":"","background-repeat":"repeat","background-position":"center center","background-size":"auto","background-attachment":"scroll","background-type":"","background-media":"","overlay-type":"","overlay-color":"","overlay-opacity":"","overlay-gradient":""}},"ast-content-background-meta":{"desktop":{"background-color":"var(--ast-global-color-5)","background-image":"","background-repeat":"repeat","background-position":"center center","background-size":"auto","background-attachment":"scroll","background-type":"","background-media":"","overlay-type":"","overlay-color":"","overlay-opacity":"","overlay-gradient":""},"tablet":{"background-color":"var(--ast-global-color-5)","background-image":"","background-repeat":"repeat","background-position":"center center","background-size":"auto","background-attachment":"scroll","background-type":"","background-media":"","overlay-type":"","overlay-color":"","overlay-opacity":"","overlay-gradient":""},"mobile":{"background-color":"var(--ast-global-color-5)","background-image":"","background-repeat":"repeat","background-position":"center center","background-size":"auto","background-attachment":"scroll","background-type":"","background-media":"","overlay-type":"","overlay-color":"","overlay-opacity":"","overlay-gradient":""}}},"product_cat":[43],"product_tag":[],"class_list":{"0":"post-4652","1":"product","2":"type-product","3":"status-publish","4":"has-post-thumbnail","6":"product_cat-wall-charger","7":"desktop-align-center","8":"tablet-align-center","9":"mobile-align-center","11":"first","12":"instock","13":"shipping-taxable","14":"purchasable","15":"product-type-simple"},"_links":{"self":[{"href":"https:\/\/imiapower.com\/pl\/wp-json\/wp\/v2\/product\/4652","targetHints":{"allow":["GET"]}}],"collection":[{"href":"https:\/\/imiapower.com\/pl\/wp-json\/wp\/v2\/product"}],"about":[{"href":"https:\/\/imiapower.com\/pl\/wp-json\/wp\/v2\/types\/product"}],"replies":[{"embeddable":true,"href":"https:\/\/imiapower.com\/pl\/wp-json\/wp\/v2\/comments?post=4652"}],"version-history":[{"count":4,"href":"https:\/\/imiapower.com\/pl\/wp-json\/wp\/v2\/product\/4652\/revisions"}],"predecessor-version":[{"id":8288,"href":"https:\/\/imiapower.com\/pl\/wp-json\/wp\/v2\/product\/4652\/revisions\/8288"}],"wp:featuredmedia":[{"embeddable":true,"href":"https:\/\/imiapower.com\/pl\/wp-json\/wp\/v2\/media\/4584"}],"wp:attachment":[{"href":"https:\/\/imiapower.com\/pl\/wp-json\/wp\/v2\/media?parent=4652"}],"wp:term":[{"taxonomy":"product_cat","embeddable":true,"href":"https:\/\/imiapower.com\/pl\/wp-json\/wp\/v2\/product_cat?post=4652"},{"taxonomy":"product_tag","embeddable":true,"href":"https:\/\/imiapower.com\/pl\/wp-json\/wp\/v2\/product_tag?post=4652"}],"curies":[{"name":"wp","href":"https:\/\/api.w.org\/{rel}","templated":true}]}}