{"id":4653,"date":"2023-03-04T00:24:05","date_gmt":"2023-03-04T00:24:05","guid":{"rendered":"https:\/\/imia.com.cn\/?post_type=product&#038;p=4653"},"modified":"2024-11-30T09:16:54","modified_gmt":"2024-11-30T09:16:54","slug":"usb-charger-with-display","status":"publish","type":"product","link":"https:\/\/imiapower.com\/pl\/products\/wall-charger\/usb-charger-with-display\/","title":{"rendered":"pi\u0119kna \u0142adowarka USB z wy\u015bwietlaczem 12 V"},"content":{"rendered":"<ul>\n<li><strong>\u0141adowarka USB z wy\u015bwietlaczem<\/strong><\/li>\n<li><strong>Wyj\u015bcie<\/strong>: 5V2.4A 12WMaks<\/li>\n<li><strong>Napi\u0119cie wej\u015bciowe:<\/strong>100-240 V<\/li>\n<li><strong>Cz\u0119stotliwo\u015b\u0107 wej\u015bciowa:<\/strong>50\/60 Hz<\/li>\n<li><strong>Klasa energetyczna: <\/strong>VI<\/li>\n<li><strong>Certyfikat bezpiecze\u0144stwa: <\/strong>EN62368:FCC\/CCC<\/li>\n<li><strong>Sk\u0142adane n\u00f3\u017cki Rozmiar US\/CN\/JP:<\/strong> 60*26*40mm<\/li>\n<\/ul>","protected":false},"excerpt":{"rendered":"<p>\u0141adowarka z cyfrowym wy\u015bwietlaczem mo\u017ce pokazywa\u0107 napi\u0119cie i pr\u0105d podczas \u0142adowania, automatycznie wy\u0142\u0105cza si\u0119 po pe\u0142nym na\u0142adowaniu, produkt ten sprzedaje si\u0119 przez kilka lat na rynku krajowym i rynku zagranicznym<\/p>\n<p>Przed p\u00f3j\u015bciem spa\u0107 \u0142adujemy telefon kom\u00f3rkowy, po pe\u0142nym na\u0142adowaniu zasilanie zostanie automatycznie odci\u0119te, gdy wstaniemy rano, sprawdzamy, czy telefon jest na\u0142adowany do pe\u0142na i przestajemy \u0142adowa\u0107<\/p>\n<p>Ta \u0142adowarka USB z wy\u015bwietlaczem to nie tylko wy\u015bwietlacz i funkcja automatycznego wy\u0142\u0105czania tej \u0142adowarki, ta konstrukcja \u0142adowarki jest r\u00f3wnie\u017c pi\u0119kna, w przeciwie\u0144stwie do normalnej \u0142adowarki rynkowej, ta \u0142adowarka zawiera 8 zestaw\u00f3w form, koszt opracowania jest r\u00f3wnie\u017c wysoki i pozwala tej \u0142adowarce si\u0119 wyr\u00f3\u017cnia\u0107<\/p>\n<p>https:\/\/www.youtube.com\/embed\/tlPwMeR-arw<\/p>","protected":false},"featured_media":4583,"comment_status":"closed","ping_status":"closed","template":"","meta":{"rank_math_lock_modified_date":false,"site-sidebar-layout":"default","site-content-layout":"default","ast-site-content-layout":"default","site-content-style":"default","site-sidebar-style":"default","ast-global-header-display":"","ast-banner-title-visibility":"","ast-main-header-display":"","ast-hfb-above-header-display":"","ast-hfb-below-header-display":"","ast-hfb-mobile-header-display":"","site-post-title":"","ast-breadcrumbs-content":"","ast-featured-img":"","footer-sml-layout":"","ast-disable-related-posts":"","theme-transparent-header-meta":"default","adv-header-id-meta":"","stick-header-meta":"","header-above-stick-meta":"","header-main-stick-meta":"","header-below-stick-meta":"","astra-migrate-meta-layouts":"set","ast-page-background-enabled":"default","ast-page-background-meta":{"desktop":{"background-color":"","background-image":"","background-repeat":"repeat","background-position":"center center","background-size":"auto","background-attachment":"scroll","background-type":"","background-media":"","overlay-type":"","overlay-color":"","overlay-opacity":"","overlay-gradient":""},"tablet":{"background-color":"","background-image":"","background-repeat":"repeat","background-position":"center center","background-size":"auto","background-attachment":"scroll","background-type":"","background-media":"","overlay-type":"","overlay-color":"","overlay-opacity":"","overlay-gradient":""},"mobile":{"background-color":"","background-image":"","background-repeat":"repeat","background-position":"center center","background-size":"auto","background-attachment":"scroll","background-type":"","background-media":"","overlay-type":"","overlay-color":"","overlay-opacity":"","overlay-gradient":""}},"ast-content-background-meta":{"desktop":{"background-color":"var(--ast-global-color-5)","background-image":"","background-repeat":"repeat","background-position":"center center","background-size":"auto","background-attachment":"scroll","background-type":"","background-media":"","overlay-type":"","overlay-color":"","overlay-opacity":"","overlay-gradient":""},"tablet":{"background-color":"var(--ast-global-color-5)","background-image":"","background-repeat":"repeat","background-position":"center center","background-size":"auto","background-attachment":"scroll","background-type":"","background-media":"","overlay-type":"","overlay-color":"","overlay-opacity":"","overlay-gradient":""},"mobile":{"background-color":"var(--ast-global-color-5)","background-image":"","background-repeat":"repeat","background-position":"center center","background-size":"auto","background-attachment":"scroll","background-type":"","background-media":"","overlay-type":"","overlay-color":"","overlay-opacity":"","overlay-gradient":""}}},"product_cat":[43],"product_tag":[],"class_list":{"0":"post-4653","1":"product","2":"type-product","3":"status-publish","4":"has-post-thumbnail","6":"product_cat-wall-charger","7":"desktop-align-center","8":"tablet-align-center","9":"mobile-align-center","11":"first","12":"instock","13":"shipping-taxable","14":"purchasable","15":"product-type-simple"},"_links":{"self":[{"href":"https:\/\/imiapower.com\/pl\/wp-json\/wp\/v2\/product\/4653","targetHints":{"allow":["GET"]}}],"collection":[{"href":"https:\/\/imiapower.com\/pl\/wp-json\/wp\/v2\/product"}],"about":[{"href":"https:\/\/imiapower.com\/pl\/wp-json\/wp\/v2\/types\/product"}],"replies":[{"embeddable":true,"href":"https:\/\/imiapower.com\/pl\/wp-json\/wp\/v2\/comments?post=4653"}],"version-history":[{"count":5,"href":"https:\/\/imiapower.com\/pl\/wp-json\/wp\/v2\/product\/4653\/revisions"}],"predecessor-version":[{"id":8585,"href":"https:\/\/imiapower.com\/pl\/wp-json\/wp\/v2\/product\/4653\/revisions\/8585"}],"wp:featuredmedia":[{"embeddable":true,"href":"https:\/\/imiapower.com\/pl\/wp-json\/wp\/v2\/media\/4583"}],"wp:attachment":[{"href":"https:\/\/imiapower.com\/pl\/wp-json\/wp\/v2\/media?parent=4653"}],"wp:term":[{"taxonomy":"product_cat","embeddable":true,"href":"https:\/\/imiapower.com\/pl\/wp-json\/wp\/v2\/product_cat?post=4653"},{"taxonomy":"product_tag","embeddable":true,"href":"https:\/\/imiapower.com\/pl\/wp-json\/wp\/v2\/product_tag?post=4653"}],"curies":[{"name":"wp","href":"https:\/\/api.w.org\/{rel}","templated":true}]}}