{"id":4668,"date":"2023-03-04T00:24:06","date_gmt":"2023-03-04T00:24:06","guid":{"rendered":"https:\/\/imia.com.cn\/?post_type=product&#038;p=4668"},"modified":"2024-07-25T07:43:43","modified_gmt":"2024-07-25T07:43:43","slug":"micro-usb-cable","status":"publish","type":"product","link":"https:\/\/imiapower.com\/pl\/products\/usb-cable\/micro-usb-cable\/","title":{"rendered":"Producent taniego kabla micro USB w Chinach"},"content":{"rendered":"<ul>\n<li><strong>kabel mikroUSB<\/strong><\/li>\n<li><strong>Kabel USB:<\/strong> USB-A do Micro 12WMaks<\/li>\n<li><strong>Specyfikacja:<\/strong>1M<\/li>\n<li><strong>Kolor: <\/strong>Bia\u0142o-czarny<\/li>\n<li><strong>Materia\u0142: <\/strong>TPE, tkany, nylon<\/li>\n<li><strong>Materia\u0142 wtyczki: <\/strong>Miedziane USB z fioletowym.<\/li>\n<li><strong>Funkcjonowa\u0107: <\/strong>Przesy\u0142anie danych, szybkie \u0142adowanie<\/li>\n<\/ul>","protected":false},"excerpt":{"rendered":"<p>Mimo \u017ce kable mikro s\u0105 coraz mniej popularne ni\u017c kable USB-C, pozostaj\u0105 one niezb\u0119dne w przypadku wielu starszych urz\u0105dze\u0144, a niekt\u00f3re ma\u0142e urz\u0105dzenia wymagaj\u0105 r\u00f3wnie\u017c kabli Mirco sprzedawanych razem z produktem.<\/p>\n<p>Wyb\u00f3r wysokiej jako\u015bci mikrokabla o odpowiedniej d\u0142ugo\u015bci i funkcjach zapewnia niezawodne \u0142adowanie i przesy\u0142anie danych.<\/p>\n<p>Niezale\u017cnie od tego, czy potrzebujesz go do smartfona, tabletu czy innego urz\u0105dzenia peryferyjnego, dobrze wykonany mikrokabel b\u0119dzie Ci skutecznie s\u0142u\u017cy\u0107<\/p>","protected":false},"featured_media":4597,"comment_status":"closed","ping_status":"closed","template":"","meta":{"rank_math_lock_modified_date":false,"site-sidebar-layout":"default","site-content-layout":"default","ast-site-content-layout":"default","site-content-style":"default","site-sidebar-style":"default","ast-global-header-display":"","ast-banner-title-visibility":"","ast-main-header-display":"","ast-hfb-above-header-display":"","ast-hfb-below-header-display":"","ast-hfb-mobile-header-display":"","site-post-title":"","ast-breadcrumbs-content":"","ast-featured-img":"","footer-sml-layout":"","ast-disable-related-posts":"","theme-transparent-header-meta":"default","adv-header-id-meta":"","stick-header-meta":"","header-above-stick-meta":"","header-main-stick-meta":"","header-below-stick-meta":"","astra-migrate-meta-layouts":"set","ast-page-background-enabled":"default","ast-page-background-meta":{"desktop":{"background-color":"","background-image":"","background-repeat":"repeat","background-position":"center center","background-size":"auto","background-attachment":"scroll","background-type":"","background-media":"","overlay-type":"","overlay-color":"","overlay-opacity":"","overlay-gradient":""},"tablet":{"background-color":"","background-image":"","background-repeat":"repeat","background-position":"center center","background-size":"auto","background-attachment":"scroll","background-type":"","background-media":"","overlay-type":"","overlay-color":"","overlay-opacity":"","overlay-gradient":""},"mobile":{"background-color":"","background-image":"","background-repeat":"repeat","background-position":"center center","background-size":"auto","background-attachment":"scroll","background-type":"","background-media":"","overlay-type":"","overlay-color":"","overlay-opacity":"","overlay-gradient":""}},"ast-content-background-meta":{"desktop":{"background-color":"var(--ast-global-color-5)","background-image":"","background-repeat":"repeat","background-position":"center center","background-size":"auto","background-attachment":"scroll","background-type":"","background-media":"","overlay-type":"","overlay-color":"","overlay-opacity":"","overlay-gradient":""},"tablet":{"background-color":"var(--ast-global-color-5)","background-image":"","background-repeat":"repeat","background-position":"center center","background-size":"auto","background-attachment":"scroll","background-type":"","background-media":"","overlay-type":"","overlay-color":"","overlay-opacity":"","overlay-gradient":""},"mobile":{"background-color":"var(--ast-global-color-5)","background-image":"","background-repeat":"repeat","background-position":"center center","background-size":"auto","background-attachment":"scroll","background-type":"","background-media":"","overlay-type":"","overlay-color":"","overlay-opacity":"","overlay-gradient":""}}},"product_cat":[60],"product_tag":[],"class_list":{"0":"post-4668","1":"product","2":"type-product","3":"status-publish","4":"has-post-thumbnail","6":"product_cat-usb-cable","7":"desktop-align-center","8":"tablet-align-center","9":"mobile-align-center","11":"first","12":"instock","13":"shipping-taxable","14":"purchasable","15":"product-type-simple"},"_links":{"self":[{"href":"https:\/\/imiapower.com\/pl\/wp-json\/wp\/v2\/product\/4668","targetHints":{"allow":["GET"]}}],"collection":[{"href":"https:\/\/imiapower.com\/pl\/wp-json\/wp\/v2\/product"}],"about":[{"href":"https:\/\/imiapower.com\/pl\/wp-json\/wp\/v2\/types\/product"}],"replies":[{"embeddable":true,"href":"https:\/\/imiapower.com\/pl\/wp-json\/wp\/v2\/comments?post=4668"}],"version-history":[{"count":3,"href":"https:\/\/imiapower.com\/pl\/wp-json\/wp\/v2\/product\/4668\/revisions"}],"predecessor-version":[{"id":8167,"href":"https:\/\/imiapower.com\/pl\/wp-json\/wp\/v2\/product\/4668\/revisions\/8167"}],"wp:featuredmedia":[{"embeddable":true,"href":"https:\/\/imiapower.com\/pl\/wp-json\/wp\/v2\/media\/4597"}],"wp:attachment":[{"href":"https:\/\/imiapower.com\/pl\/wp-json\/wp\/v2\/media?parent=4668"}],"wp:term":[{"taxonomy":"product_cat","embeddable":true,"href":"https:\/\/imiapower.com\/pl\/wp-json\/wp\/v2\/product_cat?post=4668"},{"taxonomy":"product_tag","embeddable":true,"href":"https:\/\/imiapower.com\/pl\/wp-json\/wp\/v2\/product_tag?post=4668"}],"curies":[{"name":"wp","href":"https:\/\/api.w.org\/{rel}","templated":true}]}}