{"id":5883,"date":"2023-03-24T03:11:06","date_gmt":"2023-03-24T03:11:06","guid":{"rendered":"https:\/\/imia.com.cn\/?post_type=product&#038;p=5883"},"modified":"2024-07-25T07:03:18","modified_gmt":"2024-07-25T07:03:18","slug":"usb-a-to-usb-c-cable","status":"publish","type":"product","link":"https:\/\/imiapower.com\/pl\/products\/usb-cable\/usb-a-to-usb-c-cable\/","title":{"rendered":"Efektywny kabel USB A do USB C"},"content":{"rendered":"<ul>\n<li><strong>Kabel USB A do USB C<\/strong><\/li>\n<li><strong>Kabel Lightning Huawei:<\/strong> USB-A do typu C 66 W maks<\/li>\n<li><strong>Specyfikacja:<\/strong> OD3,8, 1M<\/li>\n<li><strong>Kolor:<\/strong> Bia\u0142o-czarny.<\/li>\n<li><strong>Materia\u0142:<\/strong> TPE, tkany, nylon.<\/li>\n<li><strong>Materia\u0142 wtyczki:<\/strong> miedziany USB z fioletowym.<\/li>\n<li><strong>Funkcjonowa\u0107:<\/strong> transfer danych, szybkie \u0142adowanie.<\/li>\n<\/ul>","protected":false},"excerpt":{"rendered":"<p>Umo\u017cliwia pod\u0142\u0105czenie urz\u0105dze\u0144 USB-C, takich jak smartfony, tablety i laptopy, do starszych port\u00f3w USB-A dost\u0119pnych w wielu \u0142adowarkach i komputerach.<\/p>\n<p>Powszechnie u\u017cywany do \u0142adowania urz\u0105dze\u0144 i przesy\u0142ania danych pomi\u0119dzy urz\u0105dzeniami z r\u00f3\u017cnymi typami port\u00f3w USB.<\/p>","protected":false},"featured_media":5884,"comment_status":"closed","ping_status":"closed","template":"","meta":{"rank_math_lock_modified_date":false,"site-sidebar-layout":"default","site-content-layout":"default","ast-site-content-layout":"default","site-content-style":"default","site-sidebar-style":"default","ast-global-header-display":"","ast-banner-title-visibility":"","ast-main-header-display":"","ast-hfb-above-header-display":"","ast-hfb-below-header-display":"","ast-hfb-mobile-header-display":"","site-post-title":"","ast-breadcrumbs-content":"","ast-featured-img":"","footer-sml-layout":"","ast-disable-related-posts":"","theme-transparent-header-meta":"default","adv-header-id-meta":"","stick-header-meta":"","header-above-stick-meta":"","header-main-stick-meta":"","header-below-stick-meta":"","astra-migrate-meta-layouts":"set","ast-page-background-enabled":"default","ast-page-background-meta":{"desktop":{"background-color":"","background-image":"","background-repeat":"repeat","background-position":"center center","background-size":"auto","background-attachment":"scroll","background-type":"","background-media":"","overlay-type":"","overlay-color":"","overlay-opacity":"","overlay-gradient":""},"tablet":{"background-color":"","background-image":"","background-repeat":"repeat","background-position":"center center","background-size":"auto","background-attachment":"scroll","background-type":"","background-media":"","overlay-type":"","overlay-color":"","overlay-opacity":"","overlay-gradient":""},"mobile":{"background-color":"","background-image":"","background-repeat":"repeat","background-position":"center center","background-size":"auto","background-attachment":"scroll","background-type":"","background-media":"","overlay-type":"","overlay-color":"","overlay-opacity":"","overlay-gradient":""}},"ast-content-background-meta":{"desktop":{"background-color":"var(--ast-global-color-5)","background-image":"","background-repeat":"repeat","background-position":"center center","background-size":"auto","background-attachment":"scroll","background-type":"","background-media":"","overlay-type":"","overlay-color":"","overlay-opacity":"","overlay-gradient":""},"tablet":{"background-color":"var(--ast-global-color-5)","background-image":"","background-repeat":"repeat","background-position":"center center","background-size":"auto","background-attachment":"scroll","background-type":"","background-media":"","overlay-type":"","overlay-color":"","overlay-opacity":"","overlay-gradient":""},"mobile":{"background-color":"var(--ast-global-color-5)","background-image":"","background-repeat":"repeat","background-position":"center center","background-size":"auto","background-attachment":"scroll","background-type":"","background-media":"","overlay-type":"","overlay-color":"","overlay-opacity":"","overlay-gradient":""}}},"product_cat":[60],"product_tag":[],"class_list":{"0":"post-5883","1":"product","2":"type-product","3":"status-publish","4":"has-post-thumbnail","6":"product_cat-usb-cable","7":"desktop-align-center","8":"tablet-align-center","9":"mobile-align-center","11":"first","12":"instock","13":"shipping-taxable","14":"product-type-simple"},"_links":{"self":[{"href":"https:\/\/imiapower.com\/pl\/wp-json\/wp\/v2\/product\/5883","targetHints":{"allow":["GET"]}}],"collection":[{"href":"https:\/\/imiapower.com\/pl\/wp-json\/wp\/v2\/product"}],"about":[{"href":"https:\/\/imiapower.com\/pl\/wp-json\/wp\/v2\/types\/product"}],"replies":[{"embeddable":true,"href":"https:\/\/imiapower.com\/pl\/wp-json\/wp\/v2\/comments?post=5883"}],"version-history":[{"count":2,"href":"https:\/\/imiapower.com\/pl\/wp-json\/wp\/v2\/product\/5883\/revisions"}],"predecessor-version":[{"id":8153,"href":"https:\/\/imiapower.com\/pl\/wp-json\/wp\/v2\/product\/5883\/revisions\/8153"}],"wp:featuredmedia":[{"embeddable":true,"href":"https:\/\/imiapower.com\/pl\/wp-json\/wp\/v2\/media\/5884"}],"wp:attachment":[{"href":"https:\/\/imiapower.com\/pl\/wp-json\/wp\/v2\/media?parent=5883"}],"wp:term":[{"taxonomy":"product_cat","embeddable":true,"href":"https:\/\/imiapower.com\/pl\/wp-json\/wp\/v2\/product_cat?post=5883"},{"taxonomy":"product_tag","embeddable":true,"href":"https:\/\/imiapower.com\/pl\/wp-json\/wp\/v2\/product_tag?post=5883"}],"curies":[{"name":"wp","href":"https:\/\/api.w.org\/{rel}","templated":true}]}}