{"id":6432,"date":"2023-06-04T13:32:15","date_gmt":"2023-06-04T13:32:15","guid":{"rendered":"https:\/\/imia.com.cn\/?post_type=product&#038;p=6432"},"modified":"2024-04-08T07:49:04","modified_gmt":"2024-04-08T07:49:04","slug":"20w-pd-type-c-fast-charger","status":"publish","type":"product","link":"https:\/\/imiapower.com\/pl\/products\/wall-charger\/20w-pd-type-c-fast-charger\/","title":{"rendered":"Odkryj szybk\u0105 \u0142adowark\u0119 20W PD typu C do iPhone&#039;a 12"},"content":{"rendered":"<ul>\n<li><strong>Szybka \u0142adowarka PD typu C o mocy 20 W<\/strong><\/li>\n<li><strong>Wej\u015bcie:<\/strong> 110-240 V AC 50-60 Hz 0,5 A<\/li>\n<li><strong>Wyj\u015bcie PD:<\/strong> 5V3A\/9V2.22\/12V1.67A (maks. 20W)<\/li>\n<li><strong>Umowa wspieraj\u0105ca: <\/strong>SCP, FCPAFC, PD3.0.QC3.0.5V2.4 itp.4<\/li>\n<li><strong>Materia\u0142:<\/strong> Materia\u0142 ognioodporny PC, klasa VO UL94<\/li>\n<li><strong>Rozmiar: <\/strong>31*32*32mm<\/li>\n<li><strong>Waga: <\/strong>44g<\/li>\n<\/ul>\n<div id=\"gtx-trans\" style=\"position: absolute; left: 56px; top: -2px;\">\n<div class=\"gtx-trans-icon\"><\/div>\n<\/div>","protected":false},"excerpt":{"rendered":"<p>\u0141adowarka \u015bcienna to urz\u0105dzenie s\u0142u\u017c\u0105ce do \u0142adowania urz\u0105dze\u0144 elektronicznych pod\u0142\u0105czonych do gniazdka elektrycznego. Nazywana jest r\u00f3wnie\u017c \u0142adowark\u0105 USB. Przejrzyj poni\u017csz\u0105 list\u0119 \u0142adowarek \u015bciennych USB wraz z powi\u0105zanymi recenzjami i opiniami.<\/p>","protected":false},"featured_media":6830,"comment_status":"closed","ping_status":"closed","template":"","meta":{"rank_math_lock_modified_date":false,"site-sidebar-layout":"default","site-content-layout":"default","ast-site-content-layout":"default","site-content-style":"default","site-sidebar-style":"default","ast-global-header-display":"","ast-banner-title-visibility":"","ast-main-header-display":"","ast-hfb-above-header-display":"","ast-hfb-below-header-display":"","ast-hfb-mobile-header-display":"","site-post-title":"","ast-breadcrumbs-content":"","ast-featured-img":"","footer-sml-layout":"","ast-disable-related-posts":"","theme-transparent-header-meta":"default","adv-header-id-meta":"","stick-header-meta":"","header-above-stick-meta":"","header-main-stick-meta":"","header-below-stick-meta":"","astra-migrate-meta-layouts":"set","ast-page-background-enabled":"default","ast-page-background-meta":{"desktop":{"background-color":"","background-image":"","background-repeat":"repeat","background-position":"center center","background-size":"auto","background-attachment":"scroll","background-type":"","background-media":"","overlay-type":"","overlay-color":"","overlay-opacity":"","overlay-gradient":""},"tablet":{"background-color":"","background-image":"","background-repeat":"repeat","background-position":"center center","background-size":"auto","background-attachment":"scroll","background-type":"","background-media":"","overlay-type":"","overlay-color":"","overlay-opacity":"","overlay-gradient":""},"mobile":{"background-color":"","background-image":"","background-repeat":"repeat","background-position":"center center","background-size":"auto","background-attachment":"scroll","background-type":"","background-media":"","overlay-type":"","overlay-color":"","overlay-opacity":"","overlay-gradient":""}},"ast-content-background-meta":{"desktop":{"background-color":"var(--ast-global-color-5)","background-image":"","background-repeat":"repeat","background-position":"center center","background-size":"auto","background-attachment":"scroll","background-type":"","background-media":"","overlay-type":"","overlay-color":"","overlay-opacity":"","overlay-gradient":""},"tablet":{"background-color":"var(--ast-global-color-5)","background-image":"","background-repeat":"repeat","background-position":"center center","background-size":"auto","background-attachment":"scroll","background-type":"","background-media":"","overlay-type":"","overlay-color":"","overlay-opacity":"","overlay-gradient":""},"mobile":{"background-color":"var(--ast-global-color-5)","background-image":"","background-repeat":"repeat","background-position":"center center","background-size":"auto","background-attachment":"scroll","background-type":"","background-media":"","overlay-type":"","overlay-color":"","overlay-opacity":"","overlay-gradient":""}}},"product_cat":[43],"product_tag":[],"class_list":{"0":"post-6432","1":"product","2":"type-product","3":"status-publish","4":"has-post-thumbnail","6":"product_cat-wall-charger","7":"desktop-align-center","8":"tablet-align-center","9":"mobile-align-center","11":"first","12":"instock","13":"shipping-taxable","14":"product-type-simple"},"_links":{"self":[{"href":"https:\/\/imiapower.com\/pl\/wp-json\/wp\/v2\/product\/6432","targetHints":{"allow":["GET"]}}],"collection":[{"href":"https:\/\/imiapower.com\/pl\/wp-json\/wp\/v2\/product"}],"about":[{"href":"https:\/\/imiapower.com\/pl\/wp-json\/wp\/v2\/types\/product"}],"replies":[{"embeddable":true,"href":"https:\/\/imiapower.com\/pl\/wp-json\/wp\/v2\/comments?post=6432"}],"version-history":[{"count":0,"href":"https:\/\/imiapower.com\/pl\/wp-json\/wp\/v2\/product\/6432\/revisions"}],"wp:featuredmedia":[{"embeddable":true,"href":"https:\/\/imiapower.com\/pl\/wp-json\/wp\/v2\/media\/6830"}],"wp:attachment":[{"href":"https:\/\/imiapower.com\/pl\/wp-json\/wp\/v2\/media?parent=6432"}],"wp:term":[{"taxonomy":"product_cat","embeddable":true,"href":"https:\/\/imiapower.com\/pl\/wp-json\/wp\/v2\/product_cat?post=6432"},{"taxonomy":"product_tag","embeddable":true,"href":"https:\/\/imiapower.com\/pl\/wp-json\/wp\/v2\/product_tag?post=6432"}],"curies":[{"name":"wp","href":"https:\/\/api.w.org\/{rel}","templated":true}]}}