{"id":6477,"date":"2024-01-22T04:10:39","date_gmt":"2024-01-22T04:10:39","guid":{"rendered":"https:\/\/imia.com.cn\/?post_type=product&#038;p=6477"},"modified":"2024-11-12T09:56:59","modified_gmt":"2024-11-12T09:56:59","slug":"best-travel-power-adapter-converterter","status":"publish","type":"product","link":"https:\/\/imiapower.com\/pl\/products\/travel-adapter\/best-travel-power-adapter-converterter\/","title":{"rendered":"Najlepsza fabryka konwerter\u00f3w zasilaczy podr\u00f3\u017cnych w Chinach"},"content":{"rendered":"<ul>\n<li><strong>Najlepszy konwerter zasilacza podr\u00f3\u017cnego<\/strong><\/li>\n<li><strong>Wej\u015bcie pr\u0105du przemiennego:<\/strong>100 ~ 250 V\/AC 50-60 Hz<\/li>\n<li><strong>Wyj\u015bcie pr\u0105du przemiennego:<\/strong> Maks. 6A (660 W\/110 V lub 1440 W\/240 V)<\/li>\n<li><strong>Wtyczka:<\/strong> UE\/AU\/UK\/USA<\/li>\n<li><strong>Kolor: <\/strong>Bia\u0142o-czarny<\/li>\n<li><strong>Rozmiar:<\/strong> 50*40*75mm<\/li>\n<li><strong>Materia\u0142:<\/strong> ABS+ metal miedziany<\/li>\n<li><strong>Notatka:<\/strong> Urz\u0105dzenie typu \u201ewszystko w jednym\u201d mo\u017cna stosowa\u0107 w ponad 170 krajach<\/li>\n<li><strong>Certyfikat:<\/strong>\u00a0 CE, Rohs<\/li>\n<\/ul>\n<p>&nbsp;<\/p>","protected":false},"excerpt":{"rendered":"<p>Jest to niezb\u0119dny produkt podczas podr\u00f3\u017cy do r\u00f3\u017cnych kraj\u00f3w, poniewa\u017c w r\u00f3\u017cnych krajach wtyczka \u0142adowania jest inna. Ten adapter, obejmuj\u0105cy wtyczki UE, USA, Australii i Wielkiej Brytanii, mo\u017ce spe\u0142ni\u0107 wymagania wi\u0119kszo\u015bci kraj\u00f3w dotycz\u0105ce wtyczek.<\/p>\n<p>Ten najlepszy konwerter zasilacza podr\u00f3\u017cnego <span style=\"font-size: 16px;\">jest najstarszym modelem, kt\u00f3ry ma r\u00f3wnie\u017c udoskonalon\u0105 wersj\u0119 z podw\u00f3jnym portem \u0142adowania USB, kt\u00f3ry umo\u017cliwia wygodne \u0142adowanie smartfon\u00f3w, laptop\u00f3w i innych gad\u017cet\u00f3w elektronicznych<\/span><\/p>\n<p>Najlepszy przetwornik napi\u0119cia podr\u00f3\u017cnego do lok\u00f3wki<\/p>\n<p>Jaka jest najlepsza zaleta przetwornika napi\u0119cia podr\u00f3\u017cnego?<\/p>\n<p>Dzi\u0119ki temu jest kompatybilny z r\u00f3\u017cnymi mi\u0119dzynarodowymi gniazdkami. Adaptery wbudowane w porty USB umo\u017cliwiaj\u0105 jednoczesne \u0142adowanie wielu urz\u0105dze\u0144. Prawdziwy plus dla podr\u00f3\u017cnik\u00f3w znaj\u0105cych si\u0119 na technologii.<\/p>\n<p>Najlepszy konwerter adapter\u00f3w podr\u00f3\u017cnych z Chin<\/p>\n<p>Je\u015bli szukasz najlepszego konwertera adaptera podr\u00f3\u017cnego z Chin, adapter Imia jest najlepszy. Znany ze swojej jako\u015bci i wszechstronno\u015bci. Z dnia na dzie\u0144 staje si\u0119 bardzo popularny w Chinach. Ponadto Imia \u0142\u0105czy funkcjonalno\u015b\u0107 z trwa\u0142o\u015bci\u0105. Dzi\u0119ki temu jest doskona\u0142ym wyborem na mi\u0119dzynarodowe przygody.<\/p>\n<p>Niekt\u00f3re wady najlepszego konwertera adaptera podr\u00f3\u017cnego dla Europy<\/p>\n<p>Chocia\u017c adaptery podr\u00f3\u017cne i konwertery s\u0105 niezb\u0119dne w przypadku podr\u00f3\u017cy po Europie. Ale adaptery podr\u00f3\u017cne i konwertery maj\u0105 pewne problemy.<\/p>\n<p>Znaki najlepszego konwertera zasilacza podr\u00f3\u017cnego<\/p>\n<p>Dlatego wyb\u00f3r najlepszego adaptera podr\u00f3\u017cnego na Europ\u0119 jest bardzo wa\u017cny. Najlepszy adapter podr\u00f3\u017cny mo\u017ce u\u0142atwi\u0107 Ci podr\u00f3\u017cowanie po Europie.<\/p>\n<p>Niekt\u00f3re popularne najlepsze firmy produkuj\u0105ce przetworniki mocy<\/p>\n<p>Kilka renomowanych firm s\u0142ynie z produkcji wysokiej jako\u015bci przetwornik\u00f3w napi\u0119cia i adapter\u00f3w podr\u00f3\u017cnych:<\/p>\n<p>Wszystkie te marki bardzo wcze\u015bnie zyska\u0142y popularno\u015b\u0107 ze wzgl\u0119du na swoje osi\u0105gi.<\/p>\n<p>&nbsp;<\/p>","protected":false},"featured_media":6480,"comment_status":"closed","ping_status":"closed","template":"","meta":{"rank_math_lock_modified_date":false,"site-sidebar-layout":"default","site-content-layout":"","ast-site-content-layout":"default","site-content-style":"default","site-sidebar-style":"default","ast-global-header-display":"","ast-banner-title-visibility":"","ast-main-header-display":"","ast-hfb-above-header-display":"","ast-hfb-below-header-display":"","ast-hfb-mobile-header-display":"","site-post-title":"","ast-breadcrumbs-content":"","ast-featured-img":"","footer-sml-layout":"","ast-disable-related-posts":"","theme-transparent-header-meta":"default","adv-header-id-meta":"","stick-header-meta":"","header-above-stick-meta":"","header-main-stick-meta":"","header-below-stick-meta":"","astra-migrate-meta-layouts":"set","ast-page-background-enabled":"default","ast-page-background-meta":{"desktop":{"background-color":"","background-image":"","background-repeat":"repeat","background-position":"center center","background-size":"auto","background-attachment":"scroll","background-type":"","background-media":"","overlay-type":"","overlay-color":"","overlay-opacity":"","overlay-gradient":""},"tablet":{"background-color":"","background-image":"","background-repeat":"repeat","background-position":"center center","background-size":"auto","background-attachment":"scroll","background-type":"","background-media":"","overlay-type":"","overlay-color":"","overlay-opacity":"","overlay-gradient":""},"mobile":{"background-color":"","background-image":"","background-repeat":"repeat","background-position":"center center","background-size":"auto","background-attachment":"scroll","background-type":"","background-media":"","overlay-type":"","overlay-color":"","overlay-opacity":"","overlay-gradient":""}},"ast-content-background-meta":{"desktop":{"background-color":"var(--ast-global-color-5)","background-image":"","background-repeat":"repeat","background-position":"center center","background-size":"auto","background-attachment":"scroll","background-type":"","background-media":"","overlay-type":"","overlay-color":"","overlay-opacity":"","overlay-gradient":""},"tablet":{"background-color":"var(--ast-global-color-5)","background-image":"","background-repeat":"repeat","background-position":"center center","background-size":"auto","background-attachment":"scroll","background-type":"","background-media":"","overlay-type":"","overlay-color":"","overlay-opacity":"","overlay-gradient":""},"mobile":{"background-color":"var(--ast-global-color-5)","background-image":"","background-repeat":"repeat","background-position":"center center","background-size":"auto","background-attachment":"scroll","background-type":"","background-media":"","overlay-type":"","overlay-color":"","overlay-opacity":"","overlay-gradient":""}}},"product_cat":[64],"product_tag":[],"class_list":{"0":"post-6477","1":"product","2":"type-product","3":"status-publish","4":"has-post-thumbnail","6":"product_cat-travel-adapter","7":"desktop-align-center","8":"tablet-align-center","9":"mobile-align-center","11":"first","12":"instock","13":"shipping-taxable","14":"product-type-simple"},"_links":{"self":[{"href":"https:\/\/imiapower.com\/pl\/wp-json\/wp\/v2\/product\/6477","targetHints":{"allow":["GET"]}}],"collection":[{"href":"https:\/\/imiapower.com\/pl\/wp-json\/wp\/v2\/product"}],"about":[{"href":"https:\/\/imiapower.com\/pl\/wp-json\/wp\/v2\/types\/product"}],"replies":[{"embeddable":true,"href":"https:\/\/imiapower.com\/pl\/wp-json\/wp\/v2\/comments?post=6477"}],"version-history":[{"count":14,"href":"https:\/\/imiapower.com\/pl\/wp-json\/wp\/v2\/product\/6477\/revisions"}],"predecessor-version":[{"id":8676,"href":"https:\/\/imiapower.com\/pl\/wp-json\/wp\/v2\/product\/6477\/revisions\/8676"}],"wp:featuredmedia":[{"embeddable":true,"href":"https:\/\/imiapower.com\/pl\/wp-json\/wp\/v2\/media\/6480"}],"wp:attachment":[{"href":"https:\/\/imiapower.com\/pl\/wp-json\/wp\/v2\/media?parent=6477"}],"wp:term":[{"taxonomy":"product_cat","embeddable":true,"href":"https:\/\/imiapower.com\/pl\/wp-json\/wp\/v2\/product_cat?post=6477"},{"taxonomy":"product_tag","embeddable":true,"href":"https:\/\/imiapower.com\/pl\/wp-json\/wp\/v2\/product_tag?post=6477"}],"curies":[{"name":"wp","href":"https:\/\/api.w.org\/{rel}","templated":true}]}}