{"id":6491,"date":"2024-01-26T02:43:30","date_gmt":"2024-01-26T02:43:30","guid":{"rendered":"https:\/\/imia.com.cn\/?post_type=product&#038;p=6491"},"modified":"2025-09-30T02:53:31","modified_gmt":"2025-09-30T02:53:31","slug":"travel-converter-adapter-for-europe","status":"publish","type":"product","link":"https:\/\/imiapower.com\/pl\/products\/travel-adapter\/travel-converter-adapter-for-europe\/","title":{"rendered":"Adapter konwertera podr\u00f3\u017cnego na Europ\u0119"},"content":{"rendered":"<ul>\n<li><strong>Adapter konwertera podr\u00f3\u017cnego na Europ\u0119<\/strong><\/li>\n<li><strong>Wej\u015bcie pr\u0105du przemiennego:<\/strong> 100 ~ 250 V\/AC 50-60 Hz<\/li>\n<li><strong>Wyj\u015bcie pr\u0105du przemiennego:<\/strong> Maks. 6A (660 W\/100 V lub 1330 W\/250 V)<\/li>\n<li><strong>Wyj\u015bcie USB:<\/strong>5V2.4A<\/li>\n<li><strong>Rozmiar:<\/strong>64,5 x 53 x 61,5 mm<\/li>\n<li><strong>Materia\u0142 :<\/strong> ABS+ mied\u017a metal<\/li>\n<li><strong>Notatka:<\/strong> UE\/AU\/UK\/USA w jednym mo\u017cna u\u017cywa\u0107 w ponad 170 krajach<\/li>\n<li><strong>Certyfikat:<\/strong> CE, Rohs<\/li>\n<\/ul>\n<div id=\"gtx-trans\" style=\"position: absolute; left: 57px; top: 46px;\">\n<div class=\"gtx-trans-icon\"><\/div>\n<\/div>","protected":false},"excerpt":{"rendered":"<p>Uniwersalny europejski adapter do wtyczki podr\u00f3\u017cnej. Jest najlepszym towarzyszem podr\u00f3\u017cy dla wi\u0119kszo\u015bci os\u00f3b, poniewa\u017c przygotowuje Ci\u0119 na wszelkie potrzeby zwi\u0105zane z \u0142adowaniem i zasilaniem. Uniwersalny adapter podr\u00f3\u017cny umo\u017cliwia pod\u0142\u0105czenie do gniazdka elektrycznego urz\u0105dze\u0144 zasilanych podw\u00f3jnym napi\u0119ciem, takich jak transformator lub konwerter, dost\u0119pnych w jednym kraju<\/p>","protected":false},"featured_media":6492,"comment_status":"closed","ping_status":"closed","template":"","meta":{"rank_math_lock_modified_date":false,"site-sidebar-layout":"default","site-content-layout":"","ast-site-content-layout":"default","site-content-style":"default","site-sidebar-style":"default","ast-global-header-display":"","ast-banner-title-visibility":"","ast-main-header-display":"","ast-hfb-above-header-display":"","ast-hfb-below-header-display":"","ast-hfb-mobile-header-display":"","site-post-title":"","ast-breadcrumbs-content":"","ast-featured-img":"","footer-sml-layout":"","ast-disable-related-posts":"","theme-transparent-header-meta":"default","adv-header-id-meta":"","stick-header-meta":"","header-above-stick-meta":"","header-main-stick-meta":"","header-below-stick-meta":"","astra-migrate-meta-layouts":"set","ast-page-background-enabled":"default","ast-page-background-meta":{"desktop":{"background-color":"","background-image":"","background-repeat":"repeat","background-position":"center center","background-size":"auto","background-attachment":"scroll","background-type":"","background-media":"","overlay-type":"","overlay-color":"","overlay-opacity":"","overlay-gradient":""},"tablet":{"background-color":"","background-image":"","background-repeat":"repeat","background-position":"center center","background-size":"auto","background-attachment":"scroll","background-type":"","background-media":"","overlay-type":"","overlay-color":"","overlay-opacity":"","overlay-gradient":""},"mobile":{"background-color":"","background-image":"","background-repeat":"repeat","background-position":"center center","background-size":"auto","background-attachment":"scroll","background-type":"","background-media":"","overlay-type":"","overlay-color":"","overlay-opacity":"","overlay-gradient":""}},"ast-content-background-meta":{"desktop":{"background-color":"var(--ast-global-color-5)","background-image":"","background-repeat":"repeat","background-position":"center center","background-size":"auto","background-attachment":"scroll","background-type":"","background-media":"","overlay-type":"","overlay-color":"","overlay-opacity":"","overlay-gradient":""},"tablet":{"background-color":"var(--ast-global-color-5)","background-image":"","background-repeat":"repeat","background-position":"center center","background-size":"auto","background-attachment":"scroll","background-type":"","background-media":"","overlay-type":"","overlay-color":"","overlay-opacity":"","overlay-gradient":""},"mobile":{"background-color":"var(--ast-global-color-5)","background-image":"","background-repeat":"repeat","background-position":"center center","background-size":"auto","background-attachment":"scroll","background-type":"","background-media":"","overlay-type":"","overlay-color":"","overlay-opacity":"","overlay-gradient":""}}},"product_cat":[64],"product_tag":[],"class_list":{"0":"post-6491","1":"product","2":"type-product","3":"status-publish","4":"has-post-thumbnail","6":"product_cat-travel-adapter","7":"desktop-align-center","8":"tablet-align-center","9":"mobile-align-center","11":"first","12":"instock","13":"shipping-taxable","14":"product-type-simple"},"_links":{"self":[{"href":"https:\/\/imiapower.com\/pl\/wp-json\/wp\/v2\/product\/6491","targetHints":{"allow":["GET"]}}],"collection":[{"href":"https:\/\/imiapower.com\/pl\/wp-json\/wp\/v2\/product"}],"about":[{"href":"https:\/\/imiapower.com\/pl\/wp-json\/wp\/v2\/types\/product"}],"replies":[{"embeddable":true,"href":"https:\/\/imiapower.com\/pl\/wp-json\/wp\/v2\/comments?post=6491"}],"version-history":[{"count":3,"href":"https:\/\/imiapower.com\/pl\/wp-json\/wp\/v2\/product\/6491\/revisions"}],"predecessor-version":[{"id":9194,"href":"https:\/\/imiapower.com\/pl\/wp-json\/wp\/v2\/product\/6491\/revisions\/9194"}],"wp:featuredmedia":[{"embeddable":true,"href":"https:\/\/imiapower.com\/pl\/wp-json\/wp\/v2\/media\/6492"}],"wp:attachment":[{"href":"https:\/\/imiapower.com\/pl\/wp-json\/wp\/v2\/media?parent=6491"}],"wp:term":[{"taxonomy":"product_cat","embeddable":true,"href":"https:\/\/imiapower.com\/pl\/wp-json\/wp\/v2\/product_cat?post=6491"},{"taxonomy":"product_tag","embeddable":true,"href":"https:\/\/imiapower.com\/pl\/wp-json\/wp\/v2\/product_tag?post=6491"}],"curies":[{"name":"wp","href":"https:\/\/api.w.org\/{rel}","templated":true}]}}