{"id":6495,"date":"2024-01-26T03:06:36","date_gmt":"2024-01-26T03:06:36","guid":{"rendered":"https:\/\/imia.com.cn\/?post_type=product&#038;p=6495"},"modified":"2025-09-30T02:56:01","modified_gmt":"2025-09-30T02:56:01","slug":"best-travel-power-adapter","status":"publish","type":"product","link":"https:\/\/imiapower.com\/pl\/products\/travel-adapter\/best-travel-power-adapter\/","title":{"rendered":"Najlepszy zasilacz podr\u00f3\u017cny, szybka \u0142adowarka 33W"},"content":{"rendered":"<ul>\n<li><strong>Najlepszy zasilacz podr\u00f3\u017cny<\/strong><\/li>\n<li><strong>Wej\u015bcie:<\/strong>100-250 V\/0,8 A Maks. 50\/60 Hz<\/li>\n<li><strong>Wyj\u015bcie:<\/strong> Typ C1: 5V3A, 9V3A, 12V2.5A, 15V2A, 20V1.5A MAKS. 30W<\/li>\n<li><strong>PPS:<\/strong> 3,3-11V3A, 3,3-16V2A maks. 33 W<\/li>\n<li><strong>Typ C2\/C3:<\/strong> 5V3A MAKS. 15 W<\/li>\n<li><strong>USB1\/USB2:<\/strong> 5V2.4A MAKS. 12W<\/li>\n<li><strong>Typ C1 + Typ C2\/C3:<\/strong> PD18W+12W<\/li>\n<li><strong>Typ C1+USB:<\/strong> PD18W+12W<\/li>\n<li><strong>Ca\u0142kowita wydajno\u015b\u0107:<\/strong>MAX 33W Rozmiar: 50x70x65 mm<\/li>\n<li><strong>Materia\u0142:<\/strong> Wypalany PC + metal Cooper<\/li>\n<li><strong>Notatka:<\/strong> Urz\u0105dzenie wielofunkcyjne w UE\/AU\/UK\/USA mo\u017ce by\u0107 u\u017cywane w ponad 170 krajach<\/li>\n<li><strong>Certyfikat:<\/strong> CE, Rohs, FCC, UKCA, Zasi\u0119g, ERP<\/li>\n<\/ul>","protected":false},"excerpt":{"rendered":"<p><img fetchpriority=\"high\" decoding=\"async\" class=\"alignnone wp-image-8697 size-full\" src=\"https:\/\/imiapower.com\/wp-content\/uploads\/Universal-Travel-Adapter-2-1.jpg\" alt=\"Najlepszy zasilacz podr\u00f3\u017cny\" width=\"800\" height=\"800\" srcset=\"https:\/\/imiapower.com\/wp-content\/uploads\/Universal-Travel-Adapter-2-1.jpg 800w, https:\/\/imiapower.com\/wp-content\/uploads\/Universal-Travel-Adapter-2-1-300x300.jpg 300w, https:\/\/imiapower.com\/wp-content\/uploads\/Universal-Travel-Adapter-2-1-100x100.jpg 100w, https:\/\/imiapower.com\/wp-content\/uploads\/Universal-Travel-Adapter-2-1-600x600.jpg 600w, https:\/\/imiapower.com\/wp-content\/uploads\/Universal-Travel-Adapter-2-1-64x64.jpg 64w, https:\/\/imiapower.com\/wp-content\/uploads\/Universal-Travel-Adapter-2-1-150x150.jpg 150w, https:\/\/imiapower.com\/wp-content\/uploads\/Universal-Travel-Adapter-2-1-768x768.jpg 768w, https:\/\/imiapower.com\/wp-content\/uploads\/Universal-Travel-Adapter-2-1-12x12.jpg 12w\" sizes=\"(max-width: 800px) 100vw, 800px\" \/><\/p>\n<p>Uniwersalny europejski adapter do wtyczki podr\u00f3\u017cnej. Jest najlepszym towarzyszem podr\u00f3\u017cy dla wi\u0119kszo\u015bci os\u00f3b, poniewa\u017c przygotowuje Ci\u0119 na wszelkie potrzeby zwi\u0105zane z \u0142adowaniem i zasilaniem. Uniwersalny adapter podr\u00f3\u017cny umo\u017cliwia pod\u0142\u0105czenie do gniazdka elektrycznego urz\u0105dze\u0144 zasilanych podw\u00f3jnym napi\u0119ciem, takich jak transformator lub konwerter, dost\u0119pnych w jednym kraju<\/p>\n<p>To gniazdo adaptera podr\u00f3\u017cnego mo\u017ce by\u0107 kompatybilne z \u201ema\u0142\u0105 wtyczk\u0105 Republiki Po\u0142udniowej Afryki\u201d, czego nie mog\u0105 zrobi\u0107 inni producenci<\/p>\n<p>Ten adapter podr\u00f3\u017cny to model uziemiony, z wtyczk\u0105 brytyjsk\u0105 u\u017cywamy miedzi, podczas gdy inne u\u017cywaj\u0105 plastiku<\/p>\n<p>Ten adapter podr\u00f3\u017cny wykorzystuje dzikie napi\u0119cie, a gniazdo pasuje do wtyczki suszarki do w\u0142os\u00f3w, lok\u00f3wki i innych ma\u0142ych urz\u0105dze\u0144 gospodarstwa domowego.<\/p>\n<p>Dla tego adaptera podr\u00f3\u017cnego otrzymali\u015bmy r\u00f3\u017cne certyfikaty spe\u0142niaj\u0105ce standardy r\u00f3\u017cnych kraj\u00f3w<\/p>\n<p>Ten adapter podr\u00f3\u017cny obs\u0142uguje niestandardowe projekty logo, a pozycja projektowania logo ma cyfrowy wy\u015bwietlacz LED, kt\u00f3ry sprawi, \u017ce logo b\u0119dzie wygl\u0105da\u0107 fantastycznie<\/p>\n<p>&nbsp;<\/p>\n<p>&nbsp;<\/p>","protected":false},"featured_media":7455,"comment_status":"closed","ping_status":"closed","template":"","meta":{"rank_math_lock_modified_date":false,"site-sidebar-layout":"default","site-content-layout":"","ast-site-content-layout":"default","site-content-style":"default","site-sidebar-style":"default","ast-global-header-display":"","ast-banner-title-visibility":"","ast-main-header-display":"","ast-hfb-above-header-display":"","ast-hfb-below-header-display":"","ast-hfb-mobile-header-display":"","site-post-title":"","ast-breadcrumbs-content":"","ast-featured-img":"","footer-sml-layout":"","ast-disable-related-posts":"","theme-transparent-header-meta":"default","adv-header-id-meta":"","stick-header-meta":"","header-above-stick-meta":"","header-main-stick-meta":"","header-below-stick-meta":"","astra-migrate-meta-layouts":"set","ast-page-background-enabled":"default","ast-page-background-meta":{"desktop":{"background-color":"","background-image":"","background-repeat":"repeat","background-position":"center center","background-size":"auto","background-attachment":"scroll","background-type":"","background-media":"","overlay-type":"","overlay-color":"","overlay-opacity":"","overlay-gradient":""},"tablet":{"background-color":"","background-image":"","background-repeat":"repeat","background-position":"center center","background-size":"auto","background-attachment":"scroll","background-type":"","background-media":"","overlay-type":"","overlay-color":"","overlay-opacity":"","overlay-gradient":""},"mobile":{"background-color":"","background-image":"","background-repeat":"repeat","background-position":"center center","background-size":"auto","background-attachment":"scroll","background-type":"","background-media":"","overlay-type":"","overlay-color":"","overlay-opacity":"","overlay-gradient":""}},"ast-content-background-meta":{"desktop":{"background-color":"var(--ast-global-color-5)","background-image":"","background-repeat":"repeat","background-position":"center center","background-size":"auto","background-attachment":"scroll","background-type":"","background-media":"","overlay-type":"","overlay-color":"","overlay-opacity":"","overlay-gradient":""},"tablet":{"background-color":"var(--ast-global-color-5)","background-image":"","background-repeat":"repeat","background-position":"center center","background-size":"auto","background-attachment":"scroll","background-type":"","background-media":"","overlay-type":"","overlay-color":"","overlay-opacity":"","overlay-gradient":""},"mobile":{"background-color":"var(--ast-global-color-5)","background-image":"","background-repeat":"repeat","background-position":"center center","background-size":"auto","background-attachment":"scroll","background-type":"","background-media":"","overlay-type":"","overlay-color":"","overlay-opacity":"","overlay-gradient":""}}},"product_cat":[64],"product_tag":[],"class_list":{"0":"post-6495","1":"product","2":"type-product","3":"status-publish","4":"has-post-thumbnail","6":"product_cat-travel-adapter","7":"desktop-align-center","8":"tablet-align-center","9":"mobile-align-center","11":"first","12":"instock","13":"shipping-taxable","14":"product-type-simple"},"_links":{"self":[{"href":"https:\/\/imiapower.com\/pl\/wp-json\/wp\/v2\/product\/6495","targetHints":{"allow":["GET"]}}],"collection":[{"href":"https:\/\/imiapower.com\/pl\/wp-json\/wp\/v2\/product"}],"about":[{"href":"https:\/\/imiapower.com\/pl\/wp-json\/wp\/v2\/types\/product"}],"replies":[{"embeddable":true,"href":"https:\/\/imiapower.com\/pl\/wp-json\/wp\/v2\/comments?post=6495"}],"version-history":[{"count":4,"href":"https:\/\/imiapower.com\/pl\/wp-json\/wp\/v2\/product\/6495\/revisions"}],"predecessor-version":[{"id":9201,"href":"https:\/\/imiapower.com\/pl\/wp-json\/wp\/v2\/product\/6495\/revisions\/9201"}],"wp:featuredmedia":[{"embeddable":true,"href":"https:\/\/imiapower.com\/pl\/wp-json\/wp\/v2\/media\/7455"}],"wp:attachment":[{"href":"https:\/\/imiapower.com\/pl\/wp-json\/wp\/v2\/media?parent=6495"}],"wp:term":[{"taxonomy":"product_cat","embeddable":true,"href":"https:\/\/imiapower.com\/pl\/wp-json\/wp\/v2\/product_cat?post=6495"},{"taxonomy":"product_tag","embeddable":true,"href":"https:\/\/imiapower.com\/pl\/wp-json\/wp\/v2\/product_tag?post=6495"}],"curies":[{"name":"wp","href":"https:\/\/api.w.org\/{rel}","templated":true}]}}