{"id":6499,"date":"2024-01-26T04:14:59","date_gmt":"2024-01-26T04:14:59","guid":{"rendered":"https:\/\/imia.com.cn\/?post_type=product&#038;p=6499"},"modified":"2024-11-30T03:07:57","modified_gmt":"2024-11-30T03:07:57","slug":"universal-travel-adapter","status":"publish","type":"product","link":"https:\/\/imiapower.com\/pl\/products\/travel-adapter\/universal-travel-adapter\/","title":{"rendered":"Uroczy uniwersalny adapter podr\u00f3\u017cny USB C PD 65w"},"content":{"rendered":"<ul>\n<li><strong>uniwersalny adapter podr\u00f3\u017cny<\/strong><\/li>\n<li><strong>Typ C1:<\/strong> 5 V\/3 A 9 V\/3 A 12 V\/3 A 15 V\/3 A 20 V\/3,25 A Maks. 65 W PPS 5 V\u201311 V\/4,05 A<\/li>\n<li><strong>USB-A:<\/strong> 5 V\/3 A 9 V\/2 A 12 V\/1,5 A Maks. 18 W<\/li>\n<li><strong>Typ C2\/C3\/C4:<\/strong> 5V3A 15W<\/li>\n<li><strong>Typ C1+USBA:<\/strong>PD45W+18W (5V3A\/9V3A\/12V3A\/15V2.5A\/20V2.25A 45w+5V\/3A 9V\/2A 12V\/1.5A maks. 18W)<\/li>\n<li><strong>Typ C1+C2\/C3\/C4:<\/strong> PD45W+15W(5V3A\/9V3A\/12V3A\/15V2.5A\/20V2.25A 45w+ 5V3A 15W)<\/li>\n<li><strong>TypC2+C3\/C3+C4\/C2+C4:<\/strong> wsp\u00f3lne 5V3A 15W<\/li>\n<li><strong>TypC1+C2+C3\/C1+C2+USBA\/C1+C3+USBA:<\/strong> PD45W+15W(5V3A\/9V3A\/12V3A\/15V2.5A\/20V2.25A 45w+ 5V3A 15W)<\/li>\n<li><strong>C1+C2+C3+C4\/C1+C2+C3+USBA:<\/strong> PD45W+15W(5V3A\/9V3A\/12V3A\/15V2.5A\/20V2.25A 45w+ 5V3A 15W)<\/li>\n<li><strong>TypC2+C3+C4+USBA:<\/strong>\u00a0wsp\u00f3lne 5V3A 15W<\/li>\n<li><strong>TypC1+C2+C3+C4+A1:<\/strong> PD45W+15W(5V3A\/9V3A\/12V3A\/15V2.5A\/20V2.25A 45w+ 5V3A 15W)<\/li>\n<li><strong>Rozmiar:<\/strong> 50x70x65 mm<\/li>\n<li><strong>Materia\u0142:<\/strong> Wypalany PC + metal Cooper<\/li>\n<li><strong>Notatka:<\/strong> Urz\u0105dzenie wielofunkcyjne w UE\/AU\/UK\/USA mo\u017ce by\u0107 u\u017cywane w ponad 170 krajach<\/li>\n<li><strong>Orzecznictwo:<\/strong> UKCA, CE, FCC<\/li>\n<\/ul>","protected":false},"excerpt":{"rendered":"<p><img fetchpriority=\"high\" decoding=\"async\" class=\"alignnone size-medium wp-image-8727\" src=\"https:\/\/imiapower.com\/wp-content\/uploads\/Travel-Adapter-6-1-216x300.jpg\" alt=\"uniwersalny adapter podr\u00f3\u017cny\" width=\"216\" height=\"300\" srcset=\"https:\/\/imiapower.com\/wp-content\/uploads\/Travel-Adapter-6-1-216x300.jpg 216w, https:\/\/imiapower.com\/wp-content\/uploads\/Travel-Adapter-6-1-600x833.jpg 600w, https:\/\/imiapower.com\/wp-content\/uploads\/Travel-Adapter-6-1-64x89.jpg 64w, https:\/\/imiapower.com\/wp-content\/uploads\/Travel-Adapter-6-1-737x1024.jpg 737w, https:\/\/imiapower.com\/wp-content\/uploads\/Travel-Adapter-6-1-768x1067.jpg 768w, https:\/\/imiapower.com\/wp-content\/uploads\/Travel-Adapter-6-1-9x12.jpg 9w, https:\/\/imiapower.com\/wp-content\/uploads\/Travel-Adapter-6-1.jpg 800w\" sizes=\"(max-width: 216px) 100vw, 216px\" \/> <img decoding=\"async\" class=\"alignnone size-medium wp-image-8728\" src=\"https:\/\/imiapower.com\/wp-content\/uploads\/Travel-Adapter-13-238x300.jpg\" alt=\"uniwersalny adapter podr\u00f3\u017cny\" width=\"238\" height=\"300\" srcset=\"https:\/\/imiapower.com\/wp-content\/uploads\/Travel-Adapter-13-238x300.jpg 238w, https:\/\/imiapower.com\/wp-content\/uploads\/Travel-Adapter-13-600x755.jpg 600w, https:\/\/imiapower.com\/wp-content\/uploads\/Travel-Adapter-13-64x81.jpg 64w, https:\/\/imiapower.com\/wp-content\/uploads\/Travel-Adapter-13-768x966.jpg 768w, https:\/\/imiapower.com\/wp-content\/uploads\/Travel-Adapter-13-10x12.jpg 10w, https:\/\/imiapower.com\/wp-content\/uploads\/Travel-Adapter-13.jpg 778w\" sizes=\"(max-width: 238px) 100vw, 238px\" \/> <img decoding=\"async\" class=\"alignnone size-medium wp-image-8729\" src=\"https:\/\/imiapower.com\/wp-content\/uploads\/Travel-Adapter-14-216x300.jpg\" alt=\"uniwersalny adapter podr\u00f3\u017cny\" width=\"216\" height=\"300\" srcset=\"https:\/\/imiapower.com\/wp-content\/uploads\/Travel-Adapter-14-216x300.jpg 216w, https:\/\/imiapower.com\/wp-content\/uploads\/Travel-Adapter-14-600x833.jpg 600w, https:\/\/imiapower.com\/wp-content\/uploads\/Travel-Adapter-14-64x89.jpg 64w, https:\/\/imiapower.com\/wp-content\/uploads\/Travel-Adapter-14-737x1024.jpg 737w, https:\/\/imiapower.com\/wp-content\/uploads\/Travel-Adapter-14-768x1067.jpg 768w, https:\/\/imiapower.com\/wp-content\/uploads\/Travel-Adapter-14-9x12.jpg 9w, https:\/\/imiapower.com\/wp-content\/uploads\/Travel-Adapter-14.jpg 800w\" sizes=\"(max-width: 216px) 100vw, 216px\" \/><\/p>\n<p>&nbsp;<\/p>\n<p>Jest to produkt niezb\u0119dny do podr\u00f3\u017cy do innego kraju, poniewa\u017c w r\u00f3\u017cnych krajach wtyczka \u0142adowania jest inna, ten adapter zawiera wtyczki UE, USA, Australii i Wielkiej Brytanii, mo\u017ce spe\u0142ni\u0107 wymagania dotycz\u0105ce wtyczek wi\u0119kszo\u015bci kraj\u00f3w<\/p>\n<p>Ten adapter podr\u00f3\u017cny z 4 portami \u0142adowania typu c, poniewa\u017c kable typu c odgrywaj\u0105 wa\u017cn\u0105 rol\u0119 na rynku elektronicznym, nasza konstrukcja wpisuje si\u0119 w trend rynkowy i jednocze\u015bnie \u0142aduje urz\u0105dzenia elektroniczne<\/p>\n<p>Ten uniwersalny adapter podr\u00f3\u017cny po wprowadzeniu na rynek przyci\u0105ga wielu markowych klient\u00f3w<\/p>\n<p>Ten uniwersalny adapter podr\u00f3\u017cny nadaje si\u0119 do ma\u0142ych wtyczek z Afryki Po\u0142udniowej, w przypadku kt\u00f3rych inni dostawcy nie zauwa\u017cyli tego problemu<\/p>\n<p>W przypadku tego uniwersalnego adaptera podr\u00f3\u017cnego zastosowali\u015bmy popularne certyfikaty, takie jak CE, UKCA, FCC, LVD, ERP, REACH, ROHS<\/p>\n<p>Zapewniamy r\u00f3wnie\u017c niestandardowe projekty logo. Gdy u\u017cytkownik na\u0142aduje telefon za pomoc\u0105 tego adaptera, logo pojawi si\u0119 na g\u00f3rze adaptera<\/p>\n<p>Dostarczamy bezp\u0142atne pr\u00f3bki naszym cennym klientom do przetestowania<\/p>\n<p>Najwa\u017cniejsze jest to, \u017ce nasza cena jest ni\u017csza ni\u017c u konkurencji<\/p>\n<p>Zabierz ze sob\u0105 nasz uniwersalny adapter podr\u00f3\u017cny i ciesz si\u0119 wakacjami we wszystkich krajach<\/p>\n<p>USBA D+,D-inteligentne.\/USB D+,D-inteligentne rozpoznawanie, obs\u0142uga QC3.0,QC2.0,SCP,FCP,AFC,APPLE2.4A,BC1.2. TYPE-C1 obs\u0142uguje PD3.0, QC3.0, QC2.0, SCP, FCP, AFC, APPLE2.4A, BC1.2<\/p>\n<p>Czas realizacji produkcji: 25-30 dni<\/p>\n<div id=\"gtx-trans\" style=\"position: absolute; left: -152px; top: -3px;\">\n<div class=\"gtx-trans-icon\"><\/div>\n<\/div>","protected":false},"featured_media":7636,"comment_status":"closed","ping_status":"closed","template":"","meta":{"rank_math_lock_modified_date":false,"site-sidebar-layout":"default","site-content-layout":"","ast-site-content-layout":"default","site-content-style":"default","site-sidebar-style":"default","ast-global-header-display":"","ast-banner-title-visibility":"","ast-main-header-display":"","ast-hfb-above-header-display":"","ast-hfb-below-header-display":"","ast-hfb-mobile-header-display":"","site-post-title":"","ast-breadcrumbs-content":"","ast-featured-img":"","footer-sml-layout":"","ast-disable-related-posts":"","theme-transparent-header-meta":"default","adv-header-id-meta":"","stick-header-meta":"","header-above-stick-meta":"","header-main-stick-meta":"","header-below-stick-meta":"","astra-migrate-meta-layouts":"set","ast-page-background-enabled":"default","ast-page-background-meta":{"desktop":{"background-color":"","background-image":"","background-repeat":"repeat","background-position":"center center","background-size":"auto","background-attachment":"scroll","background-type":"","background-media":"","overlay-type":"","overlay-color":"","overlay-opacity":"","overlay-gradient":""},"tablet":{"background-color":"","background-image":"","background-repeat":"repeat","background-position":"center center","background-size":"auto","background-attachment":"scroll","background-type":"","background-media":"","overlay-type":"","overlay-color":"","overlay-opacity":"","overlay-gradient":""},"mobile":{"background-color":"","background-image":"","background-repeat":"repeat","background-position":"center center","background-size":"auto","background-attachment":"scroll","background-type":"","background-media":"","overlay-type":"","overlay-color":"","overlay-opacity":"","overlay-gradient":""}},"ast-content-background-meta":{"desktop":{"background-color":"var(--ast-global-color-5)","background-image":"","background-repeat":"repeat","background-position":"center center","background-size":"auto","background-attachment":"scroll","background-type":"","background-media":"","overlay-type":"","overlay-color":"","overlay-opacity":"","overlay-gradient":""},"tablet":{"background-color":"var(--ast-global-color-5)","background-image":"","background-repeat":"repeat","background-position":"center center","background-size":"auto","background-attachment":"scroll","background-type":"","background-media":"","overlay-type":"","overlay-color":"","overlay-opacity":"","overlay-gradient":""},"mobile":{"background-color":"var(--ast-global-color-5)","background-image":"","background-repeat":"repeat","background-position":"center center","background-size":"auto","background-attachment":"scroll","background-type":"","background-media":"","overlay-type":"","overlay-color":"","overlay-opacity":"","overlay-gradient":""}}},"product_cat":[64],"product_tag":[],"class_list":{"0":"post-6499","1":"product","2":"type-product","3":"status-publish","4":"has-post-thumbnail","6":"product_cat-travel-adapter","7":"desktop-align-center","8":"tablet-align-center","9":"mobile-align-center","11":"first","12":"instock","13":"featured","14":"shipping-taxable","15":"product-type-simple"},"_links":{"self":[{"href":"https:\/\/imiapower.com\/pl\/wp-json\/wp\/v2\/product\/6499","targetHints":{"allow":["GET"]}}],"collection":[{"href":"https:\/\/imiapower.com\/pl\/wp-json\/wp\/v2\/product"}],"about":[{"href":"https:\/\/imiapower.com\/pl\/wp-json\/wp\/v2\/types\/product"}],"replies":[{"embeddable":true,"href":"https:\/\/imiapower.com\/pl\/wp-json\/wp\/v2\/comments?post=6499"}],"version-history":[{"count":5,"href":"https:\/\/imiapower.com\/pl\/wp-json\/wp\/v2\/product\/6499\/revisions"}],"predecessor-version":[{"id":8108,"href":"https:\/\/imiapower.com\/pl\/wp-json\/wp\/v2\/product\/6499\/revisions\/8108"}],"wp:featuredmedia":[{"embeddable":true,"href":"https:\/\/imiapower.com\/pl\/wp-json\/wp\/v2\/media\/7636"}],"wp:attachment":[{"href":"https:\/\/imiapower.com\/pl\/wp-json\/wp\/v2\/media?parent=6499"}],"wp:term":[{"taxonomy":"product_cat","embeddable":true,"href":"https:\/\/imiapower.com\/pl\/wp-json\/wp\/v2\/product_cat?post=6499"},{"taxonomy":"product_tag","embeddable":true,"href":"https:\/\/imiapower.com\/pl\/wp-json\/wp\/v2\/product_tag?post=6499"}],"curies":[{"name":"wp","href":"https:\/\/api.w.org\/{rel}","templated":true}]}}