{"id":7122,"date":"2024-03-15T03:50:30","date_gmt":"2024-03-15T03:50:30","guid":{"rendered":"https:\/\/imia.com.cn\/?post_type=product&#038;p=7122"},"modified":"2026-01-05T08:15:11","modified_gmt":"2026-01-05T08:15:11","slug":"65w-usb-c-laptop-charger","status":"publish","type":"product","link":"https:\/\/imiapower.com\/pl\/products\/wall-charger\/65w-usb-c-laptop-charger\/","title":{"rendered":"\u0141adowarka do laptopa Creative USB C o mocy 65 W z kablem o d\u0142ugo\u015bci 1,2 m"},"content":{"rendered":"<ul>\n<li><strong>\u0141adowarka do laptopa USB C o mocy 65 W<\/strong><\/li>\n<li><strong>Wymiar:<\/strong>65*65*29MM<\/li>\n<li><strong>Charakterystyka:<\/strong> Sk\u0142adana wtyczka ameryka\u0144ska<\/li>\n<li><strong>Wyj\u015bcie:<\/strong> 5 V\/3 A, 9 V\/3 A, 12 V\/3 A, 15 V\/3 A, 20 V\/3,25 A (maks. 65 W)<\/li>\n<li><strong>Kolor:<\/strong> Czarny bia\u0142y<\/li>\n<li><strong>Wej\u015bcie:<\/strong> 100-240VAC 50\/60HZ<\/li>\n<li><strong>Certyfikat:<\/strong> UL\/FCC\/CE\/CB\/UKCA\/PSE<\/li>\n<li><strong>Dodatkowy:<\/strong> Kabel typu C o d\u0142ugo\u015bci 1,2 m<\/li>\n<li><strong>Ok\u0142adka:<\/strong> Materia\u0142 ognioodporny<\/li>\n<\/ul>","protected":false},"excerpt":{"rendered":"<p>Ten zasilacz o mocy 65 W posiada og\u00f3lno\u015bwiatow\u0105 certyfikacj\u0119. Klienci, kt\u00f3rzy go od nas kupi\u0105, mog\u0105 go sprzeda\u0107 w dowolnym kraju i jest to dobra opcja \u0142adowania w przypadku laptopa o du\u017cej pr\u0119dko\u015bci<\/p>\n<p>Jest to super cienki i kompaktowy zamiennik uszkodzonych lub zagubionych oryginalnych zasilaczy. Idealnie nadaje si\u0119 r\u00f3wnie\u017c jako drugi zasilacz w biurze, w podr\u00f3\u017cy lub w domu.<\/p>\n<p>Kompatybilny z najnowszymi notebookami\/laptopami\/smartfonami \u0142adowanymi przez z\u0142\u0105cze USB-C<\/p>\n<p>Dost\u0119pne s\u0105 wtyczki USA\/UK\/EU\/AUS<\/p>\n<p>Mo\u017cna dostarczy\u0107 bezp\u0142atne pr\u00f3bki<\/p>\n<p>W por\u00f3wnaniu z innymi, ta \u0142adowarka do laptopa USB C o mocy 65 W zapewnia 3-letni\u0105 gwarancj\u0119<\/p>\n<p>&nbsp;<\/p>\n<p>&nbsp;<\/p>\n<p>&nbsp;<\/p>\n<p>&nbsp;<\/p>","protected":false},"featured_media":7390,"comment_status":"open","ping_status":"closed","template":"","meta":{"rank_math_lock_modified_date":false,"site-sidebar-layout":"default","site-content-layout":"","ast-site-content-layout":"default","site-content-style":"default","site-sidebar-style":"default","ast-global-header-display":"","ast-banner-title-visibility":"","ast-main-header-display":"","ast-hfb-above-header-display":"","ast-hfb-below-header-display":"","ast-hfb-mobile-header-display":"","site-post-title":"","ast-breadcrumbs-content":"","ast-featured-img":"","footer-sml-layout":"","ast-disable-related-posts":"","theme-transparent-header-meta":"default","adv-header-id-meta":"","stick-header-meta":"","header-above-stick-meta":"","header-main-stick-meta":"","header-below-stick-meta":"","astra-migrate-meta-layouts":"set","ast-page-background-enabled":"default","ast-page-background-meta":{"desktop":{"background-color":"","background-image":"","background-repeat":"repeat","background-position":"center center","background-size":"auto","background-attachment":"scroll","background-type":"","background-media":"","overlay-type":"","overlay-color":"","overlay-opacity":"","overlay-gradient":""},"tablet":{"background-color":"","background-image":"","background-repeat":"repeat","background-position":"center center","background-size":"auto","background-attachment":"scroll","background-type":"","background-media":"","overlay-type":"","overlay-color":"","overlay-opacity":"","overlay-gradient":""},"mobile":{"background-color":"","background-image":"","background-repeat":"repeat","background-position":"center center","background-size":"auto","background-attachment":"scroll","background-type":"","background-media":"","overlay-type":"","overlay-color":"","overlay-opacity":"","overlay-gradient":""}},"ast-content-background-meta":{"desktop":{"background-color":"var(--ast-global-color-5)","background-image":"","background-repeat":"repeat","background-position":"center center","background-size":"auto","background-attachment":"scroll","background-type":"","background-media":"","overlay-type":"","overlay-color":"","overlay-opacity":"","overlay-gradient":""},"tablet":{"background-color":"var(--ast-global-color-5)","background-image":"","background-repeat":"repeat","background-position":"center center","background-size":"auto","background-attachment":"scroll","background-type":"","background-media":"","overlay-type":"","overlay-color":"","overlay-opacity":"","overlay-gradient":""},"mobile":{"background-color":"var(--ast-global-color-5)","background-image":"","background-repeat":"repeat","background-position":"center center","background-size":"auto","background-attachment":"scroll","background-type":"","background-media":"","overlay-type":"","overlay-color":"","overlay-opacity":"","overlay-gradient":""}}},"product_cat":[43],"product_tag":[],"class_list":{"0":"post-7122","1":"product","2":"type-product","3":"status-publish","4":"has-post-thumbnail","6":"product_cat-wall-charger","7":"desktop-align-center","8":"tablet-align-center","9":"mobile-align-center","11":"first","12":"instock","13":"featured","14":"shipping-taxable","15":"product-type-simple"},"_links":{"self":[{"href":"https:\/\/imiapower.com\/pl\/wp-json\/wp\/v2\/product\/7122","targetHints":{"allow":["GET"]}}],"collection":[{"href":"https:\/\/imiapower.com\/pl\/wp-json\/wp\/v2\/product"}],"about":[{"href":"https:\/\/imiapower.com\/pl\/wp-json\/wp\/v2\/types\/product"}],"replies":[{"embeddable":true,"href":"https:\/\/imiapower.com\/pl\/wp-json\/wp\/v2\/comments?post=7122"}],"version-history":[{"count":3,"href":"https:\/\/imiapower.com\/pl\/wp-json\/wp\/v2\/product\/7122\/revisions"}],"predecessor-version":[{"id":7904,"href":"https:\/\/imiapower.com\/pl\/wp-json\/wp\/v2\/product\/7122\/revisions\/7904"}],"wp:featuredmedia":[{"embeddable":true,"href":"https:\/\/imiapower.com\/pl\/wp-json\/wp\/v2\/media\/7390"}],"wp:attachment":[{"href":"https:\/\/imiapower.com\/pl\/wp-json\/wp\/v2\/media?parent=7122"}],"wp:term":[{"taxonomy":"product_cat","embeddable":true,"href":"https:\/\/imiapower.com\/pl\/wp-json\/wp\/v2\/product_cat?post=7122"},{"taxonomy":"product_tag","embeddable":true,"href":"https:\/\/imiapower.com\/pl\/wp-json\/wp\/v2\/product_tag?post=7122"}],"curies":[{"name":"wp","href":"https:\/\/api.w.org\/{rel}","templated":true}]}}