{"id":7141,"date":"2024-03-18T01:08:25","date_gmt":"2024-03-18T01:08:25","guid":{"rendered":"https:\/\/imia.com.cn\/?post_type=product&#038;p=7141"},"modified":"2024-11-29T01:37:07","modified_gmt":"2024-11-29T01:37:07","slug":"china-usb-charger-manufacturer","status":"publish","type":"product","link":"https:\/\/imiapower.com\/pl\/products\/wall-charger\/china-usb-charger-manufacturer\/","title":{"rendered":"Pot\u0119\u017cny chi\u0144ski producent \u0142adowarek USB mini 33 W"},"content":{"rendered":"<ul>\n<li><strong>chi\u0144ski producent \u0142adowarek USB<\/strong><\/li>\n<li><strong>Wej\u015bcie:<\/strong> 110-240 V AC 50-60 Hz<\/li>\n<li><strong>Wyj\u015bcie:<\/strong> USB A: 5V3A\/9V2A\/12V1.5A QC18W<\/li>\n<li><strong>Typ C1:<\/strong> 5V3A\/9V3A\/12V1.5A\/15V2A\/20V1.5A<\/li>\n<li><strong>PPS:<\/strong> 3,3 V-11 V 3 A 3,3 V-16V2A 33 W MAKS. A+C: 5V3A<\/li>\n<li><strong>Materia\u0142:<\/strong> Materia\u0142 ognioodporny PC<\/li>\n<li><strong>Rozmiar:<\/strong> 30*30*68cm<\/li>\n<li><strong>Kolor:<\/strong> R\u00f3\u017cowy, niebieski, zielony<\/li>\n<li><strong>Certyfikat:<\/strong> KC, CE, FCC, ROHS<\/li>\n<\/ul>","protected":false},"excerpt":{"rendered":"<p>Jako chi\u0144ski producent \u0142adowarek USB zawsze dostarczamy r\u00f3\u017cne serie produkt\u00f3w zwi\u0105zanych z zasilaniem.<\/p>\n<p>To \u015bwietne urz\u0105dzenie, z kt\u00f3rego mo\u017cesz \u0142atwo korzysta\u0107, poniewa\u017c technologia najlepiej dba o bateri\u0119 telefonu.<\/p>\n<p>Wyposa\u017cona w technologi\u0119 PD, skutecznie \u0142aduje Twoje urz\u0105dzenia nawet 3 razy szybciej ni\u017c standardowe \u0142adowarki.<\/p>\n<p>Obs\u0142uguje szerok\u0105 gam\u0119 markowych telefon\u00f3w, zawsze u\u017cywamy r\u00f3\u017cnych markowych smartfon\u00f3w do przeprowadzania test\u00f3w i upewniamy si\u0119, \u017ce s\u0105 kompatybilne. Inteligentna technologia \u0142adowania automatycznie dostosowuje si\u0119, aby zapewni\u0107 optymaln\u0105 moc dla Twojego urz\u0105dzenia<\/p>\n<p>&nbsp;<\/p>","protected":false},"featured_media":8240,"comment_status":"open","ping_status":"closed","template":"","meta":{"rank_math_lock_modified_date":false,"site-sidebar-layout":"default","site-content-layout":"","ast-site-content-layout":"default","site-content-style":"default","site-sidebar-style":"default","ast-global-header-display":"","ast-banner-title-visibility":"","ast-main-header-display":"","ast-hfb-above-header-display":"","ast-hfb-below-header-display":"","ast-hfb-mobile-header-display":"","site-post-title":"","ast-breadcrumbs-content":"","ast-featured-img":"","footer-sml-layout":"","ast-disable-related-posts":"","theme-transparent-header-meta":"default","adv-header-id-meta":"","stick-header-meta":"","header-above-stick-meta":"","header-main-stick-meta":"","header-below-stick-meta":"","astra-migrate-meta-layouts":"set","ast-page-background-enabled":"default","ast-page-background-meta":{"desktop":{"background-color":"","background-image":"","background-repeat":"repeat","background-position":"center center","background-size":"auto","background-attachment":"scroll","background-type":"","background-media":"","overlay-type":"","overlay-color":"","overlay-opacity":"","overlay-gradient":""},"tablet":{"background-color":"","background-image":"","background-repeat":"repeat","background-position":"center center","background-size":"auto","background-attachment":"scroll","background-type":"","background-media":"","overlay-type":"","overlay-color":"","overlay-opacity":"","overlay-gradient":""},"mobile":{"background-color":"","background-image":"","background-repeat":"repeat","background-position":"center center","background-size":"auto","background-attachment":"scroll","background-type":"","background-media":"","overlay-type":"","overlay-color":"","overlay-opacity":"","overlay-gradient":""}},"ast-content-background-meta":{"desktop":{"background-color":"var(--ast-global-color-5)","background-image":"","background-repeat":"repeat","background-position":"center center","background-size":"auto","background-attachment":"scroll","background-type":"","background-media":"","overlay-type":"","overlay-color":"","overlay-opacity":"","overlay-gradient":""},"tablet":{"background-color":"var(--ast-global-color-5)","background-image":"","background-repeat":"repeat","background-position":"center center","background-size":"auto","background-attachment":"scroll","background-type":"","background-media":"","overlay-type":"","overlay-color":"","overlay-opacity":"","overlay-gradient":""},"mobile":{"background-color":"var(--ast-global-color-5)","background-image":"","background-repeat":"repeat","background-position":"center center","background-size":"auto","background-attachment":"scroll","background-type":"","background-media":"","overlay-type":"","overlay-color":"","overlay-opacity":"","overlay-gradient":""}}},"product_cat":[43],"product_tag":[],"class_list":{"0":"post-7141","1":"product","2":"type-product","3":"status-publish","4":"has-post-thumbnail","6":"product_cat-wall-charger","7":"desktop-align-center","8":"tablet-align-center","9":"mobile-align-center","11":"first","12":"instock","13":"shipping-taxable","14":"product-type-simple"},"_links":{"self":[{"href":"https:\/\/imiapower.com\/pl\/wp-json\/wp\/v2\/product\/7141","targetHints":{"allow":["GET"]}}],"collection":[{"href":"https:\/\/imiapower.com\/pl\/wp-json\/wp\/v2\/product"}],"about":[{"href":"https:\/\/imiapower.com\/pl\/wp-json\/wp\/v2\/types\/product"}],"replies":[{"embeddable":true,"href":"https:\/\/imiapower.com\/pl\/wp-json\/wp\/v2\/comments?post=7141"}],"version-history":[{"count":5,"href":"https:\/\/imiapower.com\/pl\/wp-json\/wp\/v2\/product\/7141\/revisions"}],"predecessor-version":[{"id":8706,"href":"https:\/\/imiapower.com\/pl\/wp-json\/wp\/v2\/product\/7141\/revisions\/8706"}],"wp:featuredmedia":[{"embeddable":true,"href":"https:\/\/imiapower.com\/pl\/wp-json\/wp\/v2\/media\/8240"}],"wp:attachment":[{"href":"https:\/\/imiapower.com\/pl\/wp-json\/wp\/v2\/media?parent=7141"}],"wp:term":[{"taxonomy":"product_cat","embeddable":true,"href":"https:\/\/imiapower.com\/pl\/wp-json\/wp\/v2\/product_cat?post=7141"},{"taxonomy":"product_tag","embeddable":true,"href":"https:\/\/imiapower.com\/pl\/wp-json\/wp\/v2\/product_tag?post=7141"}],"curies":[{"name":"wp","href":"https:\/\/api.w.org\/{rel}","templated":true}]}}