{"id":7161,"date":"2024-03-19T00:48:01","date_gmt":"2024-03-19T00:48:01","guid":{"rendered":"https:\/\/imia.com.cn\/?post_type=product&#038;p=7161"},"modified":"2024-04-30T08:36:43","modified_gmt":"2024-04-30T08:36:43","slug":"45w-usb-c-charger","status":"publish","type":"product","link":"https:\/\/imiapower.com\/pl\/products\/wall-charger\/45w-usb-c-charger\/","title":{"rendered":"\u0141adowarka USB C 45W do Samsunga z darmowymi pr\u00f3bkami"},"content":{"rendered":"<ul>\n<li><strong>\u0141adowarka USB typu C o mocy 45 W<\/strong><\/li>\n<li><strong>Wej\u015bcie:<\/strong> 110-240 V AC 50-60 Hz<\/li>\n<li><strong>Wyj\u015bcie:<\/strong> Typ c: 5V3A, 9V3A, 12V3A, 15V3A, 20V2.25A<\/li>\n<li><strong>Materia\u0142:<\/strong> ABS+PC<\/li>\n<li><strong>Kolor:<\/strong> Czarny bia\u0142y<\/li>\n<li><strong>Orzecznictwo:<\/strong> CE<\/li>\n<\/ul>","protected":false},"excerpt":{"rendered":"<p>Por\u00f3wnaj z \u0142adowark\u0105 20 W i 30 W, \u0142adowark\u0105 45 W z du\u017c\u0105 pr\u0119dko\u015bci\u0105 \u0142adowania, por\u00f3wnaj z \u0142adowark\u0105 65 W, \u0142adowarka 45 W ma bardziej konkurencyjn\u0105 cen\u0119<\/p>","protected":false},"featured_media":7355,"comment_status":"open","ping_status":"closed","template":"","meta":{"rank_math_lock_modified_date":false,"site-sidebar-layout":"default","site-content-layout":"","ast-site-content-layout":"default","site-content-style":"default","site-sidebar-style":"default","ast-global-header-display":"","ast-banner-title-visibility":"","ast-main-header-display":"","ast-hfb-above-header-display":"","ast-hfb-below-header-display":"","ast-hfb-mobile-header-display":"","site-post-title":"","ast-breadcrumbs-content":"","ast-featured-img":"","footer-sml-layout":"","ast-disable-related-posts":"","theme-transparent-header-meta":"default","adv-header-id-meta":"","stick-header-meta":"","header-above-stick-meta":"","header-main-stick-meta":"","header-below-stick-meta":"","astra-migrate-meta-layouts":"set","ast-page-background-enabled":"default","ast-page-background-meta":{"desktop":{"background-color":"","background-image":"","background-repeat":"repeat","background-position":"center center","background-size":"auto","background-attachment":"scroll","background-type":"","background-media":"","overlay-type":"","overlay-color":"","overlay-opacity":"","overlay-gradient":""},"tablet":{"background-color":"","background-image":"","background-repeat":"repeat","background-position":"center center","background-size":"auto","background-attachment":"scroll","background-type":"","background-media":"","overlay-type":"","overlay-color":"","overlay-opacity":"","overlay-gradient":""},"mobile":{"background-color":"","background-image":"","background-repeat":"repeat","background-position":"center center","background-size":"auto","background-attachment":"scroll","background-type":"","background-media":"","overlay-type":"","overlay-color":"","overlay-opacity":"","overlay-gradient":""}},"ast-content-background-meta":{"desktop":{"background-color":"var(--ast-global-color-5)","background-image":"","background-repeat":"repeat","background-position":"center center","background-size":"auto","background-attachment":"scroll","background-type":"","background-media":"","overlay-type":"","overlay-color":"","overlay-opacity":"","overlay-gradient":""},"tablet":{"background-color":"var(--ast-global-color-5)","background-image":"","background-repeat":"repeat","background-position":"center center","background-size":"auto","background-attachment":"scroll","background-type":"","background-media":"","overlay-type":"","overlay-color":"","overlay-opacity":"","overlay-gradient":""},"mobile":{"background-color":"var(--ast-global-color-5)","background-image":"","background-repeat":"repeat","background-position":"center center","background-size":"auto","background-attachment":"scroll","background-type":"","background-media":"","overlay-type":"","overlay-color":"","overlay-opacity":"","overlay-gradient":""}}},"product_cat":[43],"product_tag":[],"class_list":{"0":"post-7161","1":"product","2":"type-product","3":"status-publish","4":"has-post-thumbnail","6":"product_cat-wall-charger","7":"desktop-align-center","8":"tablet-align-center","9":"mobile-align-center","11":"first","12":"instock","13":"shipping-taxable","14":"product-type-simple"},"_links":{"self":[{"href":"https:\/\/imiapower.com\/pl\/wp-json\/wp\/v2\/product\/7161","targetHints":{"allow":["GET"]}}],"collection":[{"href":"https:\/\/imiapower.com\/pl\/wp-json\/wp\/v2\/product"}],"about":[{"href":"https:\/\/imiapower.com\/pl\/wp-json\/wp\/v2\/types\/product"}],"replies":[{"embeddable":true,"href":"https:\/\/imiapower.com\/pl\/wp-json\/wp\/v2\/comments?post=7161"}],"version-history":[{"count":0,"href":"https:\/\/imiapower.com\/pl\/wp-json\/wp\/v2\/product\/7161\/revisions"}],"wp:featuredmedia":[{"embeddable":true,"href":"https:\/\/imiapower.com\/pl\/wp-json\/wp\/v2\/media\/7355"}],"wp:attachment":[{"href":"https:\/\/imiapower.com\/pl\/wp-json\/wp\/v2\/media?parent=7161"}],"wp:term":[{"taxonomy":"product_cat","embeddable":true,"href":"https:\/\/imiapower.com\/pl\/wp-json\/wp\/v2\/product_cat?post=7161"},{"taxonomy":"product_tag","embeddable":true,"href":"https:\/\/imiapower.com\/pl\/wp-json\/wp\/v2\/product_tag?post=7161"}],"curies":[{"name":"wp","href":"https:\/\/api.w.org\/{rel}","templated":true}]}}