{"id":7197,"date":"2024-03-22T00:15:10","date_gmt":"2024-03-22T00:15:10","guid":{"rendered":"https:\/\/imia.com.cn\/?post_type=product&#038;p=7197"},"modified":"2024-08-02T02:16:18","modified_gmt":"2024-08-02T02:16:18","slug":"usb-car-charger","status":"publish","type":"product","link":"https:\/\/imiapower.com\/pl\/products\/car-charger\/usb-car-charger\/","title":{"rendered":"Wydajna \u0142adowarka samochodowa USB 38W z Chin"},"content":{"rendered":"<ul>\n<li><strong>\u0142adowarka samochodowa USB<\/strong><\/li>\n<li><strong>Wej\u015bcie:<\/strong> DC12V-24V<\/li>\n<li><strong>Wersja wyj\u015bciowa 1# 1USB:<\/strong> 5V2.1A<\/li>\n<li><strong>Wersja2# 1USB:<\/strong> 5V3A\/9V2A\/12V1.5A (maks. 18W)<\/li>\n<li><strong>Wersja 3# 2USB:<\/strong> USB1 5V2.1A, USB2 5V2.1A USB1+USB2 5V3.4A<\/li>\n<li><strong>Wersja 4# 2USB:<\/strong> USB1 5V3A\/9V2A\/12V1,5A (maks. 18 W) usb2 5V3A\/9V2A\/12V1,5A (maks. 18 W) Razem: 36 W (maks.)<\/li>\n<li><strong>Wersja 5# 1usb+1 typ c:<\/strong> typ: 5V3A\/9V2.22A\/12V1.67A (maks. 20 W) usb1: 5V3A\/9V2A\/12V1.5A (maks. 18 W) Razem: 38 W (maks.)<\/li>\n<li><strong>Orzecznictwo:<\/strong> CE, ROHS, CCC<\/li>\n<li><strong>Czas realizacji produkcji<\/strong>: oko\u0142o 30-35 dni<\/li>\n<\/ul>","protected":false},"excerpt":{"rendered":"<p>\u0141adowarka samochodowa USB jest powszechnie znana jako gniazdo zapalniczki i zapewnia jeden lub wi\u0119cej port\u00f3w USB do \u0142adowania urz\u0105dze\u0144 elektronicznych, takich jak smartfony, tablety i inne gad\u017cety elektroniczne.<\/p>\n<p>Ta \u0142adowarka samochodowa wykorzystuje jedn\u0105 form\u0119 o r\u00f3\u017cnych konstrukcjach mocy (r\u00f3\u017cne opcje 10,5 W, 18 W, 36 W, 38 W), hurtownicy mog\u0105 sprzedawa\u0107 je osobno lub ustawi\u0107 po obni\u017conej cenie<\/p>\n<p>Zawsze zapewniamy roczn\u0105 gwarancj\u0119 i bezp\u0142atne pr\u00f3bki<\/p>\n<p>&nbsp;<\/p>","protected":false},"featured_media":8236,"comment_status":"open","ping_status":"closed","template":"","meta":{"rank_math_lock_modified_date":false,"site-sidebar-layout":"default","site-content-layout":"","ast-site-content-layout":"default","site-content-style":"default","site-sidebar-style":"default","ast-global-header-display":"","ast-banner-title-visibility":"","ast-main-header-display":"","ast-hfb-above-header-display":"","ast-hfb-below-header-display":"","ast-hfb-mobile-header-display":"","site-post-title":"","ast-breadcrumbs-content":"","ast-featured-img":"","footer-sml-layout":"","ast-disable-related-posts":"","theme-transparent-header-meta":"default","adv-header-id-meta":"","stick-header-meta":"","header-above-stick-meta":"","header-main-stick-meta":"","header-below-stick-meta":"","astra-migrate-meta-layouts":"set","ast-page-background-enabled":"default","ast-page-background-meta":{"desktop":{"background-color":"","background-image":"","background-repeat":"repeat","background-position":"center center","background-size":"auto","background-attachment":"scroll","background-type":"","background-media":"","overlay-type":"","overlay-color":"","overlay-opacity":"","overlay-gradient":""},"tablet":{"background-color":"","background-image":"","background-repeat":"repeat","background-position":"center center","background-size":"auto","background-attachment":"scroll","background-type":"","background-media":"","overlay-type":"","overlay-color":"","overlay-opacity":"","overlay-gradient":""},"mobile":{"background-color":"","background-image":"","background-repeat":"repeat","background-position":"center center","background-size":"auto","background-attachment":"scroll","background-type":"","background-media":"","overlay-type":"","overlay-color":"","overlay-opacity":"","overlay-gradient":""}},"ast-content-background-meta":{"desktop":{"background-color":"var(--ast-global-color-5)","background-image":"","background-repeat":"repeat","background-position":"center center","background-size":"auto","background-attachment":"scroll","background-type":"","background-media":"","overlay-type":"","overlay-color":"","overlay-opacity":"","overlay-gradient":""},"tablet":{"background-color":"var(--ast-global-color-5)","background-image":"","background-repeat":"repeat","background-position":"center center","background-size":"auto","background-attachment":"scroll","background-type":"","background-media":"","overlay-type":"","overlay-color":"","overlay-opacity":"","overlay-gradient":""},"mobile":{"background-color":"var(--ast-global-color-5)","background-image":"","background-repeat":"repeat","background-position":"center center","background-size":"auto","background-attachment":"scroll","background-type":"","background-media":"","overlay-type":"","overlay-color":"","overlay-opacity":"","overlay-gradient":""}}},"product_cat":[41],"product_tag":[],"class_list":{"0":"post-7197","1":"product","2":"type-product","3":"status-publish","4":"has-post-thumbnail","6":"product_cat-car-charger","7":"desktop-align-center","8":"tablet-align-center","9":"mobile-align-center","11":"first","12":"instock","13":"shipping-taxable","14":"product-type-simple"},"_links":{"self":[{"href":"https:\/\/imiapower.com\/pl\/wp-json\/wp\/v2\/product\/7197","targetHints":{"allow":["GET"]}}],"collection":[{"href":"https:\/\/imiapower.com\/pl\/wp-json\/wp\/v2\/product"}],"about":[{"href":"https:\/\/imiapower.com\/pl\/wp-json\/wp\/v2\/types\/product"}],"replies":[{"embeddable":true,"href":"https:\/\/imiapower.com\/pl\/wp-json\/wp\/v2\/comments?post=7197"}],"version-history":[{"count":2,"href":"https:\/\/imiapower.com\/pl\/wp-json\/wp\/v2\/product\/7197\/revisions"}],"predecessor-version":[{"id":8202,"href":"https:\/\/imiapower.com\/pl\/wp-json\/wp\/v2\/product\/7197\/revisions\/8202"}],"wp:featuredmedia":[{"embeddable":true,"href":"https:\/\/imiapower.com\/pl\/wp-json\/wp\/v2\/media\/8236"}],"wp:attachment":[{"href":"https:\/\/imiapower.com\/pl\/wp-json\/wp\/v2\/media?parent=7197"}],"wp:term":[{"taxonomy":"product_cat","embeddable":true,"href":"https:\/\/imiapower.com\/pl\/wp-json\/wp\/v2\/product_cat?post=7197"},{"taxonomy":"product_tag","embeddable":true,"href":"https:\/\/imiapower.com\/pl\/wp-json\/wp\/v2\/product_tag?post=7197"}],"curies":[{"name":"wp","href":"https:\/\/api.w.org\/{rel}","templated":true}]}}