{"id":7242,"date":"2024-03-23T03:14:21","date_gmt":"2024-03-23T03:14:21","guid":{"rendered":"https:\/\/imia.com.cn\/?post_type=product&#038;p=7242"},"modified":"2026-01-05T08:19:03","modified_gmt":"2026-01-05T08:19:03","slug":"100w-usb-c-charger","status":"publish","type":"product","link":"https:\/\/imiapower.com\/pl\/products\/wall-charger\/100w-usb-c-charger\/","title":{"rendered":"Absolutnie 100W \u0142adowarka USB C do laptopa z kablem 1,5m"},"content":{"rendered":"<ul>\n<li><strong>\u0141adowarka USB typu C o mocy 100 W<\/strong><\/li>\n<li><strong>Wej\u015bcie:<\/strong> 100-240VAC 50\/60HZ<\/li>\n<li><strong>Wyj\u015bcie:<\/strong> 5,1 V 5 A 9 V 3 A 12 V 3 A 15 V 3 A 20 V 5 A<\/li>\n<li><strong>Wymiar: <\/strong>65*65*29MM<\/li>\n<li><strong>Projekt:<\/strong> z\u0142\u00f3\u017c\/roz\u0142\u00f3\u017c wtyczk\u0119 ameryka\u0144sk\u0105<\/li>\n<li><strong>Kolor:<\/strong> Czarny<\/li>\n<li><strong>Certyfikat:<\/strong> UL FCC CE CB UKCA<\/li>\n<li><strong>Kabel:<\/strong> Kabel typu C o d\u0142ugo\u015bci 1,5 m<\/li>\n<li><strong>Czas realizacji produkcji:<\/strong> 30 dni<\/li>\n<li><strong>Gwarancja:<\/strong> 2 lata<\/li>\n<\/ul>","protected":false},"excerpt":{"rendered":"<p>\u0141adowarka USB C 100 W zapewnia do 100 wat\u00f3w mocy do \u0142adowania laptopa. Ta moc jest wystarczaj\u0105ca dla wielu nowoczesnych laptop\u00f3w, w tym laptop\u00f3w do gier i tych z procesorami i kartami graficznymi o du\u017cym zapotrzebowaniu na energi\u0119.<\/p>\n<p>Ta \u0142adowarka do laptopa posiada og\u00f3lno\u015bwiatow\u0105 certyfikacj\u0119<\/p>\n<p>Wtyczka ameryka\u0144ska mo\u017ce by\u0107 zaprojektowana jako sk\u0142adana lub niesk\u0142adana<\/p>\n<p>Ta \u0142adowarka do laptopa jest wyposa\u017cona w wymienn\u0105 wtyczk\u0119 ameryka\u0144sk\u0105, europejsk\u0105, brytyjsk\u0105 i australijsk\u0105, dzi\u0119ki czemu mo\u017cna j\u0105 zabra\u0107 w podr\u00f3\u017c s\u0142u\u017cbow\u0105 do r\u00f3\u017cnych kraj\u00f3w, nie musisz si\u0119 wi\u0119c martwi\u0107 o problemy z gniazdem AC w r\u00f3\u017cnych krajach.<\/p>","protected":false},"featured_media":7319,"comment_status":"open","ping_status":"closed","template":"","meta":{"rank_math_lock_modified_date":false,"site-sidebar-layout":"default","site-content-layout":"","ast-site-content-layout":"default","site-content-style":"default","site-sidebar-style":"default","ast-global-header-display":"","ast-banner-title-visibility":"","ast-main-header-display":"","ast-hfb-above-header-display":"","ast-hfb-below-header-display":"","ast-hfb-mobile-header-display":"","site-post-title":"","ast-breadcrumbs-content":"","ast-featured-img":"","footer-sml-layout":"","ast-disable-related-posts":"","theme-transparent-header-meta":"default","adv-header-id-meta":"","stick-header-meta":"","header-above-stick-meta":"","header-main-stick-meta":"","header-below-stick-meta":"","astra-migrate-meta-layouts":"set","ast-page-background-enabled":"default","ast-page-background-meta":{"desktop":{"background-color":"","background-image":"","background-repeat":"repeat","background-position":"center center","background-size":"auto","background-attachment":"scroll","background-type":"","background-media":"","overlay-type":"","overlay-color":"","overlay-opacity":"","overlay-gradient":""},"tablet":{"background-color":"","background-image":"","background-repeat":"repeat","background-position":"center center","background-size":"auto","background-attachment":"scroll","background-type":"","background-media":"","overlay-type":"","overlay-color":"","overlay-opacity":"","overlay-gradient":""},"mobile":{"background-color":"","background-image":"","background-repeat":"repeat","background-position":"center center","background-size":"auto","background-attachment":"scroll","background-type":"","background-media":"","overlay-type":"","overlay-color":"","overlay-opacity":"","overlay-gradient":""}},"ast-content-background-meta":{"desktop":{"background-color":"var(--ast-global-color-5)","background-image":"","background-repeat":"repeat","background-position":"center center","background-size":"auto","background-attachment":"scroll","background-type":"","background-media":"","overlay-type":"","overlay-color":"","overlay-opacity":"","overlay-gradient":""},"tablet":{"background-color":"var(--ast-global-color-5)","background-image":"","background-repeat":"repeat","background-position":"center center","background-size":"auto","background-attachment":"scroll","background-type":"","background-media":"","overlay-type":"","overlay-color":"","overlay-opacity":"","overlay-gradient":""},"mobile":{"background-color":"var(--ast-global-color-5)","background-image":"","background-repeat":"repeat","background-position":"center center","background-size":"auto","background-attachment":"scroll","background-type":"","background-media":"","overlay-type":"","overlay-color":"","overlay-opacity":"","overlay-gradient":""}}},"product_cat":[43],"product_tag":[],"class_list":{"0":"post-7242","1":"product","2":"type-product","3":"status-publish","4":"has-post-thumbnail","6":"product_cat-wall-charger","7":"desktop-align-center","8":"tablet-align-center","9":"mobile-align-center","11":"first","12":"instock","13":"shipping-taxable","14":"product-type-simple"},"_links":{"self":[{"href":"https:\/\/imiapower.com\/pl\/wp-json\/wp\/v2\/product\/7242","targetHints":{"allow":["GET"]}}],"collection":[{"href":"https:\/\/imiapower.com\/pl\/wp-json\/wp\/v2\/product"}],"about":[{"href":"https:\/\/imiapower.com\/pl\/wp-json\/wp\/v2\/types\/product"}],"replies":[{"embeddable":true,"href":"https:\/\/imiapower.com\/pl\/wp-json\/wp\/v2\/comments?post=7242"}],"version-history":[{"count":4,"href":"https:\/\/imiapower.com\/pl\/wp-json\/wp\/v2\/product\/7242\/revisions"}],"predecessor-version":[{"id":8277,"href":"https:\/\/imiapower.com\/pl\/wp-json\/wp\/v2\/product\/7242\/revisions\/8277"}],"wp:featuredmedia":[{"embeddable":true,"href":"https:\/\/imiapower.com\/pl\/wp-json\/wp\/v2\/media\/7319"}],"wp:attachment":[{"href":"https:\/\/imiapower.com\/pl\/wp-json\/wp\/v2\/media?parent=7242"}],"wp:term":[{"taxonomy":"product_cat","embeddable":true,"href":"https:\/\/imiapower.com\/pl\/wp-json\/wp\/v2\/product_cat?post=7242"},{"taxonomy":"product_tag","embeddable":true,"href":"https:\/\/imiapower.com\/pl\/wp-json\/wp\/v2\/product_tag?post=7242"}],"curies":[{"name":"wp","href":"https:\/\/api.w.org\/{rel}","templated":true}]}}