{"id":7253,"date":"2024-03-25T01:06:26","date_gmt":"2024-03-25T01:06:26","guid":{"rendered":"https:\/\/imia.com.cn\/?post_type=product&#038;p=7253"},"modified":"2024-04-30T08:36:36","modified_gmt":"2024-04-30T08:36:36","slug":"usb-c-30w-charger","status":"publish","type":"product","link":"https:\/\/imiapower.com\/pl\/products\/wall-charger\/usb-c-30w-charger\/","title":{"rendered":"Zalet\u0105 producenta \u0142adowarki USB C 30 W"},"content":{"rendered":"<ul>\n<li><strong>\u0141adowarka USB C 30W<\/strong><\/li>\n<li><strong>Wej\u015bcie:<\/strong> 100 ~ 250 V\/AC 50-60 Hz<\/li>\n<li><strong>Moc wyj\u015bciowa 20 w:<\/strong> 5V3A\/9V2.25\/12V1.67A (maks. 20W)<\/li>\n<li><strong>Moc wyj\u015bciowa 25 w:<\/strong> 5V3A, 9V2.77A 12V2.08A (maks. 25W)<\/li>\n<li><strong>Moc wyj\u015bciowa 30 w:<\/strong> 5V3A\/9V3A\/12V1.5A\/15V2A\/20V1.5A<\/li>\n<\/ul>","protected":false},"excerpt":{"rendered":"<p>Ta konstrukcja \u0142adowarki PD mo\u017ce zapewni\u0107 klientom moc 20 W, 25 W, 30 W i r\u00f3\u017cne mo\u017cliwo\u015bci wyboru, ta \u0142adowarka ma dwukolorow\u0105 konstrukcj\u0119 i powierzchni\u0119 z przezroczyst\u0105 obudow\u0105<\/p>","protected":false},"featured_media":7328,"comment_status":"open","ping_status":"closed","template":"","meta":{"rank_math_lock_modified_date":false,"site-sidebar-layout":"default","site-content-layout":"","ast-site-content-layout":"default","site-content-style":"default","site-sidebar-style":"default","ast-global-header-display":"","ast-banner-title-visibility":"","ast-main-header-display":"","ast-hfb-above-header-display":"","ast-hfb-below-header-display":"","ast-hfb-mobile-header-display":"","site-post-title":"","ast-breadcrumbs-content":"","ast-featured-img":"","footer-sml-layout":"","ast-disable-related-posts":"","theme-transparent-header-meta":"default","adv-header-id-meta":"","stick-header-meta":"","header-above-stick-meta":"","header-main-stick-meta":"","header-below-stick-meta":"","astra-migrate-meta-layouts":"set","ast-page-background-enabled":"default","ast-page-background-meta":{"desktop":{"background-color":"","background-image":"","background-repeat":"repeat","background-position":"center center","background-size":"auto","background-attachment":"scroll","background-type":"","background-media":"","overlay-type":"","overlay-color":"","overlay-opacity":"","overlay-gradient":""},"tablet":{"background-color":"","background-image":"","background-repeat":"repeat","background-position":"center center","background-size":"auto","background-attachment":"scroll","background-type":"","background-media":"","overlay-type":"","overlay-color":"","overlay-opacity":"","overlay-gradient":""},"mobile":{"background-color":"","background-image":"","background-repeat":"repeat","background-position":"center center","background-size":"auto","background-attachment":"scroll","background-type":"","background-media":"","overlay-type":"","overlay-color":"","overlay-opacity":"","overlay-gradient":""}},"ast-content-background-meta":{"desktop":{"background-color":"var(--ast-global-color-5)","background-image":"","background-repeat":"repeat","background-position":"center center","background-size":"auto","background-attachment":"scroll","background-type":"","background-media":"","overlay-type":"","overlay-color":"","overlay-opacity":"","overlay-gradient":""},"tablet":{"background-color":"var(--ast-global-color-5)","background-image":"","background-repeat":"repeat","background-position":"center center","background-size":"auto","background-attachment":"scroll","background-type":"","background-media":"","overlay-type":"","overlay-color":"","overlay-opacity":"","overlay-gradient":""},"mobile":{"background-color":"var(--ast-global-color-5)","background-image":"","background-repeat":"repeat","background-position":"center center","background-size":"auto","background-attachment":"scroll","background-type":"","background-media":"","overlay-type":"","overlay-color":"","overlay-opacity":"","overlay-gradient":""}}},"product_cat":[43],"product_tag":[],"class_list":{"0":"post-7253","1":"product","2":"type-product","3":"status-publish","4":"has-post-thumbnail","6":"product_cat-wall-charger","7":"desktop-align-center","8":"tablet-align-center","9":"mobile-align-center","11":"first","12":"instock","13":"shipping-taxable","14":"product-type-simple"},"_links":{"self":[{"href":"https:\/\/imiapower.com\/pl\/wp-json\/wp\/v2\/product\/7253","targetHints":{"allow":["GET"]}}],"collection":[{"href":"https:\/\/imiapower.com\/pl\/wp-json\/wp\/v2\/product"}],"about":[{"href":"https:\/\/imiapower.com\/pl\/wp-json\/wp\/v2\/types\/product"}],"replies":[{"embeddable":true,"href":"https:\/\/imiapower.com\/pl\/wp-json\/wp\/v2\/comments?post=7253"}],"version-history":[{"count":0,"href":"https:\/\/imiapower.com\/pl\/wp-json\/wp\/v2\/product\/7253\/revisions"}],"wp:featuredmedia":[{"embeddable":true,"href":"https:\/\/imiapower.com\/pl\/wp-json\/wp\/v2\/media\/7328"}],"wp:attachment":[{"href":"https:\/\/imiapower.com\/pl\/wp-json\/wp\/v2\/media?parent=7253"}],"wp:term":[{"taxonomy":"product_cat","embeddable":true,"href":"https:\/\/imiapower.com\/pl\/wp-json\/wp\/v2\/product_cat?post=7253"},{"taxonomy":"product_tag","embeddable":true,"href":"https:\/\/imiapower.com\/pl\/wp-json\/wp\/v2\/product_tag?post=7253"}],"curies":[{"name":"wp","href":"https:\/\/api.w.org\/{rel}","templated":true}]}}