{"id":7294,"date":"2024-03-27T01:11:20","date_gmt":"2024-03-27T01:11:20","guid":{"rendered":"https:\/\/imia.com.cn\/?post_type=product&#038;p=7294"},"modified":"2026-01-05T08:21:21","modified_gmt":"2026-01-05T08:21:21","slug":"usb-mains-charger","status":"publish","type":"product","link":"https:\/\/imiapower.com\/pl\/products\/power-adapter\/usb-mains-charger\/","title":{"rendered":"Bezpo\u015brednia \u0142adowarka sieciowa USB z kablem typu C"},"content":{"rendered":"<ul>\n<li><strong>\u0141adowarka sieciowa USB<\/strong><\/li>\n<li><strong>Wej\u015bcie:<\/strong>100 ~ 250 V\/AC 50-60 Hz<\/li>\n<li><strong>Wyj\u015bcie:<\/strong> 5V2.4A<\/li>\n<li><strong>Kabel:<\/strong> Kabel 1m typu C<\/li>\n<li><strong>Materia\u0142:<\/strong> ABS<\/li>\n<\/ul>","protected":false},"excerpt":{"rendered":"<p>Ta \u0142adowarka z kablem typu c o d\u0142ugo\u015bci 1 m jest wygodna do \u0142adowania urz\u0105dze\u0144 elektronicznych bez konieczno\u015bci noszenia osobnego kabla, z wyj\u0105tkiem \u0142adowania telefonu, mo\u017ce tak\u017ce \u0142adowa\u0107 ma\u0142e urz\u0105dzenia domowe, takie jak wentylator, nawil\u017cacz itp.<\/p>","protected":false},"featured_media":7307,"comment_status":"open","ping_status":"closed","template":"","meta":{"rank_math_lock_modified_date":false,"site-sidebar-layout":"default","site-content-layout":"","ast-site-content-layout":"default","site-content-style":"default","site-sidebar-style":"default","ast-global-header-display":"","ast-banner-title-visibility":"","ast-main-header-display":"","ast-hfb-above-header-display":"","ast-hfb-below-header-display":"","ast-hfb-mobile-header-display":"","site-post-title":"","ast-breadcrumbs-content":"","ast-featured-img":"","footer-sml-layout":"","ast-disable-related-posts":"","theme-transparent-header-meta":"default","adv-header-id-meta":"","stick-header-meta":"","header-above-stick-meta":"","header-main-stick-meta":"","header-below-stick-meta":"","astra-migrate-meta-layouts":"set","ast-page-background-enabled":"default","ast-page-background-meta":{"desktop":{"background-color":"","background-image":"","background-repeat":"repeat","background-position":"center center","background-size":"auto","background-attachment":"scroll","background-type":"","background-media":"","overlay-type":"","overlay-color":"","overlay-opacity":"","overlay-gradient":""},"tablet":{"background-color":"","background-image":"","background-repeat":"repeat","background-position":"center center","background-size":"auto","background-attachment":"scroll","background-type":"","background-media":"","overlay-type":"","overlay-color":"","overlay-opacity":"","overlay-gradient":""},"mobile":{"background-color":"","background-image":"","background-repeat":"repeat","background-position":"center center","background-size":"auto","background-attachment":"scroll","background-type":"","background-media":"","overlay-type":"","overlay-color":"","overlay-opacity":"","overlay-gradient":""}},"ast-content-background-meta":{"desktop":{"background-color":"var(--ast-global-color-5)","background-image":"","background-repeat":"repeat","background-position":"center center","background-size":"auto","background-attachment":"scroll","background-type":"","background-media":"","overlay-type":"","overlay-color":"","overlay-opacity":"","overlay-gradient":""},"tablet":{"background-color":"var(--ast-global-color-5)","background-image":"","background-repeat":"repeat","background-position":"center center","background-size":"auto","background-attachment":"scroll","background-type":"","background-media":"","overlay-type":"","overlay-color":"","overlay-opacity":"","overlay-gradient":""},"mobile":{"background-color":"var(--ast-global-color-5)","background-image":"","background-repeat":"repeat","background-position":"center center","background-size":"auto","background-attachment":"scroll","background-type":"","background-media":"","overlay-type":"","overlay-color":"","overlay-opacity":"","overlay-gradient":""}}},"product_cat":[58],"product_tag":[],"class_list":{"0":"post-7294","1":"product","2":"type-product","3":"status-publish","4":"has-post-thumbnail","6":"product_cat-power-adapter","7":"desktop-align-center","8":"tablet-align-center","9":"mobile-align-center","11":"first","12":"instock","13":"shipping-taxable","14":"product-type-simple"},"_links":{"self":[{"href":"https:\/\/imiapower.com\/pl\/wp-json\/wp\/v2\/product\/7294","targetHints":{"allow":["GET"]}}],"collection":[{"href":"https:\/\/imiapower.com\/pl\/wp-json\/wp\/v2\/product"}],"about":[{"href":"https:\/\/imiapower.com\/pl\/wp-json\/wp\/v2\/types\/product"}],"replies":[{"embeddable":true,"href":"https:\/\/imiapower.com\/pl\/wp-json\/wp\/v2\/comments?post=7294"}],"version-history":[{"count":1,"href":"https:\/\/imiapower.com\/pl\/wp-json\/wp\/v2\/product\/7294\/revisions"}],"predecessor-version":[{"id":8268,"href":"https:\/\/imiapower.com\/pl\/wp-json\/wp\/v2\/product\/7294\/revisions\/8268"}],"wp:featuredmedia":[{"embeddable":true,"href":"https:\/\/imiapower.com\/pl\/wp-json\/wp\/v2\/media\/7307"}],"wp:attachment":[{"href":"https:\/\/imiapower.com\/pl\/wp-json\/wp\/v2\/media?parent=7294"}],"wp:term":[{"taxonomy":"product_cat","embeddable":true,"href":"https:\/\/imiapower.com\/pl\/wp-json\/wp\/v2\/product_cat?post=7294"},{"taxonomy":"product_tag","embeddable":true,"href":"https:\/\/imiapower.com\/pl\/wp-json\/wp\/v2\/product_tag?post=7294"}],"curies":[{"name":"wp","href":"https:\/\/api.w.org\/{rel}","templated":true}]}}