{"id":7392,"date":"2024-04-07T07:08:13","date_gmt":"2024-04-07T07:08:13","guid":{"rendered":"https:\/\/imiapower.com\/?post_type=product&#038;p=7392"},"modified":"2024-04-30T08:36:31","modified_gmt":"2024-04-30T08:36:31","slug":"45w-type-c-charger","status":"publish","type":"product","link":"https:\/\/imiapower.com\/pl\/products\/wall-charger\/45w-type-c-charger\/","title":{"rendered":"Sk\u0142adana \u0142adowarka typu c o mocy 45 W z bezp\u0142atnymi pr\u00f3bkami"},"content":{"rendered":"<ul>\n<li><strong>\u0141adowarka typu C o mocy 45 W<\/strong><\/li>\n<li><strong>Wej\u015bcie: <\/strong>100 ~ 240 V\/AC 50-60 Hz 1,2 A<\/li>\n<li><strong>Wyj\u015bcie typu C:<\/strong> 5V3A 9V3A 12V3A 15V3A 20V2.25A (MAKS. 45W)<\/li>\n<li><strong>Wyj\u015bcie USB:<\/strong> 5V3A 9V2A 12V1.5A (MAKS. 18W)<\/li>\n<li><strong>Typ C + USB:<\/strong> 5V3AMXA15W<\/li>\n<li><strong>Wtyczka:<\/strong> USA\/Wielka Brytania\/UE<\/li>\n<li><strong>Materia\u0142y:<\/strong> Materia\u0142 ognioodporny PC, klasa V0 UL94<\/li>\n<li><strong>Certyfikat:<\/strong> CE, FCC, Rohs<\/li>\n<li><strong>Kolor:<\/strong> Bia\u0142y<\/li>\n<\/ul>","protected":false},"excerpt":{"rendered":"<p>\u0141adowarka typu C 45 W Wej\u015bcie: 100~240 V\/AC 50-60 Hz 1,2 A Wyj\u015bcie typu C: 5 V 3 A 9 V 3 A 12 V 3 A 15 V 3 A 20 V 2,25 A (maks. 45 W) Wyj\u015bcie USB: 5 V 3 A 9 V 2 A 12 V 1,5 A (maks. 18 W) Typ C + USB: 5 V 3 A MXA15 W Wtyczka: US\/UK\/EU Materia\u0142y: ognioodporny materia\u0142 PC, klasa V0 UL94 Certyfikaty: CE, FCC, Rohs Kolor: bia\u0142y<\/p>","protected":false},"featured_media":7394,"comment_status":"open","ping_status":"closed","template":"","meta":{"rank_math_lock_modified_date":false,"site-sidebar-layout":"default","site-content-layout":"","ast-site-content-layout":"default","site-content-style":"default","site-sidebar-style":"default","ast-global-header-display":"","ast-banner-title-visibility":"","ast-main-header-display":"","ast-hfb-above-header-display":"","ast-hfb-below-header-display":"","ast-hfb-mobile-header-display":"","site-post-title":"","ast-breadcrumbs-content":"","ast-featured-img":"","footer-sml-layout":"","ast-disable-related-posts":"","theme-transparent-header-meta":"default","adv-header-id-meta":"","stick-header-meta":"","header-above-stick-meta":"","header-main-stick-meta":"","header-below-stick-meta":"","astra-migrate-meta-layouts":"set","ast-page-background-enabled":"default","ast-page-background-meta":{"desktop":{"background-color":"","background-image":"","background-repeat":"repeat","background-position":"center center","background-size":"auto","background-attachment":"scroll","background-type":"","background-media":"","overlay-type":"","overlay-color":"","overlay-opacity":"","overlay-gradient":""},"tablet":{"background-color":"","background-image":"","background-repeat":"repeat","background-position":"center center","background-size":"auto","background-attachment":"scroll","background-type":"","background-media":"","overlay-type":"","overlay-color":"","overlay-opacity":"","overlay-gradient":""},"mobile":{"background-color":"","background-image":"","background-repeat":"repeat","background-position":"center center","background-size":"auto","background-attachment":"scroll","background-type":"","background-media":"","overlay-type":"","overlay-color":"","overlay-opacity":"","overlay-gradient":""}},"ast-content-background-meta":{"desktop":{"background-color":"var(--ast-global-color-5)","background-image":"","background-repeat":"repeat","background-position":"center center","background-size":"auto","background-attachment":"scroll","background-type":"","background-media":"","overlay-type":"","overlay-color":"","overlay-opacity":"","overlay-gradient":""},"tablet":{"background-color":"var(--ast-global-color-5)","background-image":"","background-repeat":"repeat","background-position":"center center","background-size":"auto","background-attachment":"scroll","background-type":"","background-media":"","overlay-type":"","overlay-color":"","overlay-opacity":"","overlay-gradient":""},"mobile":{"background-color":"var(--ast-global-color-5)","background-image":"","background-repeat":"repeat","background-position":"center center","background-size":"auto","background-attachment":"scroll","background-type":"","background-media":"","overlay-type":"","overlay-color":"","overlay-opacity":"","overlay-gradient":""}}},"product_cat":[43],"product_tag":[],"class_list":{"0":"post-7392","1":"product","2":"type-product","3":"status-publish","4":"has-post-thumbnail","6":"product_cat-wall-charger","7":"desktop-align-center","8":"tablet-align-center","9":"mobile-align-center","11":"first","12":"instock","13":"shipping-taxable","14":"product-type-simple"},"_links":{"self":[{"href":"https:\/\/imiapower.com\/pl\/wp-json\/wp\/v2\/product\/7392","targetHints":{"allow":["GET"]}}],"collection":[{"href":"https:\/\/imiapower.com\/pl\/wp-json\/wp\/v2\/product"}],"about":[{"href":"https:\/\/imiapower.com\/pl\/wp-json\/wp\/v2\/types\/product"}],"replies":[{"embeddable":true,"href":"https:\/\/imiapower.com\/pl\/wp-json\/wp\/v2\/comments?post=7392"}],"version-history":[{"count":0,"href":"https:\/\/imiapower.com\/pl\/wp-json\/wp\/v2\/product\/7392\/revisions"}],"wp:featuredmedia":[{"embeddable":true,"href":"https:\/\/imiapower.com\/pl\/wp-json\/wp\/v2\/media\/7394"}],"wp:attachment":[{"href":"https:\/\/imiapower.com\/pl\/wp-json\/wp\/v2\/media?parent=7392"}],"wp:term":[{"taxonomy":"product_cat","embeddable":true,"href":"https:\/\/imiapower.com\/pl\/wp-json\/wp\/v2\/product_cat?post=7392"},{"taxonomy":"product_tag","embeddable":true,"href":"https:\/\/imiapower.com\/pl\/wp-json\/wp\/v2\/product_tag?post=7392"}],"curies":[{"name":"wp","href":"https:\/\/api.w.org\/{rel}","templated":true}]}}