{"id":7654,"date":"2024-05-14T07:26:31","date_gmt":"2024-05-14T07:26:31","guid":{"rendered":"https:\/\/imiapower.com\/?post_type=product&#038;p=7654"},"modified":"2026-01-15T03:25:55","modified_gmt":"2026-01-15T03:25:55","slug":"eu-travel-adapter","status":"publish","type":"product","link":"https:\/\/imiapower.com\/pl\/products\/travel-adapter\/eu-travel-adapter\/","title":{"rendered":"Niedrogi zasilacz podr\u00f3\u017cny o mocy 35 W dla UE"},"content":{"rendered":"<ul>\n<li><strong>Adapter podr\u00f3\u017cny EU<\/strong><\/li>\n<li style=\"text-align: left;\"><strong>Wej\u015bcie :<\/strong> AC 100 ~ 250 V maks. 50 ~ 60 Hz, 0,8 A \/ 2500 W maks.<\/li>\n<li style=\"text-align: left;\"><strong>Wyj\u015bcie C1:<\/strong> 5 V 3,0 A, 9 V 3,0 A, 12 V 2,9 A, 15 V 2,33 A, 20 V 1,75 A 35 W maks.<\/li>\n<li style=\"text-align: left;\"><strong>PPS:<\/strong> 3,3 V~11 V 3 A, 3,3 V~16 V 2,18 A PPS 35 W maks.<\/li>\n<li style=\"text-align: left;\"><strong>Wyj\u015bcie C2\/C3 :<\/strong> 5 V 3 A 15 W Maks<\/li>\n<li style=\"text-align: left;\"><strong>Wyj\u015bcie C1+C2+C3:<\/strong> PD20W +C2+C3: maks. 15 W<\/li>\n<li style=\"text-align: left;\"><strong>Wyj\u015bcie USB-A1\/A2:<\/strong> 5 V 2,4 A 12 W Maks<\/li>\n<li style=\"text-align: left;\"><strong>Wyj\u015bcie C1+USB-A1\/A2:<\/strong> PD20W + 12W Maks<\/li>\n<li style=\"text-align: left;\"><strong>Wyj\u015bcie C1+C2+C3+USB-A1+A2:<\/strong> C1: PD20W + inne porty 15 W maks<\/li>\n<li style=\"text-align: left;\"><strong>Ca\u0142kowita moc wyj\u015bciowa:<\/strong> Maks. 35 W<\/li>\n<li style=\"text-align: left;\"><strong>Warto\u015b\u0107 bezpiecznika:<\/strong> 10 A<\/li>\n<li><strong>Materia\u0142:<\/strong> zwolni\u0142em komputer<\/li>\n<li><strong>Rozmiar: <\/strong>72x52x57mm<\/li>\n<li><strong>Uwaga:<\/strong> UE\/AU\/UK\/USA wszystko w jednym mo\u017ce by\u0107 u\u017cywane w ponad 170 krajach<\/li>\n<\/ul>","protected":false},"excerpt":{"rendered":"<p><img fetchpriority=\"high\" decoding=\"async\" class=\"alignnone wp-image-8688 size-full\" src=\"https:\/\/imiapower.com\/wp-content\/uploads\/Power-Adapter-1.jpg\" alt=\"adapter podr\u00f3\u017cny UE\" width=\"800\" height=\"800\" srcset=\"https:\/\/imiapower.com\/wp-content\/uploads\/Power-Adapter-1.jpg 800w, https:\/\/imiapower.com\/wp-content\/uploads\/Power-Adapter-1-300x300.jpg 300w, https:\/\/imiapower.com\/wp-content\/uploads\/Power-Adapter-1-100x100.jpg 100w, https:\/\/imiapower.com\/wp-content\/uploads\/Power-Adapter-1-600x600.jpg 600w, https:\/\/imiapower.com\/wp-content\/uploads\/Power-Adapter-1-64x64.jpg 64w, https:\/\/imiapower.com\/wp-content\/uploads\/Power-Adapter-1-150x150.jpg 150w, https:\/\/imiapower.com\/wp-content\/uploads\/Power-Adapter-1-768x768.jpg 768w, https:\/\/imiapower.com\/wp-content\/uploads\/Power-Adapter-1-12x12.jpg 12w\" sizes=\"(max-width: 800px) 100vw, 800px\" \/> <img decoding=\"async\" class=\"alignnone wp-image-8689 size-full\" src=\"https:\/\/imiapower.com\/wp-content\/uploads\/Power-Adapter-2.jpg\" alt=\"adapter podr\u00f3\u017cny UE\" width=\"800\" height=\"800\" srcset=\"https:\/\/imiapower.com\/wp-content\/uploads\/Power-Adapter-2.jpg 800w, https:\/\/imiapower.com\/wp-content\/uploads\/Power-Adapter-2-300x300.jpg 300w, https:\/\/imiapower.com\/wp-content\/uploads\/Power-Adapter-2-100x100.jpg 100w, https:\/\/imiapower.com\/wp-content\/uploads\/Power-Adapter-2-600x600.jpg 600w, https:\/\/imiapower.com\/wp-content\/uploads\/Power-Adapter-2-64x64.jpg 64w, https:\/\/imiapower.com\/wp-content\/uploads\/Power-Adapter-2-150x150.jpg 150w, https:\/\/imiapower.com\/wp-content\/uploads\/Power-Adapter-2-768x768.jpg 768w, https:\/\/imiapower.com\/wp-content\/uploads\/Power-Adapter-2-12x12.jpg 12w\" sizes=\"(max-width: 800px) 100vw, 800px\" \/><\/p>\n<p>Ten adapter podr\u00f3\u017cny do UE jest niezb\u0119dnym produktem podczas podr\u00f3\u017cy do innego kraju, poniewa\u017c w r\u00f3\u017cnych krajach wtyczka \u0142adowania jest inna, ten adapter zawiera wtyczki UE, USA, Australii i Wielkiej Brytanii, mo\u017ce spe\u0142ni\u0107 wymagania wi\u0119kszo\u015bci kraj\u00f3w dotycz\u0105ce wtyczek<\/p>\n<p>W przypadku tego uniwersalnego adaptera podr\u00f3\u017cnego zastosowali\u015bmy popularne certyfikaty, takie jak CE, UKCA, FCC, LVD, ERP, REACH, ROHS<\/p>\n<p>Ten adapter podr\u00f3\u017cny UE wykorzystuje rozwi\u0105zania w zakresie dystrybucji zasilania, jest to najpopularniejsze na rynku rozwi\u0105zanie dla wieloportowych urz\u0105dze\u0144 \u0142aduj\u0105cych, kt\u00f3re zapewnia \u0142adowanie bez roz\u0142\u0105czania<\/p>\n<p>Klienci mog\u0105 wybra\u0107, czy chc\u0105 zaprojektowa\u0107 niestandardowe logo ze \u015bwiat\u0142em LED<\/p>\n<p>Adapter podr\u00f3\u017cny z dwoma bezpiecznikami 10A skutecznie chroni Twoje urz\u0105dzenia i chroni urz\u0105dzenia elektryczne podczas ich u\u017cywania<\/p>\n<p>Obs\u0142uga dzikiego napi\u0119cia od 100 V\u2013250 V\/10 A (1000 W\u20132500 W)<\/p>\n<p>Dzi\u0119ki niewielkim rozmiarom i lekko\u015bci jest bardzo \u0142atwy do przenoszenia, gdy wychodzimy na zewn\u0105trz<\/p>\n<p>Instrukcja obs\u0142ugi<\/p>\n<p><img decoding=\"async\" class=\"alignnone wp-image-9877 size-large\" style=\"font-style: inherit; font-weight: inherit;\" src=\"https:\/\/imiapower.com\/wp-content\/uploads\/\u5fae\u4fe1\u56fe\u7247_20260115111346_139_100-1024x620.png\" alt=\"adapter podr\u00f3\u017cny UE\" width=\"1024\" height=\"620\" srcset=\"https:\/\/imiapower.com\/wp-content\/uploads\/\u5fae\u4fe1\u56fe\u7247_20260115111346_139_100-1024x620.png 1024w, https:\/\/imiapower.com\/wp-content\/uploads\/\u5fae\u4fe1\u56fe\u7247_20260115111346_139_100-300x182.png 300w, https:\/\/imiapower.com\/wp-content\/uploads\/\u5fae\u4fe1\u56fe\u7247_20260115111346_139_100-768x465.png 768w, https:\/\/imiapower.com\/wp-content\/uploads\/\u5fae\u4fe1\u56fe\u7247_20260115111346_139_100-18x12.png 18w, https:\/\/imiapower.com\/wp-content\/uploads\/\u5fae\u4fe1\u56fe\u7247_20260115111346_139_100-600x363.png 600w, https:\/\/imiapower.com\/wp-content\/uploads\/\u5fae\u4fe1\u56fe\u7247_20260115111346_139_100-64x39.png 64w, https:\/\/imiapower.com\/wp-content\/uploads\/\u5fae\u4fe1\u56fe\u7247_20260115111346_139_100.png 1133w\" sizes=\"(max-width: 1024px) 100vw, 1024px\" \/><\/p>\n<p>Dost\u0119pny pakiet<\/p>\n<p><img loading=\"lazy\" decoding=\"async\" class=\"alignnone size-full wp-image-9878\" src=\"https:\/\/imiapower.com\/wp-content\/uploads\/converted-2-17.webp\" alt=\"Adapter podr\u00f3\u017cny UE\" width=\"1024\" height=\"335\" srcset=\"https:\/\/imiapower.com\/wp-content\/uploads\/converted-2-17.webp 1024w, https:\/\/imiapower.com\/wp-content\/uploads\/converted-2-17-300x98.webp 300w, https:\/\/imiapower.com\/wp-content\/uploads\/converted-2-17-768x251.webp 768w, https:\/\/imiapower.com\/wp-content\/uploads\/converted-2-17-18x6.webp 18w, https:\/\/imiapower.com\/wp-content\/uploads\/converted-2-17-600x196.webp 600w, https:\/\/imiapower.com\/wp-content\/uploads\/converted-2-17-64x21.webp 64w\" sizes=\"(max-width: 1024px) 100vw, 1024px\" \/><\/p>\n<p>&nbsp;<\/p>\n<p>&nbsp;<\/p>","protected":false},"featured_media":7732,"comment_status":"open","ping_status":"closed","template":"","meta":{"rank_math_lock_modified_date":false,"site-sidebar-layout":"default","site-content-layout":"","ast-site-content-layout":"default","site-content-style":"default","site-sidebar-style":"default","ast-global-header-display":"","ast-banner-title-visibility":"","ast-main-header-display":"","ast-hfb-above-header-display":"","ast-hfb-below-header-display":"","ast-hfb-mobile-header-display":"","site-post-title":"","ast-breadcrumbs-content":"","ast-featured-img":"","footer-sml-layout":"","ast-disable-related-posts":"","theme-transparent-header-meta":"default","adv-header-id-meta":"","stick-header-meta":"","header-above-stick-meta":"","header-main-stick-meta":"","header-below-stick-meta":"","astra-migrate-meta-layouts":"set","ast-page-background-enabled":"default","ast-page-background-meta":{"desktop":{"background-color":"","background-image":"","background-repeat":"repeat","background-position":"center center","background-size":"auto","background-attachment":"scroll","background-type":"","background-media":"","overlay-type":"","overlay-color":"","overlay-opacity":"","overlay-gradient":""},"tablet":{"background-color":"","background-image":"","background-repeat":"repeat","background-position":"center center","background-size":"auto","background-attachment":"scroll","background-type":"","background-media":"","overlay-type":"","overlay-color":"","overlay-opacity":"","overlay-gradient":""},"mobile":{"background-color":"","background-image":"","background-repeat":"repeat","background-position":"center center","background-size":"auto","background-attachment":"scroll","background-type":"","background-media":"","overlay-type":"","overlay-color":"","overlay-opacity":"","overlay-gradient":""}},"ast-content-background-meta":{"desktop":{"background-color":"var(--ast-global-color-5)","background-image":"","background-repeat":"repeat","background-position":"center center","background-size":"auto","background-attachment":"scroll","background-type":"","background-media":"","overlay-type":"","overlay-color":"","overlay-opacity":"","overlay-gradient":""},"tablet":{"background-color":"var(--ast-global-color-5)","background-image":"","background-repeat":"repeat","background-position":"center center","background-size":"auto","background-attachment":"scroll","background-type":"","background-media":"","overlay-type":"","overlay-color":"","overlay-opacity":"","overlay-gradient":""},"mobile":{"background-color":"var(--ast-global-color-5)","background-image":"","background-repeat":"repeat","background-position":"center center","background-size":"auto","background-attachment":"scroll","background-type":"","background-media":"","overlay-type":"","overlay-color":"","overlay-opacity":"","overlay-gradient":""}}},"product_cat":[64],"product_tag":[],"class_list":{"0":"post-7654","1":"product","2":"type-product","3":"status-publish","4":"has-post-thumbnail","6":"product_cat-travel-adapter","7":"desktop-align-center","8":"tablet-align-center","9":"mobile-align-center","11":"first","12":"instock","13":"featured","14":"shipping-taxable","15":"product-type-simple"},"_links":{"self":[{"href":"https:\/\/imiapower.com\/pl\/wp-json\/wp\/v2\/product\/7654","targetHints":{"allow":["GET"]}}],"collection":[{"href":"https:\/\/imiapower.com\/pl\/wp-json\/wp\/v2\/product"}],"about":[{"href":"https:\/\/imiapower.com\/pl\/wp-json\/wp\/v2\/types\/product"}],"replies":[{"embeddable":true,"href":"https:\/\/imiapower.com\/pl\/wp-json\/wp\/v2\/comments?post=7654"}],"version-history":[{"count":14,"href":"https:\/\/imiapower.com\/pl\/wp-json\/wp\/v2\/product\/7654\/revisions"}],"predecessor-version":[{"id":8687,"href":"https:\/\/imiapower.com\/pl\/wp-json\/wp\/v2\/product\/7654\/revisions\/8687"}],"wp:featuredmedia":[{"embeddable":true,"href":"https:\/\/imiapower.com\/pl\/wp-json\/wp\/v2\/media\/7732"}],"wp:attachment":[{"href":"https:\/\/imiapower.com\/pl\/wp-json\/wp\/v2\/media?parent=7654"}],"wp:term":[{"taxonomy":"product_cat","embeddable":true,"href":"https:\/\/imiapower.com\/pl\/wp-json\/wp\/v2\/product_cat?post=7654"},{"taxonomy":"product_tag","embeddable":true,"href":"https:\/\/imiapower.com\/pl\/wp-json\/wp\/v2\/product_tag?post=7654"}],"curies":[{"name":"wp","href":"https:\/\/api.w.org\/{rel}","templated":true}]}}