{"id":7695,"date":"2024-05-22T08:49:10","date_gmt":"2024-05-22T08:49:10","guid":{"rendered":"https:\/\/imiapower.com\/?post_type=product&#038;p=7695"},"modified":"2024-06-07T03:54:10","modified_gmt":"2024-06-07T03:54:10","slug":"world-travel-adapter","status":"publish","type":"product","link":"https:\/\/imiapower.com\/pl\/products\/travel-adapter\/world-travel-adapter\/","title":{"rendered":"Nowy zasilacz podr\u00f3\u017cny o mocy 45 W"},"content":{"rendered":"<ul>\n<li><strong>adapter podr\u00f3\u017cny po \u015bwiecie<\/strong><\/li>\n<li><strong>Wej\u015bcie:<\/strong> Wej\u015bcie AC: 100 ~ 250 V\/AC 50-60 Hz, wyj\u015bcie 0,8 A<\/li>\n<li><strong>Pojedyncze wyj\u015bcie Typ-C1:<\/strong>5V3A \/ 9V3A \/ 12V3A \/ 15V3A \/ 20V2.25A 45W maks.<\/li>\n<li><strong>PPS:<\/strong>3,3 V-16 V 3,0 A 3,3 V-21 V 2,25 A 45 W<\/li>\n<li><strong>Typ C2\/Typ-C3\/Typ-C4\/USB-A1:<\/strong>5V3A 15W maks<\/li>\n<li><strong>Wiele wyj\u015b\u0107 Typ-C1 + Typ-C2:<\/strong>30 W + 15 W<\/li>\n<li><strong>Typ C1:<\/strong>5V3A\/9V3A\/12V1.5A\/15V2A\/20V1.5A 30W<\/li>\n<li><strong>PPS:<\/strong>3,3-16V2A<\/li>\n<li><strong>Typ C2:<\/strong> 5V3A 15W<\/li>\n<li><strong>Typ C1+Typ-C2\/Typ-C3\/Typ-C4\/USB-A1:<\/strong>PD30W+15W<\/li>\n<li><strong>Typ C1:<\/strong>5V3A\/9V3A\/12V1.5A\/15V2A\/20V1.5A 30W<\/li>\n<li><strong>PPS:<\/strong> 3,3-16V2A<\/li>\n<li><strong>Typ C2\/Typ-C3\/Typ-C4\/USB-A1:<\/strong>5V3A 15W maks<\/li>\n<li><strong>Materia\u0142:<\/strong> Wypalany PC + metal Cooper<\/li>\n<li><strong>Rozmiar:<\/strong> 76*50,5*57mm<\/li>\n<li><strong>Stosowanie:<\/strong> UE\/AU\/UK\/USA wszystko w jednym mo\u017ce by\u0107 u\u017cywane w ponad 170 krajach<\/li>\n<li><strong>Certyfikat:<\/strong> CE, Rohs, FCC, UKCA, Zasi\u0119g, ERP<\/li>\n<\/ul>","protected":false},"excerpt":{"rendered":"<p>Ten \u015bwiatowy adapter podr\u00f3\u017cny wykorzystuje rozwi\u0105zania w zakresie dystrybucji zasilania, jest to najpopularniejsze na rynku rozwi\u0105zanie dla wieloportowych urz\u0105dze\u0144 \u0142aduj\u0105cych, kt\u00f3re zapewnia \u0142adowanie bez roz\u0142\u0105czania<\/p>\n<p>Dla tego adaptera projektujemy 4 porty typu c, aby zaspokoi\u0107 potrzeby rynku, g\u0142\u00f3wnie urz\u0105dzenia \u0142aduj\u0105ce<\/p>\n<p>Przycisk mo\u017ce wykona\u0107 niestandardowy kolor<\/p>\n<p>Adapter podr\u00f3\u017cny z dwoma bezpiecznikami 10A skutecznie chroni Twoje urz\u0105dzenia i chroni urz\u0105dzenia elektryczne podczas ich u\u017cywania<\/p>\n<p>Obs\u0142uga dzikiego napi\u0119cia od 100 V\u2013250 V\/10 A (1000 W\u20132500 W)<\/p>\n<p>Ta konstrukcja obudowy ma dla klienta opcj\u0119 20 W, 35 W, 45 W, 65 W<\/p>\n<p>Zapewniamy spersonalizowane opakowanie z kolorowym pude\u0142kiem lub blistrem<\/p>","protected":false},"featured_media":7704,"comment_status":"open","ping_status":"closed","template":"","meta":{"rank_math_lock_modified_date":false,"site-sidebar-layout":"default","site-content-layout":"","ast-site-content-layout":"default","site-content-style":"default","site-sidebar-style":"default","ast-global-header-display":"","ast-banner-title-visibility":"","ast-main-header-display":"","ast-hfb-above-header-display":"","ast-hfb-below-header-display":"","ast-hfb-mobile-header-display":"","site-post-title":"","ast-breadcrumbs-content":"","ast-featured-img":"","footer-sml-layout":"","ast-disable-related-posts":"","theme-transparent-header-meta":"default","adv-header-id-meta":"","stick-header-meta":"","header-above-stick-meta":"","header-main-stick-meta":"","header-below-stick-meta":"","astra-migrate-meta-layouts":"set","ast-page-background-enabled":"default","ast-page-background-meta":{"desktop":{"background-color":"","background-image":"","background-repeat":"repeat","background-position":"center center","background-size":"auto","background-attachment":"scroll","background-type":"","background-media":"","overlay-type":"","overlay-color":"","overlay-opacity":"","overlay-gradient":""},"tablet":{"background-color":"","background-image":"","background-repeat":"repeat","background-position":"center center","background-size":"auto","background-attachment":"scroll","background-type":"","background-media":"","overlay-type":"","overlay-color":"","overlay-opacity":"","overlay-gradient":""},"mobile":{"background-color":"","background-image":"","background-repeat":"repeat","background-position":"center center","background-size":"auto","background-attachment":"scroll","background-type":"","background-media":"","overlay-type":"","overlay-color":"","overlay-opacity":"","overlay-gradient":""}},"ast-content-background-meta":{"desktop":{"background-color":"var(--ast-global-color-5)","background-image":"","background-repeat":"repeat","background-position":"center center","background-size":"auto","background-attachment":"scroll","background-type":"","background-media":"","overlay-type":"","overlay-color":"","overlay-opacity":"","overlay-gradient":""},"tablet":{"background-color":"var(--ast-global-color-5)","background-image":"","background-repeat":"repeat","background-position":"center center","background-size":"auto","background-attachment":"scroll","background-type":"","background-media":"","overlay-type":"","overlay-color":"","overlay-opacity":"","overlay-gradient":""},"mobile":{"background-color":"var(--ast-global-color-5)","background-image":"","background-repeat":"repeat","background-position":"center center","background-size":"auto","background-attachment":"scroll","background-type":"","background-media":"","overlay-type":"","overlay-color":"","overlay-opacity":"","overlay-gradient":""}}},"product_cat":[64],"product_tag":[],"class_list":{"0":"post-7695","1":"product","2":"type-product","3":"status-publish","4":"has-post-thumbnail","6":"product_cat-travel-adapter","7":"desktop-align-center","8":"tablet-align-center","9":"mobile-align-center","11":"first","12":"instock","13":"shipping-taxable","14":"product-type-simple"},"_links":{"self":[{"href":"https:\/\/imiapower.com\/pl\/wp-json\/wp\/v2\/product\/7695","targetHints":{"allow":["GET"]}}],"collection":[{"href":"https:\/\/imiapower.com\/pl\/wp-json\/wp\/v2\/product"}],"about":[{"href":"https:\/\/imiapower.com\/pl\/wp-json\/wp\/v2\/types\/product"}],"replies":[{"embeddable":true,"href":"https:\/\/imiapower.com\/pl\/wp-json\/wp\/v2\/comments?post=7695"}],"version-history":[{"count":5,"href":"https:\/\/imiapower.com\/pl\/wp-json\/wp\/v2\/product\/7695\/revisions"}],"predecessor-version":[{"id":7706,"href":"https:\/\/imiapower.com\/pl\/wp-json\/wp\/v2\/product\/7695\/revisions\/7706"}],"wp:featuredmedia":[{"embeddable":true,"href":"https:\/\/imiapower.com\/pl\/wp-json\/wp\/v2\/media\/7704"}],"wp:attachment":[{"href":"https:\/\/imiapower.com\/pl\/wp-json\/wp\/v2\/media?parent=7695"}],"wp:term":[{"taxonomy":"product_cat","embeddable":true,"href":"https:\/\/imiapower.com\/pl\/wp-json\/wp\/v2\/product_cat?post=7695"},{"taxonomy":"product_tag","embeddable":true,"href":"https:\/\/imiapower.com\/pl\/wp-json\/wp\/v2\/product_tag?post=7695"}],"curies":[{"name":"wp","href":"https:\/\/api.w.org\/{rel}","templated":true}]}}