{"id":7707,"date":"2024-05-23T08:29:22","date_gmt":"2024-05-23T08:29:22","guid":{"rendered":"https:\/\/imiapower.com\/?post_type=product&#038;p=7707"},"modified":"2024-06-18T01:24:11","modified_gmt":"2024-06-18T01:24:11","slug":"international-adapter","status":"publish","type":"product","link":"https:\/\/imiapower.com\/pl\/products\/travel-adapter\/international-adapter\/","title":{"rendered":"Wydajny, mi\u0119dzynarodowy adapter o mocy 65 W"},"content":{"rendered":"<ul>\n<li><strong>\u00a0Mi\u0119dzynarodowy adapter<\/strong><\/li>\n<li><strong>Wej\u015bcie pr\u0105du przemiennego: <\/strong>100 ~ 250 V\/AC 50-60 Hz 0,8 A<\/li>\n<li><strong>Wyj\u015bcie pr\u0105du przemiennego:<\/strong>Maks. 10 A (1000 W\/100 V lub 2400 W\/240 V)<\/li>\n<li><strong>Wyj\u015bcie USB:<\/strong>5 V \/2,4 A (MAKS. 12 W)<\/li>\n<li><strong>Wyj\u015bcie typu C2\/C3\/C4:<\/strong> 5 V\/2,4 A (MAKS. 12 W)<\/li>\n<li><strong>Wyj\u015bcie typu C1:<\/strong> 5V3A 9V3A 12V3A 15V3A 20V3.25A (MAX65W)<\/li>\n<li><strong>Rozmiar: <\/strong>76*50,5*57mm<\/li>\n<li><strong>Waga: <\/strong>180g<\/li>\n<li><strong>Materia\u0142:<\/strong> Wypalany PC + mied\u017a metalowa<\/li>\n<\/ul>","protected":false},"excerpt":{"rendered":"<p>W tej mi\u0119dzynarodowej konstrukcji adaptera zastosowano uziemienie brytyjskie, kt\u00f3re pomaga chroni\u0107 przed pora\u017ceniem pr\u0105dem elektrycznym i zmniejsza ryzyko zwar\u0107 lub po\u017car\u00f3w.<\/p>\n<p>Wtyczki brytyjskie zazwyczaj maj\u0105 trzeci styk uziemiaj\u0105cy, co jest wa\u017cne dla zapewnienia bezpiecze\u0144stwa urz\u0105dze\u0144 elektrycznych, szczeg\u00f3lnie podczas podr\u00f3\u017cy do region\u00f3w o r\u00f3\u017cnych standardach elektrycznych. Wiele urz\u0105dze\u0144 zaprojektowano do wsp\u00f3\u0142pracy z wtyczkami z uziemieniem, a zastosowanie brytyjskiego adaptera uziemiaj\u0105cego zapewnia kompatybilno\u015b\u0107 z takimi urz\u0105dzeniami. Jest to szczeg\u00f3lnie wa\u017cne w przypadku wra\u017cliwej elektroniki lub urz\u0105dze\u0144 wymagaj\u0105cych stabilnego po\u0142\u0105czenia elektrycznego<\/p>\n<p>Adapter podr\u00f3\u017cny z dwoma bezpiecznikami 10A skutecznie chroni Twoje urz\u0105dzenia i chroni urz\u0105dzenia elektryczne podczas ich u\u017cywania<\/p>\n<p>Obs\u0142uga dzikiego napi\u0119cia od 100 V\u2013250 V\/10 A (1000 W\u20132500 W)<\/p>","protected":false},"featured_media":7717,"comment_status":"open","ping_status":"closed","template":"","meta":{"rank_math_lock_modified_date":false,"site-sidebar-layout":"default","site-content-layout":"","ast-site-content-layout":"default","site-content-style":"default","site-sidebar-style":"default","ast-global-header-display":"","ast-banner-title-visibility":"","ast-main-header-display":"","ast-hfb-above-header-display":"","ast-hfb-below-header-display":"","ast-hfb-mobile-header-display":"","site-post-title":"","ast-breadcrumbs-content":"","ast-featured-img":"","footer-sml-layout":"","ast-disable-related-posts":"","theme-transparent-header-meta":"default","adv-header-id-meta":"","stick-header-meta":"","header-above-stick-meta":"","header-main-stick-meta":"","header-below-stick-meta":"","astra-migrate-meta-layouts":"set","ast-page-background-enabled":"default","ast-page-background-meta":{"desktop":{"background-color":"","background-image":"","background-repeat":"repeat","background-position":"center center","background-size":"auto","background-attachment":"scroll","background-type":"","background-media":"","overlay-type":"","overlay-color":"","overlay-opacity":"","overlay-gradient":""},"tablet":{"background-color":"","background-image":"","background-repeat":"repeat","background-position":"center center","background-size":"auto","background-attachment":"scroll","background-type":"","background-media":"","overlay-type":"","overlay-color":"","overlay-opacity":"","overlay-gradient":""},"mobile":{"background-color":"","background-image":"","background-repeat":"repeat","background-position":"center center","background-size":"auto","background-attachment":"scroll","background-type":"","background-media":"","overlay-type":"","overlay-color":"","overlay-opacity":"","overlay-gradient":""}},"ast-content-background-meta":{"desktop":{"background-color":"var(--ast-global-color-5)","background-image":"","background-repeat":"repeat","background-position":"center center","background-size":"auto","background-attachment":"scroll","background-type":"","background-media":"","overlay-type":"","overlay-color":"","overlay-opacity":"","overlay-gradient":""},"tablet":{"background-color":"var(--ast-global-color-5)","background-image":"","background-repeat":"repeat","background-position":"center center","background-size":"auto","background-attachment":"scroll","background-type":"","background-media":"","overlay-type":"","overlay-color":"","overlay-opacity":"","overlay-gradient":""},"mobile":{"background-color":"var(--ast-global-color-5)","background-image":"","background-repeat":"repeat","background-position":"center center","background-size":"auto","background-attachment":"scroll","background-type":"","background-media":"","overlay-type":"","overlay-color":"","overlay-opacity":"","overlay-gradient":""}}},"product_cat":[64],"product_tag":[],"class_list":{"0":"post-7707","1":"product","2":"type-product","3":"status-publish","4":"has-post-thumbnail","6":"product_cat-travel-adapter","7":"desktop-align-center","8":"tablet-align-center","9":"mobile-align-center","11":"first","12":"instock","13":"shipping-taxable","14":"product-type-simple"},"_links":{"self":[{"href":"https:\/\/imiapower.com\/pl\/wp-json\/wp\/v2\/product\/7707","targetHints":{"allow":["GET"]}}],"collection":[{"href":"https:\/\/imiapower.com\/pl\/wp-json\/wp\/v2\/product"}],"about":[{"href":"https:\/\/imiapower.com\/pl\/wp-json\/wp\/v2\/types\/product"}],"replies":[{"embeddable":true,"href":"https:\/\/imiapower.com\/pl\/wp-json\/wp\/v2\/comments?post=7707"}],"version-history":[{"count":7,"href":"https:\/\/imiapower.com\/pl\/wp-json\/wp\/v2\/product\/7707\/revisions"}],"predecessor-version":[{"id":7721,"href":"https:\/\/imiapower.com\/pl\/wp-json\/wp\/v2\/product\/7707\/revisions\/7721"}],"wp:featuredmedia":[{"embeddable":true,"href":"https:\/\/imiapower.com\/pl\/wp-json\/wp\/v2\/media\/7717"}],"wp:attachment":[{"href":"https:\/\/imiapower.com\/pl\/wp-json\/wp\/v2\/media?parent=7707"}],"wp:term":[{"taxonomy":"product_cat","embeddable":true,"href":"https:\/\/imiapower.com\/pl\/wp-json\/wp\/v2\/product_cat?post=7707"},{"taxonomy":"product_tag","embeddable":true,"href":"https:\/\/imiapower.com\/pl\/wp-json\/wp\/v2\/product_tag?post=7707"}],"curies":[{"name":"wp","href":"https:\/\/api.w.org\/{rel}","templated":true}]}}