{"id":7722,"date":"2024-05-25T02:05:55","date_gmt":"2024-05-25T02:05:55","guid":{"rendered":"https:\/\/imiapower.com\/?post_type=product&#038;p=7722"},"modified":"2024-08-16T10:08:45","modified_gmt":"2024-08-16T10:08:45","slug":"international-power-adapters","status":"publish","type":"product","link":"https:\/\/imiapower.com\/pl\/products\/travel-adapter\/international-power-adapters\/","title":{"rendered":"Tanie mi\u0119dzynarodowe zasilacze 30 W"},"content":{"rendered":"<ul>\n<li><strong>mi\u0119dzynarodowe zasilacze<\/strong><\/li>\n<li>\u00a0<strong>Napi\u0119cie wej\u015bciowe:<\/strong> 100 ~ 250 V, 50\/60 Hz<\/li>\n<li><strong>Wyj\u015bcie AC:<\/strong> Maks. 6 A (660 W\/100 V, 1330 W\/250 V)<\/li>\n<li><strong>Wyj\u015bcie typu C1:<\/strong> 5V3A (maks. 15 W)<\/li>\n<li><strong>Wyj\u015bcie typu C2:<\/strong> 5V3A\/9V3A\/12V2.5A\/15V2A\/20V1.5A (maks. 30W)<\/li>\n<li><strong>Pojedyncze wyj\u015bcie USB:<\/strong> 5V3A 9V2A (maks. 18 W)<\/li>\n<li><strong>Rozmiar produktu:<\/strong> 70 mm x 50 mm x 55 mm<\/li>\n<li><strong>Materia\u0142y:<\/strong> ABS + PC<\/li>\n<li><strong>Certyfikat:<\/strong> CE\/FCC\/RoHS<\/li>\n<\/ul>","protected":false},"excerpt":{"rendered":"<p>Dzi\u0119ki fabryce bezpo\u015brednich adapter\u00f3w podr\u00f3\u017cnych mo\u017cemy zaakceptowa\u0107 ni\u017csze MOQ i zapewni\u0107 klientom wiar\u0119 w jako\u015b\u0107 naszych produkt\u00f3w<\/p>\n<p>Te mi\u0119dzynarodowe zasilacze s\u0105 prywatn\u0105 form\u0105 ze wzgl\u0119du na problem patentowy<\/p>\n<p>Ten mi\u0119dzynarodowy zasilacz jest wyposa\u017cony w wtyczki zasilaj\u0105ce US\/EU\/UK\/AU i obs\u0142uguje ponad 150 kraj\u00f3w. Mo\u017cna go pod\u0142\u0105czy\u0107 do wtyczki w Republice Po\u0142udniowej Afryki, Indiach, USA, UE, Wielkiej Brytanii i Australii<\/p>\n<p>Funkcje bezpiecze\u0144stwa: Wysokiej jako\u015bci adaptery maj\u0105 wbudowane funkcje bezpiecze\u0144stwa, takie jak zabezpieczenie przed przeci\u0105\u017ceniem i zabezpieczenie przed zwarciem, aby chroni\u0107 urz\u0105dzenia przed wahaniami napi\u0119cia elektrycznego i potencjalnymi uszkodzeniami.<\/p>\n<p>&nbsp;<\/p>","protected":false},"featured_media":7726,"comment_status":"open","ping_status":"closed","template":"","meta":{"rank_math_lock_modified_date":false,"site-sidebar-layout":"default","site-content-layout":"","ast-site-content-layout":"default","site-content-style":"default","site-sidebar-style":"default","ast-global-header-display":"","ast-banner-title-visibility":"","ast-main-header-display":"","ast-hfb-above-header-display":"","ast-hfb-below-header-display":"","ast-hfb-mobile-header-display":"","site-post-title":"","ast-breadcrumbs-content":"","ast-featured-img":"","footer-sml-layout":"","ast-disable-related-posts":"","theme-transparent-header-meta":"default","adv-header-id-meta":"","stick-header-meta":"","header-above-stick-meta":"","header-main-stick-meta":"","header-below-stick-meta":"","astra-migrate-meta-layouts":"set","ast-page-background-enabled":"default","ast-page-background-meta":{"desktop":{"background-color":"","background-image":"","background-repeat":"repeat","background-position":"center center","background-size":"auto","background-attachment":"scroll","background-type":"","background-media":"","overlay-type":"","overlay-color":"","overlay-opacity":"","overlay-gradient":""},"tablet":{"background-color":"","background-image":"","background-repeat":"repeat","background-position":"center center","background-size":"auto","background-attachment":"scroll","background-type":"","background-media":"","overlay-type":"","overlay-color":"","overlay-opacity":"","overlay-gradient":""},"mobile":{"background-color":"","background-image":"","background-repeat":"repeat","background-position":"center center","background-size":"auto","background-attachment":"scroll","background-type":"","background-media":"","overlay-type":"","overlay-color":"","overlay-opacity":"","overlay-gradient":""}},"ast-content-background-meta":{"desktop":{"background-color":"var(--ast-global-color-5)","background-image":"","background-repeat":"repeat","background-position":"center center","background-size":"auto","background-attachment":"scroll","background-type":"","background-media":"","overlay-type":"","overlay-color":"","overlay-opacity":"","overlay-gradient":""},"tablet":{"background-color":"var(--ast-global-color-5)","background-image":"","background-repeat":"repeat","background-position":"center center","background-size":"auto","background-attachment":"scroll","background-type":"","background-media":"","overlay-type":"","overlay-color":"","overlay-opacity":"","overlay-gradient":""},"mobile":{"background-color":"var(--ast-global-color-5)","background-image":"","background-repeat":"repeat","background-position":"center center","background-size":"auto","background-attachment":"scroll","background-type":"","background-media":"","overlay-type":"","overlay-color":"","overlay-opacity":"","overlay-gradient":""}}},"product_cat":[64],"product_tag":[],"class_list":{"0":"post-7722","1":"product","2":"type-product","3":"status-publish","4":"has-post-thumbnail","6":"product_cat-travel-adapter","7":"desktop-align-center","8":"tablet-align-center","9":"mobile-align-center","11":"first","12":"instock","13":"shipping-taxable","14":"product-type-simple"},"_links":{"self":[{"href":"https:\/\/imiapower.com\/pl\/wp-json\/wp\/v2\/product\/7722","targetHints":{"allow":["GET"]}}],"collection":[{"href":"https:\/\/imiapower.com\/pl\/wp-json\/wp\/v2\/product"}],"about":[{"href":"https:\/\/imiapower.com\/pl\/wp-json\/wp\/v2\/types\/product"}],"replies":[{"embeddable":true,"href":"https:\/\/imiapower.com\/pl\/wp-json\/wp\/v2\/comments?post=7722"}],"version-history":[{"count":3,"href":"https:\/\/imiapower.com\/pl\/wp-json\/wp\/v2\/product\/7722\/revisions"}],"predecessor-version":[{"id":7730,"href":"https:\/\/imiapower.com\/pl\/wp-json\/wp\/v2\/product\/7722\/revisions\/7730"}],"wp:featuredmedia":[{"embeddable":true,"href":"https:\/\/imiapower.com\/pl\/wp-json\/wp\/v2\/media\/7726"}],"wp:attachment":[{"href":"https:\/\/imiapower.com\/pl\/wp-json\/wp\/v2\/media?parent=7722"}],"wp:term":[{"taxonomy":"product_cat","embeddable":true,"href":"https:\/\/imiapower.com\/pl\/wp-json\/wp\/v2\/product_cat?post=7722"},{"taxonomy":"product_tag","embeddable":true,"href":"https:\/\/imiapower.com\/pl\/wp-json\/wp\/v2\/product_tag?post=7722"}],"curies":[{"name":"wp","href":"https:\/\/api.w.org\/{rel}","templated":true}]}}