{"id":7846,"date":"2024-06-04T03:17:08","date_gmt":"2024-06-04T03:17:08","guid":{"rendered":"https:\/\/imiapower.com\/?post_type=product&#038;p=7846"},"modified":"2024-12-09T08:09:28","modified_gmt":"2024-12-09T08:09:28","slug":"travel-adaptor-manufacturer","status":"publish","type":"product","link":"https:\/\/imiapower.com\/pl\/products\/travel-adapter\/travel-adaptor-manufacturer\/","title":{"rendered":"Najlepszy producent adapter\u00f3w podr\u00f3\u017cnych"},"content":{"rendered":"<ul>\n<li><strong>producent adapter\u00f3w podr\u00f3\u017cnych<\/strong><\/li>\n<li><strong>Wej\u015bcie:<\/strong> 100 ~ 250 V\/AC 50-60 Hz 0,8 A<\/li>\n<li><strong>Wyj\u015bcie :<\/strong> Maks. 10 A (1000 W\/100 V lub 2400 W\/240 V)<\/li>\n<li><strong>Wyj\u015bcie USB:<\/strong> 5 V \/2,4 A (MAKS. 12 W)<\/li>\n<li><strong>Wyj\u015bcie typu C2\/C3\/C4:<\/strong> 5 V\/2,4 A (MAKS. 12 W)<\/li>\n<li><strong>Wyj\u015bcie typu C1:<\/strong> 5 V, 3 A 9 V, 3 A 12 V, 2,91 A 15 V, 2,33 A 20 V, 1,75 A (MAKS. 35 W)<\/li>\n<li><strong>Rozmiar:<\/strong> 76*50,5*57mm<\/li>\n<li><strong>Waga: <\/strong>170g<\/li>\n<li><strong>Materia\u0142:<\/strong> Wypalany PC + mied\u017a metalowa<\/li>\n<li><strong>Pakiet:<\/strong> kolorowe pude\u0142ko\/blister na podstawie opinii klienta<\/li>\n<\/ul>","protected":false},"excerpt":{"rendered":"<p>Jeste\u015bmy producentem uniwersalnych adapter\u00f3w podr\u00f3\u017cnych z siedzib\u0105 w Dongguan City w prowincji Guangdong. Proces rozwoju tego rodzaju produkt\u00f3w zajmuje du\u017co czasu, wi\u0119c wi\u0119kszo\u015b\u0107 produkt\u00f3w to prywatna forma, tego rodzaju konstrukcja produktu jest bardzo z\u0142o\u017cona w por\u00f3wnaniu ze zwyk\u0142\u0105 \u0142adowark\u0105 USB, klient, je\u015bli planuje je\u015bli chcesz sprzedawa\u0107 tego rodzaju adapter podr\u00f3\u017cny pod swoj\u0105 mark\u0105, skontaktuj si\u0119 z nami, aby uzyska\u0107 wi\u0119cej szczeg\u00f3\u0142\u00f3w<\/p>\n<p>Wiod\u0105cy producenci wytwarzaj\u0105 adaptery podr\u00f3\u017cne kompatybilne z wieloma typami wtyczek (np. typu A, B, C, D, E, F, G, I itp.), kt\u00f3re spe\u0142niaj\u0105 standardy gniazdek elektrycznych stosowane na ca\u0142ym \u015bwiecie<\/p>\n<p>Jako bezpo\u015bredni producent adapter\u00f3w podr\u00f3\u017cnych zawsze u\u017cywamy surowc\u00f3w dobrej jako\u015bci, aby zapewni\u0107 prawid\u0142owe funkcjonowanie adaptera i jego \u017cywotno\u015b\u0107<\/p>\n<p><img fetchpriority=\"high\" decoding=\"async\" class=\"alignnone wp-image-8794 size-large\" src=\"https:\/\/imiapower.com\/wp-content\/uploads\/Universal-travel-adapter-3-1024x1024.jpg\" alt=\"producent adapter\u00f3w podr\u00f3\u017cnych\" width=\"1024\" height=\"1024\" srcset=\"https:\/\/imiapower.com\/wp-content\/uploads\/Universal-travel-adapter-3-1024x1024.jpg 1024w, https:\/\/imiapower.com\/wp-content\/uploads\/Universal-travel-adapter-3-300x300.jpg 300w, https:\/\/imiapower.com\/wp-content\/uploads\/Universal-travel-adapter-3-100x100.jpg 100w, https:\/\/imiapower.com\/wp-content\/uploads\/Universal-travel-adapter-3-600x600.jpg 600w, https:\/\/imiapower.com\/wp-content\/uploads\/Universal-travel-adapter-3-64x64.jpg 64w, https:\/\/imiapower.com\/wp-content\/uploads\/Universal-travel-adapter-3-150x150.jpg 150w, https:\/\/imiapower.com\/wp-content\/uploads\/Universal-travel-adapter-3-768x768.jpg 768w, https:\/\/imiapower.com\/wp-content\/uploads\/Universal-travel-adapter-3-12x12.jpg 12w, https:\/\/imiapower.com\/wp-content\/uploads\/Universal-travel-adapter-3.jpg 1500w\" sizes=\"(max-width: 1024px) 100vw, 1024px\" \/><\/p>\n<p>Zawsze zapewniamy roczn\u0105 gwarancj\u0119 na wszystkie nasze produkty, a czas realizacji produkcji wynosi zawsze 25-30 dni<\/p>\n<p>\u015awiadczymy us\u0142ugi ODM dla wielu markowych firm elektronicznych<\/p>\n<p>Ta forma z opcj\u0105 35 w, 45 w, 65 w do polecenia klienta<\/p>\n<p>Przycisk ma kilka kolor\u00f3w do wyboru<\/p>","protected":false},"featured_media":7847,"comment_status":"open","ping_status":"closed","template":"","meta":{"rank_math_lock_modified_date":false,"site-sidebar-layout":"default","site-content-layout":"","ast-site-content-layout":"default","site-content-style":"default","site-sidebar-style":"default","ast-global-header-display":"","ast-banner-title-visibility":"","ast-main-header-display":"","ast-hfb-above-header-display":"","ast-hfb-below-header-display":"","ast-hfb-mobile-header-display":"","site-post-title":"","ast-breadcrumbs-content":"","ast-featured-img":"","footer-sml-layout":"","ast-disable-related-posts":"","theme-transparent-header-meta":"default","adv-header-id-meta":"","stick-header-meta":"","header-above-stick-meta":"","header-main-stick-meta":"","header-below-stick-meta":"","astra-migrate-meta-layouts":"set","ast-page-background-enabled":"default","ast-page-background-meta":{"desktop":{"background-color":"","background-image":"","background-repeat":"repeat","background-position":"center center","background-size":"auto","background-attachment":"scroll","background-type":"","background-media":"","overlay-type":"","overlay-color":"","overlay-opacity":"","overlay-gradient":""},"tablet":{"background-color":"","background-image":"","background-repeat":"repeat","background-position":"center center","background-size":"auto","background-attachment":"scroll","background-type":"","background-media":"","overlay-type":"","overlay-color":"","overlay-opacity":"","overlay-gradient":""},"mobile":{"background-color":"","background-image":"","background-repeat":"repeat","background-position":"center center","background-size":"auto","background-attachment":"scroll","background-type":"","background-media":"","overlay-type":"","overlay-color":"","overlay-opacity":"","overlay-gradient":""}},"ast-content-background-meta":{"desktop":{"background-color":"var(--ast-global-color-5)","background-image":"","background-repeat":"repeat","background-position":"center center","background-size":"auto","background-attachment":"scroll","background-type":"","background-media":"","overlay-type":"","overlay-color":"","overlay-opacity":"","overlay-gradient":""},"tablet":{"background-color":"var(--ast-global-color-5)","background-image":"","background-repeat":"repeat","background-position":"center center","background-size":"auto","background-attachment":"scroll","background-type":"","background-media":"","overlay-type":"","overlay-color":"","overlay-opacity":"","overlay-gradient":""},"mobile":{"background-color":"var(--ast-global-color-5)","background-image":"","background-repeat":"repeat","background-position":"center center","background-size":"auto","background-attachment":"scroll","background-type":"","background-media":"","overlay-type":"","overlay-color":"","overlay-opacity":"","overlay-gradient":""}}},"product_cat":[64],"product_tag":[],"class_list":{"0":"post-7846","1":"product","2":"type-product","3":"status-publish","4":"has-post-thumbnail","6":"product_cat-travel-adapter","7":"desktop-align-center","8":"tablet-align-center","9":"mobile-align-center","11":"first","12":"instock","13":"shipping-taxable","14":"product-type-simple"},"_links":{"self":[{"href":"https:\/\/imiapower.com\/pl\/wp-json\/wp\/v2\/product\/7846","targetHints":{"allow":["GET"]}}],"collection":[{"href":"https:\/\/imiapower.com\/pl\/wp-json\/wp\/v2\/product"}],"about":[{"href":"https:\/\/imiapower.com\/pl\/wp-json\/wp\/v2\/types\/product"}],"replies":[{"embeddable":true,"href":"https:\/\/imiapower.com\/pl\/wp-json\/wp\/v2\/comments?post=7846"}],"version-history":[{"count":10,"href":"https:\/\/imiapower.com\/pl\/wp-json\/wp\/v2\/product\/7846\/revisions"}],"predecessor-version":[{"id":8795,"href":"https:\/\/imiapower.com\/pl\/wp-json\/wp\/v2\/product\/7846\/revisions\/8795"}],"wp:featuredmedia":[{"embeddable":true,"href":"https:\/\/imiapower.com\/pl\/wp-json\/wp\/v2\/media\/7847"}],"wp:attachment":[{"href":"https:\/\/imiapower.com\/pl\/wp-json\/wp\/v2\/media?parent=7846"}],"wp:term":[{"taxonomy":"product_cat","embeddable":true,"href":"https:\/\/imiapower.com\/pl\/wp-json\/wp\/v2\/product_cat?post=7846"},{"taxonomy":"product_tag","embeddable":true,"href":"https:\/\/imiapower.com\/pl\/wp-json\/wp\/v2\/product_tag?post=7846"}],"curies":[{"name":"wp","href":"https:\/\/api.w.org\/{rel}","templated":true}]}}