{"id":7891,"date":"2024-06-08T01:18:20","date_gmt":"2024-06-08T01:18:20","guid":{"rendered":"https:\/\/imiapower.com\/?post_type=product&#038;p=7891"},"modified":"2024-11-15T09:21:25","modified_gmt":"2024-11-15T09:21:25","slug":"usb-c-charger-45w","status":"publish","type":"product","link":"https:\/\/imiapower.com\/pl\/products\/wall-charger\/usb-c-charger-45w\/","title":{"rendered":"Odkryj \u0142adowark\u0119 USB C 45W z og\u00f3lno\u015bwiatowym certyfikatem"},"content":{"rendered":"<ul>\n<li><strong>\u0141adowarka USB C 45W<\/strong><\/li>\n<li><strong>Wej\u015bcie:<\/strong>100-240VAC 50\/60HZ 1,3A<\/li>\n<li><strong>Wymiar:<\/strong>65*65*29MM<\/li>\n<li><strong>Charakterystyka: <\/strong>Sk\u0142adana wtyczka USA, rozk\u0142adana wtyczka USA, wymienna wtyczka USA\/AUS\/UK\/EU<\/li>\n<li><strong>Wyj\u015bcie:<\/strong>5V3A, 9V3A, 12V3A, 15V3A, 20V2.25A (maks. 45W)<\/li>\n<li><strong>Kolor: <\/strong>Czarny i bia\u0142y<\/li>\n<li><strong>Certyfikat: <\/strong>UL\/FCC\/CE\/CB\/UKCA\/PSE<\/li>\n<li><strong>Czas realizacji produkcji:<\/strong>25-30 dni<\/li>\n<\/ul>","protected":false},"excerpt":{"rendered":"<p>\u0141adowarka USB C 45 W to najpopularniejszy wat w roku 2024. Zawsze zapewniamy najpopularniejsze wtyczki, takie jak USA, AUS, CE, UK, a tak\u017ce certyfikaty z r\u00f3\u017cnych kraj\u00f3w.<\/p>\n<p>W przypadku klient\u00f3w, kt\u00f3rzy maj\u0105 w\u0142asne marki i sprzedaj\u0105 na ca\u0142ym \u015bwiecie, potrzebne s\u0105 r\u00f3\u017cne certyfikaty, takie jak \u201eKC, CB, CE, UL, FCC, UKCA, SAA, PSE, GS, C-TICK, COC, NRCS, BIS itp.<\/p>\n<p>Nasz produkt przewagi opiera si\u0119 na doskona\u0142ym zespole programist\u00f3w, zawsze zapewniamy OEM\/ODM dla naszego cennego klienta<\/p>","protected":false},"featured_media":7892,"comment_status":"open","ping_status":"closed","template":"","meta":{"rank_math_lock_modified_date":false,"site-sidebar-layout":"default","site-content-layout":"","ast-site-content-layout":"default","site-content-style":"default","site-sidebar-style":"default","ast-global-header-display":"","ast-banner-title-visibility":"","ast-main-header-display":"","ast-hfb-above-header-display":"","ast-hfb-below-header-display":"","ast-hfb-mobile-header-display":"","site-post-title":"","ast-breadcrumbs-content":"","ast-featured-img":"","footer-sml-layout":"","ast-disable-related-posts":"","theme-transparent-header-meta":"default","adv-header-id-meta":"","stick-header-meta":"","header-above-stick-meta":"","header-main-stick-meta":"","header-below-stick-meta":"","astra-migrate-meta-layouts":"set","ast-page-background-enabled":"default","ast-page-background-meta":{"desktop":{"background-color":"","background-image":"","background-repeat":"repeat","background-position":"center center","background-size":"auto","background-attachment":"scroll","background-type":"","background-media":"","overlay-type":"","overlay-color":"","overlay-opacity":"","overlay-gradient":""},"tablet":{"background-color":"","background-image":"","background-repeat":"repeat","background-position":"center center","background-size":"auto","background-attachment":"scroll","background-type":"","background-media":"","overlay-type":"","overlay-color":"","overlay-opacity":"","overlay-gradient":""},"mobile":{"background-color":"","background-image":"","background-repeat":"repeat","background-position":"center center","background-size":"auto","background-attachment":"scroll","background-type":"","background-media":"","overlay-type":"","overlay-color":"","overlay-opacity":"","overlay-gradient":""}},"ast-content-background-meta":{"desktop":{"background-color":"var(--ast-global-color-5)","background-image":"","background-repeat":"repeat","background-position":"center center","background-size":"auto","background-attachment":"scroll","background-type":"","background-media":"","overlay-type":"","overlay-color":"","overlay-opacity":"","overlay-gradient":""},"tablet":{"background-color":"var(--ast-global-color-5)","background-image":"","background-repeat":"repeat","background-position":"center center","background-size":"auto","background-attachment":"scroll","background-type":"","background-media":"","overlay-type":"","overlay-color":"","overlay-opacity":"","overlay-gradient":""},"mobile":{"background-color":"var(--ast-global-color-5)","background-image":"","background-repeat":"repeat","background-position":"center center","background-size":"auto","background-attachment":"scroll","background-type":"","background-media":"","overlay-type":"","overlay-color":"","overlay-opacity":"","overlay-gradient":""}}},"product_cat":[43],"product_tag":[],"class_list":{"0":"post-7891","1":"product","2":"type-product","3":"status-publish","4":"has-post-thumbnail","6":"product_cat-wall-charger","7":"desktop-align-center","8":"tablet-align-center","9":"mobile-align-center","11":"first","12":"instock","13":"shipping-taxable","14":"product-type-simple"},"_links":{"self":[{"href":"https:\/\/imiapower.com\/pl\/wp-json\/wp\/v2\/product\/7891","targetHints":{"allow":["GET"]}}],"collection":[{"href":"https:\/\/imiapower.com\/pl\/wp-json\/wp\/v2\/product"}],"about":[{"href":"https:\/\/imiapower.com\/pl\/wp-json\/wp\/v2\/types\/product"}],"replies":[{"embeddable":true,"href":"https:\/\/imiapower.com\/pl\/wp-json\/wp\/v2\/comments?post=7891"}],"version-history":[{"count":5,"href":"https:\/\/imiapower.com\/pl\/wp-json\/wp\/v2\/product\/7891\/revisions"}],"predecessor-version":[{"id":7900,"href":"https:\/\/imiapower.com\/pl\/wp-json\/wp\/v2\/product\/7891\/revisions\/7900"}],"wp:featuredmedia":[{"embeddable":true,"href":"https:\/\/imiapower.com\/pl\/wp-json\/wp\/v2\/media\/7892"}],"wp:attachment":[{"href":"https:\/\/imiapower.com\/pl\/wp-json\/wp\/v2\/media?parent=7891"}],"wp:term":[{"taxonomy":"product_cat","embeddable":true,"href":"https:\/\/imiapower.com\/pl\/wp-json\/wp\/v2\/product_cat?post=7891"},{"taxonomy":"product_tag","embeddable":true,"href":"https:\/\/imiapower.com\/pl\/wp-json\/wp\/v2\/product_tag?post=7891"}],"curies":[{"name":"wp","href":"https:\/\/api.w.org\/{rel}","templated":true}]}}