{"id":7919,"date":"2024-06-11T03:14:55","date_gmt":"2024-06-11T03:14:55","guid":{"rendered":"https:\/\/imiapower.com\/?post_type=product&#038;p=7919"},"modified":"2024-11-07T12:55:24","modified_gmt":"2024-11-07T12:55:24","slug":"65w-charger-laptop","status":"publish","type":"product","link":"https:\/\/imiapower.com\/pl\/products\/wall-charger\/65w-charger-laptop\/","title":{"rendered":"Skupiony producent \u0142adowarek do laptop\u00f3w o mocy 65 W w Chinach"},"content":{"rendered":"<ul>\n<li><strong>\u0141adowarka do laptopa o mocy 65W<\/strong><\/li>\n<li><strong>Wymiar:<\/strong>65*65*29MM<\/li>\n<li><strong>Charakterystyka: <\/strong>Sk\u0142adana wtyczka ameryka\u0144ska<\/li>\n<li><strong>Wyj\u015bcie:<\/strong>5 V\/3 A, 9 V\/3 A, 12 V\/3 A, 15 V\/3 A, 20 V\/3,25 A (maks. 65 W)<\/li>\n<li><strong>Kolor: <\/strong>Czarny bia\u0142y<\/li>\n<li><strong>Wej\u015bcie:<\/strong>100-240VAC 50\/60HZ<\/li>\n<li><strong>Certyfikat: <\/strong>UL\/FCC\/CE\/CB\/UKCA\/PSE<\/li>\n<li><strong>Ok\u0142adka: <\/strong>Materia\u0142 ognioodporny<\/li>\n<li><strong>Czas realizacji produkcji:<\/strong> 25-30 dni<\/li>\n<\/ul>","protected":false},"excerpt":{"rendered":"<p>Ta \u0142adowarka do laptopa o mocy 65 W posiada \u015bwiatowy certyfikat. Klienci, kt\u00f3rzy j\u0105 od nas kupi\u0105, mog\u0105 j\u0105 sprzeda\u0107 w dowolnym kraju i jest to dobra opcja szybkiego \u0142adowania laptopa<\/p>\n<p>Kompatybilny z najnowszymi notebookami\/laptopami\/smartfonami<\/p>\n<p>Mo\u017cna dostarczy\u0107 bezp\u0142atne pr\u00f3bki<\/p>\n<p>W por\u00f3wnaniu z innymi, ta \u0142adowarka do laptopa oferuje 3-letni\u0105 gwarancj\u0119<\/p>\n<p>W przypadku ka\u017cdej przyk\u0142adowej wysy\u0142ki do cennego klienta dostarczymy raport z kontroli jako\u015bci, aby upewni\u0107 si\u0119, \u017ce funkcja pr\u00f3bki jest w porz\u0105dku u naszego klienta. Mamy standardowy proces opracowywania i sprawdzania, aby spe\u0142ni\u0107 \u017cyczenie klienta<\/p>\n<p>&nbsp;<\/p>\n<p>&nbsp;<\/p>\n<p>&nbsp;<\/p>","protected":false},"featured_media":7920,"comment_status":"open","ping_status":"closed","template":"","meta":{"rank_math_lock_modified_date":false,"site-sidebar-layout":"default","site-content-layout":"","ast-site-content-layout":"default","site-content-style":"default","site-sidebar-style":"default","ast-global-header-display":"","ast-banner-title-visibility":"","ast-main-header-display":"","ast-hfb-above-header-display":"","ast-hfb-below-header-display":"","ast-hfb-mobile-header-display":"","site-post-title":"","ast-breadcrumbs-content":"","ast-featured-img":"","footer-sml-layout":"","ast-disable-related-posts":"","theme-transparent-header-meta":"default","adv-header-id-meta":"","stick-header-meta":"","header-above-stick-meta":"","header-main-stick-meta":"","header-below-stick-meta":"","astra-migrate-meta-layouts":"set","ast-page-background-enabled":"default","ast-page-background-meta":{"desktop":{"background-color":"","background-image":"","background-repeat":"repeat","background-position":"center center","background-size":"auto","background-attachment":"scroll","background-type":"","background-media":"","overlay-type":"","overlay-color":"","overlay-opacity":"","overlay-gradient":""},"tablet":{"background-color":"","background-image":"","background-repeat":"repeat","background-position":"center center","background-size":"auto","background-attachment":"scroll","background-type":"","background-media":"","overlay-type":"","overlay-color":"","overlay-opacity":"","overlay-gradient":""},"mobile":{"background-color":"","background-image":"","background-repeat":"repeat","background-position":"center center","background-size":"auto","background-attachment":"scroll","background-type":"","background-media":"","overlay-type":"","overlay-color":"","overlay-opacity":"","overlay-gradient":""}},"ast-content-background-meta":{"desktop":{"background-color":"var(--ast-global-color-5)","background-image":"","background-repeat":"repeat","background-position":"center center","background-size":"auto","background-attachment":"scroll","background-type":"","background-media":"","overlay-type":"","overlay-color":"","overlay-opacity":"","overlay-gradient":""},"tablet":{"background-color":"var(--ast-global-color-5)","background-image":"","background-repeat":"repeat","background-position":"center center","background-size":"auto","background-attachment":"scroll","background-type":"","background-media":"","overlay-type":"","overlay-color":"","overlay-opacity":"","overlay-gradient":""},"mobile":{"background-color":"var(--ast-global-color-5)","background-image":"","background-repeat":"repeat","background-position":"center center","background-size":"auto","background-attachment":"scroll","background-type":"","background-media":"","overlay-type":"","overlay-color":"","overlay-opacity":"","overlay-gradient":""}}},"product_cat":[43],"product_tag":[],"class_list":{"0":"post-7919","1":"product","2":"type-product","3":"status-publish","4":"has-post-thumbnail","6":"product_cat-wall-charger","7":"desktop-align-center","8":"tablet-align-center","9":"mobile-align-center","11":"first","12":"instock","13":"shipping-taxable","14":"product-type-simple"},"_links":{"self":[{"href":"https:\/\/imiapower.com\/pl\/wp-json\/wp\/v2\/product\/7919","targetHints":{"allow":["GET"]}}],"collection":[{"href":"https:\/\/imiapower.com\/pl\/wp-json\/wp\/v2\/product"}],"about":[{"href":"https:\/\/imiapower.com\/pl\/wp-json\/wp\/v2\/types\/product"}],"replies":[{"embeddable":true,"href":"https:\/\/imiapower.com\/pl\/wp-json\/wp\/v2\/comments?post=7919"}],"version-history":[{"count":3,"href":"https:\/\/imiapower.com\/pl\/wp-json\/wp\/v2\/product\/7919\/revisions"}],"predecessor-version":[{"id":7926,"href":"https:\/\/imiapower.com\/pl\/wp-json\/wp\/v2\/product\/7919\/revisions\/7926"}],"wp:featuredmedia":[{"embeddable":true,"href":"https:\/\/imiapower.com\/pl\/wp-json\/wp\/v2\/media\/7920"}],"wp:attachment":[{"href":"https:\/\/imiapower.com\/pl\/wp-json\/wp\/v2\/media?parent=7919"}],"wp:term":[{"taxonomy":"product_cat","embeddable":true,"href":"https:\/\/imiapower.com\/pl\/wp-json\/wp\/v2\/product_cat?post=7919"},{"taxonomy":"product_tag","embeddable":true,"href":"https:\/\/imiapower.com\/pl\/wp-json\/wp\/v2\/product_tag?post=7919"}],"curies":[{"name":"wp","href":"https:\/\/api.w.org\/{rel}","templated":true}]}}