{"id":7960,"date":"2024-06-17T07:24:25","date_gmt":"2024-06-17T07:24:25","guid":{"rendered":"https:\/\/imiapower.com\/?post_type=product&#038;p=7960"},"modified":"2024-11-12T08:13:44","modified_gmt":"2024-11-12T08:13:44","slug":"universal-power-adapter","status":"publish","type":"product","link":"https:\/\/imiapower.com\/pl\/products\/travel-adapter\/universal-power-adapter\/","title":{"rendered":"Konstruktywny uniwersalny zasilacz od chi\u0144skiego producenta"},"content":{"rendered":"<ul>\n<li><strong>Uniwersalny zasilacz<\/strong><\/li>\n<li><strong>Wej\u015bcie pr\u0105du przemiennego:<\/strong>100 ~ 250 V\/AC 50-60 Hz 0,8 A<\/li>\n<li><strong>Wyj\u015bcie pr\u0105du przemiennego:<\/strong>Maks. 10 A (1000 W\/100 V lub 2400 W\/240 V)<\/li>\n<li><strong>Wyj\u015bcie USB:<\/strong>5 V \/2,4 A (MAKS. 12 W)<\/li>\n<li><strong>Wyj\u015bcie typu C2\/C3\/C4:<\/strong> 5 V\/2,4 A (MAKS. 12 W)<\/li>\n<li><strong>Wyj\u015bcie typu C1:<\/strong> 5V3A 9V3A 12V3A 15V3A 20V3.25A (MAX65W)<\/li>\n<li><strong>Rozmiar:<\/strong> 76*50,5*57mm<\/li>\n<li><strong>Waga:<\/strong> 180g<\/li>\n<li><strong>Materia\u0142:<\/strong> Wypalany PC + mied\u017a metalowa<\/li>\n<\/ul>","protected":false},"excerpt":{"rendered":"<p>Uziemienie w Wielkiej Brytanii pomaga chroni\u0107 przed pora\u017ceniem pr\u0105dem elektrycznym i zmniejsza ryzyko zwar\u0107 lub po\u017car\u00f3w.<\/p>\n<p>Wtyczki brytyjskie zazwyczaj maj\u0105 trzeci bolec uziemiaj\u0105cy, co jest wa\u017cne dla zapewnienia bezpiecze\u0144stwa urz\u0105dze\u0144 elektrycznych, zw\u0142aszcza podczas podr\u00f3\u017cy do region\u00f3w o zr\u00f3\u017cnicowanych standardach elektrycznych<\/p>\n<p>Wiele urz\u0105dze\u0144 jest zaprojektowanych do pracy z wtyczkami z uziemieniem, a u\u017cycie adaptera z uziemieniem brytyjskim zapewnia kompatybilno\u015b\u0107 z takimi urz\u0105dzeniami<\/p>\n<p>Jest to szczeg\u00f3lnie wa\u017cne w przypadku delikatnych urz\u0105dze\u0144 elektronicznych lub sprz\u0119t\u00f3w wymagaj\u0105cych stabilnego po\u0142\u0105czenia elektrycznego<\/p>\n<p>Nowoczesne adaptery podr\u00f3\u017cne powinny by\u0107 lekkie, kompaktowe i \u0142atwe w u\u017cyciu, stare adaptery podr\u00f3\u017cne musz\u0105 mie\u0107 wtyczki r\u00f3\u017cnych kraj\u00f3w, uniwersalny adapter zasilania typu \u201ewszystko w jednym\u201d zaprojektowany z r\u00f3\u017cnymi wtyczkami w jednym produkcie<\/p>\n<p>uniwersalna konwersja napi\u0119cia, umo\u017cliwiaj\u0105ca u\u017cytkownikom \u0142adowanie wielu urz\u0105dze\u0144 jednocze\u015bnie<\/p>\n<p>Ten rodzaj uniwersalnego zasilacza to gor\u0105co sprzedaj\u0105cy si\u0119 artyku\u0142, w tym w elektronice u\u017cytkowej, podr\u00f3\u017cach i turystyce oraz w serii artyku\u0142\u00f3w upominkowych<\/p>\n<p>Zapotrzebowanie na wydajne, bezpieczne i wielofunkcyjne adaptery podr\u00f3\u017cne stale ro\u015bnie, co zmusza producent\u00f3w do wprowadzania innowacji i d\u0105\u017cenia do doskona\u0142o\u015bci w zaspokajaniu globalnych potrzeb<\/p>","protected":false},"featured_media":7961,"comment_status":"open","ping_status":"closed","template":"","meta":{"rank_math_lock_modified_date":false,"site-sidebar-layout":"default","site-content-layout":"","ast-site-content-layout":"default","site-content-style":"default","site-sidebar-style":"default","ast-global-header-display":"","ast-banner-title-visibility":"","ast-main-header-display":"","ast-hfb-above-header-display":"","ast-hfb-below-header-display":"","ast-hfb-mobile-header-display":"","site-post-title":"","ast-breadcrumbs-content":"","ast-featured-img":"","footer-sml-layout":"","ast-disable-related-posts":"","theme-transparent-header-meta":"default","adv-header-id-meta":"","stick-header-meta":"","header-above-stick-meta":"","header-main-stick-meta":"","header-below-stick-meta":"","astra-migrate-meta-layouts":"set","ast-page-background-enabled":"default","ast-page-background-meta":{"desktop":{"background-color":"","background-image":"","background-repeat":"repeat","background-position":"center center","background-size":"auto","background-attachment":"scroll","background-type":"","background-media":"","overlay-type":"","overlay-color":"","overlay-opacity":"","overlay-gradient":""},"tablet":{"background-color":"","background-image":"","background-repeat":"repeat","background-position":"center center","background-size":"auto","background-attachment":"scroll","background-type":"","background-media":"","overlay-type":"","overlay-color":"","overlay-opacity":"","overlay-gradient":""},"mobile":{"background-color":"","background-image":"","background-repeat":"repeat","background-position":"center center","background-size":"auto","background-attachment":"scroll","background-type":"","background-media":"","overlay-type":"","overlay-color":"","overlay-opacity":"","overlay-gradient":""}},"ast-content-background-meta":{"desktop":{"background-color":"var(--ast-global-color-5)","background-image":"","background-repeat":"repeat","background-position":"center center","background-size":"auto","background-attachment":"scroll","background-type":"","background-media":"","overlay-type":"","overlay-color":"","overlay-opacity":"","overlay-gradient":""},"tablet":{"background-color":"var(--ast-global-color-5)","background-image":"","background-repeat":"repeat","background-position":"center center","background-size":"auto","background-attachment":"scroll","background-type":"","background-media":"","overlay-type":"","overlay-color":"","overlay-opacity":"","overlay-gradient":""},"mobile":{"background-color":"var(--ast-global-color-5)","background-image":"","background-repeat":"repeat","background-position":"center center","background-size":"auto","background-attachment":"scroll","background-type":"","background-media":"","overlay-type":"","overlay-color":"","overlay-opacity":"","overlay-gradient":""}}},"product_cat":[64],"product_tag":[],"class_list":{"0":"post-7960","1":"product","2":"type-product","3":"status-publish","4":"has-post-thumbnail","6":"product_cat-travel-adapter","7":"desktop-align-center","8":"tablet-align-center","9":"mobile-align-center","11":"first","12":"instock","13":"shipping-taxable","14":"product-type-simple"},"_links":{"self":[{"href":"https:\/\/imiapower.com\/pl\/wp-json\/wp\/v2\/product\/7960","targetHints":{"allow":["GET"]}}],"collection":[{"href":"https:\/\/imiapower.com\/pl\/wp-json\/wp\/v2\/product"}],"about":[{"href":"https:\/\/imiapower.com\/pl\/wp-json\/wp\/v2\/types\/product"}],"replies":[{"embeddable":true,"href":"https:\/\/imiapower.com\/pl\/wp-json\/wp\/v2\/comments?post=7960"}],"version-history":[{"count":6,"href":"https:\/\/imiapower.com\/pl\/wp-json\/wp\/v2\/product\/7960\/revisions"}],"predecessor-version":[{"id":8672,"href":"https:\/\/imiapower.com\/pl\/wp-json\/wp\/v2\/product\/7960\/revisions\/8672"}],"wp:featuredmedia":[{"embeddable":true,"href":"https:\/\/imiapower.com\/pl\/wp-json\/wp\/v2\/media\/7961"}],"wp:attachment":[{"href":"https:\/\/imiapower.com\/pl\/wp-json\/wp\/v2\/media?parent=7960"}],"wp:term":[{"taxonomy":"product_cat","embeddable":true,"href":"https:\/\/imiapower.com\/pl\/wp-json\/wp\/v2\/product_cat?post=7960"},{"taxonomy":"product_tag","embeddable":true,"href":"https:\/\/imiapower.com\/pl\/wp-json\/wp\/v2\/product_tag?post=7960"}],"curies":[{"name":"wp","href":"https:\/\/api.w.org\/{rel}","templated":true}]}}