{"id":7970,"date":"2024-06-18T01:04:57","date_gmt":"2024-06-18T01:04:57","guid":{"rendered":"https:\/\/imiapower.com\/?post_type=product&#038;p=7970"},"modified":"2024-11-12T10:06:20","modified_gmt":"2024-11-12T10:06:20","slug":"power-plug-travel-adapter","status":"publish","type":"product","link":"https:\/\/imiapower.com\/pl\/products\/travel-adapter\/power-plug-travel-adapter\/","title":{"rendered":"Tani zasilacz podr\u00f3\u017cny z wtyczk\u0105, produkcja w Chinach"},"content":{"rendered":"<ul>\n<li><strong>adapter podr\u00f3\u017cny do wtyczki zasilania<\/strong><\/li>\n<li><strong>Wej\u015bcie klimatyzacji:<\/strong> 100 V \u2013 250 V 50\/60 Hz<\/li>\n<li><strong>Wyj\u015bcie klimatyzacji:<\/strong> 1000 W-110 V\/2500 W-250 V \/ Bezpiecznik maks. 10 Amp<\/li>\n<li><strong>Rozmiar produktu:<\/strong> 75*50*45mm<\/li>\n<li><strong>Materia\u0142y:<\/strong> Ognioodporny PC + czysta mied\u017a<\/li>\n<li><strong>Typ wtyczki:<\/strong> Wtyczki EU UK US AUS wszystko w jednym<\/li>\n<li><strong>Stosowanie:<\/strong> Wymiana wtyczek podr\u00f3\u017cnych<\/li>\n<li><strong>Kolor:<\/strong> Bia\u0142y, czarny, dostosuj kolory<\/li>\n<li><strong>Orzecznictwo:<\/strong> Zatwierdzone przez CE FCC ROHS<\/li>\n<\/ul>","protected":false},"excerpt":{"rendered":"<p>Adapter podr\u00f3\u017cny z wtyczk\u0105 dzia\u0142a w ponad 150 krajach, w tym w Wielkiej Brytanii, Niemczech, W\u0142oszech, Europie, na Bliskim\/Dalekim Wschodzie, Tajlandii, Indonezji, Australii, Nowej Zelandii, USA, Kanadzie, Meksyku i Ameryce Po\u0142udniowej<\/p>\n<p>Urz\u0105dzenia du\u017cej mocy, takie jak suszarki do w\u0142os\u00f3w, prostownice, \u017celazka i czajniki, mog\u0105 by\u0107 u\u017cywane do 10A\/2000W. Musz\u0105 obs\u0142ugiwa\u0107 podw\u00f3jne napi\u0119cie 110 V\/250 V. Zasilacz NIE konwertuje napi\u0119cia<\/p>\n<p>Nale\u017cy unika\u0107 uszkodze\u0144 urz\u0105dze\u0144 wyposa\u017conych w obwody zabezpieczaj\u0105ce przed przegrzaniem i przeci\u0105\u017ceniem<\/p>\n<p>Opakowanie r\u0119czne w torebce foliowej, nast\u0119pnie w pude\u0142ku z papieru pakowego, co 100 pude\u0142ek zapakowanych w g\u0142\u00f3wny karton eksportowy<\/p>","protected":false},"featured_media":7975,"comment_status":"open","ping_status":"closed","template":"","meta":{"rank_math_lock_modified_date":false,"site-sidebar-layout":"default","site-content-layout":"","ast-site-content-layout":"default","site-content-style":"default","site-sidebar-style":"default","ast-global-header-display":"","ast-banner-title-visibility":"","ast-main-header-display":"","ast-hfb-above-header-display":"","ast-hfb-below-header-display":"","ast-hfb-mobile-header-display":"","site-post-title":"","ast-breadcrumbs-content":"","ast-featured-img":"","footer-sml-layout":"","ast-disable-related-posts":"","theme-transparent-header-meta":"default","adv-header-id-meta":"","stick-header-meta":"","header-above-stick-meta":"","header-main-stick-meta":"","header-below-stick-meta":"","astra-migrate-meta-layouts":"set","ast-page-background-enabled":"default","ast-page-background-meta":{"desktop":{"background-color":"","background-image":"","background-repeat":"repeat","background-position":"center center","background-size":"auto","background-attachment":"scroll","background-type":"","background-media":"","overlay-type":"","overlay-color":"","overlay-opacity":"","overlay-gradient":""},"tablet":{"background-color":"","background-image":"","background-repeat":"repeat","background-position":"center center","background-size":"auto","background-attachment":"scroll","background-type":"","background-media":"","overlay-type":"","overlay-color":"","overlay-opacity":"","overlay-gradient":""},"mobile":{"background-color":"","background-image":"","background-repeat":"repeat","background-position":"center center","background-size":"auto","background-attachment":"scroll","background-type":"","background-media":"","overlay-type":"","overlay-color":"","overlay-opacity":"","overlay-gradient":""}},"ast-content-background-meta":{"desktop":{"background-color":"var(--ast-global-color-5)","background-image":"","background-repeat":"repeat","background-position":"center center","background-size":"auto","background-attachment":"scroll","background-type":"","background-media":"","overlay-type":"","overlay-color":"","overlay-opacity":"","overlay-gradient":""},"tablet":{"background-color":"var(--ast-global-color-5)","background-image":"","background-repeat":"repeat","background-position":"center center","background-size":"auto","background-attachment":"scroll","background-type":"","background-media":"","overlay-type":"","overlay-color":"","overlay-opacity":"","overlay-gradient":""},"mobile":{"background-color":"var(--ast-global-color-5)","background-image":"","background-repeat":"repeat","background-position":"center center","background-size":"auto","background-attachment":"scroll","background-type":"","background-media":"","overlay-type":"","overlay-color":"","overlay-opacity":"","overlay-gradient":""}}},"product_cat":[64],"product_tag":[],"class_list":{"0":"post-7970","1":"product","2":"type-product","3":"status-publish","4":"has-post-thumbnail","6":"product_cat-travel-adapter","7":"desktop-align-center","8":"tablet-align-center","9":"mobile-align-center","11":"first","12":"instock","13":"shipping-taxable","14":"product-type-simple"},"_links":{"self":[{"href":"https:\/\/imiapower.com\/pl\/wp-json\/wp\/v2\/product\/7970","targetHints":{"allow":["GET"]}}],"collection":[{"href":"https:\/\/imiapower.com\/pl\/wp-json\/wp\/v2\/product"}],"about":[{"href":"https:\/\/imiapower.com\/pl\/wp-json\/wp\/v2\/types\/product"}],"replies":[{"embeddable":true,"href":"https:\/\/imiapower.com\/pl\/wp-json\/wp\/v2\/comments?post=7970"}],"version-history":[{"count":4,"href":"https:\/\/imiapower.com\/pl\/wp-json\/wp\/v2\/product\/7970\/revisions"}],"predecessor-version":[{"id":7978,"href":"https:\/\/imiapower.com\/pl\/wp-json\/wp\/v2\/product\/7970\/revisions\/7978"}],"wp:featuredmedia":[{"embeddable":true,"href":"https:\/\/imiapower.com\/pl\/wp-json\/wp\/v2\/media\/7975"}],"wp:attachment":[{"href":"https:\/\/imiapower.com\/pl\/wp-json\/wp\/v2\/media?parent=7970"}],"wp:term":[{"taxonomy":"product_cat","embeddable":true,"href":"https:\/\/imiapower.com\/pl\/wp-json\/wp\/v2\/product_cat?post=7970"},{"taxonomy":"product_tag","embeddable":true,"href":"https:\/\/imiapower.com\/pl\/wp-json\/wp\/v2\/product_tag?post=7970"}],"curies":[{"name":"wp","href":"https:\/\/api.w.org\/{rel}","templated":true}]}}