{"id":8008,"date":"2024-06-19T00:51:20","date_gmt":"2024-06-19T00:51:20","guid":{"rendered":"https:\/\/imiapower.com\/?post_type=product&#038;p=8008"},"modified":"2024-06-19T01:06:42","modified_gmt":"2024-06-19T01:06:42","slug":"adaptors-for-international-travel","status":"publish","type":"product","link":"https:\/\/imiapower.com\/pl\/products\/travel-adapter\/adaptors-for-international-travel\/","title":{"rendered":"Kreatywne adaptery do podr\u00f3\u017cy mi\u0119dzynarodowych 45w"},"content":{"rendered":"<ul>\n<li><strong>adaptery do podr\u00f3\u017cy mi\u0119dzynarodowych<\/strong><\/li>\n<li><strong>Wej\u015bcie pr\u0105du przemiennego:<\/strong>100 ~ 250 V\/AC 50-60 Hz 0,8 A<\/li>\n<li><strong>Wyj\u015bcie pr\u0105du przemiennego:<\/strong>Maks. 10 A (1000 W\/100 V lub 2400 W\/240 V)<\/li>\n<li><strong>Wyj\u015bcie USB:<\/strong> 5 V 2,4 A (maks. 12 W)<\/li>\n<li><strong>Wyj\u015bcie typu C1\/C2\/C3:<\/strong> 5 V 2,4 A (maks. 12 W)<\/li>\n<li><strong>Wyj\u015bcie typu C4:<\/strong> 5 V, 3 A 9 V, 3 A 12 V, 3 A 15 V, 3 A 20 V, 2,25 A (MAKS. 45 W)<\/li>\n<li><strong>Rozmiar:<\/strong>76*50,5*57mm<\/li>\n<li><strong>Kolor: <\/strong>kolor czarny \/ bia\u0142y \/ \u017c\u00f3\u0142ty \/ zielony lub niestandardowy<\/li>\n<li><strong>Waga:<\/strong>180g<\/li>\n<li><strong>Materia\u0142:<\/strong> Wypalany PC + mied\u017a metalowa<\/li>\n<li><strong>Certyfikat:<\/strong> UKCA, CE, FCC, RoHS, REACH<\/li>\n<\/ul>","protected":false},"excerpt":{"rendered":"<p>Mo\u017cna wybra\u0107 te adaptery projektowe do podr\u00f3\u017cy mi\u0119dzynarodowych w oparciu o pomys\u0142 kontenera wysy\u0142kowego w r\u00f3\u017cnych kolorach<\/p>\n<p>Dziki projekt napi\u0119cia od 100 V do 250 V, kt\u00f3ry mo\u017ce by\u0107 u\u017cywany na ca\u0142ym \u015bwiecie<\/p>\n<p>Model ten mo\u017ce by\u0107 wykonany w opcji 20w\/35w\/45w\/65w<\/p>\n<p>Dzi\u0119ki 4 portom \u0142adowania typu c, poniewa\u017c kable typu c odgrywaj\u0105 wa\u017cn\u0105 rol\u0119 na rynku elektronicznym, nasza konstrukcja wpisuje si\u0119 w trend rynkowy i jednocze\u015bnie spe\u0142nia wymagania \u0142adowania urz\u0105dze\u0144 elektronicznych<\/p>\n<p>Uniwersalne gniazdo, odpowiednie dla pin\u00f3w UE \/ Wielkiej Brytanii \/ USA \/ USA \/ Republiki Po\u0142udniowej Afryki \/ Indii, podczas gdy niekt\u00f3re modele konkurencji nie s\u0105 odpowiednie dla pin\u00f3w Republiki Po\u0142udniowej Afryki<\/p>\n<p><img fetchpriority=\"high\" decoding=\"async\" class=\"alignnone\" src=\"https:\/\/p.globalsources.com\/IMAGES\/PDT\/B6020382707\/international-Travel-Adapter.jpg\" alt=\"adaptery do podr\u00f3\u017cy mi\u0119dzynarodowych\" width=\"448\" height=\"448\" \/><\/p>\n<p>Zapewnili\u015bmy 1 rok gwarancji na tego rodzaju produkt<\/p>\n<p>Mo\u017cna dostarczy\u0107 bezp\u0142atne pr\u00f3bki, a czas realizacji produkcji masowej wynosi oko\u0142o 25-30 dni<\/p>\n<p>&nbsp;<\/p>\n<p>&nbsp;<\/p>\n<p>&nbsp;<\/p>","protected":false},"featured_media":8010,"comment_status":"open","ping_status":"closed","template":"","meta":{"rank_math_lock_modified_date":false,"site-sidebar-layout":"default","site-content-layout":"","ast-site-content-layout":"default","site-content-style":"default","site-sidebar-style":"default","ast-global-header-display":"","ast-banner-title-visibility":"","ast-main-header-display":"","ast-hfb-above-header-display":"","ast-hfb-below-header-display":"","ast-hfb-mobile-header-display":"","site-post-title":"","ast-breadcrumbs-content":"","ast-featured-img":"","footer-sml-layout":"","ast-disable-related-posts":"","theme-transparent-header-meta":"default","adv-header-id-meta":"","stick-header-meta":"","header-above-stick-meta":"","header-main-stick-meta":"","header-below-stick-meta":"","astra-migrate-meta-layouts":"set","ast-page-background-enabled":"default","ast-page-background-meta":{"desktop":{"background-color":"","background-image":"","background-repeat":"repeat","background-position":"center center","background-size":"auto","background-attachment":"scroll","background-type":"","background-media":"","overlay-type":"","overlay-color":"","overlay-opacity":"","overlay-gradient":""},"tablet":{"background-color":"","background-image":"","background-repeat":"repeat","background-position":"center center","background-size":"auto","background-attachment":"scroll","background-type":"","background-media":"","overlay-type":"","overlay-color":"","overlay-opacity":"","overlay-gradient":""},"mobile":{"background-color":"","background-image":"","background-repeat":"repeat","background-position":"center center","background-size":"auto","background-attachment":"scroll","background-type":"","background-media":"","overlay-type":"","overlay-color":"","overlay-opacity":"","overlay-gradient":""}},"ast-content-background-meta":{"desktop":{"background-color":"var(--ast-global-color-5)","background-image":"","background-repeat":"repeat","background-position":"center center","background-size":"auto","background-attachment":"scroll","background-type":"","background-media":"","overlay-type":"","overlay-color":"","overlay-opacity":"","overlay-gradient":""},"tablet":{"background-color":"var(--ast-global-color-5)","background-image":"","background-repeat":"repeat","background-position":"center center","background-size":"auto","background-attachment":"scroll","background-type":"","background-media":"","overlay-type":"","overlay-color":"","overlay-opacity":"","overlay-gradient":""},"mobile":{"background-color":"var(--ast-global-color-5)","background-image":"","background-repeat":"repeat","background-position":"center center","background-size":"auto","background-attachment":"scroll","background-type":"","background-media":"","overlay-type":"","overlay-color":"","overlay-opacity":"","overlay-gradient":""}}},"product_cat":[64],"product_tag":[],"class_list":{"0":"post-8008","1":"product","2":"type-product","3":"status-publish","4":"has-post-thumbnail","6":"product_cat-travel-adapter","7":"desktop-align-center","8":"tablet-align-center","9":"mobile-align-center","11":"first","12":"instock","13":"shipping-taxable","14":"product-type-simple"},"_links":{"self":[{"href":"https:\/\/imiapower.com\/pl\/wp-json\/wp\/v2\/product\/8008","targetHints":{"allow":["GET"]}}],"collection":[{"href":"https:\/\/imiapower.com\/pl\/wp-json\/wp\/v2\/product"}],"about":[{"href":"https:\/\/imiapower.com\/pl\/wp-json\/wp\/v2\/types\/product"}],"replies":[{"embeddable":true,"href":"https:\/\/imiapower.com\/pl\/wp-json\/wp\/v2\/comments?post=8008"}],"version-history":[{"count":3,"href":"https:\/\/imiapower.com\/pl\/wp-json\/wp\/v2\/product\/8008\/revisions"}],"predecessor-version":[{"id":8016,"href":"https:\/\/imiapower.com\/pl\/wp-json\/wp\/v2\/product\/8008\/revisions\/8016"}],"wp:featuredmedia":[{"embeddable":true,"href":"https:\/\/imiapower.com\/pl\/wp-json\/wp\/v2\/media\/8010"}],"wp:attachment":[{"href":"https:\/\/imiapower.com\/pl\/wp-json\/wp\/v2\/media?parent=8008"}],"wp:term":[{"taxonomy":"product_cat","embeddable":true,"href":"https:\/\/imiapower.com\/pl\/wp-json\/wp\/v2\/product_cat?post=8008"},{"taxonomy":"product_tag","embeddable":true,"href":"https:\/\/imiapower.com\/pl\/wp-json\/wp\/v2\/product_tag?post=8008"}],"curies":[{"name":"wp","href":"https:\/\/api.w.org\/{rel}","templated":true}]}}