{"id":8069,"date":"2024-07-01T02:22:09","date_gmt":"2024-07-01T02:22:09","guid":{"rendered":"https:\/\/imiapower.com\/?post_type=product&#038;p=8069"},"modified":"2024-07-01T02:25:09","modified_gmt":"2024-07-01T02:25:09","slug":"universal-adapter","status":"publish","type":"product","link":"https:\/\/imiapower.com\/pl\/products\/travel-adapter\/universal-adapter\/","title":{"rendered":"Innowacyjny uniwersalny zasilacz 30w"},"content":{"rendered":"<ul>\n<li><strong>Uniwersalny adapter<\/strong><\/li>\n<li><strong>Wej\u015bcie pr\u0105du przemiennego:<\/strong> 100 ~ 250 V\/AC 50-60 Hz<\/li>\n<li><strong>Wyj\u015bcie pr\u0105du przemiennego: <\/strong>Maks. 6A (660 W\/100 V lub 1330 W\/250 V)<\/li>\n<li><strong>Wyj\u015bcie PD:<\/strong> 5V3A\/9V3A\/12V2.5A\/15V2A\/20V1.5A (maks. 30W)<\/li>\n<li><strong>Wyj\u015bcie QC3.0:<\/strong> 5V3A\/9V2A\/12V1.5A (maks. 18 W)<\/li>\n<li><strong>Wyj\u015bcie PD+ QC:<\/strong> 5 V 4 A (maks. 20 W)<\/li>\n<li><strong>\u00a0Rozmiar:<\/strong> 50x70x55 mm<\/li>\n<li><strong>Materia\u0142:<\/strong> Wypalany PC + mied\u017a metalowa + olej gumowy<\/li>\n<li><strong>Ocena:<\/strong> UE\/AU\/UK\/USA wszystko w jednym mo\u017ce by\u0107 u\u017cywane w ponad 170 krajach<\/li>\n<li><strong>Certyfikat:<\/strong> CE, Rohs<\/li>\n<\/ul>","protected":false},"excerpt":{"rendered":"<p>Ten uniwersalny adapter to modny adapter podr\u00f3\u017cny o pi\u0142karskim designie z szybk\u0105 \u0142adowark\u0105 USB typu C PD 30 W, uniwersalnym adapterem podr\u00f3\u017cnym z wtyczk\u0105 do \u0142adowania w podr\u00f3\u017cy mi\u0119dzynarodowej. Najbezpieczniejsza konstrukcja Wbudowany bezpiecznik automatycznego resetowania 8A<\/p>\n<p>Kompleksowy projekt dzia\u0142a w ponad 170 krajach, w tym w Wielkiej Brytanii, Niemczech, W\u0142oszech, Europie, na Bliskim i Dalekim Wschodzie, Tajlandii, Indonezji, Australii, Nowej Zelandii, USA, Kanadzie, Meksyku i Ameryce Po\u0142udniowej<\/p>\n<p>Urz\u0105dzenia du\u017cej mocy, takie jak suszarki do w\u0142os\u00f3w, prostownice, \u017celazka i czajniki, mog\u0105 by\u0107 u\u017cywane do 10A\/2000W. Musz\u0105 obs\u0142ugiwa\u0107 podw\u00f3jne napi\u0119cie 110 V\/250 V. Zasilacz NIE konwertuje napi\u0119cia<\/p>\n<p>Nale\u017cy unika\u0107 uszkodze\u0144 urz\u0105dze\u0144 wyposa\u017conych w obwody zabezpieczaj\u0105ce przed przegrzaniem i przeci\u0105\u017ceniem. Wbudowany bezpiecznik automatycznego resetowania 8A. Bezpieczniejszy ni\u017c zwyk\u0142y bezpiecznik i nie wymaga wymiany bezpiecznika. Wbudowane okiennice bezpiecze\u0144stwa i konstrukcja z blokad\u0105 wtyczki. Certyfikat CE FCC ROHS<\/p>\n<p>&nbsp;<\/p>","protected":false},"featured_media":8071,"comment_status":"open","ping_status":"closed","template":"","meta":{"rank_math_lock_modified_date":false,"site-sidebar-layout":"default","site-content-layout":"","ast-site-content-layout":"default","site-content-style":"default","site-sidebar-style":"default","ast-global-header-display":"","ast-banner-title-visibility":"","ast-main-header-display":"","ast-hfb-above-header-display":"","ast-hfb-below-header-display":"","ast-hfb-mobile-header-display":"","site-post-title":"","ast-breadcrumbs-content":"","ast-featured-img":"","footer-sml-layout":"","ast-disable-related-posts":"","theme-transparent-header-meta":"default","adv-header-id-meta":"","stick-header-meta":"","header-above-stick-meta":"","header-main-stick-meta":"","header-below-stick-meta":"","astra-migrate-meta-layouts":"set","ast-page-background-enabled":"default","ast-page-background-meta":{"desktop":{"background-color":"","background-image":"","background-repeat":"repeat","background-position":"center center","background-size":"auto","background-attachment":"scroll","background-type":"","background-media":"","overlay-type":"","overlay-color":"","overlay-opacity":"","overlay-gradient":""},"tablet":{"background-color":"","background-image":"","background-repeat":"repeat","background-position":"center center","background-size":"auto","background-attachment":"scroll","background-type":"","background-media":"","overlay-type":"","overlay-color":"","overlay-opacity":"","overlay-gradient":""},"mobile":{"background-color":"","background-image":"","background-repeat":"repeat","background-position":"center center","background-size":"auto","background-attachment":"scroll","background-type":"","background-media":"","overlay-type":"","overlay-color":"","overlay-opacity":"","overlay-gradient":""}},"ast-content-background-meta":{"desktop":{"background-color":"var(--ast-global-color-5)","background-image":"","background-repeat":"repeat","background-position":"center center","background-size":"auto","background-attachment":"scroll","background-type":"","background-media":"","overlay-type":"","overlay-color":"","overlay-opacity":"","overlay-gradient":""},"tablet":{"background-color":"var(--ast-global-color-5)","background-image":"","background-repeat":"repeat","background-position":"center center","background-size":"auto","background-attachment":"scroll","background-type":"","background-media":"","overlay-type":"","overlay-color":"","overlay-opacity":"","overlay-gradient":""},"mobile":{"background-color":"var(--ast-global-color-5)","background-image":"","background-repeat":"repeat","background-position":"center center","background-size":"auto","background-attachment":"scroll","background-type":"","background-media":"","overlay-type":"","overlay-color":"","overlay-opacity":"","overlay-gradient":""}}},"product_cat":[64],"product_tag":[],"class_list":{"0":"post-8069","1":"product","2":"type-product","3":"status-publish","4":"has-post-thumbnail","6":"product_cat-travel-adapter","7":"desktop-align-center","8":"tablet-align-center","9":"mobile-align-center","11":"first","12":"instock","13":"shipping-taxable","14":"product-type-simple"},"_links":{"self":[{"href":"https:\/\/imiapower.com\/pl\/wp-json\/wp\/v2\/product\/8069","targetHints":{"allow":["GET"]}}],"collection":[{"href":"https:\/\/imiapower.com\/pl\/wp-json\/wp\/v2\/product"}],"about":[{"href":"https:\/\/imiapower.com\/pl\/wp-json\/wp\/v2\/types\/product"}],"replies":[{"embeddable":true,"href":"https:\/\/imiapower.com\/pl\/wp-json\/wp\/v2\/comments?post=8069"}],"version-history":[{"count":3,"href":"https:\/\/imiapower.com\/pl\/wp-json\/wp\/v2\/product\/8069\/revisions"}],"predecessor-version":[{"id":8076,"href":"https:\/\/imiapower.com\/pl\/wp-json\/wp\/v2\/product\/8069\/revisions\/8076"}],"wp:featuredmedia":[{"embeddable":true,"href":"https:\/\/imiapower.com\/pl\/wp-json\/wp\/v2\/media\/8071"}],"wp:attachment":[{"href":"https:\/\/imiapower.com\/pl\/wp-json\/wp\/v2\/media?parent=8069"}],"wp:term":[{"taxonomy":"product_cat","embeddable":true,"href":"https:\/\/imiapower.com\/pl\/wp-json\/wp\/v2\/product_cat?post=8069"},{"taxonomy":"product_tag","embeddable":true,"href":"https:\/\/imiapower.com\/pl\/wp-json\/wp\/v2\/product_tag?post=8069"}],"curies":[{"name":"wp","href":"https:\/\/api.w.org\/{rel}","templated":true}]}}