{"id":8077,"date":"2024-07-01T03:32:03","date_gmt":"2024-07-01T03:32:03","guid":{"rendered":"https:\/\/imiapower.com\/?post_type=product&#038;p=8077"},"modified":"2024-11-15T09:28:01","modified_gmt":"2024-11-15T09:28:01","slug":"universal-plug","status":"publish","type":"product","link":"https:\/\/imiapower.com\/pl\/products\/travel-adapter\/universal-plug\/","title":{"rendered":"Tania uniwersalna wtyczka 12 W fabryka w Chinach"},"content":{"rendered":"<ul>\n<li><strong>Wtyczka uniwersalna<\/strong><\/li>\n<li><strong>Wej\u015bcie pr\u0105du przemiennego:<\/strong>110 ~ 240 V\/AC 50-60 Hz<\/li>\n<li>\u00a0<strong>Wyj\u015bcie pr\u0105du przemiennego:<\/strong>Maks. 6A (660 W\/110 V lub 1440 W\/240 V)<\/li>\n<li><strong>Wyj\u015bcie USB:<\/strong>5 V 2400 mA (ca\u0142kowite)<\/li>\n<li><strong>Rozmiar:<\/strong>64,5 x 53 x 61,5 mm<\/li>\n<li><strong>Materia\u0142 :<\/strong> ABS+ metal miedziany<\/li>\n<li><strong>Ocena:<\/strong> UE\/AU\/UK\/USA wszystko w jednym mo\u017ce by\u0107 u\u017cywane w ponad 170 krajach<\/li>\n<li><strong>Certyfikat:<\/strong> CE, Rohs<\/li>\n<li><strong>Praca: <\/strong>1 rok gwarancji<\/li>\n<li><strong>Pakiet:<\/strong> niestandardowe kolorowe pude\u0142ko lub blister<\/li>\n<\/ul>","protected":false},"excerpt":{"rendered":"<p>Wtyczka uniwersalna to urz\u0105dzenie \u0142aduj\u0105ce, kt\u00f3re zawiera cztery r\u00f3\u017cne wtyczki (USA\/AUS\/UE\/UK), kt\u00f3re spe\u0142niaj\u0105 standardy wtyczek wi\u0119kszo\u015bci kraj\u00f3w<\/p>\n<p>Model ten dzi\u0119ki niewielkim rozmiarom i \u0142atwo\u015bci przenoszenia podczas podr\u00f3\u017cy do r\u00f3\u017cnych kraj\u00f3w, a tak\u017ce niskiej cenie, mo\u017cemy spotka\u0107 w wielu sklepach turystycznych i sieci supermarket\u00f3w<\/p>\n<p>Wraz z popraw\u0105 poziomu ekonomicznego coraz wi\u0119cej os\u00f3b podr\u00f3\u017cuje do r\u00f3\u017cnych kraj\u00f3w, a ten przedmiot stanie si\u0119 obowi\u0105zkowym przedmiotem naszych podr\u00f3\u017cy<\/p>\n<p>&nbsp;<\/p>","protected":false},"featured_media":8084,"comment_status":"open","ping_status":"closed","template":"","meta":{"rank_math_lock_modified_date":false,"site-sidebar-layout":"default","site-content-layout":"","ast-site-content-layout":"default","site-content-style":"default","site-sidebar-style":"default","ast-global-header-display":"","ast-banner-title-visibility":"","ast-main-header-display":"","ast-hfb-above-header-display":"","ast-hfb-below-header-display":"","ast-hfb-mobile-header-display":"","site-post-title":"","ast-breadcrumbs-content":"","ast-featured-img":"","footer-sml-layout":"","ast-disable-related-posts":"","theme-transparent-header-meta":"default","adv-header-id-meta":"","stick-header-meta":"","header-above-stick-meta":"","header-main-stick-meta":"","header-below-stick-meta":"","astra-migrate-meta-layouts":"set","ast-page-background-enabled":"default","ast-page-background-meta":{"desktop":{"background-color":"","background-image":"","background-repeat":"repeat","background-position":"center center","background-size":"auto","background-attachment":"scroll","background-type":"","background-media":"","overlay-type":"","overlay-color":"","overlay-opacity":"","overlay-gradient":""},"tablet":{"background-color":"","background-image":"","background-repeat":"repeat","background-position":"center center","background-size":"auto","background-attachment":"scroll","background-type":"","background-media":"","overlay-type":"","overlay-color":"","overlay-opacity":"","overlay-gradient":""},"mobile":{"background-color":"","background-image":"","background-repeat":"repeat","background-position":"center center","background-size":"auto","background-attachment":"scroll","background-type":"","background-media":"","overlay-type":"","overlay-color":"","overlay-opacity":"","overlay-gradient":""}},"ast-content-background-meta":{"desktop":{"background-color":"var(--ast-global-color-5)","background-image":"","background-repeat":"repeat","background-position":"center center","background-size":"auto","background-attachment":"scroll","background-type":"","background-media":"","overlay-type":"","overlay-color":"","overlay-opacity":"","overlay-gradient":""},"tablet":{"background-color":"var(--ast-global-color-5)","background-image":"","background-repeat":"repeat","background-position":"center center","background-size":"auto","background-attachment":"scroll","background-type":"","background-media":"","overlay-type":"","overlay-color":"","overlay-opacity":"","overlay-gradient":""},"mobile":{"background-color":"var(--ast-global-color-5)","background-image":"","background-repeat":"repeat","background-position":"center center","background-size":"auto","background-attachment":"scroll","background-type":"","background-media":"","overlay-type":"","overlay-color":"","overlay-opacity":"","overlay-gradient":""}}},"product_cat":[64],"product_tag":[],"class_list":{"0":"post-8077","1":"product","2":"type-product","3":"status-publish","4":"has-post-thumbnail","6":"product_cat-travel-adapter","7":"desktop-align-center","8":"tablet-align-center","9":"mobile-align-center","11":"first","12":"instock","13":"shipping-taxable","14":"product-type-simple"},"_links":{"self":[{"href":"https:\/\/imiapower.com\/pl\/wp-json\/wp\/v2\/product\/8077","targetHints":{"allow":["GET"]}}],"collection":[{"href":"https:\/\/imiapower.com\/pl\/wp-json\/wp\/v2\/product"}],"about":[{"href":"https:\/\/imiapower.com\/pl\/wp-json\/wp\/v2\/types\/product"}],"replies":[{"embeddable":true,"href":"https:\/\/imiapower.com\/pl\/wp-json\/wp\/v2\/comments?post=8077"}],"version-history":[{"count":4,"href":"https:\/\/imiapower.com\/pl\/wp-json\/wp\/v2\/product\/8077\/revisions"}],"predecessor-version":[{"id":8089,"href":"https:\/\/imiapower.com\/pl\/wp-json\/wp\/v2\/product\/8077\/revisions\/8089"}],"wp:featuredmedia":[{"embeddable":true,"href":"https:\/\/imiapower.com\/pl\/wp-json\/wp\/v2\/media\/8084"}],"wp:attachment":[{"href":"https:\/\/imiapower.com\/pl\/wp-json\/wp\/v2\/media?parent=8077"}],"wp:term":[{"taxonomy":"product_cat","embeddable":true,"href":"https:\/\/imiapower.com\/pl\/wp-json\/wp\/v2\/product_cat?post=8077"},{"taxonomy":"product_tag","embeddable":true,"href":"https:\/\/imiapower.com\/pl\/wp-json\/wp\/v2\/product_tag?post=8077"}],"curies":[{"name":"wp","href":"https:\/\/api.w.org\/{rel}","templated":true}]}}