{"id":8092,"date":"2024-07-11T06:01:19","date_gmt":"2024-07-11T06:01:19","guid":{"rendered":"https:\/\/imiapower.com\/?post_type=product&#038;p=8092"},"modified":"2024-08-16T06:34:16","modified_gmt":"2024-08-16T06:34:16","slug":"travel-adaptor-with-usb","status":"publish","type":"product","link":"https:\/\/imiapower.com\/pl\/products\/travel-adapter\/travel-adaptor-with-usb\/","title":{"rendered":"Oryginalny zasilacz podr\u00f3\u017cny z dostawc\u0105 USB 45w"},"content":{"rendered":"<ul>\n<li><strong>adapter podr\u00f3\u017cny z USB<\/strong><\/li>\n<li><strong>Wej\u015bcie pr\u0105du przemiennego:<\/strong>100 ~ 250 V\/AC 50-60 Hz 0,8 A<\/li>\n<li><strong>Wyj\u015bcie pr\u0105du przemiennego:<\/strong>Maks. 10 A (1000 W\/100 V lub 2400 W\/240 V)<\/li>\n<li><strong>Wyj\u015bcie USB:<\/strong> 5 V 2,4 A (maks. 12 W)<\/li>\n<li><strong>Wyj\u015bcie typu C1\/C2\/C3:<\/strong> 5 V 2,4 A (maks. 12 W)<\/li>\n<li><strong>Wyj\u015bcie typu C4:<\/strong> 5 V, 3 A 9 V, 3 A 12 V, 3 A 15 V, 3 A 20 V, 2,25 A (MAKS. 45 W)<\/li>\n<li><strong>Rozmiar:<\/strong>52x73x57mm<\/li>\n<li><strong>Kolor:<\/strong> Czarny<\/li>\n<li><strong>Waga:<\/strong>170g<\/li>\n<li><strong>Materia\u0142:<\/strong> Wypalany PC + mied\u017a metalowa<\/li>\n<li><strong>Certyfikat:<\/strong> UKCA, CE, FCC, RoHS, REACH<\/li>\n<\/ul>","protected":false},"excerpt":{"rendered":"<p>Adapter podr\u00f3\u017cny z USB to proste, ale niezb\u0119dne narz\u0119dzie, kt\u00f3re pomaga zapewni\u0107 dzia\u0142anie i bezpiecze\u0144stwo urz\u0105dze\u0144 elektronicznych podczas podr\u00f3\u017cy mi\u0119dzynarodowych, zapewniaj\u0105c spok\u00f3j i wygod\u0119.<\/p>\n<p>Kompatybilno\u015b\u0107 elektryczna i kompatybilno\u015b\u0107 urz\u0105dze\u0144 oraz bezpiecze\u0144stwo i wygoda oraz wszechstronno\u015b\u0107 i gotowo\u015b\u0107<\/p>\n<p>Pr\u00f3bki s\u0105 dost\u0119pne bezp\u0142atnie, dzi\u0119ki czemu klient bardziej nam uwierzy przed z\u0142o\u017ceniem zam\u00f3wienia u nas<\/p>","protected":false},"featured_media":8096,"comment_status":"open","ping_status":"closed","template":"","meta":{"rank_math_lock_modified_date":false,"site-sidebar-layout":"default","site-content-layout":"","ast-site-content-layout":"default","site-content-style":"default","site-sidebar-style":"default","ast-global-header-display":"","ast-banner-title-visibility":"","ast-main-header-display":"","ast-hfb-above-header-display":"","ast-hfb-below-header-display":"","ast-hfb-mobile-header-display":"","site-post-title":"","ast-breadcrumbs-content":"","ast-featured-img":"","footer-sml-layout":"","ast-disable-related-posts":"","theme-transparent-header-meta":"default","adv-header-id-meta":"","stick-header-meta":"","header-above-stick-meta":"","header-main-stick-meta":"","header-below-stick-meta":"","astra-migrate-meta-layouts":"set","ast-page-background-enabled":"default","ast-page-background-meta":{"desktop":{"background-color":"","background-image":"","background-repeat":"repeat","background-position":"center center","background-size":"auto","background-attachment":"scroll","background-type":"","background-media":"","overlay-type":"","overlay-color":"","overlay-opacity":"","overlay-gradient":""},"tablet":{"background-color":"","background-image":"","background-repeat":"repeat","background-position":"center center","background-size":"auto","background-attachment":"scroll","background-type":"","background-media":"","overlay-type":"","overlay-color":"","overlay-opacity":"","overlay-gradient":""},"mobile":{"background-color":"","background-image":"","background-repeat":"repeat","background-position":"center center","background-size":"auto","background-attachment":"scroll","background-type":"","background-media":"","overlay-type":"","overlay-color":"","overlay-opacity":"","overlay-gradient":""}},"ast-content-background-meta":{"desktop":{"background-color":"var(--ast-global-color-5)","background-image":"","background-repeat":"repeat","background-position":"center center","background-size":"auto","background-attachment":"scroll","background-type":"","background-media":"","overlay-type":"","overlay-color":"","overlay-opacity":"","overlay-gradient":""},"tablet":{"background-color":"var(--ast-global-color-5)","background-image":"","background-repeat":"repeat","background-position":"center center","background-size":"auto","background-attachment":"scroll","background-type":"","background-media":"","overlay-type":"","overlay-color":"","overlay-opacity":"","overlay-gradient":""},"mobile":{"background-color":"var(--ast-global-color-5)","background-image":"","background-repeat":"repeat","background-position":"center center","background-size":"auto","background-attachment":"scroll","background-type":"","background-media":"","overlay-type":"","overlay-color":"","overlay-opacity":"","overlay-gradient":""}}},"product_cat":[64],"product_tag":[],"class_list":{"0":"post-8092","1":"product","2":"type-product","3":"status-publish","4":"has-post-thumbnail","6":"product_cat-travel-adapter","7":"desktop-align-center","8":"tablet-align-center","9":"mobile-align-center","11":"first","12":"instock","13":"shipping-taxable","14":"product-type-simple"},"_links":{"self":[{"href":"https:\/\/imiapower.com\/pl\/wp-json\/wp\/v2\/product\/8092","targetHints":{"allow":["GET"]}}],"collection":[{"href":"https:\/\/imiapower.com\/pl\/wp-json\/wp\/v2\/product"}],"about":[{"href":"https:\/\/imiapower.com\/pl\/wp-json\/wp\/v2\/types\/product"}],"replies":[{"embeddable":true,"href":"https:\/\/imiapower.com\/pl\/wp-json\/wp\/v2\/comments?post=8092"}],"version-history":[{"count":4,"href":"https:\/\/imiapower.com\/pl\/wp-json\/wp\/v2\/product\/8092\/revisions"}],"predecessor-version":[{"id":8099,"href":"https:\/\/imiapower.com\/pl\/wp-json\/wp\/v2\/product\/8092\/revisions\/8099"}],"wp:featuredmedia":[{"embeddable":true,"href":"https:\/\/imiapower.com\/pl\/wp-json\/wp\/v2\/media\/8096"}],"wp:attachment":[{"href":"https:\/\/imiapower.com\/pl\/wp-json\/wp\/v2\/media?parent=8092"}],"wp:term":[{"taxonomy":"product_cat","embeddable":true,"href":"https:\/\/imiapower.com\/pl\/wp-json\/wp\/v2\/product_cat?post=8092"},{"taxonomy":"product_tag","embeddable":true,"href":"https:\/\/imiapower.com\/pl\/wp-json\/wp\/v2\/product_tag?post=8092"}],"curies":[{"name":"wp","href":"https:\/\/api.w.org\/{rel}","templated":true}]}}