{"id":8119,"date":"2024-07-12T02:36:37","date_gmt":"2024-07-12T02:36:37","guid":{"rendered":"https:\/\/imiapower.com\/?post_type=product&#038;p=8119"},"modified":"2024-07-24T00:39:12","modified_gmt":"2024-07-24T00:39:12","slug":"travel-smart-adapter","status":"publish","type":"product","link":"https:\/\/imiapower.com\/pl\/products\/travel-adapter\/travel-smart-adapter\/","title":{"rendered":"Tani inteligentny adapter podr\u00f3\u017cny 20 W z Chin"},"content":{"rendered":"<ul>\n<li><strong>inteligentny adapter podr\u00f3\u017cny<\/strong><\/li>\n<li><strong>Porty USB typu C:\u00a0<\/strong> 5 V\/3 A, 9 V\/2,23 A, 12 V\/1,67 A, 20 V\/1 A, (maks. 20 W)<\/li>\n<li><strong>Porty USB typu A:<\/strong> Inteligentne 5 V\/2,4 A maks.,<\/li>\n<li><strong>Wej\u015bcie klimatyzacji:<\/strong>100 V \u2013 250 V 50\/60 Hz<\/li>\n<li><strong>Wyj\u015bcie klimatyzacji:<\/strong> 880 W-110 V\/2000 W-250 V \/ Bezpiecznik maks. 8 Amp<\/li>\n<li><strong>Rozmiar produktu:<\/strong> 70*50*55mm<\/li>\n<li><strong>Materia\u0142y:\u00a0<\/strong> Ognioodporny PC + czysta mied\u017a<\/li>\n<li><strong>Typ wtyczki:<\/strong>\u00a0 Wtyczki EU UK US AUS wszystko w jednym<\/li>\n<li><strong>Gniazdo \u017ce\u0144skie:\u00a0<\/strong> Uniwersalny na ca\u0142ym \u015bwiecie<\/li>\n<li><strong>Odpowiedni obszar:<\/strong>\u00a0 Uniwersalny w ponad 170 krajach Najlepszy towarzysz podr\u00f3\u017cy mi\u0119dzynarodowych<\/li>\n<li><strong>Grunt:<\/strong> Brak Uziemienie<\/li>\n<li><strong>Kolor:\u00a0<\/strong> Bia\u0142y, czarny, dostosuj kolory<\/li>\n<li><strong>Standard jako\u015bci:<\/strong>\u00a0 Zatwierdzone przez CE FCC ROHS<\/li>\n<li><strong>Przyk\u0142adowy czas realizacji:\u00a0<\/strong> Niestandardowe logo 3 dni, niestandardowe opakowanie 5 dni, niestandardowa pr\u00f3bka koloru produktu 10 dni.<\/li>\n<li><strong>Gwarancja:\u00a0<\/strong> Wadliwy produkt wymieniamy bezp\u0142atnie na nowy w okresie gwarancyjnym wynosz\u0105cym 12 miesi\u0119cy<\/li>\n<li><strong>Us\u0142uga niestandardowa:<\/strong>\u00a0 Zapewniamy bezp\u0142atny projekt pakietu OEM i bezp\u0142atne drukowanie logo OEM na produktach.<\/li>\n<\/ul>","protected":false},"excerpt":{"rendered":"<p>Inteligentny adapter podr\u00f3\u017cny to adapter og\u00f3lno\u015bwiatowy, kt\u00f3ry mo\u017cemy zabra\u0107 ze sob\u0105 podczas podr\u00f3\u017cy s\u0142u\u017cbowych do r\u00f3\u017cnych kraj\u00f3w<\/p>","protected":false},"featured_media":8117,"comment_status":"open","ping_status":"closed","template":"","meta":{"rank_math_lock_modified_date":false,"site-sidebar-layout":"default","site-content-layout":"","ast-site-content-layout":"default","site-content-style":"default","site-sidebar-style":"default","ast-global-header-display":"","ast-banner-title-visibility":"","ast-main-header-display":"","ast-hfb-above-header-display":"","ast-hfb-below-header-display":"","ast-hfb-mobile-header-display":"","site-post-title":"","ast-breadcrumbs-content":"","ast-featured-img":"","footer-sml-layout":"","ast-disable-related-posts":"","theme-transparent-header-meta":"default","adv-header-id-meta":"","stick-header-meta":"","header-above-stick-meta":"","header-main-stick-meta":"","header-below-stick-meta":"","astra-migrate-meta-layouts":"set","ast-page-background-enabled":"default","ast-page-background-meta":{"desktop":{"background-color":"","background-image":"","background-repeat":"repeat","background-position":"center center","background-size":"auto","background-attachment":"scroll","background-type":"","background-media":"","overlay-type":"","overlay-color":"","overlay-opacity":"","overlay-gradient":""},"tablet":{"background-color":"","background-image":"","background-repeat":"repeat","background-position":"center center","background-size":"auto","background-attachment":"scroll","background-type":"","background-media":"","overlay-type":"","overlay-color":"","overlay-opacity":"","overlay-gradient":""},"mobile":{"background-color":"","background-image":"","background-repeat":"repeat","background-position":"center center","background-size":"auto","background-attachment":"scroll","background-type":"","background-media":"","overlay-type":"","overlay-color":"","overlay-opacity":"","overlay-gradient":""}},"ast-content-background-meta":{"desktop":{"background-color":"var(--ast-global-color-5)","background-image":"","background-repeat":"repeat","background-position":"center center","background-size":"auto","background-attachment":"scroll","background-type":"","background-media":"","overlay-type":"","overlay-color":"","overlay-opacity":"","overlay-gradient":""},"tablet":{"background-color":"var(--ast-global-color-5)","background-image":"","background-repeat":"repeat","background-position":"center center","background-size":"auto","background-attachment":"scroll","background-type":"","background-media":"","overlay-type":"","overlay-color":"","overlay-opacity":"","overlay-gradient":""},"mobile":{"background-color":"var(--ast-global-color-5)","background-image":"","background-repeat":"repeat","background-position":"center center","background-size":"auto","background-attachment":"scroll","background-type":"","background-media":"","overlay-type":"","overlay-color":"","overlay-opacity":"","overlay-gradient":""}}},"product_cat":[64],"product_tag":[],"class_list":{"0":"post-8119","1":"product","2":"type-product","3":"status-publish","4":"has-post-thumbnail","6":"product_cat-travel-adapter","7":"desktop-align-center","8":"tablet-align-center","9":"mobile-align-center","11":"first","12":"instock","13":"shipping-taxable","14":"product-type-simple"},"_links":{"self":[{"href":"https:\/\/imiapower.com\/pl\/wp-json\/wp\/v2\/product\/8119","targetHints":{"allow":["GET"]}}],"collection":[{"href":"https:\/\/imiapower.com\/pl\/wp-json\/wp\/v2\/product"}],"about":[{"href":"https:\/\/imiapower.com\/pl\/wp-json\/wp\/v2\/types\/product"}],"replies":[{"embeddable":true,"href":"https:\/\/imiapower.com\/pl\/wp-json\/wp\/v2\/comments?post=8119"}],"version-history":[{"count":5,"href":"https:\/\/imiapower.com\/pl\/wp-json\/wp\/v2\/product\/8119\/revisions"}],"predecessor-version":[{"id":8125,"href":"https:\/\/imiapower.com\/pl\/wp-json\/wp\/v2\/product\/8119\/revisions\/8125"}],"wp:featuredmedia":[{"embeddable":true,"href":"https:\/\/imiapower.com\/pl\/wp-json\/wp\/v2\/media\/8117"}],"wp:attachment":[{"href":"https:\/\/imiapower.com\/pl\/wp-json\/wp\/v2\/media?parent=8119"}],"wp:term":[{"taxonomy":"product_cat","embeddable":true,"href":"https:\/\/imiapower.com\/pl\/wp-json\/wp\/v2\/product_cat?post=8119"},{"taxonomy":"product_tag","embeddable":true,"href":"https:\/\/imiapower.com\/pl\/wp-json\/wp\/v2\/product_tag?post=8119"}],"curies":[{"name":"wp","href":"https:\/\/api.w.org\/{rel}","templated":true}]}}