{"id":8219,"date":"2024-08-01T07:40:56","date_gmt":"2024-08-01T07:40:56","guid":{"rendered":"https:\/\/imiapower.com\/?post_type=product&#038;p=8219"},"modified":"2024-11-12T10:05:11","modified_gmt":"2024-11-12T10:05:11","slug":"travel-adapters","status":"publish","type":"product","link":"https:\/\/imiapower.com\/pl\/products\/travel-adapter\/travel-adapters\/","title":{"rendered":"Hurtowa wyprzeda\u017c adapter\u00f3w podr\u00f3\u017cnych 12W"},"content":{"rendered":"<ul>\n<li><strong>adaptery podr\u00f3\u017cne<\/strong><\/li>\n<li><strong>Wej\u015bcie pr\u0105du przemiennego:<\/strong>100 ~ 250 V\/AC 50-60 Hz<\/li>\n<li><strong>Wyj\u015bcie pr\u0105du przemiennego:<\/strong>Maks. 6A (660 W\/100 V lub 1330 W\/250 V)<\/li>\n<li><strong>Wyj\u015bcie USB1+USB2+USB3 + typ C:<\/strong>5V\/2400mA<\/li>\n<li><strong>Rozmiar:<\/strong>50x70x55 mm<\/li>\n<li><strong>\u00a0Materia\u0142:<\/strong> Wypalany PC + metal Cooper<\/li>\n<li><strong>Uwaga:<\/strong> UE\/AU\/UK\/USA wszystko w jednym mo\u017ce by\u0107 u\u017cywane w ponad 170 krajach<\/li>\n<li><strong>\u00a0Certyfikat:<\/strong> CE, Rohs<\/li>\n<\/ul>","protected":false},"excerpt":{"rendered":"<p>Ten adapter podr\u00f3\u017cny to pierwsza wersja z t\u0105 sam\u0105 obudow\u0105. Opracowali\u015bmy ju\u017c adaptery 20 W i 30 W. Na podr\u00f3\u017ce s\u0142u\u017cbowe ludzie zawsze wol\u0105 zabiera\u0107 ze sob\u0105 mniejsze adaptery, aby pasowa\u0142y do ich torby.<\/p>\n<p>Uniwersalna wtyczka podr\u00f3\u017cna o mocy 12 W nie jest ju\u017c popularna, poniewa\u017c nie ma funkcji szybkiego \u0142adowania PD, jednak ze wzgl\u0119du na nisk\u0105 cen\u0119 niekt\u00f3rzy konsumenci wybieraj\u0105 ten produkt.<\/p>\n<p>&nbsp;<\/p>\n<p>&nbsp;<\/p>\n<p>&nbsp;<\/p>","protected":false},"featured_media":8232,"comment_status":"open","ping_status":"closed","template":"","meta":{"rank_math_lock_modified_date":false,"site-sidebar-layout":"default","site-content-layout":"","ast-site-content-layout":"default","site-content-style":"default","site-sidebar-style":"default","ast-global-header-display":"","ast-banner-title-visibility":"","ast-main-header-display":"","ast-hfb-above-header-display":"","ast-hfb-below-header-display":"","ast-hfb-mobile-header-display":"","site-post-title":"","ast-breadcrumbs-content":"","ast-featured-img":"","footer-sml-layout":"","ast-disable-related-posts":"","theme-transparent-header-meta":"default","adv-header-id-meta":"","stick-header-meta":"","header-above-stick-meta":"","header-main-stick-meta":"","header-below-stick-meta":"","astra-migrate-meta-layouts":"set","ast-page-background-enabled":"default","ast-page-background-meta":{"desktop":{"background-color":"","background-image":"","background-repeat":"repeat","background-position":"center center","background-size":"auto","background-attachment":"scroll","background-type":"","background-media":"","overlay-type":"","overlay-color":"","overlay-opacity":"","overlay-gradient":""},"tablet":{"background-color":"","background-image":"","background-repeat":"repeat","background-position":"center center","background-size":"auto","background-attachment":"scroll","background-type":"","background-media":"","overlay-type":"","overlay-color":"","overlay-opacity":"","overlay-gradient":""},"mobile":{"background-color":"","background-image":"","background-repeat":"repeat","background-position":"center center","background-size":"auto","background-attachment":"scroll","background-type":"","background-media":"","overlay-type":"","overlay-color":"","overlay-opacity":"","overlay-gradient":""}},"ast-content-background-meta":{"desktop":{"background-color":"var(--ast-global-color-5)","background-image":"","background-repeat":"repeat","background-position":"center center","background-size":"auto","background-attachment":"scroll","background-type":"","background-media":"","overlay-type":"","overlay-color":"","overlay-opacity":"","overlay-gradient":""},"tablet":{"background-color":"var(--ast-global-color-5)","background-image":"","background-repeat":"repeat","background-position":"center center","background-size":"auto","background-attachment":"scroll","background-type":"","background-media":"","overlay-type":"","overlay-color":"","overlay-opacity":"","overlay-gradient":""},"mobile":{"background-color":"var(--ast-global-color-5)","background-image":"","background-repeat":"repeat","background-position":"center center","background-size":"auto","background-attachment":"scroll","background-type":"","background-media":"","overlay-type":"","overlay-color":"","overlay-opacity":"","overlay-gradient":""}}},"product_cat":[64],"product_tag":[],"class_list":{"0":"post-8219","1":"product","2":"type-product","3":"status-publish","4":"has-post-thumbnail","6":"product_cat-travel-adapter","7":"desktop-align-center","8":"tablet-align-center","9":"mobile-align-center","11":"first","12":"instock","13":"shipping-taxable","14":"product-type-simple"},"_links":{"self":[{"href":"https:\/\/imiapower.com\/pl\/wp-json\/wp\/v2\/product\/8219","targetHints":{"allow":["GET"]}}],"collection":[{"href":"https:\/\/imiapower.com\/pl\/wp-json\/wp\/v2\/product"}],"about":[{"href":"https:\/\/imiapower.com\/pl\/wp-json\/wp\/v2\/types\/product"}],"replies":[{"embeddable":true,"href":"https:\/\/imiapower.com\/pl\/wp-json\/wp\/v2\/comments?post=8219"}],"version-history":[{"count":4,"href":"https:\/\/imiapower.com\/pl\/wp-json\/wp\/v2\/product\/8219\/revisions"}],"predecessor-version":[{"id":8282,"href":"https:\/\/imiapower.com\/pl\/wp-json\/wp\/v2\/product\/8219\/revisions\/8282"}],"wp:featuredmedia":[{"embeddable":true,"href":"https:\/\/imiapower.com\/pl\/wp-json\/wp\/v2\/media\/8232"}],"wp:attachment":[{"href":"https:\/\/imiapower.com\/pl\/wp-json\/wp\/v2\/media?parent=8219"}],"wp:term":[{"taxonomy":"product_cat","embeddable":true,"href":"https:\/\/imiapower.com\/pl\/wp-json\/wp\/v2\/product_cat?post=8219"},{"taxonomy":"product_tag","embeddable":true,"href":"https:\/\/imiapower.com\/pl\/wp-json\/wp\/v2\/product_tag?post=8219"}],"curies":[{"name":"wp","href":"https:\/\/api.w.org\/{rel}","templated":true}]}}