{"id":8303,"date":"2025-02-23T01:12:15","date_gmt":"2025-02-23T01:12:15","guid":{"rendered":"https:\/\/imiapower.com\/?post_type=product&#038;p=8303"},"modified":"2025-03-27T07:40:48","modified_gmt":"2025-03-27T07:40:48","slug":"140w-travel-adapter","status":"publish","type":"product","link":"https:\/\/imiapower.com\/pl\/products\/travel-adapter\/140w-travel-adapter\/","title":{"rendered":"Mocny 140-watowy zasilacz podr\u00f3\u017cny z chi\u0144skiej konstrukcji"},"content":{"rendered":"<ul>\n<li><strong>\u00a0Zasilacz podr\u00f3\u017cny 140 W<\/strong><\/li>\n<li><strong>Wej\u015bcie pr\u0105du przemiennego:<\/strong>100 ~ 250 V\/AC 50-60 Hz 0,8 A<\/li>\n<li><strong>Moc znamionowa:<\/strong>Maksymalnie 10 A (1100 W\/110 V lub 2500 W\/250 V)<\/li>\n<li><strong>Wyj\u015bcie USB:<\/strong> 5V3A\/9V2A\/12V 1,5A (maks. 18W)<\/li>\n<li><strong>Wyj\u015bcie inteligentne typu C3\/C4:<\/strong> 5V3.4A<\/li>\n<li><strong>Wyj\u015bcie typu C1:<\/strong> \u00a05V3A \/ 9V3A \/ 12V3A \/ 15V3A \/ 20V5A \/ 28V5A 140W PPS: 5-21V 5A<\/li>\n<li><strong>Typ C2:<\/strong>5V3A \/ 9V3A \/ 12V3A \/ 15V3A \/ 20V5A 100W PPS: 5-21V 5A<\/li>\n<li><strong>C1+C2: <\/strong>100W+35W<\/li>\n<li><strong>Rozmiar: <\/strong>Wymiary: 90*50,5*57 mm<\/li>\n<li><strong>Certyfikat:<\/strong> UKCA, CE<\/li>\n<\/ul>","protected":false},"excerpt":{"rendered":"<p><img fetchpriority=\"high\" decoding=\"async\" class=\"alignnone wp-image-8646 size-full\" src=\"https:\/\/imiapower.com\/wp-content\/uploads\/Universal-Travel-Adapter-1.jpg\" alt=\"Zasilacz podr\u00f3\u017cny 140 W\" width=\"800\" height=\"800\" srcset=\"https:\/\/imiapower.com\/wp-content\/uploads\/Universal-Travel-Adapter-1.jpg 800w, https:\/\/imiapower.com\/wp-content\/uploads\/Universal-Travel-Adapter-1-300x300.jpg 300w, https:\/\/imiapower.com\/wp-content\/uploads\/Universal-Travel-Adapter-1-100x100.jpg 100w, https:\/\/imiapower.com\/wp-content\/uploads\/Universal-Travel-Adapter-1-600x600.jpg 600w, https:\/\/imiapower.com\/wp-content\/uploads\/Universal-Travel-Adapter-1-64x64.jpg 64w, https:\/\/imiapower.com\/wp-content\/uploads\/Universal-Travel-Adapter-1-150x150.jpg 150w, https:\/\/imiapower.com\/wp-content\/uploads\/Universal-Travel-Adapter-1-768x768.jpg 768w, https:\/\/imiapower.com\/wp-content\/uploads\/Universal-Travel-Adapter-1-12x12.jpg 12w\" sizes=\"(max-width: 800px) 100vw, 800px\" \/><\/p>\n<p><img decoding=\"async\" class=\"alignnone wp-image-8647 size-full\" src=\"https:\/\/imiapower.com\/wp-content\/uploads\/Universal-Travel-Adapter.jpg\" alt=\"Zasilacz podr\u00f3\u017cny 140 W\" width=\"800\" height=\"800\" srcset=\"https:\/\/imiapower.com\/wp-content\/uploads\/Universal-Travel-Adapter.jpg 800w, https:\/\/imiapower.com\/wp-content\/uploads\/Universal-Travel-Adapter-300x300.jpg 300w, https:\/\/imiapower.com\/wp-content\/uploads\/Universal-Travel-Adapter-100x100.jpg 100w, https:\/\/imiapower.com\/wp-content\/uploads\/Universal-Travel-Adapter-600x600.jpg 600w, https:\/\/imiapower.com\/wp-content\/uploads\/Universal-Travel-Adapter-64x64.jpg 64w, https:\/\/imiapower.com\/wp-content\/uploads\/Universal-Travel-Adapter-150x150.jpg 150w, https:\/\/imiapower.com\/wp-content\/uploads\/Universal-Travel-Adapter-768x768.jpg 768w, https:\/\/imiapower.com\/wp-content\/uploads\/Universal-Travel-Adapter-12x12.jpg 12w\" sizes=\"(max-width: 800px) 100vw, 800px\" \/><\/p>\n<p>140-watowy adapter podr\u00f3\u017cny zwi\u0119ksza popyt, poniewa\u017c wydajne modele marek takich jak Apple, Dell i HP coraz cz\u0119\u015bciej wymagaj\u0105 100 W lub wi\u0119cej do szybkiego \u0142adowania. Adaptery o wi\u0119kszej mocy obs\u0142uguj\u0105 te urz\u0105dzenia wydajniej, dla biznesmen\u00f3w podr\u00f3\u017cuj\u0105cych do r\u00f3\u017cnych kraj\u00f3w, czas to pieni\u0105dz, potrzebuj\u0105 urz\u0105dze\u0144 takich jak laptopy, smartfony i notebooki, kt\u00f3re \u0142aduj\u0105 si\u0119 wydajnie, aby ich praca<\/p>\n<p>Poniewa\u017c Unia Europejska nakaza\u0142a stosowanie portu USB-C jako standardowego portu \u0142adowania urz\u0105dze\u0144 elektronicznych, oczekuje si\u0119, \u017ce jego przyj\u0119cie wzro\u015bnie na ca\u0142ym \u015bwiecie. Ten adapter z 4 portami \u0142adowania USB-C mo\u017ce spe\u0142ni\u0107 wymagania konsument\u00f3w dotycz\u0105ce \u0142adowania<\/p>\n<p>Konsumenci szukaj\u0105 minimalistycznych rozwi\u0105za\u0144, kt\u00f3re pozwol\u0105 im nosi\u0107 jeden adapter do wszystkich urz\u0105dze\u0144, zw\u0142aszcza w podr\u00f3\u017cy. Adapter 140 W mo\u017ce zast\u0105pi\u0107 wiele adapter\u00f3w, co czyni go atrakcyjnym dla os\u00f3b cz\u0119sto podr\u00f3\u017cuj\u0105cych, w tym podr\u00f3\u017cuj\u0105cych s\u0142u\u017cbowo i turyst\u00f3w<\/p>\n<p>Technologia GaN sprawia, \u017ce ten projekt 140-watowego adaptera podr\u00f3\u017cnego nie jest zbyt du\u017cy, jest przeno\u015bny i energooszcz\u0119dny, co czyni go cennym urz\u0105dzeniem \u0142aduj\u0105cym, gdy konsument podr\u00f3\u017cuje do r\u00f3\u017cnych kraj\u00f3w<\/p>\n<p>&nbsp;<\/p>","protected":false},"featured_media":8309,"comment_status":"open","ping_status":"closed","template":"","meta":{"rank_math_lock_modified_date":false,"site-sidebar-layout":"default","site-content-layout":"","ast-site-content-layout":"default","site-content-style":"default","site-sidebar-style":"default","ast-global-header-display":"","ast-banner-title-visibility":"","ast-main-header-display":"","ast-hfb-above-header-display":"","ast-hfb-below-header-display":"","ast-hfb-mobile-header-display":"","site-post-title":"","ast-breadcrumbs-content":"","ast-featured-img":"","footer-sml-layout":"","ast-disable-related-posts":"","theme-transparent-header-meta":"default","adv-header-id-meta":"","stick-header-meta":"","header-above-stick-meta":"","header-main-stick-meta":"","header-below-stick-meta":"","astra-migrate-meta-layouts":"set","ast-page-background-enabled":"default","ast-page-background-meta":{"desktop":{"background-color":"","background-image":"","background-repeat":"repeat","background-position":"center center","background-size":"auto","background-attachment":"scroll","background-type":"","background-media":"","overlay-type":"","overlay-color":"","overlay-opacity":"","overlay-gradient":""},"tablet":{"background-color":"","background-image":"","background-repeat":"repeat","background-position":"center center","background-size":"auto","background-attachment":"scroll","background-type":"","background-media":"","overlay-type":"","overlay-color":"","overlay-opacity":"","overlay-gradient":""},"mobile":{"background-color":"","background-image":"","background-repeat":"repeat","background-position":"center center","background-size":"auto","background-attachment":"scroll","background-type":"","background-media":"","overlay-type":"","overlay-color":"","overlay-opacity":"","overlay-gradient":""}},"ast-content-background-meta":{"desktop":{"background-color":"var(--ast-global-color-5)","background-image":"","background-repeat":"repeat","background-position":"center center","background-size":"auto","background-attachment":"scroll","background-type":"","background-media":"","overlay-type":"","overlay-color":"","overlay-opacity":"","overlay-gradient":""},"tablet":{"background-color":"var(--ast-global-color-5)","background-image":"","background-repeat":"repeat","background-position":"center center","background-size":"auto","background-attachment":"scroll","background-type":"","background-media":"","overlay-type":"","overlay-color":"","overlay-opacity":"","overlay-gradient":""},"mobile":{"background-color":"var(--ast-global-color-5)","background-image":"","background-repeat":"repeat","background-position":"center center","background-size":"auto","background-attachment":"scroll","background-type":"","background-media":"","overlay-type":"","overlay-color":"","overlay-opacity":"","overlay-gradient":""}}},"product_cat":[64],"product_tag":[],"class_list":{"0":"post-8303","1":"product","2":"type-product","3":"status-publish","4":"has-post-thumbnail","6":"product_cat-travel-adapter","7":"desktop-align-center","8":"tablet-align-center","9":"mobile-align-center","11":"first","12":"instock","13":"featured","14":"shipping-taxable","15":"product-type-simple"},"_links":{"self":[{"href":"https:\/\/imiapower.com\/pl\/wp-json\/wp\/v2\/product\/8303","targetHints":{"allow":["GET"]}}],"collection":[{"href":"https:\/\/imiapower.com\/pl\/wp-json\/wp\/v2\/product"}],"about":[{"href":"https:\/\/imiapower.com\/pl\/wp-json\/wp\/v2\/types\/product"}],"replies":[{"embeddable":true,"href":"https:\/\/imiapower.com\/pl\/wp-json\/wp\/v2\/comments?post=8303"}],"version-history":[{"count":8,"href":"https:\/\/imiapower.com\/pl\/wp-json\/wp\/v2\/product\/8303\/revisions"}],"predecessor-version":[{"id":8312,"href":"https:\/\/imiapower.com\/pl\/wp-json\/wp\/v2\/product\/8303\/revisions\/8312"}],"wp:featuredmedia":[{"embeddable":true,"href":"https:\/\/imiapower.com\/pl\/wp-json\/wp\/v2\/media\/8309"}],"wp:attachment":[{"href":"https:\/\/imiapower.com\/pl\/wp-json\/wp\/v2\/media?parent=8303"}],"wp:term":[{"taxonomy":"product_cat","embeddable":true,"href":"https:\/\/imiapower.com\/pl\/wp-json\/wp\/v2\/product_cat?post=8303"},{"taxonomy":"product_tag","embeddable":true,"href":"https:\/\/imiapower.com\/pl\/wp-json\/wp\/v2\/product_tag?post=8303"}],"curies":[{"name":"wp","href":"https:\/\/api.w.org\/{rel}","templated":true}]}}