{"id":8314,"date":"2025-02-20T01:34:46","date_gmt":"2025-02-20T01:34:46","guid":{"rendered":"https:\/\/imiapower.com\/?post_type=product&#038;p=8314"},"modified":"2025-06-13T07:24:28","modified_gmt":"2025-06-13T07:24:28","slug":"universal-travel-plug-adaptor","status":"publish","type":"product","link":"https:\/\/imiapower.com\/pl\/products\/travel-adapter\/universal-travel-plug-adaptor\/","title":{"rendered":"Popularny uniwersalny adapter podr\u00f3\u017cny hurtowo"},"content":{"rendered":"<ul>\n<li><strong> Uniwersalny adapter wtyczki podr\u00f3\u017cnej<\/strong><\/li>\n<li><strong>Wej\u015bcie pr\u0105du przemiennego:<\/strong>100 ~ 250 V\/AC 50-60 Hz 0,8 A<\/li>\n<li><strong>Moc znamionowa:<\/strong>Maksymalnie 10 A (1100 W\/110 V lub 2500 W\/250 V)<\/li>\n<li><strong>Wyj\u015bcie USB:<\/strong>5V3A\/9V2A\/12V 1,5A (maks. 18W)<\/li>\n<li><strong>Wyj\u015bcie inteligentne typu C3\/C4:<\/strong>5V3.4A<\/li>\n<li><strong>Wyj\u015bcie typu C1:<\/strong> 5V3A \/ 9V3A \/ 12V3A \/ 15V3A \/ 20V5A 100W PPS: 5-21V 5A<\/li>\n<li><strong>Wyj\u015bcie typu C2:<\/strong>5V3A \/ 9V3A \/ 12V3A \/ 15V3A \/ 20V5A 100W PPS: 5-21V 5A<\/li>\n<li><strong>Rozmiar:<\/strong>Wymiary: 90*50,5*57 mm<\/li>\n<li><strong>Certyfikat: <\/strong>UKCA, CE<\/li>\n<\/ul>","protected":false},"excerpt":{"rendered":"<p><img fetchpriority=\"high\" decoding=\"async\" class=\"alignnone wp-image-9256 size-full\" src=\"https:\/\/imiapower.com\/wp-content\/uploads\/2-2.jpg\" alt=\"uniwersalny adapter podr\u00f3\u017cny\" width=\"800\" height=\"800\" srcset=\"https:\/\/imiapower.com\/wp-content\/uploads\/2-2.jpg 800w, https:\/\/imiapower.com\/wp-content\/uploads\/2-2-300x300.jpg 300w, https:\/\/imiapower.com\/wp-content\/uploads\/2-2-150x150.jpg 150w, https:\/\/imiapower.com\/wp-content\/uploads\/2-2-768x768.jpg 768w, https:\/\/imiapower.com\/wp-content\/uploads\/2-2-12x12.jpg 12w, https:\/\/imiapower.com\/wp-content\/uploads\/2-2-600x600.jpg 600w, https:\/\/imiapower.com\/wp-content\/uploads\/2-2-100x100.jpg 100w, https:\/\/imiapower.com\/wp-content\/uploads\/2-2-64x64.jpg 64w\" sizes=\"(max-width: 800px) 100vw, 800px\" \/><\/p>\n<p>W przypadku tej samej konstrukcji obudowy oferujemy dwa r\u00f3\u017cne poziomy mocy: 100 W i 140 W, co jest zgodne z trendami rynkowymi i pozwala u\u017cytkownikowi na uzyskanie najlepszych wra\u017ce\u0144 z \u0142adowania.<\/p>\n<p>Uniwersalny adapter wtyczek podr\u00f3\u017cnych jest zawsze u\u017cywany w ponad 170 krajach, z gniazdami JP\/US, AUS, EU i UK<\/p>\n<p>W naszej fabryce zawsze stosujemy wypalany komputer do produkcji wysokiej klasy adapter\u00f3w podr\u00f3\u017cnych, projektowania technologii GaN i podw\u00f3jnej ochrony bezpiecznikowej<\/p>\n<p>Uniwersalny adapter podr\u00f3\u017cny to urz\u0105dzenie \u0142aduj\u0105ce o szerokim zakresie \u0142\u0105czno\u015bci i kompatybilno\u015bci, kt\u00f3re jest dobrym wyborem dla biznesmen\u00f3w podr\u00f3\u017cuj\u0105cych za granic\u0119.<\/p>\n<p>Uniwersalne adaptery 100 W s\u0105 wyposa\u017cone w porty \u0142adowania USB-A i USB-C, co umo\u017cliwia jednoczesne \u0142adowanie smartfon\u00f3w, tablet\u00f3w i innych urz\u0105dze\u0144 zasilanych przez USB<\/p>\n<p>Funkcje bezpiecze\u0144stwa obejmuj\u0105: zabezpieczenie przed przeci\u0105\u017ceniem, zabezpieczenie przed zwarciem, zabezpieczenie przeciwprzepi\u0119ciowe, materia\u0142y ognioodporne<\/p>\n<p>Zamiast kupowa\u0107 oddzielne adaptery do ka\u017cdego odwiedzanego kraju, uniwersalny adapter podr\u00f3\u017cny pozwala zaoszcz\u0119dzi\u0107 pieni\u0105dze w d\u0142u\u017cszej perspektywie. To kompleksowe rozwi\u0105zanie na potrzeby podr\u00f3\u017cy mi\u0119dzynarodowych.<\/p>","protected":false},"featured_media":8320,"comment_status":"open","ping_status":"closed","template":"","meta":{"rank_math_lock_modified_date":false,"site-sidebar-layout":"default","site-content-layout":"","ast-site-content-layout":"default","site-content-style":"default","site-sidebar-style":"default","ast-global-header-display":"","ast-banner-title-visibility":"","ast-main-header-display":"","ast-hfb-above-header-display":"","ast-hfb-below-header-display":"","ast-hfb-mobile-header-display":"","site-post-title":"","ast-breadcrumbs-content":"","ast-featured-img":"","footer-sml-layout":"","ast-disable-related-posts":"","theme-transparent-header-meta":"default","adv-header-id-meta":"","stick-header-meta":"","header-above-stick-meta":"","header-main-stick-meta":"","header-below-stick-meta":"","astra-migrate-meta-layouts":"set","ast-page-background-enabled":"default","ast-page-background-meta":{"desktop":{"background-color":"","background-image":"","background-repeat":"repeat","background-position":"center center","background-size":"auto","background-attachment":"scroll","background-type":"","background-media":"","overlay-type":"","overlay-color":"","overlay-opacity":"","overlay-gradient":""},"tablet":{"background-color":"","background-image":"","background-repeat":"repeat","background-position":"center center","background-size":"auto","background-attachment":"scroll","background-type":"","background-media":"","overlay-type":"","overlay-color":"","overlay-opacity":"","overlay-gradient":""},"mobile":{"background-color":"","background-image":"","background-repeat":"repeat","background-position":"center center","background-size":"auto","background-attachment":"scroll","background-type":"","background-media":"","overlay-type":"","overlay-color":"","overlay-opacity":"","overlay-gradient":""}},"ast-content-background-meta":{"desktop":{"background-color":"var(--ast-global-color-5)","background-image":"","background-repeat":"repeat","background-position":"center center","background-size":"auto","background-attachment":"scroll","background-type":"","background-media":"","overlay-type":"","overlay-color":"","overlay-opacity":"","overlay-gradient":""},"tablet":{"background-color":"var(--ast-global-color-5)","background-image":"","background-repeat":"repeat","background-position":"center center","background-size":"auto","background-attachment":"scroll","background-type":"","background-media":"","overlay-type":"","overlay-color":"","overlay-opacity":"","overlay-gradient":""},"mobile":{"background-color":"var(--ast-global-color-5)","background-image":"","background-repeat":"repeat","background-position":"center center","background-size":"auto","background-attachment":"scroll","background-type":"","background-media":"","overlay-type":"","overlay-color":"","overlay-opacity":"","overlay-gradient":""}}},"product_cat":[64],"product_tag":[],"class_list":{"0":"post-8314","1":"product","2":"type-product","3":"status-publish","4":"has-post-thumbnail","6":"product_cat-travel-adapter","7":"desktop-align-center","8":"tablet-align-center","9":"mobile-align-center","11":"first","12":"instock","13":"featured","14":"shipping-taxable","15":"product-type-simple"},"_links":{"self":[{"href":"https:\/\/imiapower.com\/pl\/wp-json\/wp\/v2\/product\/8314","targetHints":{"allow":["GET"]}}],"collection":[{"href":"https:\/\/imiapower.com\/pl\/wp-json\/wp\/v2\/product"}],"about":[{"href":"https:\/\/imiapower.com\/pl\/wp-json\/wp\/v2\/types\/product"}],"replies":[{"embeddable":true,"href":"https:\/\/imiapower.com\/pl\/wp-json\/wp\/v2\/comments?post=8314"}],"version-history":[{"count":6,"href":"https:\/\/imiapower.com\/pl\/wp-json\/wp\/v2\/product\/8314\/revisions"}],"predecessor-version":[{"id":9257,"href":"https:\/\/imiapower.com\/pl\/wp-json\/wp\/v2\/product\/8314\/revisions\/9257"}],"wp:featuredmedia":[{"embeddable":true,"href":"https:\/\/imiapower.com\/pl\/wp-json\/wp\/v2\/media\/8320"}],"wp:attachment":[{"href":"https:\/\/imiapower.com\/pl\/wp-json\/wp\/v2\/media?parent=8314"}],"wp:term":[{"taxonomy":"product_cat","embeddable":true,"href":"https:\/\/imiapower.com\/pl\/wp-json\/wp\/v2\/product_cat?post=8314"},{"taxonomy":"product_tag","embeddable":true,"href":"https:\/\/imiapower.com\/pl\/wp-json\/wp\/v2\/product_tag?post=8314"}],"curies":[{"name":"wp","href":"https:\/\/api.w.org\/{rel}","templated":true}]}}