{"id":8335,"date":"2024-10-15T07:46:38","date_gmt":"2024-10-15T07:46:38","guid":{"rendered":"https:\/\/imiapower.com\/?post_type=product&#038;p=8335"},"modified":"2025-06-24T03:20:04","modified_gmt":"2025-06-24T03:20:04","slug":"best-international-charger","status":"publish","type":"product","link":"https:\/\/imiapower.com\/pl\/products\/travel-adapter\/best-international-charger\/","title":{"rendered":"Najlepsza mi\u0119dzynarodowa \u0142adowarka do podr\u00f3\u017cy"},"content":{"rendered":"<ul>\n<li><strong>Najlepsza mi\u0119dzynarodowa \u0142adowarka<\/strong><\/li>\n<li><strong>Wej\u015bcie pr\u0105du przemiennego:<\/strong>110~250 V\/pr\u0105d przemienny 50-60 Hz<\/li>\n<li><strong>Moc znamionowa:<\/strong> Maksymalnie 10 A (1100 W\/110 V lub 2500 W\/250 V)<\/li>\n<li><strong>Wyj\u015bcie USB:<\/strong> 5V3A\/9V2A\/12V1.5A (maks. 18 W)<\/li>\n<li><strong>Wyj\u015bcie typu C1\/C2\/C3:<\/strong> 5V3A (maks. 15W)<\/li>\n<li><strong>Wyj\u015bcie typu C4:<\/strong> 5V3A, 9V3A, 12V3A, 15V3A, 20V3.25A (maks.: 65w)<\/li>\n<li><strong>Kabel wieszakowy:<\/strong> Kabel c do c o d\u0142ugo\u015bci 20 mm do wieszaka<\/li>\n<li><strong>Rozmiar:<\/strong> Wymiary 73*50*57mm<\/li>\n<li><strong>Waga:<\/strong> 215g<\/li>\n<li><strong>Materia\u0142:<\/strong> wypalony PC+mied\u017a metalowa<\/li>\n<li><strong>Orzecznictwo:<\/strong> UKCA, CE, FCC, RoHS<\/li>\n<\/ul>","protected":false},"excerpt":{"rendered":"<p><img fetchpriority=\"high\" decoding=\"async\" class=\"alignnone size-medium wp-image-8623\" src=\"https:\/\/imiapower.com\/wp-content\/uploads\/Travel-Adapter-1-300x300.jpg\" alt=\"najlepsza mi\u0119dzynarodowa \u0142adowarka\" width=\"300\" height=\"300\" srcset=\"https:\/\/imiapower.com\/wp-content\/uploads\/Travel-Adapter-1-300x300.jpg 300w, https:\/\/imiapower.com\/wp-content\/uploads\/Travel-Adapter-1-100x100.jpg 100w, https:\/\/imiapower.com\/wp-content\/uploads\/Travel-Adapter-1-600x600.jpg 600w, https:\/\/imiapower.com\/wp-content\/uploads\/Travel-Adapter-1-64x64.jpg 64w, https:\/\/imiapower.com\/wp-content\/uploads\/Travel-Adapter-1-150x150.jpg 150w, https:\/\/imiapower.com\/wp-content\/uploads\/Travel-Adapter-1-768x768.jpg 768w, https:\/\/imiapower.com\/wp-content\/uploads\/Travel-Adapter-1-12x12.jpg 12w, https:\/\/imiapower.com\/wp-content\/uploads\/Travel-Adapter-1.jpg 800w\" sizes=\"(max-width: 300px) 100vw, 300px\" \/>\u00a0<img decoding=\"async\" class=\"alignnone size-medium wp-image-8624\" style=\"font-weight: inherit;\" src=\"https:\/\/imiapower.com\/wp-content\/uploads\/\u5fae\u4fe1\u56fe\u7247_20241101111602-300x300.jpg\" alt=\"najlepsza mi\u0119dzynarodowa \u0142adowarka\" width=\"300\" height=\"300\" srcset=\"https:\/\/imiapower.com\/wp-content\/uploads\/\u5fae\u4fe1\u56fe\u7247_20241101111602-300x300.jpg 300w, https:\/\/imiapower.com\/wp-content\/uploads\/\u5fae\u4fe1\u56fe\u7247_20241101111602-100x100.jpg 100w, https:\/\/imiapower.com\/wp-content\/uploads\/\u5fae\u4fe1\u56fe\u7247_20241101111602-600x600.jpg 600w, https:\/\/imiapower.com\/wp-content\/uploads\/\u5fae\u4fe1\u56fe\u7247_20241101111602-64x64.jpg 64w, https:\/\/imiapower.com\/wp-content\/uploads\/\u5fae\u4fe1\u56fe\u7247_20241101111602-1024x1024.jpg 1024w, https:\/\/imiapower.com\/wp-content\/uploads\/\u5fae\u4fe1\u56fe\u7247_20241101111602-150x150.jpg 150w, https:\/\/imiapower.com\/wp-content\/uploads\/\u5fae\u4fe1\u56fe\u7247_20241101111602-768x768.jpg 768w, https:\/\/imiapower.com\/wp-content\/uploads\/\u5fae\u4fe1\u56fe\u7247_20241101111602-12x12.jpg 12w, https:\/\/imiapower.com\/wp-content\/uploads\/\u5fae\u4fe1\u56fe\u7247_20241101111602.jpg 1500w\" sizes=\"(max-width: 300px) 100vw, 300px\" \/><img decoding=\"async\" class=\"alignnone size-medium wp-image-8625\" style=\"font-style: inherit; font-weight: inherit;\" src=\"https:\/\/imiapower.com\/wp-content\/uploads\/\u5fae\u4fe1\u56fe\u7247_20241101111608-2-300x300.jpg\" alt=\"najlepsza mi\u0119dzynarodowa \u0142adowarka\" width=\"300\" height=\"300\" srcset=\"https:\/\/imiapower.com\/wp-content\/uploads\/\u5fae\u4fe1\u56fe\u7247_20241101111608-2-300x300.jpg 300w, https:\/\/imiapower.com\/wp-content\/uploads\/\u5fae\u4fe1\u56fe\u7247_20241101111608-2-100x100.jpg 100w, https:\/\/imiapower.com\/wp-content\/uploads\/\u5fae\u4fe1\u56fe\u7247_20241101111608-2-600x600.jpg 600w, https:\/\/imiapower.com\/wp-content\/uploads\/\u5fae\u4fe1\u56fe\u7247_20241101111608-2-64x64.jpg 64w, https:\/\/imiapower.com\/wp-content\/uploads\/\u5fae\u4fe1\u56fe\u7247_20241101111608-2-1024x1024.jpg 1024w, https:\/\/imiapower.com\/wp-content\/uploads\/\u5fae\u4fe1\u56fe\u7247_20241101111608-2-150x150.jpg 150w, https:\/\/imiapower.com\/wp-content\/uploads\/\u5fae\u4fe1\u56fe\u7247_20241101111608-2-768x768.jpg 768w, https:\/\/imiapower.com\/wp-content\/uploads\/\u5fae\u4fe1\u56fe\u7247_20241101111608-2-12x12.jpg 12w, https:\/\/imiapower.com\/wp-content\/uploads\/\u5fae\u4fe1\u56fe\u7247_20241101111608-2.jpg 1500w\" sizes=\"(max-width: 300px) 100vw, 300px\" \/><span style=\"font-size: 16px;\">\u00a0<\/span><\/p>\n<p>Najlepsza mi\u0119dzynarodowa \u0142adowarka oferuje kompatybilno\u015b\u0107 w ponad 170 krajach, oferuj\u0105c gniazda JP\/US, AUS, EU i UK, aby sprosta\u0107 r\u00f3\u017cnorodnym potrzebom w podr\u00f3\u017cy. Wyprodukowana z wysokiej jako\u015bci materia\u0142u PC, najlepsza mi\u0119dzynarodowa \u0142adowarka jest zbudowana z zaawansowanej technologii GaN i zawiera podw\u00f3jn\u0105 ochron\u0119 bezpiecznikow\u0105 dla zwi\u0119kszonego bezpiecze\u0144stwa i trwa\u0142o\u015bci. Zaprojektowana jako uniwersalny adapter podr\u00f3\u017cny, zapewnia \u0142\u0105czno\u015b\u0107 na ca\u0142ym \u015bwiecie i szerok\u0105 kompatybilno\u015b\u0107, co czyni j\u0105 doskona\u0142ym wyborem dla podr\u00f3\u017cuj\u0105cych s\u0142u\u017cbowo.<\/p>\n<p>Dzi\u0119ki mocy wyj\u015bciowej 65 W ta najlepsza mi\u0119dzynarodowa \u0142adowarka mo\u017ce szybko zasila\u0107 nowoczesne smartfony, tablety, a nawet niekt\u00f3re laptopy. Zawiera kabel, zapewniaj\u0105c natychmiastow\u0105 u\u017cyteczno\u015b\u0107 bez konieczno\u015bci dodatkowych zakup\u00f3w. Do\u0142\u0105czenie kabla zmniejsza r\u00f3wnie\u017c liczb\u0119 rzeczy, o kt\u00f3rych musisz pami\u0119ta\u0107 i kt\u00f3re musisz spakowa\u0107 podczas podr\u00f3\u017cy. Wyposa\u017cona w wiele adapter\u00f3w wtyczek, ta \u0142adowarka umo\u017cliwia bezproblemowe korzystanie z niej w r\u00f3\u017cnych krajach, eliminuj\u0105c potrzeb\u0119 oddzielnego adaptera podr\u00f3\u017cnego. Obs\u0142uguj\u0105c protoko\u0142y szybkiego \u0142adowania, takie jak PD i QC, zapewnia wydajne i szybkie \u0142adowanie kompatybilnych urz\u0105dze\u0144, co czyni j\u0105 najlepszym wyborem dla podr\u00f3\u017cuj\u0105cych.<\/p>\n<p>Szeroka kompatybilno\u015b\u0107: Dzia\u0142a w ponad 170 krajach, z gniazdami JP\/US, AUS, EU i UK.<\/p>\n<p>Najwy\u017csza jako\u015b\u0107 wykonania: Wykonany z wysokiej jako\u015bci tworzywa PC zapewniaj\u0105cego trwa\u0142o\u015b\u0107 i bezpiecze\u0144stwo.<\/p>\n<p>Zaawansowana technologia: wykorzystuje technologi\u0119 GaN i podw\u00f3jn\u0105 ochron\u0119 bezpiecznikow\u0105, zapewniaj\u0105c wydajn\u0105 i bezpieczn\u0105 prac\u0119.<\/p>\n<p>Uniwersalna \u0142\u0105czno\u015b\u0107: Zaprojektowany jako adapter podr\u00f3\u017cny na ca\u0142ym \u015bwiecie, idealny dla os\u00f3b cz\u0119sto podr\u00f3\u017cuj\u0105cych s\u0142u\u017cbowo.<\/p>\n<p>Wysoka moc wyj\u015bciowa: mo\u017cliwo\u015b\u0107 szybkiego \u0142adowania smartfon\u00f3w, tablet\u00f3w i niekt\u00f3rych laptop\u00f3w dzi\u0119ki mocy 65 W.<\/p>\n<p>Kabel w zestawie: Gotowy do u\u017cycia natychmiast, bez konieczno\u015bci zakupu dodatkowych kabli.<\/p>\n<p>\u0141atwy w podr\u00f3\u017cy: do\u0142\u0105czony kabel u\u0142atwia pakowanie i ogranicza liczb\u0119 zabieranych ze sob\u0105 przedmiot\u00f3w.<\/p>\n<p>Uniwersalne adaptery wtyczek: Dost\u0119pne z wieloma opcjami wtyczek, co umo\u017cliwia bezproblemowe korzystanie z urz\u0105dzenia w r\u00f3\u017cnych krajach.<\/p>\n<p>Obs\u0142uga szybkiego \u0142adowania: Zgodno\u015b\u0107 z protoko\u0142ami takimi jak PD i QC gwarantuje szybsze \u0142adowanie obs\u0142ugiwanych urz\u0105dze\u0144.<\/p>","protected":false},"featured_media":8621,"comment_status":"open","ping_status":"closed","template":"","meta":{"rank_math_lock_modified_date":false,"site-sidebar-layout":"default","site-content-layout":"","ast-site-content-layout":"default","site-content-style":"default","site-sidebar-style":"default","ast-global-header-display":"","ast-banner-title-visibility":"","ast-main-header-display":"","ast-hfb-above-header-display":"","ast-hfb-below-header-display":"","ast-hfb-mobile-header-display":"","site-post-title":"","ast-breadcrumbs-content":"","ast-featured-img":"","footer-sml-layout":"","ast-disable-related-posts":"","theme-transparent-header-meta":"default","adv-header-id-meta":"","stick-header-meta":"","header-above-stick-meta":"","header-main-stick-meta":"","header-below-stick-meta":"","astra-migrate-meta-layouts":"set","ast-page-background-enabled":"default","ast-page-background-meta":{"desktop":{"background-color":"","background-image":"","background-repeat":"repeat","background-position":"center center","background-size":"auto","background-attachment":"scroll","background-type":"","background-media":"","overlay-type":"","overlay-color":"","overlay-opacity":"","overlay-gradient":""},"tablet":{"background-color":"","background-image":"","background-repeat":"repeat","background-position":"center center","background-size":"auto","background-attachment":"scroll","background-type":"","background-media":"","overlay-type":"","overlay-color":"","overlay-opacity":"","overlay-gradient":""},"mobile":{"background-color":"","background-image":"","background-repeat":"repeat","background-position":"center center","background-size":"auto","background-attachment":"scroll","background-type":"","background-media":"","overlay-type":"","overlay-color":"","overlay-opacity":"","overlay-gradient":""}},"ast-content-background-meta":{"desktop":{"background-color":"var(--ast-global-color-5)","background-image":"","background-repeat":"repeat","background-position":"center center","background-size":"auto","background-attachment":"scroll","background-type":"","background-media":"","overlay-type":"","overlay-color":"","overlay-opacity":"","overlay-gradient":""},"tablet":{"background-color":"var(--ast-global-color-5)","background-image":"","background-repeat":"repeat","background-position":"center center","background-size":"auto","background-attachment":"scroll","background-type":"","background-media":"","overlay-type":"","overlay-color":"","overlay-opacity":"","overlay-gradient":""},"mobile":{"background-color":"var(--ast-global-color-5)","background-image":"","background-repeat":"repeat","background-position":"center center","background-size":"auto","background-attachment":"scroll","background-type":"","background-media":"","overlay-type":"","overlay-color":"","overlay-opacity":"","overlay-gradient":""}}},"product_cat":[64],"product_tag":[],"class_list":{"0":"post-8335","1":"product","2":"type-product","3":"status-publish","4":"has-post-thumbnail","6":"product_cat-travel-adapter","7":"desktop-align-center","8":"tablet-align-center","9":"mobile-align-center","11":"first","12":"instock","13":"shipping-taxable","14":"product-type-simple"},"_links":{"self":[{"href":"https:\/\/imiapower.com\/pl\/wp-json\/wp\/v2\/product\/8335","targetHints":{"allow":["GET"]}}],"collection":[{"href":"https:\/\/imiapower.com\/pl\/wp-json\/wp\/v2\/product"}],"about":[{"href":"https:\/\/imiapower.com\/pl\/wp-json\/wp\/v2\/types\/product"}],"replies":[{"embeddable":true,"href":"https:\/\/imiapower.com\/pl\/wp-json\/wp\/v2\/comments?post=8335"}],"version-history":[{"count":8,"href":"https:\/\/imiapower.com\/pl\/wp-json\/wp\/v2\/product\/8335\/revisions"}],"predecessor-version":[{"id":8701,"href":"https:\/\/imiapower.com\/pl\/wp-json\/wp\/v2\/product\/8335\/revisions\/8701"}],"wp:featuredmedia":[{"embeddable":true,"href":"https:\/\/imiapower.com\/pl\/wp-json\/wp\/v2\/media\/8621"}],"wp:attachment":[{"href":"https:\/\/imiapower.com\/pl\/wp-json\/wp\/v2\/media?parent=8335"}],"wp:term":[{"taxonomy":"product_cat","embeddable":true,"href":"https:\/\/imiapower.com\/pl\/wp-json\/wp\/v2\/product_cat?post=8335"},{"taxonomy":"product_tag","embeddable":true,"href":"https:\/\/imiapower.com\/pl\/wp-json\/wp\/v2\/product_tag?post=8335"}],"curies":[{"name":"wp","href":"https:\/\/api.w.org\/{rel}","templated":true}]}}