{"id":8345,"date":"2024-10-15T07:59:42","date_gmt":"2024-10-15T07:59:42","guid":{"rendered":"https:\/\/imiapower.com\/?post_type=product&#038;p=8345"},"modified":"2024-12-02T00:20:33","modified_gmt":"2024-12-02T00:20:33","slug":"universal-charger-adapter","status":"publish","type":"product","link":"https:\/\/imiapower.com\/pl\/products\/travel-adapter\/universal-charger-adapter\/","title":{"rendered":"Prywatny uniwersalny adapter \u0142adowarki od chi\u0144skiego producenta"},"content":{"rendered":"<ul>\n<li><strong>uniwersalny adapter \u0142adowarki<\/strong><\/li>\n<li><strong>Wej\u015bcie pr\u0105du przemiennego:<\/strong>110~250 V\/pr\u0105d przemienny 50-60 Hz<\/li>\n<li><strong>Moc znamionowa:<\/strong> Maksymalnie 10 A (1100 W\/110 V lub 2500 W\/250 V)<\/li>\n<li><strong>Wyj\u015bcie USB:<\/strong> 5V3A\/9V2A\/12V1.5A (maks. 18 W)<\/li>\n<li><strong>Wyj\u015bcie typu C1\/C2\/C3:<\/strong> 5V3A (maks. 15W)<\/li>\n<li><strong>Wyj\u015bcie typu C4:<\/strong> 5V3A, 9V3A, 12V2.91A, 15V2.33A, 20V1.75A (maks. 35w)<\/li>\n<li><strong>Kabel wieszakowy:<\/strong> Kabel c do c o d\u0142ugo\u015bci 20 mm do wieszaka<\/li>\n<li><strong>Rozmiar:<\/strong> Wymiary 73*50*57mm<\/li>\n<li><strong>Waga:<\/strong> 160g<\/li>\n<li><strong>Materia\u0142:<\/strong> wypalony PC+mied\u017a metalowa<\/li>\n<li><strong>Orzecznictwo:<\/strong> UKCA, CE, FCC, RoHS<\/li>\n<\/ul>","protected":false},"excerpt":{"rendered":"<p>Zgodno\u015b\u0107 uniwersalnego adaptera \u0142adowarki jest zawsze stosowana w ponad 170 krajach, z gniazdami JP\/US, AUS, EU i UK<\/p>\n<p>W naszej fabryce zawsze stosujemy wypalany komputer do produkcji wysokiej klasy adapter\u00f3w podr\u00f3\u017cnych, projektowania technologii GaN i podw\u00f3jnej ochrony bezpiecznikowej<\/p>\n<p>Uniwersalny adapter podr\u00f3\u017cny to urz\u0105dzenie \u0142aduj\u0105ce o szerokim zakresie \u0142\u0105czno\u015bci i kompatybilno\u015bci, kt\u00f3re jest dobrym wyborem dla biznesmen\u00f3w podr\u00f3\u017cuj\u0105cych za granic\u0119.<\/p>\n<p>W przypadku tej samej obudowy adaptera oferujemy r\u00f3\u017cn\u0105 moc wyj\u015bciow\u0105, klient mo\u017ce wybra\u0107 35 W, 45 W i 65 W lub mo\u017ce r\u00f3wnie\u017c sprzeda\u0107 je jako seri\u0119<\/p>\n<p>Ten uniwersalny adapter \u0142adowarki oferujemy w r\u00f3\u017cnych opcjach kolorystycznych, w tym bia\u0142ym, czarnym, czerwonym, \u017c\u00f3\u0142tym, zielonym itp. Akceptujemy r\u00f3wnie\u017c niestandardowe projekty kolorystyczne<\/p>\n<p>Mamy r\u00f3wnie\u017c inn\u0105 opcj\u0119 projektu, mo\u017cemy zast\u0105pi\u0107 \u015brodkowy port \u0142adowania typu C portem \u0142adowania Lightning, poniewa\u017c niekt\u00f3rzy konsumenci nadal u\u017cywaj\u0105 port\u00f3w \u0142adowania Lightning do \u0142adowania swoich iPhone&#039;\u00f3w, zawsze projektujemy uniwersalne adaptery podr\u00f3\u017cne, poniewa\u017c konsumenci tego wymagaj\u0105<\/p>\n<p>&nbsp;<\/p>","protected":false},"featured_media":8349,"comment_status":"open","ping_status":"closed","template":"","meta":{"rank_math_lock_modified_date":false,"site-sidebar-layout":"default","site-content-layout":"","ast-site-content-layout":"default","site-content-style":"default","site-sidebar-style":"default","ast-global-header-display":"","ast-banner-title-visibility":"","ast-main-header-display":"","ast-hfb-above-header-display":"","ast-hfb-below-header-display":"","ast-hfb-mobile-header-display":"","site-post-title":"","ast-breadcrumbs-content":"","ast-featured-img":"","footer-sml-layout":"","ast-disable-related-posts":"","theme-transparent-header-meta":"default","adv-header-id-meta":"","stick-header-meta":"","header-above-stick-meta":"","header-main-stick-meta":"","header-below-stick-meta":"","astra-migrate-meta-layouts":"set","ast-page-background-enabled":"default","ast-page-background-meta":{"desktop":{"background-color":"","background-image":"","background-repeat":"repeat","background-position":"center center","background-size":"auto","background-attachment":"scroll","background-type":"","background-media":"","overlay-type":"","overlay-color":"","overlay-opacity":"","overlay-gradient":""},"tablet":{"background-color":"","background-image":"","background-repeat":"repeat","background-position":"center center","background-size":"auto","background-attachment":"scroll","background-type":"","background-media":"","overlay-type":"","overlay-color":"","overlay-opacity":"","overlay-gradient":""},"mobile":{"background-color":"","background-image":"","background-repeat":"repeat","background-position":"center center","background-size":"auto","background-attachment":"scroll","background-type":"","background-media":"","overlay-type":"","overlay-color":"","overlay-opacity":"","overlay-gradient":""}},"ast-content-background-meta":{"desktop":{"background-color":"var(--ast-global-color-5)","background-image":"","background-repeat":"repeat","background-position":"center center","background-size":"auto","background-attachment":"scroll","background-type":"","background-media":"","overlay-type":"","overlay-color":"","overlay-opacity":"","overlay-gradient":""},"tablet":{"background-color":"var(--ast-global-color-5)","background-image":"","background-repeat":"repeat","background-position":"center center","background-size":"auto","background-attachment":"scroll","background-type":"","background-media":"","overlay-type":"","overlay-color":"","overlay-opacity":"","overlay-gradient":""},"mobile":{"background-color":"var(--ast-global-color-5)","background-image":"","background-repeat":"repeat","background-position":"center center","background-size":"auto","background-attachment":"scroll","background-type":"","background-media":"","overlay-type":"","overlay-color":"","overlay-opacity":"","overlay-gradient":""}}},"product_cat":[64],"product_tag":[],"class_list":{"0":"post-8345","1":"product","2":"type-product","3":"status-publish","4":"has-post-thumbnail","6":"product_cat-travel-adapter","7":"desktop-align-center","8":"tablet-align-center","9":"mobile-align-center","11":"first","12":"instock","13":"shipping-taxable","14":"product-type-simple"},"_links":{"self":[{"href":"https:\/\/imiapower.com\/pl\/wp-json\/wp\/v2\/product\/8345","targetHints":{"allow":["GET"]}}],"collection":[{"href":"https:\/\/imiapower.com\/pl\/wp-json\/wp\/v2\/product"}],"about":[{"href":"https:\/\/imiapower.com\/pl\/wp-json\/wp\/v2\/types\/product"}],"replies":[{"embeddable":true,"href":"https:\/\/imiapower.com\/pl\/wp-json\/wp\/v2\/comments?post=8345"}],"version-history":[{"count":4,"href":"https:\/\/imiapower.com\/pl\/wp-json\/wp\/v2\/product\/8345\/revisions"}],"predecessor-version":[{"id":8644,"href":"https:\/\/imiapower.com\/pl\/wp-json\/wp\/v2\/product\/8345\/revisions\/8644"}],"wp:featuredmedia":[{"embeddable":true,"href":"https:\/\/imiapower.com\/pl\/wp-json\/wp\/v2\/media\/8349"}],"wp:attachment":[{"href":"https:\/\/imiapower.com\/pl\/wp-json\/wp\/v2\/media?parent=8345"}],"wp:term":[{"taxonomy":"product_cat","embeddable":true,"href":"https:\/\/imiapower.com\/pl\/wp-json\/wp\/v2\/product_cat?post=8345"},{"taxonomy":"product_tag","embeddable":true,"href":"https:\/\/imiapower.com\/pl\/wp-json\/wp\/v2\/product_tag?post=8345"}],"curies":[{"name":"wp","href":"https:\/\/api.w.org\/{rel}","templated":true}]}}