{"id":8353,"date":"2024-10-15T08:08:55","date_gmt":"2024-10-15T08:08:55","guid":{"rendered":"https:\/\/imiapower.com\/?post_type=product&#038;p=8353"},"modified":"2024-11-07T14:22:56","modified_gmt":"2024-11-07T14:22:56","slug":"universal-outlet-adapter","status":"publish","type":"product","link":"https:\/\/imiapower.com\/pl\/products\/travel-adapter\/universal-outlet-adapter\/","title":{"rendered":"Wysokiej jako\u015bci uniwersalny adapter gniazdowy"},"content":{"rendered":"<ul>\n<li><strong>Uniwersalny adapter gniazdowy<\/strong><\/li>\n<li><strong>Wej\u015bcie pr\u0105du przemiennego:<\/strong>110~250 V\/pr\u0105d przemienny 50-60 Hz<\/li>\n<li><strong>Moc znamionowa:<\/strong> Maksymalnie 10 A (1100 W\/110 V lub 2500 W\/250 V)<\/li>\n<li><strong>Wyj\u015bcie USB:<\/strong> 5V3A\/9V2A\/12V1.5A (maks. 18 W)<\/li>\n<li><strong>Wyj\u015bcie typu C1\/C2\/C3:<\/strong> 5V3A (maks. 15W)<\/li>\n<li><strong>Wyj\u015bcie typu C4:<\/strong> 5V3A, 9V3A, 12V3A, 15V3A, 20V2.25A (maks. 45w)<\/li>\n<li><strong>Kabel wieszakowy:<\/strong> Kabel c do c o d\u0142ugo\u015bci 20 mm do wieszaka<\/li>\n<li><strong>Rozmiar:<\/strong> Wymiary 73*50*57mm<\/li>\n<li><strong>Waga:<\/strong> 215g<\/li>\n<li><strong>Materia\u0142:<\/strong> wypalony PC+mied\u017a metalowa<\/li>\n<li><strong>Orzecznictwo:<\/strong> UKCA, CE, FCC, RoHS<\/li>\n<\/ul>","protected":false},"excerpt":{"rendered":"<p>Dla tego modelu uniwersalnego adaptera gniazdkowego zaprojektowali\u015bmy 3 r\u00f3\u017cne charakterystyki mocy: 35 W, 45 W i 65 W, na podstawie zapyta\u0144 marketingowych.<\/p>\n<p>Obecnie adaptery\/\u0142adowarki mobilne z kablem sta\u0142y si\u0119 modnym trendem, poniewa\u017c ludzie zawsze zabieraj\u0105 ze sob\u0105 r\u00f3\u017cne urz\u0105dzenia elektroniczne, takie jak smartfony, s\u0142uchawki bezprzewodowe, smartwatche, a czasem tak\u017ce iPady. Adapter z kablem pozwala na \u0142atwe \u0142adowanie urz\u0105dze\u0144 elektronicznych bez obaw o zgubienie kabla.<\/p>\n<p>Nasz kabel zosta\u0142 zaprojektowany w formie wieszaka w g\u00f3rnym rogu uniwersalnego adaptera podr\u00f3\u017cnego, dzi\u0119ki czemu jest dla nas bardzo wygodny do noszenia.<\/p>\n<p>Zgodno\u015b\u0107 z uniwersalnym adapterem gniazdowym jest zawsze stosowana w ponad 170 krajach, z gniazdami JP\/US, AUS, EU i UK<\/p>\n<p>W naszej fabryce zawsze stosujemy wypalany komputer do produkcji wysokiej klasy adapter\u00f3w podr\u00f3\u017cnych, projektowania technologii GaN i podw\u00f3jnej ochrony bezpiecznikowej<\/p>\n<p>Uniwersalny adapter podr\u00f3\u017cny to urz\u0105dzenie \u0142aduj\u0105ce o szerokim zakresie \u0142\u0105czno\u015bci i kompatybilno\u015bci, kt\u00f3re jest dobrym wyborem dla biznesmen\u00f3w podr\u00f3\u017cuj\u0105cych za granic\u0119.<\/p>","protected":false},"featured_media":8357,"comment_status":"open","ping_status":"closed","template":"","meta":{"rank_math_lock_modified_date":false,"site-sidebar-layout":"default","site-content-layout":"","ast-site-content-layout":"default","site-content-style":"default","site-sidebar-style":"default","ast-global-header-display":"","ast-banner-title-visibility":"","ast-main-header-display":"","ast-hfb-above-header-display":"","ast-hfb-below-header-display":"","ast-hfb-mobile-header-display":"","site-post-title":"","ast-breadcrumbs-content":"","ast-featured-img":"","footer-sml-layout":"","ast-disable-related-posts":"","theme-transparent-header-meta":"default","adv-header-id-meta":"","stick-header-meta":"","header-above-stick-meta":"","header-main-stick-meta":"","header-below-stick-meta":"","astra-migrate-meta-layouts":"set","ast-page-background-enabled":"default","ast-page-background-meta":{"desktop":{"background-color":"","background-image":"","background-repeat":"repeat","background-position":"center center","background-size":"auto","background-attachment":"scroll","background-type":"","background-media":"","overlay-type":"","overlay-color":"","overlay-opacity":"","overlay-gradient":""},"tablet":{"background-color":"","background-image":"","background-repeat":"repeat","background-position":"center center","background-size":"auto","background-attachment":"scroll","background-type":"","background-media":"","overlay-type":"","overlay-color":"","overlay-opacity":"","overlay-gradient":""},"mobile":{"background-color":"","background-image":"","background-repeat":"repeat","background-position":"center center","background-size":"auto","background-attachment":"scroll","background-type":"","background-media":"","overlay-type":"","overlay-color":"","overlay-opacity":"","overlay-gradient":""}},"ast-content-background-meta":{"desktop":{"background-color":"var(--ast-global-color-5)","background-image":"","background-repeat":"repeat","background-position":"center center","background-size":"auto","background-attachment":"scroll","background-type":"","background-media":"","overlay-type":"","overlay-color":"","overlay-opacity":"","overlay-gradient":""},"tablet":{"background-color":"var(--ast-global-color-5)","background-image":"","background-repeat":"repeat","background-position":"center center","background-size":"auto","background-attachment":"scroll","background-type":"","background-media":"","overlay-type":"","overlay-color":"","overlay-opacity":"","overlay-gradient":""},"mobile":{"background-color":"var(--ast-global-color-5)","background-image":"","background-repeat":"repeat","background-position":"center center","background-size":"auto","background-attachment":"scroll","background-type":"","background-media":"","overlay-type":"","overlay-color":"","overlay-opacity":"","overlay-gradient":""}}},"product_cat":[64],"product_tag":[],"class_list":{"0":"post-8353","1":"product","2":"type-product","3":"status-publish","4":"has-post-thumbnail","6":"product_cat-travel-adapter","7":"desktop-align-center","8":"tablet-align-center","9":"mobile-align-center","11":"first","12":"instock","13":"shipping-taxable","14":"product-type-simple"},"_links":{"self":[{"href":"https:\/\/imiapower.com\/pl\/wp-json\/wp\/v2\/product\/8353","targetHints":{"allow":["GET"]}}],"collection":[{"href":"https:\/\/imiapower.com\/pl\/wp-json\/wp\/v2\/product"}],"about":[{"href":"https:\/\/imiapower.com\/pl\/wp-json\/wp\/v2\/types\/product"}],"replies":[{"embeddable":true,"href":"https:\/\/imiapower.com\/pl\/wp-json\/wp\/v2\/comments?post=8353"}],"version-history":[{"count":4,"href":"https:\/\/imiapower.com\/pl\/wp-json\/wp\/v2\/product\/8353\/revisions"}],"predecessor-version":[{"id":8631,"href":"https:\/\/imiapower.com\/pl\/wp-json\/wp\/v2\/product\/8353\/revisions\/8631"}],"wp:featuredmedia":[{"embeddable":true,"href":"https:\/\/imiapower.com\/pl\/wp-json\/wp\/v2\/media\/8357"}],"wp:attachment":[{"href":"https:\/\/imiapower.com\/pl\/wp-json\/wp\/v2\/media?parent=8353"}],"wp:term":[{"taxonomy":"product_cat","embeddable":true,"href":"https:\/\/imiapower.com\/pl\/wp-json\/wp\/v2\/product_cat?post=8353"},{"taxonomy":"product_tag","embeddable":true,"href":"https:\/\/imiapower.com\/pl\/wp-json\/wp\/v2\/product_tag?post=8353"}],"curies":[{"name":"wp","href":"https:\/\/api.w.org\/{rel}","templated":true}]}}