{"id":8708,"date":"2024-11-29T06:22:29","date_gmt":"2024-11-29T06:22:29","guid":{"rendered":"https:\/\/imiapower.com\/?post_type=product&#038;p=8708"},"modified":"2024-11-29T06:35:46","modified_gmt":"2024-11-29T06:35:46","slug":"power-sockets","status":"publish","type":"product","link":"https:\/\/imiapower.com\/pl\/products\/power-strip\/power-sockets\/","title":{"rendered":"mocne kwadratowe gniazdka elektryczne do biura"},"content":{"rendered":"<ul>\n<li><strong>Gniazdka elektryczne<\/strong><\/li>\n<li><strong>Moc znamionowa:<\/strong> 16A, 220V ~ 240V<\/li>\n<li><strong>Ca\u0142kowite wyj\u015bcie USB-A+ USB-C:<\/strong> \u00a0PD 20W<\/li>\n<li><strong>Pojedyncze wyj\u015bcie USB-A:<\/strong> \u00a05 V, 3 A 9 V, 2 A 12 V, 1,5 A (maks. 18 W)<\/li>\n<li><strong>Pojedyncze wyj\u015bcie USB-C:<\/strong> 5 V, 3 A, 9 V, 2,2 A, 12 V, 1,67 A (MAKS. 20 W)<\/li>\n<li><strong>Kabel:<\/strong> 3*1,5 mm, rdze\u0144 miedziany, d\u0142ugo\u015b\u0107 kabla 1,8 m<\/li>\n<li><strong>Materia\u0142:<\/strong> Wypalany PC + mied\u017a metalowa<\/li>\n<li><strong>Rozmiar: <\/strong>82*82*82MM<\/li>\n<li><strong>Waga:<\/strong> 470g<\/li>\n<li><strong>Orzecznictwo:<\/strong> Certyfikacja CE i RoHS<\/li>\n<\/ul>","protected":false},"excerpt":{"rendered":"<p><img fetchpriority=\"high\" decoding=\"async\" class=\"alignnone wp-image-8715 size-full\" src=\"https:\/\/imiapower.com\/wp-content\/uploads\/surge-protector-1.jpg\" alt=\"gniazdka elektryczne\" width=\"800\" height=\"800\" srcset=\"https:\/\/imiapower.com\/wp-content\/uploads\/surge-protector-1.jpg 800w, https:\/\/imiapower.com\/wp-content\/uploads\/surge-protector-1-300x300.jpg 300w, https:\/\/imiapower.com\/wp-content\/uploads\/surge-protector-1-100x100.jpg 100w, https:\/\/imiapower.com\/wp-content\/uploads\/surge-protector-1-600x600.jpg 600w, https:\/\/imiapower.com\/wp-content\/uploads\/surge-protector-1-64x64.jpg 64w, https:\/\/imiapower.com\/wp-content\/uploads\/surge-protector-1-150x150.jpg 150w, https:\/\/imiapower.com\/wp-content\/uploads\/surge-protector-1-768x768.jpg 768w, https:\/\/imiapower.com\/wp-content\/uploads\/surge-protector-1-12x12.jpg 12w\" sizes=\"(max-width: 800px) 100vw, 800px\" \/><\/p>\n<p>To gniazdo zasilania z 4 gniazdami przed\u0142u\u017caj\u0105cymi wtyczki i 4 portami USB (2 USB A +2USB C) jest \u0142atwe do przenoszenia i oszcz\u0119dza miejsce. Porty USB i przed\u0142u\u017cacze gniazd mog\u0105 by\u0107 u\u017cywane w tym samym czasie<\/p>\n<p>Porty USB s\u0105 kompatybilne z urz\u0105dzeniami iPhone, Samsung i Pad, a wtyczka wielogniazdkowa nadaje si\u0119 do telewizor\u00f3w, system\u00f3w audio, konsol do gier, sprz\u0119tu itp.<\/p>\n<p>Gniazda zasilaj\u0105ce z elektroniczn\u0105 funkcj\u0105 ochrony zasilacza, z zabezpieczeniem przeciwprzepi\u0119ciowym, zabezpieczeniem nadpr\u0105dowym, zabezpieczeniem przeciwzwarciowym i zabezpieczeniem przeciwprzepi\u0119ciowym. Ochrona przeciwprzepi\u0119ciowa mo\u017ce zapobiega\u0107 potencjalnie niebezpiecznym sytuacjom, kt\u00f3re mog\u0105 uszkodzi\u0107 sprz\u0119t elektroniczny.<\/p>","protected":false},"featured_media":8709,"comment_status":"open","ping_status":"closed","template":"","meta":{"rank_math_lock_modified_date":false,"site-sidebar-layout":"default","site-content-layout":"","ast-site-content-layout":"default","site-content-style":"default","site-sidebar-style":"default","ast-global-header-display":"","ast-banner-title-visibility":"","ast-main-header-display":"","ast-hfb-above-header-display":"","ast-hfb-below-header-display":"","ast-hfb-mobile-header-display":"","site-post-title":"","ast-breadcrumbs-content":"","ast-featured-img":"","footer-sml-layout":"","ast-disable-related-posts":"","theme-transparent-header-meta":"default","adv-header-id-meta":"","stick-header-meta":"","header-above-stick-meta":"","header-main-stick-meta":"","header-below-stick-meta":"","astra-migrate-meta-layouts":"set","ast-page-background-enabled":"default","ast-page-background-meta":{"desktop":{"background-color":"","background-image":"","background-repeat":"repeat","background-position":"center center","background-size":"auto","background-attachment":"scroll","background-type":"","background-media":"","overlay-type":"","overlay-color":"","overlay-opacity":"","overlay-gradient":""},"tablet":{"background-color":"","background-image":"","background-repeat":"repeat","background-position":"center center","background-size":"auto","background-attachment":"scroll","background-type":"","background-media":"","overlay-type":"","overlay-color":"","overlay-opacity":"","overlay-gradient":""},"mobile":{"background-color":"","background-image":"","background-repeat":"repeat","background-position":"center center","background-size":"auto","background-attachment":"scroll","background-type":"","background-media":"","overlay-type":"","overlay-color":"","overlay-opacity":"","overlay-gradient":""}},"ast-content-background-meta":{"desktop":{"background-color":"var(--ast-global-color-5)","background-image":"","background-repeat":"repeat","background-position":"center center","background-size":"auto","background-attachment":"scroll","background-type":"","background-media":"","overlay-type":"","overlay-color":"","overlay-opacity":"","overlay-gradient":""},"tablet":{"background-color":"var(--ast-global-color-5)","background-image":"","background-repeat":"repeat","background-position":"center center","background-size":"auto","background-attachment":"scroll","background-type":"","background-media":"","overlay-type":"","overlay-color":"","overlay-opacity":"","overlay-gradient":""},"mobile":{"background-color":"var(--ast-global-color-5)","background-image":"","background-repeat":"repeat","background-position":"center center","background-size":"auto","background-attachment":"scroll","background-type":"","background-media":"","overlay-type":"","overlay-color":"","overlay-opacity":"","overlay-gradient":""}}},"product_cat":[239],"product_tag":[],"class_list":{"0":"post-8708","1":"product","2":"type-product","3":"status-publish","4":"has-post-thumbnail","6":"product_cat-power-strip","7":"desktop-align-center","8":"tablet-align-center","9":"mobile-align-center","11":"first","12":"instock","13":"shipping-taxable","14":"product-type-simple"},"_links":{"self":[{"href":"https:\/\/imiapower.com\/pl\/wp-json\/wp\/v2\/product\/8708","targetHints":{"allow":["GET"]}}],"collection":[{"href":"https:\/\/imiapower.com\/pl\/wp-json\/wp\/v2\/product"}],"about":[{"href":"https:\/\/imiapower.com\/pl\/wp-json\/wp\/v2\/types\/product"}],"replies":[{"embeddable":true,"href":"https:\/\/imiapower.com\/pl\/wp-json\/wp\/v2\/comments?post=8708"}],"version-history":[{"count":6,"href":"https:\/\/imiapower.com\/pl\/wp-json\/wp\/v2\/product\/8708\/revisions"}],"predecessor-version":[{"id":8716,"href":"https:\/\/imiapower.com\/pl\/wp-json\/wp\/v2\/product\/8708\/revisions\/8716"}],"wp:featuredmedia":[{"embeddable":true,"href":"https:\/\/imiapower.com\/pl\/wp-json\/wp\/v2\/media\/8709"}],"wp:attachment":[{"href":"https:\/\/imiapower.com\/pl\/wp-json\/wp\/v2\/media?parent=8708"}],"wp:term":[{"taxonomy":"product_cat","embeddable":true,"href":"https:\/\/imiapower.com\/pl\/wp-json\/wp\/v2\/product_cat?post=8708"},{"taxonomy":"product_tag","embeddable":true,"href":"https:\/\/imiapower.com\/pl\/wp-json\/wp\/v2\/product_tag?post=8708"}],"curies":[{"name":"wp","href":"https:\/\/api.w.org\/{rel}","templated":true}]}}