{"id":8717,"date":"2024-11-29T06:51:06","date_gmt":"2024-11-29T06:51:06","guid":{"rendered":"https:\/\/imiapower.com\/?post_type=product&#038;p=8717"},"modified":"2025-06-24T03:19:54","modified_gmt":"2025-06-24T03:19:54","slug":"power-cube","status":"publish","type":"product","link":"https:\/\/imiapower.com\/pl\/products\/power-strip\/power-cube\/","title":{"rendered":"Popularna kostka mocy od chi\u0144skiego producenta"},"content":{"rendered":"<ul>\n<li><strong>Kostka mocy<\/strong><\/li>\n<li><strong>\u00a0Moc znamionowa:<\/strong> 16A, 220V ~ 240V<\/li>\n<li><strong>Ca\u0142kowite wyj\u015bcie USB-A+ USB-C:<\/strong> \u00a0PD 20W<\/li>\n<li><strong>Pojedyncze wyj\u015bcie USB-A:<\/strong> \u00a05 V, 3 A 9 V, 2 A 12 V, 1,5 A (maks. 18 W)<\/li>\n<li><strong>Pojedyncze wyj\u015bcie USB-C:<\/strong> 5 V, 3 A, 9 V, 2,2 A, 12 V, 1,67 A (MAKS. 20 W)<\/li>\n<li><strong>Materia\u0142 :<\/strong> Wypalany PC + mied\u017a metalowa<\/li>\n<li><strong>Rozmiar:<\/strong>82*82*82MM<\/li>\n<li><strong>Waga:<\/strong> 158g<\/li>\n<li><strong>Standard:<\/strong> Standard Schuko na rynek europejski<\/li>\n<li><strong>Orzecznictwo:<\/strong>\u00a0 Certyfikaty CE i RoHS<\/li>\n<\/ul>","protected":false},"excerpt":{"rendered":"<p><img fetchpriority=\"high\" decoding=\"async\" class=\"alignnone wp-image-8722 size-full\" src=\"https:\/\/imiapower.com\/wp-content\/uploads\/surge-protector.jpg\" alt=\"kostka mocy\" width=\"800\" height=\"800\" srcset=\"https:\/\/imiapower.com\/wp-content\/uploads\/surge-protector.jpg 800w, https:\/\/imiapower.com\/wp-content\/uploads\/surge-protector-300x300.jpg 300w, https:\/\/imiapower.com\/wp-content\/uploads\/surge-protector-100x100.jpg 100w, https:\/\/imiapower.com\/wp-content\/uploads\/surge-protector-600x600.jpg 600w, https:\/\/imiapower.com\/wp-content\/uploads\/surge-protector-64x64.jpg 64w, https:\/\/imiapower.com\/wp-content\/uploads\/surge-protector-150x150.jpg 150w, https:\/\/imiapower.com\/wp-content\/uploads\/surge-protector-768x768.jpg 768w, https:\/\/imiapower.com\/wp-content\/uploads\/surge-protector-12x12.jpg 12w\" sizes=\"(max-width: 800px) 100vw, 800px\" \/><\/p>\n<p>Power Cube, inteligentne i oszcz\u0119dzaj\u0105ce miejsce rozwi\u0105zanie dla wszystkich Twoich potrzeb zwi\u0105zanych z \u0142adowaniem i \u0142\u0105czno\u015bci\u0105<\/p>\n<p>Dzi\u0119ki kompaktowej, sze\u015bciennej budowie Power Cube idealnie pasuje do Twojego biurka. Po\u017cegnaj si\u0119 z pl\u0105tanin\u0105 kabli i niepor\u0119cznymi listwami zasilaj\u0105cymi zagracaj\u0105cymi Twoj\u0105 przestrze\u0144<\/p>\n<p>Dzi\u0119ki wielu gniazdom AC, portom USB i opcjonalnej \u0142\u0105czno\u015bci USB-C mo\u017cesz \u0142adowa\u0107 wiele urz\u0105dze\u0144 jednocze\u015bnie. Idealne do smartfon\u00f3w, tablet\u00f3w, laptop\u00f3w, smartwatch\u00f3w i innych<\/p>\n<p>Do 4 gniazdek AC i 4 port\u00f3w USB do zasilania wszystkich urz\u0105dze\u0144<\/p>\n<p>Uporz\u0105dkuj swoje miejsce pracy, jednocze\u015bnie w\u0142\u0105czaj\u0105c urz\u0105dzenia<\/p>","protected":false},"featured_media":8718,"comment_status":"open","ping_status":"closed","template":"","meta":{"rank_math_lock_modified_date":false,"site-sidebar-layout":"default","site-content-layout":"","ast-site-content-layout":"default","site-content-style":"default","site-sidebar-style":"default","ast-global-header-display":"","ast-banner-title-visibility":"","ast-main-header-display":"","ast-hfb-above-header-display":"","ast-hfb-below-header-display":"","ast-hfb-mobile-header-display":"","site-post-title":"","ast-breadcrumbs-content":"","ast-featured-img":"","footer-sml-layout":"","ast-disable-related-posts":"","theme-transparent-header-meta":"default","adv-header-id-meta":"","stick-header-meta":"","header-above-stick-meta":"","header-main-stick-meta":"","header-below-stick-meta":"","astra-migrate-meta-layouts":"set","ast-page-background-enabled":"default","ast-page-background-meta":{"desktop":{"background-color":"","background-image":"","background-repeat":"repeat","background-position":"center center","background-size":"auto","background-attachment":"scroll","background-type":"","background-media":"","overlay-type":"","overlay-color":"","overlay-opacity":"","overlay-gradient":""},"tablet":{"background-color":"","background-image":"","background-repeat":"repeat","background-position":"center center","background-size":"auto","background-attachment":"scroll","background-type":"","background-media":"","overlay-type":"","overlay-color":"","overlay-opacity":"","overlay-gradient":""},"mobile":{"background-color":"","background-image":"","background-repeat":"repeat","background-position":"center center","background-size":"auto","background-attachment":"scroll","background-type":"","background-media":"","overlay-type":"","overlay-color":"","overlay-opacity":"","overlay-gradient":""}},"ast-content-background-meta":{"desktop":{"background-color":"var(--ast-global-color-5)","background-image":"","background-repeat":"repeat","background-position":"center center","background-size":"auto","background-attachment":"scroll","background-type":"","background-media":"","overlay-type":"","overlay-color":"","overlay-opacity":"","overlay-gradient":""},"tablet":{"background-color":"var(--ast-global-color-5)","background-image":"","background-repeat":"repeat","background-position":"center center","background-size":"auto","background-attachment":"scroll","background-type":"","background-media":"","overlay-type":"","overlay-color":"","overlay-opacity":"","overlay-gradient":""},"mobile":{"background-color":"var(--ast-global-color-5)","background-image":"","background-repeat":"repeat","background-position":"center center","background-size":"auto","background-attachment":"scroll","background-type":"","background-media":"","overlay-type":"","overlay-color":"","overlay-opacity":"","overlay-gradient":""}}},"product_cat":[239],"product_tag":[],"class_list":{"0":"post-8717","1":"product","2":"type-product","3":"status-publish","4":"has-post-thumbnail","6":"product_cat-power-strip","7":"desktop-align-center","8":"tablet-align-center","9":"mobile-align-center","11":"first","12":"instock","13":"shipping-taxable","14":"product-type-simple"},"_links":{"self":[{"href":"https:\/\/imiapower.com\/pl\/wp-json\/wp\/v2\/product\/8717","targetHints":{"allow":["GET"]}}],"collection":[{"href":"https:\/\/imiapower.com\/pl\/wp-json\/wp\/v2\/product"}],"about":[{"href":"https:\/\/imiapower.com\/pl\/wp-json\/wp\/v2\/types\/product"}],"replies":[{"embeddable":true,"href":"https:\/\/imiapower.com\/pl\/wp-json\/wp\/v2\/comments?post=8717"}],"version-history":[{"count":3,"href":"https:\/\/imiapower.com\/pl\/wp-json\/wp\/v2\/product\/8717\/revisions"}],"predecessor-version":[{"id":8723,"href":"https:\/\/imiapower.com\/pl\/wp-json\/wp\/v2\/product\/8717\/revisions\/8723"}],"wp:featuredmedia":[{"embeddable":true,"href":"https:\/\/imiapower.com\/pl\/wp-json\/wp\/v2\/media\/8718"}],"wp:attachment":[{"href":"https:\/\/imiapower.com\/pl\/wp-json\/wp\/v2\/media?parent=8717"}],"wp:term":[{"taxonomy":"product_cat","embeddable":true,"href":"https:\/\/imiapower.com\/pl\/wp-json\/wp\/v2\/product_cat?post=8717"},{"taxonomy":"product_tag","embeddable":true,"href":"https:\/\/imiapower.com\/pl\/wp-json\/wp\/v2\/product_tag?post=8717"}],"curies":[{"name":"wp","href":"https:\/\/api.w.org\/{rel}","templated":true}]}}