{"id":9370,"date":"2025-06-24T03:17:54","date_gmt":"2025-06-24T03:17:54","guid":{"rendered":"https:\/\/imiapower.com\/?post_type=product&#038;p=9370"},"modified":"2025-06-24T03:19:33","modified_gmt":"2025-06-24T03:19:33","slug":"usb-power-delivery-charger","status":"publish","type":"product","link":"https:\/\/imiapower.com\/pl\/products\/wall-charger\/usb-power-delivery-charger\/","title":{"rendered":"\u0141adowarka USB 47 W z funkcj\u0105 Power Delivery \u2013 szybkie i kompaktowe rozwi\u0105zanie do \u0142adowania"},"content":{"rendered":"<ul>\n<li><strong>Dostarczanie mocy<\/strong><\/li>\n<li><strong>Wej\u015bcie:<\/strong> 100-240 V 1 A maks.<\/li>\n<li><strong>Pojedyncze wyj\u015bcie:<\/strong> USB-C PD3.0 45W: 20V2.25A\/15V3A\/12V3A\/9V3A\/5V3A<\/li>\n<li><strong>USB QC3.0 27 W:<\/strong> 12V2,25A \/ 9V3A \/ 5V4,5A \/ 4,5V5A<\/li>\n<li><strong>Podw\u00f3jne wyj\u015bcie 47W maks.:<\/strong> C 20 W: 12 V 1,67 A \/ 9 V 2,22 A \/ 5 V 3 A \/ A 27 W: 12 V 2,25 A \/ 9 V 3 A \/ 5 V 3 A<\/li>\n<li><strong>Ochrona:<\/strong> OCP\/OTP\/OLP\/SCP<\/li>\n<li><strong>Szeroko obs\u0142ugiwany protok\u00f3\u0142 szybkiego \u0142adowania:<\/strong>PD3.0, QC3.0, QC2.0, SCP, FCP, AFC, APPLE2.4A, BC1.2<\/li>\n<\/ul>","protected":false},"excerpt":{"rendered":"<p><img fetchpriority=\"high\" decoding=\"async\" class=\"alignnone wp-image-9371 size-full\" src=\"https:\/\/imiapower.com\/wp-content\/uploads\/converted-1-3.webp\" alt=\"dostarczanie mocy\" width=\"730\" height=\"730\" srcset=\"https:\/\/imiapower.com\/wp-content\/uploads\/converted-1-3.webp 730w, https:\/\/imiapower.com\/wp-content\/uploads\/converted-1-3-300x300.webp 300w, https:\/\/imiapower.com\/wp-content\/uploads\/converted-1-3-150x150.webp 150w, https:\/\/imiapower.com\/wp-content\/uploads\/converted-1-3-12x12.webp 12w, https:\/\/imiapower.com\/wp-content\/uploads\/converted-1-3-600x600.webp 600w, https:\/\/imiapower.com\/wp-content\/uploads\/converted-1-3-100x100.webp 100w, https:\/\/imiapower.com\/wp-content\/uploads\/converted-1-3-64x64.webp 64w\" sizes=\"(max-width: 730px) 100vw, 730px\" \/><\/p>\n<p>Szybko i bezpiecznie na\u0142aduj swoje urz\u0105dzenia dzi\u0119ki naszej \u0142adowarce USB o mocy 47 W z zaawansowan\u0105 technologi\u0105 Power Delivery.<\/p>\n<p>Zaprojektowana do szybkiego \u0142adowania smartfon\u00f3w, tablet\u00f3w, a nawet lekkich laptop\u00f3w, ta kompaktowa \u0142adowarka z \u0142atwo\u015bci\u0105 zmie\u015bci si\u0119 w torbie lub kieszeni \u2014 idealna do u\u017cytku w domu, biurze lub w podr\u00f3\u017cy<\/p>","protected":false},"featured_media":9373,"comment_status":"open","ping_status":"closed","template":"","meta":{"rank_math_lock_modified_date":false,"site-sidebar-layout":"default","site-content-layout":"","ast-site-content-layout":"default","site-content-style":"default","site-sidebar-style":"default","ast-global-header-display":"","ast-banner-title-visibility":"","ast-main-header-display":"","ast-hfb-above-header-display":"","ast-hfb-below-header-display":"","ast-hfb-mobile-header-display":"","site-post-title":"","ast-breadcrumbs-content":"","ast-featured-img":"","footer-sml-layout":"","ast-disable-related-posts":"","theme-transparent-header-meta":"default","adv-header-id-meta":"","stick-header-meta":"","header-above-stick-meta":"","header-main-stick-meta":"","header-below-stick-meta":"","astra-migrate-meta-layouts":"set","ast-page-background-enabled":"default","ast-page-background-meta":{"desktop":{"background-color":"","background-image":"","background-repeat":"repeat","background-position":"center center","background-size":"auto","background-attachment":"scroll","background-type":"","background-media":"","overlay-type":"","overlay-color":"","overlay-opacity":"","overlay-gradient":""},"tablet":{"background-color":"","background-image":"","background-repeat":"repeat","background-position":"center center","background-size":"auto","background-attachment":"scroll","background-type":"","background-media":"","overlay-type":"","overlay-color":"","overlay-opacity":"","overlay-gradient":""},"mobile":{"background-color":"","background-image":"","background-repeat":"repeat","background-position":"center center","background-size":"auto","background-attachment":"scroll","background-type":"","background-media":"","overlay-type":"","overlay-color":"","overlay-opacity":"","overlay-gradient":""}},"ast-content-background-meta":{"desktop":{"background-color":"var(--ast-global-color-5)","background-image":"","background-repeat":"repeat","background-position":"center center","background-size":"auto","background-attachment":"scroll","background-type":"","background-media":"","overlay-type":"","overlay-color":"","overlay-opacity":"","overlay-gradient":""},"tablet":{"background-color":"var(--ast-global-color-5)","background-image":"","background-repeat":"repeat","background-position":"center center","background-size":"auto","background-attachment":"scroll","background-type":"","background-media":"","overlay-type":"","overlay-color":"","overlay-opacity":"","overlay-gradient":""},"mobile":{"background-color":"var(--ast-global-color-5)","background-image":"","background-repeat":"repeat","background-position":"center center","background-size":"auto","background-attachment":"scroll","background-type":"","background-media":"","overlay-type":"","overlay-color":"","overlay-opacity":"","overlay-gradient":""}}},"product_cat":[43],"product_tag":[],"class_list":{"0":"post-9370","1":"product","2":"type-product","3":"status-publish","4":"has-post-thumbnail","6":"product_cat-wall-charger","7":"desktop-align-center","8":"tablet-align-center","9":"mobile-align-center","11":"first","12":"instock","13":"featured","14":"shipping-taxable","15":"product-type-simple"},"_links":{"self":[{"href":"https:\/\/imiapower.com\/pl\/wp-json\/wp\/v2\/product\/9370","targetHints":{"allow":["GET"]}}],"collection":[{"href":"https:\/\/imiapower.com\/pl\/wp-json\/wp\/v2\/product"}],"about":[{"href":"https:\/\/imiapower.com\/pl\/wp-json\/wp\/v2\/types\/product"}],"replies":[{"embeddable":true,"href":"https:\/\/imiapower.com\/pl\/wp-json\/wp\/v2\/comments?post=9370"}],"version-history":[{"count":3,"href":"https:\/\/imiapower.com\/pl\/wp-json\/wp\/v2\/product\/9370\/revisions"}],"predecessor-version":[{"id":9376,"href":"https:\/\/imiapower.com\/pl\/wp-json\/wp\/v2\/product\/9370\/revisions\/9376"}],"wp:featuredmedia":[{"embeddable":true,"href":"https:\/\/imiapower.com\/pl\/wp-json\/wp\/v2\/media\/9373"}],"wp:attachment":[{"href":"https:\/\/imiapower.com\/pl\/wp-json\/wp\/v2\/media?parent=9370"}],"wp:term":[{"taxonomy":"product_cat","embeddable":true,"href":"https:\/\/imiapower.com\/pl\/wp-json\/wp\/v2\/product_cat?post=9370"},{"taxonomy":"product_tag","embeddable":true,"href":"https:\/\/imiapower.com\/pl\/wp-json\/wp\/v2\/product_tag?post=9370"}],"curies":[{"name":"wp","href":"https:\/\/api.w.org\/{rel}","templated":true}]}}