{"id":9378,"date":"2025-06-26T06:27:53","date_gmt":"2025-06-26T06:27:53","guid":{"rendered":"https:\/\/imiapower.com\/?post_type=product&#038;p=9378"},"modified":"2025-08-21T00:56:19","modified_gmt":"2025-08-21T00:56:19","slug":"17w-travel-adapter-supplier","status":"publish","type":"product","link":"https:\/\/imiapower.com\/pl\/products\/travel-adapter\/17w-travel-adapter-supplier\/","title":{"rendered":"Kompaktowy 17W adapter podr\u00f3\u017cny \u2013 uniwersalne rozwi\u0105zanie \u0142adowania dla podr\u00f3\u017cuj\u0105cych"},"content":{"rendered":"<div class=\"elementor elementor-656 elementor-location-single post-2511 product type-product status-publish has-post-thumbnail product_cat-world-travel-adapter first instock shipping-taxable product-type-simple product\" data-elementor-type=\"product\" data-elementor-id=\"656\" data-elementor-post-type=\"elementor_library\">\n<section class=\"elementor-section elementor-top-section elementor-element elementor-element-52a1a10 elementor-section-boxed ang-section-padding-initial elementor-section-height-default elementor-section-height-default elementor-repeater-item-none elementor-repeater-item-none_hover\" data-id=\"52a1a10\" data-element_type=\"section\" data-settings=\"{&quot;background_background&quot;:&quot;classic&quot;}\">\n<div class=\"elementor-container elementor-column-gap-default\">\n<div class=\"elementor-column elementor-col-100 elementor-top-column elementor-element elementor-element-29536b3 elementor-repeater-item-none elementor-repeater-item-none_hover\" data-id=\"29536b3\" data-element_type=\"column\">\n<div class=\"elementor-widget-wrap elementor-element-populated\">\n<div class=\"elementor-element elementor-element-c8b75d7 elementor-repeater-item-none elementor-repeater-item-none_hover elementor-widget elementor-widget-woocommerce-product-content\" data-id=\"c8b75d7\" data-element_type=\"widget\" data-widget_type=\"woocommerce-product-content.default\">\n<div class=\"elementor-widget-container\">\n<ul>\n<li><strong>Dostawca adapter\u00f3w podr\u00f3\u017cnych<\/strong><\/li>\n<li><strong>Napi\u0119cie wej\u015bciowe:<\/strong>110~250 V\/pr\u0105d przemienny 50-60 Hz<\/li>\n<li><strong>Wyj\u015bcie pr\u0105du przemiennego:<\/strong>Maks. 10 A (1000 W\/100 V lub 2400 W\/240 V)<\/li>\n<li><strong>Pojedyncze wyj\u015bcie USB:<\/strong> 5V 3,4A (maks. 17W)<\/li>\n<li><strong>Pojedyncze wyj\u015bcie typu C:<\/strong>5V 3,4A (maks. 17W)<\/li>\n<li><strong>Wyj\u015bcie USB+Typ C:<\/strong> 5V3A (maks. 15W)<\/li>\n<li><strong>Rozmiar:<\/strong>Wymiary 74*50,5*53,9 mm<\/li>\n<li><strong>Materia\u0142 :<\/strong> Wypalany PC + mied\u017a metalowa<\/li>\n<li><strong>Certyfikat:<\/strong> FCC,CE<\/li>\n<\/ul>\n<\/div>\n<\/div>\n<\/div>\n<\/div>\n<\/div>\n<\/section>\n<\/div>\n<div class=\"elementor elementor-120 elementor-location-footer\" data-elementor-type=\"footer\" data-elementor-id=\"120\" data-elementor-post-type=\"elementor_library\">\n<section class=\"elementor-section elementor-top-section elementor-element elementor-element-4d8fbf12 elementor-section-boxed ang-section-padding-initial elementor-section-height-default elementor-section-height-default elementor-repeater-item-none elementor-repeater-item-none_hover\" data-id=\"4d8fbf12\" data-element_type=\"section\" data-settings=\"{&quot;background_background&quot;:&quot;classic&quot;}\">\n<div class=\"elementor-container elementor-column-gap-no\">\n<div class=\"elementor-column elementor-col-100 elementor-top-column elementor-element elementor-element-6bc60036 elementor-repeater-item-none elementor-repeater-item-none_hover\" data-id=\"6bc60036\" data-element_type=\"column\">\n<div class=\"elementor-widget-wrap elementor-element-populated\">\n<section class=\"elementor-section elementor-inner-section elementor-element elementor-element-5d81a5e0 elementor-section-content-top elementor-section-boxed ang-section-padding-initial elementor-section-height-default elementor-section-height-default elementor-repeater-item-none elementor-repeater-item-none_hover\" data-id=\"5d81a5e0\" data-element_type=\"section\" data-settings=\"{&quot;background_background&quot;:&quot;classic&quot;}\">\n<div class=\"elementor-container elementor-column-gap-no\">\n<div class=\"elementor-column elementor-col-20 elementor-inner-column elementor-element elementor-element-6b6a26e6 elementor-repeater-item-none elementor-repeater-item-none_hover\" data-id=\"6b6a26e6\" data-element_type=\"column\">\n<div class=\"elementor-widget-wrap elementor-element-populated\">\n<div class=\"elementor-element elementor-element-7cff912 external_elementor-repeater-item-none_external elementor-repeater-item-none elementor-repeater-item-none_hover elementor-widget elementor-widget-image\" data-id=\"7cff912\" data-element_type=\"widget\" data-widget_type=\"image.default\"><\/div>\n<\/div>\n<\/div>\n<\/div>\n<\/section>\n<\/div>\n<\/div>\n<\/div>\n<\/section>\n<\/div>","protected":false},"excerpt":{"rendered":"<p>Lekki, uniwersalny adapter podr\u00f3\u017cny o mocy 17 W przeznaczony dla podr\u00f3\u017cnik\u00f3w.<\/p>\n<p>Kompatybilny z wieloma typami wtyczek i bezpieczny do codziennego \u0142adowania. Idealny dla dostawc\u00f3w adapter\u00f3w podr\u00f3\u017cnych, hurtownik\u00f3w i partner\u00f3w OEM.<\/p>\n<p data-start=\"778\" data-end=\"833\">\u2714\ufe0f <strong data-start=\"781\" data-end=\"795\">Moc wyj\u015bciowa 17 W<\/strong> \u2013 Obs\u0142uguje bezpieczne i stabilne \u0142adowanie<\/p>\n<p data-start=\"836\" data-end=\"894\">\ud83c\udf0d <strong data-start=\"839\" data-end=\"866\">Uniwersalna kompatybilno\u015b\u0107<\/strong> \u2013 Dzia\u0142a w ponad 150 krajach<\/p>\n<p data-start=\"897\" data-end=\"946\">\ud83d\udd0c <strong data-start=\"900\" data-end=\"921\">Konstrukcja wielowtykowa<\/strong> \u2013 w tym USA\/UE\/Wielka Brytania\/Australia<\/p>\n<p data-start=\"949\" data-end=\"1033\">\ud83d\udd0b <strong data-start=\"952\" data-end=\"980\">Inteligentna dystrybucja energii<\/strong> \u2013 Zoptymalizowany pod k\u0105tem telefon\u00f3w, tablet\u00f3w i ma\u0142ych urz\u0105dze\u0144<\/p>\n<p data-start=\"1036\" data-end=\"1093\">\ud83e\uddf3 <strong data-start=\"1039\" data-end=\"1064\">Kompaktowy i lekki<\/strong> \u2013 Forma gotowa do podr\u00f3\u017cy<\/p>\n<p>\ud83c\udff7\ufe0f <strong data-start=\"1100\" data-end=\"1121\">Dost\u0119pne OEM\/ODM<\/strong> \u2013 Zam\u00f3wienia hurtowe dla dostawc\u00f3w<\/p>","protected":false},"featured_media":9383,"comment_status":"open","ping_status":"closed","template":"","meta":{"rank_math_lock_modified_date":false,"site-sidebar-layout":"default","site-content-layout":"","ast-site-content-layout":"default","site-content-style":"default","site-sidebar-style":"default","ast-global-header-display":"","ast-banner-title-visibility":"","ast-main-header-display":"","ast-hfb-above-header-display":"","ast-hfb-below-header-display":"","ast-hfb-mobile-header-display":"","site-post-title":"","ast-breadcrumbs-content":"","ast-featured-img":"","footer-sml-layout":"","ast-disable-related-posts":"","theme-transparent-header-meta":"default","adv-header-id-meta":"","stick-header-meta":"","header-above-stick-meta":"","header-main-stick-meta":"","header-below-stick-meta":"","astra-migrate-meta-layouts":"set","ast-page-background-enabled":"default","ast-page-background-meta":{"desktop":{"background-color":"","background-image":"","background-repeat":"repeat","background-position":"center center","background-size":"auto","background-attachment":"scroll","background-type":"","background-media":"","overlay-type":"","overlay-color":"","overlay-opacity":"","overlay-gradient":""},"tablet":{"background-color":"","background-image":"","background-repeat":"repeat","background-position":"center center","background-size":"auto","background-attachment":"scroll","background-type":"","background-media":"","overlay-type":"","overlay-color":"","overlay-opacity":"","overlay-gradient":""},"mobile":{"background-color":"","background-image":"","background-repeat":"repeat","background-position":"center center","background-size":"auto","background-attachment":"scroll","background-type":"","background-media":"","overlay-type":"","overlay-color":"","overlay-opacity":"","overlay-gradient":""}},"ast-content-background-meta":{"desktop":{"background-color":"var(--ast-global-color-5)","background-image":"","background-repeat":"repeat","background-position":"center center","background-size":"auto","background-attachment":"scroll","background-type":"","background-media":"","overlay-type":"","overlay-color":"","overlay-opacity":"","overlay-gradient":""},"tablet":{"background-color":"var(--ast-global-color-5)","background-image":"","background-repeat":"repeat","background-position":"center center","background-size":"auto","background-attachment":"scroll","background-type":"","background-media":"","overlay-type":"","overlay-color":"","overlay-opacity":"","overlay-gradient":""},"mobile":{"background-color":"var(--ast-global-color-5)","background-image":"","background-repeat":"repeat","background-position":"center center","background-size":"auto","background-attachment":"scroll","background-type":"","background-media":"","overlay-type":"","overlay-color":"","overlay-opacity":"","overlay-gradient":""}}},"product_cat":[64],"product_tag":[],"class_list":{"0":"post-9378","1":"product","2":"type-product","3":"status-publish","4":"has-post-thumbnail","6":"product_cat-travel-adapter","7":"desktop-align-center","8":"tablet-align-center","9":"mobile-align-center","11":"first","12":"instock","13":"featured","14":"shipping-taxable","15":"product-type-simple"},"_links":{"self":[{"href":"https:\/\/imiapower.com\/pl\/wp-json\/wp\/v2\/product\/9378","targetHints":{"allow":["GET"]}}],"collection":[{"href":"https:\/\/imiapower.com\/pl\/wp-json\/wp\/v2\/product"}],"about":[{"href":"https:\/\/imiapower.com\/pl\/wp-json\/wp\/v2\/types\/product"}],"replies":[{"embeddable":true,"href":"https:\/\/imiapower.com\/pl\/wp-json\/wp\/v2\/comments?post=9378"}],"version-history":[{"count":2,"href":"https:\/\/imiapower.com\/pl\/wp-json\/wp\/v2\/product\/9378\/revisions"}],"predecessor-version":[{"id":9385,"href":"https:\/\/imiapower.com\/pl\/wp-json\/wp\/v2\/product\/9378\/revisions\/9385"}],"wp:featuredmedia":[{"embeddable":true,"href":"https:\/\/imiapower.com\/pl\/wp-json\/wp\/v2\/media\/9383"}],"wp:attachment":[{"href":"https:\/\/imiapower.com\/pl\/wp-json\/wp\/v2\/media?parent=9378"}],"wp:term":[{"taxonomy":"product_cat","embeddable":true,"href":"https:\/\/imiapower.com\/pl\/wp-json\/wp\/v2\/product_cat?post=9378"},{"taxonomy":"product_tag","embeddable":true,"href":"https:\/\/imiapower.com\/pl\/wp-json\/wp\/v2\/product_tag?post=9378"}],"curies":[{"name":"wp","href":"https:\/\/api.w.org\/{rel}","templated":true}]}}