{"id":9403,"date":"2025-07-07T03:13:09","date_gmt":"2025-07-07T03:13:09","guid":{"rendered":"https:\/\/imiapower.com\/?post_type=product&#038;p=9403"},"modified":"2025-07-07T03:13:10","modified_gmt":"2025-07-07T03:13:10","slug":"bulk-travel-usb-adapters-17w","status":"publish","type":"product","link":"https:\/\/imiapower.com\/pl\/products\/travel-adapter\/bulk-travel-usb-adapters-17w\/","title":{"rendered":"17 W Uniwersalny Podr\u00f3\u017cny Adapter USB \u2013 Hurtowe Podr\u00f3\u017cne Adaptery USB do Biznesu i Prezent\u00f3w"},"content":{"rendered":"<ul>\n<li><strong>Masowe adaptery USB do podr\u00f3\u017cy<\/strong><\/li>\n<li><strong>Napi\u0119cie wej\u015bciowe:<\/strong> 110~250 V\/pr\u0105d przemienny 50-60 Hz<\/li>\n<li><strong>Wyj\u015bcie pr\u0105du przemiennego: <\/strong>Maks. 10 A (1000 W\/100 V lub 2400 W\/240 V)<\/li>\n<li><strong>Pojedyncze wyj\u015bcie USB:<\/strong> 5V 3,4A (maks. 17W)<\/li>\n<li><strong>Pojedyncze wyj\u015bcie typu C:<\/strong>5V 3,4A (maks. 17W)<\/li>\n<li><strong>Wyj\u015bcie USB+Typ C:<\/strong> 5V3A (maks. 15W)<\/li>\n<li><strong>Rozmiar:<\/strong>Wymiary 74*50,5*53,9 mm<\/li>\n<li><strong>Materia\u0142 :<\/strong> Wypalany PC + mied\u017a metalowa<\/li>\n<li><strong>Certyfikat:<\/strong> FCC,CE<\/li>\n<\/ul>","protected":false},"excerpt":{"rendered":"<p>Uniwersalny adapter podr\u00f3\u017cny USB o mocy 17 W zosta\u0142 zaprojektowany z my\u015bl\u0105 o osobach podr\u00f3\u017cuj\u0105cych po ca\u0142ym \u015bwiecie i firmach poszukuj\u0105cych niezawodnych rozwi\u0105za\u0144 do \u0142adowania urz\u0105dze\u0144 w du\u017cych ilo\u015bciach.<\/p>\n<p>Wyposa\u017cony w 2 porty USB-A i 2 porty USB-C ze zgodno\u015bci\u0105 ze standardami wtyczek US\/UK\/AUS\/EU, zapewnia szybkie i bezpieczne \u0142adowanie na ca\u0142ym \u015bwiecie, dzi\u0119ki czemu idealnie nadaje si\u0119 do sprzeda\u017cy hurtowej, jako prezent firmowy lub do odsprzeda\u017cy<\/p>","protected":false},"featured_media":9404,"comment_status":"open","ping_status":"closed","template":"","meta":{"rank_math_lock_modified_date":false,"site-sidebar-layout":"default","site-content-layout":"","ast-site-content-layout":"default","site-content-style":"default","site-sidebar-style":"default","ast-global-header-display":"","ast-banner-title-visibility":"","ast-main-header-display":"","ast-hfb-above-header-display":"","ast-hfb-below-header-display":"","ast-hfb-mobile-header-display":"","site-post-title":"","ast-breadcrumbs-content":"","ast-featured-img":"","footer-sml-layout":"","ast-disable-related-posts":"","theme-transparent-header-meta":"default","adv-header-id-meta":"","stick-header-meta":"","header-above-stick-meta":"","header-main-stick-meta":"","header-below-stick-meta":"","astra-migrate-meta-layouts":"set","ast-page-background-enabled":"default","ast-page-background-meta":{"desktop":{"background-color":"","background-image":"","background-repeat":"repeat","background-position":"center center","background-size":"auto","background-attachment":"scroll","background-type":"","background-media":"","overlay-type":"","overlay-color":"","overlay-opacity":"","overlay-gradient":""},"tablet":{"background-color":"","background-image":"","background-repeat":"repeat","background-position":"center center","background-size":"auto","background-attachment":"scroll","background-type":"","background-media":"","overlay-type":"","overlay-color":"","overlay-opacity":"","overlay-gradient":""},"mobile":{"background-color":"","background-image":"","background-repeat":"repeat","background-position":"center center","background-size":"auto","background-attachment":"scroll","background-type":"","background-media":"","overlay-type":"","overlay-color":"","overlay-opacity":"","overlay-gradient":""}},"ast-content-background-meta":{"desktop":{"background-color":"var(--ast-global-color-5)","background-image":"","background-repeat":"repeat","background-position":"center center","background-size":"auto","background-attachment":"scroll","background-type":"","background-media":"","overlay-type":"","overlay-color":"","overlay-opacity":"","overlay-gradient":""},"tablet":{"background-color":"var(--ast-global-color-5)","background-image":"","background-repeat":"repeat","background-position":"center center","background-size":"auto","background-attachment":"scroll","background-type":"","background-media":"","overlay-type":"","overlay-color":"","overlay-opacity":"","overlay-gradient":""},"mobile":{"background-color":"var(--ast-global-color-5)","background-image":"","background-repeat":"repeat","background-position":"center center","background-size":"auto","background-attachment":"scroll","background-type":"","background-media":"","overlay-type":"","overlay-color":"","overlay-opacity":"","overlay-gradient":""}}},"product_cat":[64],"product_tag":[],"class_list":{"0":"post-9403","1":"product","2":"type-product","3":"status-publish","4":"has-post-thumbnail","6":"product_cat-travel-adapter","7":"desktop-align-center","8":"tablet-align-center","9":"mobile-align-center","11":"first","12":"instock","13":"shipping-taxable","14":"product-type-simple"},"_links":{"self":[{"href":"https:\/\/imiapower.com\/pl\/wp-json\/wp\/v2\/product\/9403","targetHints":{"allow":["GET"]}}],"collection":[{"href":"https:\/\/imiapower.com\/pl\/wp-json\/wp\/v2\/product"}],"about":[{"href":"https:\/\/imiapower.com\/pl\/wp-json\/wp\/v2\/types\/product"}],"replies":[{"embeddable":true,"href":"https:\/\/imiapower.com\/pl\/wp-json\/wp\/v2\/comments?post=9403"}],"version-history":[{"count":2,"href":"https:\/\/imiapower.com\/pl\/wp-json\/wp\/v2\/product\/9403\/revisions"}],"predecessor-version":[{"id":9411,"href":"https:\/\/imiapower.com\/pl\/wp-json\/wp\/v2\/product\/9403\/revisions\/9411"}],"wp:featuredmedia":[{"embeddable":true,"href":"https:\/\/imiapower.com\/pl\/wp-json\/wp\/v2\/media\/9404"}],"wp:attachment":[{"href":"https:\/\/imiapower.com\/pl\/wp-json\/wp\/v2\/media?parent=9403"}],"wp:term":[{"taxonomy":"product_cat","embeddable":true,"href":"https:\/\/imiapower.com\/pl\/wp-json\/wp\/v2\/product_cat?post=9403"},{"taxonomy":"product_tag","embeddable":true,"href":"https:\/\/imiapower.com\/pl\/wp-json\/wp\/v2\/product_tag?post=9403"}],"curies":[{"name":"wp","href":"https:\/\/api.w.org\/{rel}","templated":true}]}}