{"id":9439,"date":"2025-07-12T07:30:40","date_gmt":"2025-07-12T07:30:40","guid":{"rendered":"https:\/\/imiapower.com\/?post_type=product&#038;p=9439"},"modified":"2025-07-14T09:22:54","modified_gmt":"2025-07-14T09:22:54","slug":"30w-car-usb-adapter-pd-cable","status":"publish","type":"product","link":"https:\/\/imiapower.com\/pl\/products\/car-charger\/30w-car-usb-adapter-pd-cable\/","title":{"rendered":"Zasilacz samochodowy USB 30 W z kablem do szybkiego \u0142adowania PD | USB-A + USB-C"},"content":{"rendered":"<ul>\n<li><strong>Adapter USB do samochodu<\/strong><\/li>\n<li><strong>Wej\u015bcie:<\/strong>Pr\u0105d sta\u0142y 12-24 V<\/li>\n<li><strong>Wyj\u015bcie USB-A:<\/strong>12 W maks. 5 V 2,4 A<\/li>\n<li><strong>Kabel PD 18W maks.:<\/strong>12V1,5A \/ 9V2A \/ 5V3A<\/li>\n<li><strong>Ca\u0142kowita wydajno\u015b\u0107: <\/strong>Maks. 30 W: USB-A: 5 V 2,4 A USB-C\/Lightning: 12 V 1,5 A \/ 9 V 2 A \/ 5 V 3 A<\/li>\n<li><strong>Rozmiar:<\/strong>Kabel 25,2*41,2*65,3 mm 1,5 m<\/li>\n<li><strong>Prowadzony:<\/strong>Niebieskie \u015bwiat\u0142o<\/li>\n<\/ul>","protected":false},"excerpt":{"rendered":"<p><img fetchpriority=\"high\" decoding=\"async\" class=\"alignnone wp-image-9442 size-full\" src=\"https:\/\/imiapower.com\/wp-content\/uploads\/converted-3-6.webp\" alt=\"Adapter USB do samochodu\" width=\"667\" height=\"374\" srcset=\"https:\/\/imiapower.com\/wp-content\/uploads\/converted-3-6.webp 667w, https:\/\/imiapower.com\/wp-content\/uploads\/converted-3-6-300x168.webp 300w, https:\/\/imiapower.com\/wp-content\/uploads\/converted-3-6-18x10.webp 18w, https:\/\/imiapower.com\/wp-content\/uploads\/converted-3-6-600x336.webp 600w, https:\/\/imiapower.com\/wp-content\/uploads\/converted-3-6-64x36.webp 64w\" sizes=\"(max-width: 667px) 100vw, 667px\" \/><\/p>\n<p>Ten samochodowy adapter USB o mocy 30 W jest wyposa\u017cony w jeden port USB-A i zintegrowany 1,5-metrowy kabel do szybkiego \u0142adowania PD ze z\u0142\u0105czem USB-C.<\/p>\n<p>Przeznaczony do pojazd\u00f3w z napi\u0119ciem 12 V\u201324 V, zapewnia ca\u0142kowit\u0105 moc wyj\u015bciow\u0105 do 30 W \u2014 USB-A obs\u0142uguje 5 V\/2,4 A (12 W), a kabel PD zapewnia maksymaln\u0105 moc wyj\u015bciow\u0105 18 W z obs\u0142ug\u0105 5 V\/3 A, 9 V\/2 A i 12 V\/1,5 A.<\/p>\n<p>Doskonale nadaje si\u0119 do \u0142adowania smartfon\u00f3w, tablet\u00f3w, aparat\u00f3w i innych urz\u0105dze\u0144 mobilnych w podr\u00f3\u017cy.<\/p>\n<p>Wykonany z trwa\u0142ego stopu aluminium i ognioodpornego PC bez zawarto\u015bci halogenu, zapewnia zwi\u0119kszone bezpiecze\u0144stwo i odporno\u015b\u0107 na ciep\u0142o.<\/p>\n<p>Niebieski wska\u017anik LED zapewnia wyra\u017any podgl\u0105d stanu na\u0142adowania. Idealny zar\u00f3wno do pojazd\u00f3w s\u0142u\u017cbowych, jak i do u\u017cytku prywatnego w podr\u00f3\u017cy.<\/p>\n<p>&nbsp;<\/p>","protected":false},"featured_media":9441,"comment_status":"open","ping_status":"closed","template":"","meta":{"rank_math_lock_modified_date":false,"site-sidebar-layout":"default","site-content-layout":"","ast-site-content-layout":"default","site-content-style":"default","site-sidebar-style":"default","ast-global-header-display":"","ast-banner-title-visibility":"","ast-main-header-display":"","ast-hfb-above-header-display":"","ast-hfb-below-header-display":"","ast-hfb-mobile-header-display":"","site-post-title":"","ast-breadcrumbs-content":"","ast-featured-img":"","footer-sml-layout":"","ast-disable-related-posts":"","theme-transparent-header-meta":"default","adv-header-id-meta":"","stick-header-meta":"","header-above-stick-meta":"","header-main-stick-meta":"","header-below-stick-meta":"","astra-migrate-meta-layouts":"set","ast-page-background-enabled":"default","ast-page-background-meta":{"desktop":{"background-color":"","background-image":"","background-repeat":"repeat","background-position":"center center","background-size":"auto","background-attachment":"scroll","background-type":"","background-media":"","overlay-type":"","overlay-color":"","overlay-opacity":"","overlay-gradient":""},"tablet":{"background-color":"","background-image":"","background-repeat":"repeat","background-position":"center center","background-size":"auto","background-attachment":"scroll","background-type":"","background-media":"","overlay-type":"","overlay-color":"","overlay-opacity":"","overlay-gradient":""},"mobile":{"background-color":"","background-image":"","background-repeat":"repeat","background-position":"center center","background-size":"auto","background-attachment":"scroll","background-type":"","background-media":"","overlay-type":"","overlay-color":"","overlay-opacity":"","overlay-gradient":""}},"ast-content-background-meta":{"desktop":{"background-color":"var(--ast-global-color-5)","background-image":"","background-repeat":"repeat","background-position":"center center","background-size":"auto","background-attachment":"scroll","background-type":"","background-media":"","overlay-type":"","overlay-color":"","overlay-opacity":"","overlay-gradient":""},"tablet":{"background-color":"var(--ast-global-color-5)","background-image":"","background-repeat":"repeat","background-position":"center center","background-size":"auto","background-attachment":"scroll","background-type":"","background-media":"","overlay-type":"","overlay-color":"","overlay-opacity":"","overlay-gradient":""},"mobile":{"background-color":"var(--ast-global-color-5)","background-image":"","background-repeat":"repeat","background-position":"center center","background-size":"auto","background-attachment":"scroll","background-type":"","background-media":"","overlay-type":"","overlay-color":"","overlay-opacity":"","overlay-gradient":""}}},"product_cat":[41],"product_tag":[],"class_list":{"0":"post-9439","1":"product","2":"type-product","3":"status-publish","4":"has-post-thumbnail","6":"product_cat-car-charger","7":"desktop-align-center","8":"tablet-align-center","9":"mobile-align-center","11":"first","12":"instock","13":"featured","14":"shipping-taxable","15":"product-type-simple"},"_links":{"self":[{"href":"https:\/\/imiapower.com\/pl\/wp-json\/wp\/v2\/product\/9439","targetHints":{"allow":["GET"]}}],"collection":[{"href":"https:\/\/imiapower.com\/pl\/wp-json\/wp\/v2\/product"}],"about":[{"href":"https:\/\/imiapower.com\/pl\/wp-json\/wp\/v2\/types\/product"}],"replies":[{"embeddable":true,"href":"https:\/\/imiapower.com\/pl\/wp-json\/wp\/v2\/comments?post=9439"}],"version-history":[{"count":1,"href":"https:\/\/imiapower.com\/pl\/wp-json\/wp\/v2\/product\/9439\/revisions"}],"predecessor-version":[{"id":9444,"href":"https:\/\/imiapower.com\/pl\/wp-json\/wp\/v2\/product\/9439\/revisions\/9444"}],"wp:featuredmedia":[{"embeddable":true,"href":"https:\/\/imiapower.com\/pl\/wp-json\/wp\/v2\/media\/9441"}],"wp:attachment":[{"href":"https:\/\/imiapower.com\/pl\/wp-json\/wp\/v2\/media?parent=9439"}],"wp:term":[{"taxonomy":"product_cat","embeddable":true,"href":"https:\/\/imiapower.com\/pl\/wp-json\/wp\/v2\/product_cat?post=9439"},{"taxonomy":"product_tag","embeddable":true,"href":"https:\/\/imiapower.com\/pl\/wp-json\/wp\/v2\/product_tag?post=9439"}],"curies":[{"name":"wp","href":"https:\/\/api.w.org\/{rel}","templated":true}]}}